{"id":178,"date":"2026-01-03T21:43:18","date_gmt":"2026-01-03T20:43:18","guid":{"rendered":"https:\/\/www.asso-unil.ch\/mosaique\/?page_id=178"},"modified":"2026-04-12T16:19:17","modified_gmt":"2026-04-12T14:19:17","slug":"relations-publiques","status":"publish","type":"page","link":"https:\/\/www.asso-unil.ch\/mosaique\/relations-publiques\/","title":{"rendered":""},"content":{"rendered":"<div class=\"mos-page\">\n<section class=\"mos-section mos-section-first\">\n<div class=\"mos-container\">\n<div class=\"mos-split\">\n<div>\n          <span class=\"mos-label\">D\u00e9partement<\/span><\/p>\n<h1 class=\"mos-title-xl\">Relations Publiques<\/h1>\n<p class=\"mos-lead\">\n            Le d\u00e9partement Relations Publiques assure la visibilit\u00e9 de Mosa\u00efque et accompagne la communication de ses activit\u00e9s.\n          <\/p>\n<div class=\"mos-callout\" style=\"margin-top:24px\">\n<h3>Responsables<\/h3>\n<p style=\"margin-bottom:0\">\n              Alexandre Batista et Ophelia Villanueva, co-responsables Relations Publiques\n            <\/p>\n<\/p><\/div>\n<\/p><\/div>\n<div class=\"mos-media-card\" style=\"min-height:420px\">\n          <img decoding=\"async\" src=\"https:\/\/www.asso-unil.ch\/mosaique\/files\/2026\/01\/respo-rp.jpeg\" alt=\"Alexandre Batista et Ophelia Villanueva\">\n        <\/div>\n<\/p><\/div>\n<\/p><\/div>\n<\/section>\n<section class=\"mos-section mos-section-sm\">\n<div class=\"mos-container\">\n<article class=\"mos-card\">\n<div class=\"mos-kicker\">R\u00f4le du d\u00e9partement<\/div>\n<h2 class=\"mos-title-md\">Communiquer, valoriser, faire rayonner<\/h2>\n<p>\n          Le d\u00e9partement est charg\u00e9 de la gestion et de la coordination de la communication de l\u2019association Mosa\u00efque. Les responsables du d\u00e9partement, en collaboration avec ses membres, assurent l\u2019animation des r\u00e9seaux sociaux et la gestion du site internet de l\u2019association.\n        <\/p>\n<p>\n          Le d\u00e9partement est \u00e9galement en charge de la conception des supports de communication, notamment des affiches annon\u00e7ant les \u00e9v\u00e9nements \u00e0 venir. \u00c0 l\u2019issue de ces \u00e9v\u00e9nements, il en assure la valorisation \u00e0 travers la prise de photographies et la r\u00e9daction de courts articles permettant d\u2019en documenter le d\u00e9roulement et d\u2019en renforcer la visibilit\u00e9.\n        <\/p>\n<\/article><\/div>\n<\/section>\n<section class=\"mos-section mos-section-alt\">\n<div class=\"mos-container\">\n<div class=\"mos-cta-panel\">\n<div class=\"mos-section-intro\" style=\"margin-bottom:0\">\n          <span class=\"mos-label\" style=\"color:#ffffff\">Poursuivre la d\u00e9couverte<\/span><\/p>\n<h2 class=\"mos-title-lg\">La communication fait vivre l\u2019association autant qu\u2019elle la rend visible.<\/h2>\n<p class=\"mos-lead\">\n            D\u00e9couvrez les autres d\u00e9partements de Mosa\u00efque et explorez l\u2019\u00e9quipe qui porte les projets de l\u2019association.\n          <\/p>\n<div class=\"mos-actions\">\n            <a class=\"mos-btn mos-btn-secondary\" href=\"https:\/\/www.asso-unil.ch\/mosaique\/nos-departements\/\">Voir les d\u00e9partements<\/a><br \/>\n            <a class=\"mos-btn mos-btn-secondary\" style=\"color:#ffffff\" href=\"https:\/\/www.asso-unil.ch\/mosaique\/rejoindre-mosaique\/\">Rejoindre l\u2019association<\/a>\n          <\/div>\n<\/p><\/div>\n<\/p><\/div>\n<\/p><\/div>\n<\/section>\n<\/div>\n","protected":false},"excerpt":{"rendered":"<p>D\u00e9partement Relations Publiques Le d\u00e9partement Relations Publiques assure la visibilit\u00e9 de Mosa\u00efque et accompagne la communication de ses activit\u00e9s. Responsables Alexandre Batista et Ophelia Villanueva, co-responsables Relations Publiques R\u00f4le du d\u00e9partement Communiquer, valoriser, faire rayonner Le d\u00e9partement est charg\u00e9 de la gestion et de la coordination de la communication de l\u2019association Mosa\u00efque. Les responsables du [&hellip;]<\/p>\n","protected":false},"author":1001329,"featured_media":0,"parent":0,"menu_order":0,"comment_status":"closed","ping_status":"closed","template":"","meta":{"_seopress_robots_primary_cat":"","_seopress_titles_title":"","_seopress_titles_desc":"","_seopress_robots_index":"","footnotes":""},"class_list":["post-178","page","type-page","status-publish"],"_links":{"self":[{"href":"https:\/\/www.asso-unil.ch\/mosaique\/wp-json\/wp\/v2\/pages\/178","targetHints":{"allow":["GET"]}}],"collection":[{"href":"https:\/\/www.asso-unil.ch\/mosaique\/wp-json\/wp\/v2\/pages"}],"about":[{"href":"https:\/\/www.asso-unil.ch\/mosaique\/wp-json\/wp\/v2\/types\/page"}],"author":[{"embeddable":true,"href":"https:\/\/www.asso-unil.ch\/mosaique\/wp-json\/wp\/v2\/users\/1001329"}],"replies":[{"embeddable":true,"href":"https:\/\/www.asso-unil.ch\/mosaique\/wp-json\/wp\/v2\/comments?post=178"}],"version-history":[{"count":5,"href":"https:\/\/www.asso-unil.ch\/mosaique\/wp-json\/wp\/v2\/pages\/178\/revisions"}],"predecessor-version":[{"id":534,"href":"https:\/\/www.asso-unil.ch\/mosaique\/wp-json\/wp\/v2\/pages\/178\/revisions\/534"}],"wp:attachment":[{"href":"https:\/\/www.asso-unil.ch\/mosaique\/wp-json\/wp\/v2\/media?parent=178"}],"curies":[{"name":"wp","href":"https:\/\/api.w.org\/{rel}","templated":true}]}}