{"id":176,"date":"2026-01-03T21:42:46","date_gmt":"2026-01-03T20:42:46","guid":{"rendered":"https:\/\/www.asso-unil.ch\/mosaique\/?page_id=176"},"modified":"2026-04-12T16:18:12","modified_gmt":"2026-04-12T14:18:12","slug":"model-united-nations-mun","status":"publish","type":"page","link":"https:\/\/www.asso-unil.ch\/mosaique\/model-united-nations-mun\/","title":{"rendered":""},"content":{"rendered":"<div class=\"mos-page\">\n<section class=\"mos-section mos-section-first\">\n<div class=\"mos-container\">\n<div class=\"mos-split\">\n<div>\n          <span class=\"mos-label\">D\u00e9partement<\/span><\/p>\n<h1 class=\"mos-title-xl\">Model United Nations (MUN)<\/h1>\n<p class=\"mos-lead\">\n            Le d\u00e9partement MUN constitue le c\u0153ur de la pratique diplomatique de l\u2019association, entre entra\u00eenements, simulations et conf\u00e9rences.\n          <\/p>\n<div class=\"mos-callout\" style=\"margin-top:24px\">\n<h3>Responsables<\/h3>\n<p style=\"margin-bottom:0\">\n              Simo Ibouh et Lea Danko, co-responsables MUN\n            <\/p>\n<\/p><\/div>\n<\/p><\/div>\n<div class=\"mos-media-card\" style=\"min-height:420px\">\n          <img decoding=\"async\" src=\"https:\/\/www.asso-unil.ch\/mosaique\/files\/2026\/01\/photo-respo-mun.jpeg\" alt=\"Simo Ibouh et Lea Danko\">\n        <\/div>\n<\/p><\/div>\n<\/p><\/div>\n<\/section>\n<section class=\"mos-section mos-section-sm\">\n<div class=\"mos-container\">\n<article class=\"mos-card\">\n<div class=\"mos-kicker\">R\u00f4le du d\u00e9partement<\/div>\n<h2 class=\"mos-title-md\">Former \u00e0 la simulation diplomatique<\/h2>\n<p>\n          Le d\u00e9partement MUN est d\u00e9di\u00e9 aux simulations diplomatiques de type Model United Nations. Ces simulations permettent aux participant\u00b7e\u00b7s d\u2019incarner des repr\u00e9sentant\u00b7e\u00b7s d\u2019\u00c9tats ou d\u2019organisations internationales et de d\u00e9battre de grandes questions politiques, \u00e9conomiques et sociales dans le respect des r\u00e8gles et proc\u00e9dures des Nations Unies.\n        <\/p>\n<p>\n          Le r\u00f4le des responsables du d\u00e9partement est d\u2019assurer l\u2019organisation et le bon d\u00e9roulement des entra\u00eenements MUN hebdomadaires, ainsi que de proposer aux membres du d\u00e9partement la participation \u00e0 diverses conf\u00e9rences MUN. Ces conf\u00e9rences se d\u00e9roulent aussi bien en Suisse qu\u2019\u00e0 l\u2019international et offrent aux participant\u00b7e\u00b7s l\u2019opportunit\u00e9 de d\u00e9velopper leurs comp\u00e9tences en n\u00e9gociation, en prise de parole et en analyse des enjeux internationaux.\n        <\/p>\n<p>\n          Afin de permettre au plus grand nombre de membres de prendre part \u00e0 ces exp\u00e9riences, l\u2019association Mosa\u00efque s\u2019engage \u00e0 rembourser une partie des frais de participation \u00e0 deux conf\u00e9rences MUN auxquelles un\u00b7e membre de l\u2019association participe au cours de l\u2019ann\u00e9e.\n        <\/p>\n<\/article><\/div>\n<\/section>\n<section class=\"mos-section mos-section-alt\">\n<div class=\"mos-container\">\n<div class=\"mos-cta-panel\">\n<div class=\"mos-section-intro\" style=\"margin-bottom:0\">\n          <span class=\"mos-label\" style=\"color:#ffffff\">Aller plus loin<\/span><\/p>\n<h2 class=\"mos-title-lg\">Le MUN est au c\u0153ur de l\u2019association, mais il s\u2019inscrit dans un collectif plus large.<\/h2>\n<p class=\"mos-lead\">\n            D\u00e9couvrez les autres d\u00e9partements de Mosa\u00efque ou rejoignez l\u2019association pour prendre part \u00e0 cette dynamique.\n          <\/p>\n<div class=\"mos-actions\">\n            <a class=\"mos-btn mos-btn-secondary\" href=\"https:\/\/www.asso-unil.ch\/mosaique\/nos-departements\/\">Voir les d\u00e9partements<\/a><br \/>\n            <a class=\"mos-btn mos-btn-secondary\" style=\"color:#ffffff\" href=\"https:\/\/www.asso-unil.ch\/mosaique\/rejoindre-mosaique\/\">Rejoindre l\u2019association<\/a>\n          <\/div>\n<\/p><\/div>\n<\/p><\/div>\n<\/p><\/div>\n<\/section>\n<\/div>\n","protected":false},"excerpt":{"rendered":"<p>D\u00e9partement Model United Nations (MUN) Le d\u00e9partement MUN constitue le c\u0153ur de la pratique diplomatique de l\u2019association, entre entra\u00eenements, simulations et conf\u00e9rences. Responsables Simo Ibouh et Lea Danko, co-responsables MUN R\u00f4le du d\u00e9partement Former \u00e0 la simulation diplomatique Le d\u00e9partement MUN est d\u00e9di\u00e9 aux simulations diplomatiques de type Model United Nations. Ces simulations permettent aux [&hellip;]<\/p>\n","protected":false},"author":1001329,"featured_media":0,"parent":0,"menu_order":0,"comment_status":"closed","ping_status":"closed","template":"","meta":{"_seopress_robots_primary_cat":"","_seopress_titles_title":"","_seopress_titles_desc":"","_seopress_robots_index":"","footnotes":""},"class_list":["post-176","page","type-page","status-publish"],"_links":{"self":[{"href":"https:\/\/www.asso-unil.ch\/mosaique\/wp-json\/wp\/v2\/pages\/176","targetHints":{"allow":["GET"]}}],"collection":[{"href":"https:\/\/www.asso-unil.ch\/mosaique\/wp-json\/wp\/v2\/pages"}],"about":[{"href":"https:\/\/www.asso-unil.ch\/mosaique\/wp-json\/wp\/v2\/types\/page"}],"author":[{"embeddable":true,"href":"https:\/\/www.asso-unil.ch\/mosaique\/wp-json\/wp\/v2\/users\/1001329"}],"replies":[{"embeddable":true,"href":"https:\/\/www.asso-unil.ch\/mosaique\/wp-json\/wp\/v2\/comments?post=176"}],"version-history":[{"count":5,"href":"https:\/\/www.asso-unil.ch\/mosaique\/wp-json\/wp\/v2\/pages\/176\/revisions"}],"predecessor-version":[{"id":527,"href":"https:\/\/www.asso-unil.ch\/mosaique\/wp-json\/wp\/v2\/pages\/176\/revisions\/527"}],"wp:attachment":[{"href":"https:\/\/www.asso-unil.ch\/mosaique\/wp-json\/wp\/v2\/media?parent=176"}],"curies":[{"name":"wp","href":"https:\/\/api.w.org\/{rel}","templated":true}]}}