{"id":174,"date":"2026-01-03T21:41:49","date_gmt":"2026-01-03T20:41:49","guid":{"rendered":"https:\/\/www.asso-unil.ch\/mosaique\/?page_id=174"},"modified":"2026-04-12T16:17:19","modified_gmt":"2026-04-12T14:17:19","slug":"presidence","status":"publish","type":"page","link":"https:\/\/www.asso-unil.ch\/mosaique\/presidence\/","title":{"rendered":""},"content":{"rendered":"<div class=\"mos-page\">\n<section class=\"mos-section mos-section-first\">\n<div class=\"mos-container\">\n<div class=\"mos-split\">\n<div>\n          <span class=\"mos-label\">D\u00e9partement<\/span><\/p>\n<h1 class=\"mos-title-xl\">Pr\u00e9sidence<\/h1>\n<p class=\"mos-lead\">\n            La Pr\u00e9sidence assure la coordination g\u00e9n\u00e9rale de l\u2019association et veille \u00e0 la coh\u00e9rence de l\u2019ensemble des projets port\u00e9s par Mosa\u00efque.\n          <\/p>\n<div class=\"mos-callout\" style=\"margin-top:24px\">\n<h3>Responsables<\/h3>\n<p style=\"margin-bottom:0\">\n              Adrian Giancaterino (Pr\u00e9sident) et Valentina Reshani (Vice-Pr\u00e9sidente)\n            <\/p>\n<\/p><\/div>\n<\/p><\/div>\n<div class=\"mos-media-card\" style=\"min-height:420px\">\n           <img decoding=\"async\" src=\"https:\/\/www.asso-unil.ch\/mosaique\/files\/2026\/01\/photo-pres.jpeg\" alt=\"Adrian Giancaterino et Valentina Reshani\"><\/div>\n<\/p><\/div>\n<\/p><\/div>\n<\/section>\n<section class=\"mos-section mos-section-sm\">\n<div class=\"mos-container\">\n<article class=\"mos-card\">\n<div class=\"mos-kicker\">R\u00f4le du d\u00e9partement<\/div>\n<h2 class=\"mos-title-md\">Coordonner, repr\u00e9senter, assurer la continuit\u00e9<\/h2>\n<p>\n          Compos\u00e9e d\u2019un\u00b7e pr\u00e9sident\u00b7e et d\u2019un\u00b7e vice-pr\u00e9sident\u00b7e, la Pr\u00e9sidence a pour mission d\u2019assurer la coordination g\u00e9n\u00e9rale de l\u2019association Mosa\u00efque. Elle veille \u00e0 la coh\u00e9rence des projets men\u00e9s par l\u2019ensemble des d\u00e9partements et accompagne leur mise en \u0153uvre dans le respect des orientations et des valeurs de l\u2019association.\n        <\/p>\n<p>\n          La Pr\u00e9sidence repr\u00e9sente \u00e9galement Mosa\u00efque aupr\u00e8s des partenaires externes, qu\u2019ils soient institutionnels ou priv\u00e9s, ainsi qu\u2019aupr\u00e8s des instances universitaires. \u00c0 ce titre, elle garantit le bon fonctionnement global de l\u2019organisation et favorise une communication fluide entre les diff\u00e9rents acteurs et actrices de l\u2019association.\n        <\/p>\n<\/article><\/div>\n<\/section>\n<section class=\"mos-section mos-section-alt\">\n<div class=\"mos-container\">\n<div class=\"mos-cta-panel\">\n<div class=\"mos-section-intro\" style=\"margin-bottom:0\">\n          <span class=\"mos-label\" style=\"color:#ffffff\">Poursuivre la d\u00e9couverte<\/span><\/p>\n<h2 class=\"mos-title-lg\">D\u00e9couvrir la Pr\u00e9sidence, c\u2019est aussi comprendre le fonctionnement global de Mosa\u00efque.<\/h2>\n<p class=\"mos-lead\">\n            Explorez les autres d\u00e9partements de l\u2019association ou d\u00e9couvrez l\u2019\u00e9quipe qui fait vivre Mosa\u00efque au quotidien.\n          <\/p>\n<div class=\"mos-actions\">\n            <a class=\"mos-btn mos-btn-secondary\" href=\"https:\/\/www.asso-unil.ch\/mosaique\/nos-departements\/\">Voir les d\u00e9partements<\/a><br \/>\n            <a class=\"mos-btn mos-btn-secondary\" style=\"color:#ffffff\" href=\"https:\/\/www.asso-unil.ch\/mosaique\/rejoindre-mosaique\/\">Rejoindre l\u2019association<\/a>\n          <\/div>\n<\/p><\/div>\n<\/p><\/div>\n<\/p><\/div>\n<\/section>\n<\/div>\n","protected":false},"excerpt":{"rendered":"<p>D\u00e9partement Pr\u00e9sidence La Pr\u00e9sidence assure la coordination g\u00e9n\u00e9rale de l\u2019association et veille \u00e0 la coh\u00e9rence de l\u2019ensemble des projets port\u00e9s par Mosa\u00efque. Responsables Adrian Giancaterino (Pr\u00e9sident) et Valentina Reshani (Vice-Pr\u00e9sidente) R\u00f4le du d\u00e9partement Coordonner, repr\u00e9senter, assurer la continuit\u00e9 Compos\u00e9e d\u2019un\u00b7e pr\u00e9sident\u00b7e et d\u2019un\u00b7e vice-pr\u00e9sident\u00b7e, la Pr\u00e9sidence a pour mission d\u2019assurer la coordination g\u00e9n\u00e9rale de l\u2019association [&hellip;]<\/p>\n","protected":false},"author":1001329,"featured_media":0,"parent":0,"menu_order":0,"comment_status":"closed","ping_status":"closed","template":"","meta":{"_seopress_robots_primary_cat":"","_seopress_titles_title":"","_seopress_titles_desc":"","_seopress_robots_index":"","footnotes":""},"class_list":["post-174","page","type-page","status-publish"],"_links":{"self":[{"href":"https:\/\/www.asso-unil.ch\/mosaique\/wp-json\/wp\/v2\/pages\/174","targetHints":{"allow":["GET"]}}],"collection":[{"href":"https:\/\/www.asso-unil.ch\/mosaique\/wp-json\/wp\/v2\/pages"}],"about":[{"href":"https:\/\/www.asso-unil.ch\/mosaique\/wp-json\/wp\/v2\/types\/page"}],"author":[{"embeddable":true,"href":"https:\/\/www.asso-unil.ch\/mosaique\/wp-json\/wp\/v2\/users\/1001329"}],"replies":[{"embeddable":true,"href":"https:\/\/www.asso-unil.ch\/mosaique\/wp-json\/wp\/v2\/comments?post=174"}],"version-history":[{"count":5,"href":"https:\/\/www.asso-unil.ch\/mosaique\/wp-json\/wp\/v2\/pages\/174\/revisions"}],"predecessor-version":[{"id":525,"href":"https:\/\/www.asso-unil.ch\/mosaique\/wp-json\/wp\/v2\/pages\/174\/revisions\/525"}],"wp:attachment":[{"href":"https:\/\/www.asso-unil.ch\/mosaique\/wp-json\/wp\/v2\/media?parent=174"}],"curies":[{"name":"wp","href":"https:\/\/api.w.org\/{rel}","templated":true}]}}