{"id":108,"date":"2025-12-30T04:18:05","date_gmt":"2025-12-30T03:18:05","guid":{"rendered":"https:\/\/www.asso-unil.ch\/mosaique\/?page_id=108"},"modified":"2026-04-12T16:18:43","modified_gmt":"2026-04-12T14:18:43","slug":"nos-partenaires","status":"publish","type":"page","link":"https:\/\/www.asso-unil.ch\/mosaique\/nos-partenaires\/","title":{"rendered":""},"content":{"rendered":"\n<div class=\"mos-page\">\n\n  <section class=\"mos-section mos-section-first\">\n    <div class=\"mos-container\">\n\n      <div class=\"mos-section-intro mos-text-center\" style=\"max-width:820px;margin-left:auto;margin-right:auto;margin-bottom:34px\">\n        <span class=\"mos-label\">R\u00e9seau &amp; soutien<\/span>\n        <h1 class=\"mos-title-xl\">Nos partenaires<\/h1>\n        <p class=\"mos-lead\" style=\"margin-left:auto;margin-right:auto\">\n          L\u2019Association Mosa\u00efque remercie les institutions et partenaires qui soutiennent\n          ses activit\u00e9s acad\u00e9miques, \u00e9tudiantes et associatives.\n        <\/p>\n      <\/div>\n\n    <\/div>\n  <\/section>\n\n\n\n<section class=\"mos-section mos-section-sm\">\n    <div class=\"mos-container\">\n\n      <div class=\"mos-section-intro\" style=\"margin-bottom:24px\">\n        <span class=\"mos-label\">Partenaires<\/span>\n        <h2 class=\"mos-title-lg\">Soutiens institutionnels<\/h2>\n        <p class=\"mos-lead\">\n          Les institutions qui accompagnent, soutiennent ou relaient les activit\u00e9s de Mosa\u00efque.\n        <\/p>\n      <\/div>\n\n      <div class=\"mos-card-grid mos-grid-2\">\n\n        <article class=\"mos-card\" style=\"padding:0;overflow:hidden\">\n          <img decoding=\"async\" src=\"https:\/\/www.asso-unil.ch\/mosaique\/files\/2025\/12\/unil-ri-logo-2.jpg\" alt=\"UNIL Relations internationales\">\n\n          <div style=\"padding:24px\">\n            <div class=\"mos-kicker\">Soutien institutionnel<\/div>\n            <h3>UNIL \u2014 Relations internationales<\/h3>\n            <p>\n              Partenaire institutionnel actuellement visible sur la page partenaires de Mosa\u00efque.\n            <\/p>\n\n            <div class=\"mos-actions\">\n              <a class=\"mos-btn mos-btn-ghost\" href=\"https:\/\/www.unil.ch\/unil\/fr\/home\/menuinst\/universite\/organisation-universite\/unites-et-services\/relations-internationales.html\">Lien partenaire<\/a>\n            <\/div>\n          <\/div>\n        <\/article>\n\n      <\/div>\n\n    <\/div>\n  <\/section>\n\n\n\n<section class=\"mos-section mos-section-sm\">\n    <div class=\"mos-container\">\n\n      <div class=\"mos-section-intro\" style=\"margin-bottom:24px\">\n        <span class=\"mos-label\">Partenaires<\/span>\n        <h2 class=\"mos-title-lg\">Entreprises et fondations<\/h2>\n        <p class=\"mos-lead\">\n          Les entreprises et fondations qui accompagnent, soutiennent ou relaient les activit\u00e9s de Mosa\u00efque.\n        <\/p>\n      <\/div>\n\n      <div class=\"mos-card-grid mos-grid-2\">\n\n      <\/div>\n\n    <\/div>\n  <\/section>\n\n\n\n<section class=\"mos-section mos-section-sm\">\n    <div class=\"mos-container\">\n\n      <div class=\"mos-section-intro\" style=\"margin-bottom:24px\">\n        <span class=\"mos-label\">Partenaires<\/span>\n        <h2 class=\"mos-title-lg\">Donateurs<\/h2>\n        <p class=\"mos-lead\">\n          Les donateurs qui accompagnent, soutiennent ou relaient les activit\u00e9s de Mosa\u00efque.\n        <\/p>\n      <\/div>\n\n      <div class=\"mos-card-grid mos-grid-2\">\n\n      <\/div>\n\n    <\/div>\n  <\/section>\n\n\n\n<section class=\"mos-section mos-section-alt\">\n    <div class=\"mos-container\">\n      <div class=\"mos-cta-panel\">\n        <div class=\"mos-section-intro\" style=\"margin-bottom:0\">\n          <span class=\"mos-label\" style=\"color:#ffffff\">Partenariats<\/span>\n          <h2 class=\"mos-title-lg\">Vous souhaitez soutenir ou accompagner Mosa\u00efque&nbsp;?<\/h2>\n          <p class=\"mos-lead\">\n            Pour toute proposition ou question relative aux partenariats, vous pouvez nous \u00e9crire \u00e0 l\u2019adresse suivante :\n            mosaique@asso-unil.ch\n          <\/p>\n\n          <div class=\"mos-actions\">\n            <a class=\"mos-btn mos-btn-secondary\" href=\"mailto:mosaique@asso-unil.ch\">Nous contacter<\/a>\n            <a class=\"mos-btn mos-btn-secondary\" style=\"color:#ffffff\" href=\"https:\/\/www.asso-unil.ch\/mosaique\/accueil-v2\/\">D\u00e9couvrir l\u2019association<\/a>\n          <\/div>\n        <\/div>\n      <\/div>\n    <\/div>\n  <\/section>\n\n<\/div>\n","protected":false},"excerpt":{"rendered":"<p>R\u00e9seau &amp; soutien Nos partenaires L\u2019Association Mosa\u00efque remercie les institutions et partenaires qui soutiennent ses activit\u00e9s acad\u00e9miques, \u00e9tudiantes et associatives. Partenaires Soutiens institutionnels Les institutions qui accompagnent, soutiennent ou relaient les activit\u00e9s de Mosa\u00efque. Soutien institutionnel UNIL \u2014 Relations internationales Partenaire institutionnel actuellement visible sur la page partenaires de Mosa\u00efque. Lien partenaire Partenaires Entreprises et [&hellip;]<\/p>\n","protected":false},"author":1001329,"featured_media":0,"parent":0,"menu_order":0,"comment_status":"closed","ping_status":"closed","template":"","meta":{"_seopress_robots_primary_cat":"","_seopress_titles_title":"","_seopress_titles_desc":"","_seopress_robots_index":"","footnotes":""},"class_list":["post-108","page","type-page","status-publish"],"_links":{"self":[{"href":"https:\/\/www.asso-unil.ch\/mosaique\/wp-json\/wp\/v2\/pages\/108","targetHints":{"allow":["GET"]}}],"collection":[{"href":"https:\/\/www.asso-unil.ch\/mosaique\/wp-json\/wp\/v2\/pages"}],"about":[{"href":"https:\/\/www.asso-unil.ch\/mosaique\/wp-json\/wp\/v2\/types\/page"}],"author":[{"embeddable":true,"href":"https:\/\/www.asso-unil.ch\/mosaique\/wp-json\/wp\/v2\/users\/1001329"}],"replies":[{"embeddable":true,"href":"https:\/\/www.asso-unil.ch\/mosaique\/wp-json\/wp\/v2\/comments?post=108"}],"version-history":[{"count":5,"href":"https:\/\/www.asso-unil.ch\/mosaique\/wp-json\/wp\/v2\/pages\/108\/revisions"}],"predecessor-version":[{"id":530,"href":"https:\/\/www.asso-unil.ch\/mosaique\/wp-json\/wp\/v2\/pages\/108\/revisions\/530"}],"wp:attachment":[{"href":"https:\/\/www.asso-unil.ch\/mosaique\/wp-json\/wp\/v2\/media?parent=108"}],"curies":[{"name":"wp","href":"https:\/\/api.w.org\/{rel}","templated":true}]}}