{"id":7,"date":"2019-11-28T16:00:38","date_gmt":"2019-11-28T15:00:38","guid":{"rendered":"http:\/\/www.asso-unil.ch\/modele\/?page_id=7"},"modified":"2026-04-04T21:52:03","modified_gmt":"2026-04-04T19:52:03","slug":"home","status":"publish","type":"page","link":"https:\/\/www.asso-unil.ch\/lmpa\/","title":{"rendered":"Lausanne MD-PhD student association"},"content":{"rendered":"\n<p>The Lausanne MD-PhD Association (LMPA) brings together physician-scientists in training from the University of Lausanne (UNIL) and \u00c9cole Polytechnique F\u00e9d\u00e9rale de Lausanne (EPFL). It supports MD-PhD students throughout their unique journey between research and clinical practice.<\/p>\n\n\n\n<p>LMPA creates opportunities to connect, share experiences and learn from each other, both locally and with MD-PhD students across Switzerland and beyond. It also works to improve training conditions and encourages medical students to explore research and the MD-PhD path.<\/p>\n\n\n\n<p>If you are a medical student curious about getting involved in research, feel free to <a href=\"mailto:ampl@asso-unil.ch\" data-type=\"mailto\" data-id=\"mailto:ampl@unil.ch\">reach out to us<\/a> \u2014 we would be happy to connect you.<\/p>\n\n\n\n<figure class=\"wp-block-image size-large\"><img loading=\"lazy\" decoding=\"async\" width=\"1024\" height=\"876\" src=\"https:\/\/www.asso-unil.ch\/lmpa\/files\/2025\/10\/illustration_sans_titre-1-1024x876.png\" alt=\"illustration sans titre\" class=\"wp-image-58\" srcset=\"https:\/\/www.asso-unil.ch\/lmpa\/files\/2025\/10\/illustration_sans_titre-1-1024x876.png 1024w, https:\/\/www.asso-unil.ch\/lmpa\/files\/2025\/10\/illustration_sans_titre-1-300x257.png 300w, https:\/\/www.asso-unil.ch\/lmpa\/files\/2025\/10\/illustration_sans_titre-1-768x657.png 768w, https:\/\/www.asso-unil.ch\/lmpa\/files\/2025\/10\/illustration_sans_titre-1-1536x1314.png 1536w, https:\/\/www.asso-unil.ch\/lmpa\/files\/2025\/10\/illustration_sans_titre-1-540x462.png 540w, https:\/\/www.asso-unil.ch\/lmpa\/files\/2025\/10\/illustration_sans_titre-1-1080x924.png 1080w, https:\/\/www.asso-unil.ch\/lmpa\/files\/2025\/10\/illustration_sans_titre-1-1980x1694.png 1980w, https:\/\/www.asso-unil.ch\/lmpa\/files\/2025\/10\/illustration_sans_titre-1.png 1996w\" sizes=\"auto, (max-width: 1024px) 100vw, 1024px\" \/><\/figure>\n\n\n\n<p><\/p>\n","protected":false},"excerpt":{"rendered":"<p>The Lausanne MD-PhD Association (LMPA) brings together physician-scientists in training from the University of Lausanne (UNIL) and \u00c9cole Polytechnique F\u00e9d\u00e9rale de Lausanne (EPFL). It supports MD-PhD students throughout&hellip;<\/p>\n","protected":false},"author":6,"featured_media":0,"parent":0,"menu_order":0,"comment_status":"closed","ping_status":"closed","template":"","meta":{"_seopress_robots_primary_cat":"","_seopress_titles_title":"","_seopress_titles_desc":"","_seopress_robots_index":"","footnotes":""},"class_list":["post-7","page","type-page","status-publish","has-post-thumbnail"],"_links":{"self":[{"href":"https:\/\/www.asso-unil.ch\/lmpa\/wp-json\/wp\/v2\/pages\/7","targetHints":{"allow":["GET"]}}],"collection":[{"href":"https:\/\/www.asso-unil.ch\/lmpa\/wp-json\/wp\/v2\/pages"}],"about":[{"href":"https:\/\/www.asso-unil.ch\/lmpa\/wp-json\/wp\/v2\/types\/page"}],"author":[{"embeddable":true,"href":"https:\/\/www.asso-unil.ch\/lmpa\/wp-json\/wp\/v2\/users\/6"}],"replies":[{"embeddable":true,"href":"https:\/\/www.asso-unil.ch\/lmpa\/wp-json\/wp\/v2\/comments?post=7"}],"version-history":[{"count":5,"href":"https:\/\/www.asso-unil.ch\/lmpa\/wp-json\/wp\/v2\/pages\/7\/revisions"}],"predecessor-version":[{"id":90,"href":"https:\/\/www.asso-unil.ch\/lmpa\/wp-json\/wp\/v2\/pages\/7\/revisions\/90"}],"wp:attachment":[{"href":"https:\/\/www.asso-unil.ch\/lmpa\/wp-json\/wp\/v2\/media?parent=7"}],"curies":[{"name":"wp","href":"https:\/\/api.w.org\/{rel}","templated":true}]}}