{"id":86,"date":"2023-02-27T17:37:05","date_gmt":"2023-02-27T16:37:05","guid":{"rendered":"https:\/\/www.asso-unil.ch\/lecabanon\/?page_id=86"},"modified":"2023-10-25T10:55:29","modified_gmt":"2023-10-25T08:55:29","slug":"informations-pratiques","status":"publish","type":"page","link":"https:\/\/www.asso-unil.ch\/lecabanon\/informations-pratiques\/","title":{"rendered":"Informations pratiques"},"content":{"rendered":"\n<p class=\"has-normal-font-size\"><strong>Lieu d&rsquo;exposition<\/strong><br>Le Cabanon, Universit\u00e9 de Lausanne, Facult\u00e9 des Lettres, Quartier Chamberonne, Batiment Anthropole Niveau 1, aux abords de l\u2019auditoire 1129.<\/p>\n\n\n\n<p class=\"has-normal-font-size\"><strong>Contact<\/strong> <br>Courriel associatif <a href=\"https:\/\/Lecabanon@asso-unil.ch\">lecabanon@asso-unil.ch<\/a>\u00a0<\/p>\n\n\n\n<p class=\"has-normal-font-size\"><strong>Adresse<\/strong><br>Le Cabanon <br>Section d\u2019histoire de l\u2019art, Niveau 4, Bureau 4133, <br>Batiment Anthropole, Quartier Chamberonne <br>Universit\u00e9 de Lausanne <br>CH \u2013 1015 Lausanne<\/p>\n\n\n\n<p class=\"has-normal-font-size\"><strong>Horaires<\/strong><br>Le Cabanon est accessible, sauf exception, durant les p\u00e9riodes de cours de l\u2019Universit\u00e9 de Lausanne. Entr\u00e9e libre du lundi au vendredi de 08:00 \u00e0 19:00. Samedi de 10:00 \u00e0 17:00.<\/p>\n\n\n\n<p class=\"has-normal-font-size\"><strong>Acc\u00e8s<\/strong><br>En transports publics : M\u00e9tro M1, arr\u00eat UNIL-Chamberonne<br>En voiture : sortie d&rsquo;autoroute Bourdonnette<\/p>\n\n\n\n<div class=\"wp-block-columns is-layout-flex wp-container-core-columns-is-layout-9d6595d7 wp-block-columns-is-layout-flex\">\n<div class=\"wp-block-column is-layout-flow wp-block-column-is-layout-flow\"><div class=\"wp-block-image\">\n<figure class=\"alignleft size-full\"><img alt=\"\" loading=\"lazy\" decoding=\"async\" width=\"1024\" height=\"681\" src=\"https:\/\/www.asso-unil.ch\/lecabanon\/files\/2023\/02\/image-1.png\" alt=\"\" class=\"wp-image-126\" srcset=\"https:\/\/www.asso-unil.ch\/lecabanon\/files\/2023\/02\/image-1.png 1024w, https:\/\/www.asso-unil.ch\/lecabanon\/files\/2023\/02\/image-1-300x200.png 300w, https:\/\/www.asso-unil.ch\/lecabanon\/files\/2023\/02\/image-1-768x511.png 768w, https:\/\/www.asso-unil.ch\/lecabanon\/files\/2023\/02\/image-1-540x359.png 540w\" sizes=\"auto, (max-width: 1024px) 100vw, 1024px\" \/><\/figure>\n<\/div><\/div>\n<\/div>\n\n\n<div class=\"wp-block-image\">\n<figure class=\"alignleft size-full\"><img alt=\"\" loading=\"lazy\" decoding=\"async\" width=\"687\" height=\"279\" src=\"https:\/\/www.asso-unil.ch\/lecabanon\/files\/2023\/03\/Localisation-de-l_esapce-dans-l_Anthropole-1.png\" alt=\"\" class=\"wp-image-173\" srcset=\"https:\/\/www.asso-unil.ch\/lecabanon\/files\/2023\/03\/Localisation-de-l_esapce-dans-l_Anthropole-1.png 687w, https:\/\/www.asso-unil.ch\/lecabanon\/files\/2023\/03\/Localisation-de-l_esapce-dans-l_Anthropole-1-300x122.png 300w, https:\/\/www.asso-unil.ch\/lecabanon\/files\/2023\/03\/Localisation-de-l_esapce-dans-l_Anthropole-1-540x219.png 540w\" sizes=\"auto, (max-width: 687px) 100vw, 687px\" \/><\/figure>\n<\/div>","protected":false},"excerpt":{"rendered":"<p>Lieu d&rsquo;expositionLe Cabanon, Universit\u00e9 de Lausanne, Facult\u00e9 des Lettres, Quartier Chamberonne, Batiment Anthropole Niveau 1, aux abords de l\u2019auditoire 1129. Contact Courriel associatif lecabanon@asso-unil.ch\u00a0 AdresseLe Cabanon Section d\u2019histoire&hellip;<\/p>\n","protected":false},"author":1001272,"featured_media":0,"parent":0,"menu_order":0,"comment_status":"closed","ping_status":"closed","template":"template-full-width.php","meta":{"_seopress_robots_primary_cat":"","_seopress_titles_title":"","_seopress_titles_desc":"","_seopress_robots_index":"","footnotes":""},"class_list":["post-86","page","type-page","status-publish","has-post-thumbnail"],"_links":{"self":[{"href":"https:\/\/www.asso-unil.ch\/lecabanon\/wp-json\/wp\/v2\/pages\/86","targetHints":{"allow":["GET"]}}],"collection":[{"href":"https:\/\/www.asso-unil.ch\/lecabanon\/wp-json\/wp\/v2\/pages"}],"about":[{"href":"https:\/\/www.asso-unil.ch\/lecabanon\/wp-json\/wp\/v2\/types\/page"}],"author":[{"embeddable":true,"href":"https:\/\/www.asso-unil.ch\/lecabanon\/wp-json\/wp\/v2\/users\/1001272"}],"replies":[{"embeddable":true,"href":"https:\/\/www.asso-unil.ch\/lecabanon\/wp-json\/wp\/v2\/comments?post=86"}],"version-history":[{"count":0,"href":"https:\/\/www.asso-unil.ch\/lecabanon\/wp-json\/wp\/v2\/pages\/86\/revisions"}],"wp:attachment":[{"href":"https:\/\/www.asso-unil.ch\/lecabanon\/wp-json\/wp\/v2\/media?parent=86"}],"curies":[{"name":"wp","href":"https:\/\/api.w.org\/{rel}","templated":true}]}}