{"id":84,"date":"2023-02-27T17:37:15","date_gmt":"2023-02-27T16:37:15","guid":{"rendered":"https:\/\/www.asso-unil.ch\/lecabanon\/?page_id=84"},"modified":"2026-04-03T17:27:21","modified_gmt":"2026-04-03T15:27:21","slug":"presse","status":"publish","type":"page","link":"https:\/\/www.asso-unil.ch\/lecabanon\/presse\/","title":{"rendered":"Presse"},"content":{"rendered":"\n<h2 class=\"wp-block-heading\">Dossier de presse de l&rsquo;exposition en cours <\/h2>\n\n\n\n<p><a href=\"https:\/\/drive.google.com\/file\/d\/1VqO7xMc91i8gY8VQXEyDVeGtjZYfHdvd\/view?usp=sharing\" data-type=\"URL\" data-id=\"https:\/\/drive.google.com\/file\/d\/1VqO7xMc91i8gY8VQXEyDVeGtjZYfHdvd\/view?usp=sharing\">En fran\u00e7ais<\/a> <br><a href=\"https:\/\/drive.google.com\/file\/d\/1PMW5ZyvpoexYRv-PBg2xu4xgxelOp4bL\/view?usp=sharing\" data-type=\"URL\" data-id=\"https:\/\/drive.google.com\/file\/d\/1PMW5ZyvpoexYRv-PBg2xu4xgxelOp4bL\/view?usp=sharing\">En anglais<\/a> <\/p>\n\n\n\n<h2 class=\"wp-block-heading\">Publication des 10 ans : <em>09-19<\/em><\/h2>\n\n\n\n<div class=\"wp-block-columns is-layout-flex wp-container-core-columns-is-layout-9d6595d7 wp-block-columns-is-layout-flex\">\n<div class=\"wp-block-column is-layout-flow wp-block-column-is-layout-flow\" style=\"flex-basis:33.33%\">\n<figure class=\"wp-block-image size-large\"><img alt=\"\" loading=\"lazy\" decoding=\"async\" width=\"819\" height=\"1024\" src=\"https:\/\/www.asso-unil.ch\/lecabanon\/files\/2023\/03\/Cab_triennale-42-819x1024.jpg\" alt=\"\" class=\"wp-image-672\" srcset=\"https:\/\/www.asso-unil.ch\/lecabanon\/files\/2023\/03\/Cab_triennale-42-819x1024.jpg 819w, https:\/\/www.asso-unil.ch\/lecabanon\/files\/2023\/03\/Cab_triennale-42-240x300.jpg 240w, https:\/\/www.asso-unil.ch\/lecabanon\/files\/2023\/03\/Cab_triennale-42-768x960.jpg 768w, https:\/\/www.asso-unil.ch\/lecabanon\/files\/2023\/03\/Cab_triennale-42-540x675.jpg 540w, https:\/\/www.asso-unil.ch\/lecabanon\/files\/2023\/03\/Cab_triennale-42.jpg 960w\" sizes=\"auto, (max-width: 819px) 100vw, 819px\" \/><\/figure>\n<\/div>\n\n\n\n<div class=\"wp-block-column is-layout-flow wp-block-column-is-layout-flow\" style=\"flex-basis:66.66%\">\n<p>En 2019, \u00e0&nbsp;l\u2019occasion de sa d\u00e9cennie, le Cabanon a publier un livre, format&nbsp;destin\u00e9 au savoir transit, au rendu concret un chemin de pens\u00e9e, \u00e0 la cristallisation de l\u2019intention, qui l\u2019accompagne les&nbsp;\u00e9tudiant.e.s.&nbsp;en lettres dans leurs parcours.<\/p>\n\n\n\n<p>Cet objet propose un retour sur diff\u00e9rentes directions, auxquelles est allou\u00e9 un espace identique pour parler de son temps, et retrace la montagne d\u2019activit\u00e9s du Cabanon au fil des ann\u00e9es.&nbsp;Finalement, la publication laisse la place aux&nbsp;travailleur.e.s&nbsp;dans l\u2019ombre du Cabanon qui travaillent depuis dix an \u00e0 la confection des&nbsp;\u00e9v\u00e9nements&nbsp;qui sont parvenus \u00e0 inscrire l\u2019association dans le panorama culturel romand.&nbsp;<\/p>\n\n\n\n<p>Photographie : Paul Hegi.&nbsp;<br>Graphisme : Tina Gabriel, \u00e9paul\u00e9e par le graphiste de renom Alex Dujet.&nbsp;<br>Impression : Maud Bosset.<\/p>\n<\/div>\n<\/div>\n\n\n\n<figure class=\"wp-block-embed is-type-rich is-provider-spotify wp-block-embed-spotify wp-embed-aspect-21-9 wp-has-aspect-ratio\"><div class=\"wp-block-embed__wrapper\">\n<iframe title=\"Spotify Embed: 16. Interview avec Le Cabanon\" style=\"border-radius: 12px\" width=\"100%\" height=\"152\" frameborder=\"0\" allowfullscreen allow=\"autoplay; clipboard-write; encrypted-media; fullscreen; picture-in-picture\" loading=\"lazy\" src=\"https:\/\/open.spotify.com\/embed\/episode\/26HgRvk0gaN9ih1Ok9kyyv?si=LWXnl007RByav67l4NmYHA&amp;utm_source=oembed\"><\/iframe>\n<\/div><\/figure>\n\n\n\n<h2 class=\"wp-block-heading\">Revue de presse<\/h2>\n\n\n\n<p><strong><em>Sonder, Po\u00e9sies collectives (16.04 &#8211; 28.05.2026)<\/em><\/strong><\/p>\n\n\n\n<p><a href=\"https:\/\/open.spotify.com\/episode\/1HPALbVfEGvcHkEh13teM3?si=wt8bv6xIRcKvq71dzKEnVQ\" data-type=\"link\" data-id=\"https:\/\/open.spotify.com\/episode\/1HPALbVfEGvcHkEh13teM3?si=wt8bv6xIRcKvq71dzKEnVQ\">\u00ab\u00a0AGORA #2 &#8211; Interview pour la nouvelle exposition du Cabanon\u00a0\u00bb<\/a> (18m00), 26 mars 2026, Fr\u00e9quence Banane.<\/p>\n\n\n\n\n\n<p><strong><em>\u039a\u03ac\u03b2\u03bb\u03b5\u03c2 \/ cables \/ k\u00e1vles : art, \u00e9ros et technologie (16.10 \u2013 11.12.2025)<\/em><\/strong><\/p>\n\n\n\n<p>Pour prolonger l\u2019exposition, d\u00e9couvrez un article d\u2019Alice Sabatier&nbsp;<a href=\"https:\/\/www.l-agenda.ch\/le-cabanon-kables-cables\/\">\u00ab&nbsp;Entre d\u00e9sir et connexion technologique&nbsp;\u00bb&nbsp;<\/a>dans la revue&nbsp;<em>l\u2019Agenda<\/em>.<a href=\"https:\/\/www.asso-unil.ch\/lecabanon\/files\/2025\/09\/photo-2026-01-26-15-00-18-1024x769.jpg\"><\/a><\/p>\n\n\n\n<h2 class=\"wp-block-heading has-large-font-size\"><strong>General<\/strong> <\/h2>\n\n\n\n<p class=\"has-normal-font-size\"><a href=\"https:\/\/www.24heures.ch\/lart-contemporain-prend-de-plus-en-plus-despace-a-lausanne-966365095382\" data-type=\"URL\" data-id=\"https:\/\/www.24heures.ch\/lart-contemporain-prend-de-plus-en-plus-despace-a-lausanne-966365095382\">\u00ab\u00a0L&rsquo;art contemporain prend de plus en plus d&rsquo;espace \u00e0 Lausanne\u00a0\u00bb<\/a>, 29 f\u00e9vrier 2020, Le 24 Heures.<br><a href=\"https:\/\/www.asso-unil.ch\/lecabanon\/files\/2023\/03\/2014.12.01-Lauditoire.png\">\u00ab\u00a0M\u00e9tamorphose au Cabanon\u00a0\u00bb,<\/a> 01 d\u00e9cembre 2020, L&rsquo;auditoire.<\/p>\n\n\n\n<p class=\"has-large-font-size\"><strong><em>DEVENIR CHAMPIGNON<\/em> (05.10 &#8211; 20.12.2023)<\/strong><\/p>\n\n\n\n<p><a href=\"https:\/\/www.instagram.com\/reel\/C3iT0HrIYP3\/?utm_source=ig_web_copy_link\" data-type=\"URL\" data-id=\"https:\/\/espacescontemporains.ch\/aperti-le-rendez-vous-artistique-du-printemps\/\">\u00ab\u00a0Retour sur l&rsquo;\u00e9v\u00e9nement \u00ab\u00a0Devenir Champignon\u00a0\u00bb\u00a0\u00bb<\/a>, 20 janvier 2024, REC.<\/p>\n\n\n\n<h2 class=\"wp-block-heading has-large-font-size\"><em>OYENDAU<\/em> (05.04 &#8211; 05.07.2023)<\/h2>\n\n\n\n<p><a href=\"https:\/\/espacescontemporains.ch\/aperti-le-rendez-vous-artistique-du-printemps\/\" data-type=\"URL\" data-id=\"https:\/\/espacescontemporains.ch\/aperti-le-rendez-vous-artistique-du-printemps\/\">\u00ab\u00a0Aperti, le rendez-vous artistique du printemps\u00a0\u00bb<\/a>, 04 mai 2023, Espaces contemporains.<br><a href=\"https:\/\/www.24heures.ch\/aperti-ouvre-le-cur-de-la-creation-863479369567\">\u00ab\u00a0Vanessa Udriot (plasticienne) : de visiteuse \u00e0 participante\u00a0\u00bb<\/a>, 04 mai 2023, 24Heure.<br><a href=\"https:\/\/open.spotify.com\/episode\/26HgRvk0gaN9ih1Ok9kyyv?si=y7zmx2luT4OFRXNxMkMjcg\">\u00ab\u00a0La voie des assis : Interview avec le Cabanon\u00a0\u00bb<\/a>, 25 avril 2023, Fr\u00e9quence Banane EPFL. <br>\u00ab\u00a0Annonce d&rsquo;exposition. Vanessa Udriot : Oyendau\u00a0\u00bb, 21 avril 2023, 24Heures.<\/p>\n\n\n\n<h2 class=\"wp-block-heading has-large-font-size\"><strong><em>Musterhaus \/ Maison mod\u00e8le <\/em><\/strong>(02.05-10.06.2022)<\/h2>\n\n\n\n<p class=\"has-normal-font-size\"><a href=\"https:\/\/www.rts.ch\/audio-podcast\/2022\/audio\/c-est-une-maison-modele-25827296.html\" data-type=\"URL\" data-id=\"https:\/\/www.rts.ch\/audio-podcast\/2022\/audio\/c-est-une-maison-modele-25827296.html\">\u00ab\u00a0C\u02b9est une maison mod\u00e8le\u2026\u00a0\u00bb<\/a> , 30 mai 2022,<em>Vertigo<\/em>, RTS. <br><a href=\"https:\/\/www.youtube.com\/watch?v=Omnf2AkW9so\">Interview de C\u00e9line Masson et Peter Wehkamp<\/a>, 3 juin 2022, NUL. <\/p>\n\n\n\n<p class=\"has-large-font-size\"><strong><em>Les d\u00e9combres de la finitude<\/em> (20.02 &#8211; 29.05.2015)<\/strong><\/p>\n\n\n\n<p class=\"has-normal-font-size\"><a href=\"https:\/\/www.asso-unil.ch\/lecabanon\/files\/2023\/03\/2014.09.01-Unil.ch_.pdf\" data-type=\"URL\" data-id=\"https:\/\/www.asso-unil.ch\/lecabanon\/files\/2023\/03\/2014.09.01-Unil.ch_.pdf\">\u00ab\u00a0La premi\u00e8re Triennale de l\u2019UNIL a son laur\u00e9at\u00a0\u00bb<\/a>, 01 d\u00e9cembre 2014, Unil.ch<br><a href=\"https:\/\/www.asso-unil.ch\/lecabanon\/files\/2023\/03\/2014.09.01-Uniscope.pdf\">\u00ab\u00a0M\u00e9tamorphose d&rsquo;un mur de compost\u00a0\u00bb,<\/a> 20 f\u00e9vrier 2015, Fondation-Engelberts.org<\/p>\n\n\n\n<p class=\"has-large-font-size\"><strong><em>En Suspens<\/em> (6.03 &#8211; 30.05.2014)<\/strong><\/p>\n\n\n\n<p class=\"has-normal-font-size\"><a href=\"https:\/\/www.guide-contemporain.ch\/evenements\/anouchka-perez-le-cabanon-lausanne\/\" data-type=\"page\">\u00ab\u00a0ANOUCHKA P\u00c9REZ @ LE CABANON, LAUSANNE<\/a>, 3 mars 2014, <em>Lausanne Contemporain<\/em>.<br><a href=\"https:\/\/www.asso-unil.ch\/lecabanon\/files\/2023\/03\/2014.03.01-Pinvents.com_.pdf\">\u00ab\u00a0LE CABANON &#8211; Vernissage de \u00ab\u00a0En Suspens\u00a0\u00bb<\/a>, 3 mars 2014, Pinvents.com<br><a href=\"https:\/\/www.asso-unil.ch\/lecabanon\/files\/2023\/03\/2014.04.01-Swotee.ch_.pdf\">\u00ab\u00a0LE CABANON &#8211; Visite guid\u00e9e de l&rsquo;exposition \u00ab\u00a0En Suspens\u00a0\u00bb<\/a>, 3 avril 2014, Swotee.ch<br><a href=\"https:\/\/www.asso-unil.ch\/lecabanon\/files\/2023\/03\/2014.05.01-Swotee.ch_.pdf\">\u00ab\u00a0LE CABANON &#8211; Rencontre autour de la place des pratiques minimales et \u00ab\u00a0conceptuelles sur le march\u00e9 et dans le monde de l&rsquo;art,<\/a> 08 mai 2014, Swotee.ch<\/p>\n\n\n\n<p class=\"has-large-font-size\"><strong><em>If Not Yet Done <\/em>(3.10 &#8211; 20.12.2013)<\/strong><\/p>\n\n\n\n<p><a href=\"https:\/\/www.asso-unil.ch\/lecabanon\/files\/2023\/03\/2013.09.17-Lausanne-Contemporain-blog.pdf\">\u00ab\u00a0VINCENT KOHLER @ LE CABANON, LAUSANNE\u00a0\u00bb<\/a>, 17 septembre 2013, Lausanne Contemporain <\/p>\n\n\n\n<p class=\"has-large-font-size\"><strong><em>Pr\u00e9sence <\/em>(8.10-21.12.2012)<\/strong><\/p>\n\n\n\n<p><a href=\"https:\/\/www.asso-unil.ch\/lecabanon\/files\/2023\/03\/2012.10.05-Sortir.ch-.pdf\">\u00ab\u00a0Pr\u00e9sence\u00a0\u00bb,<\/a> 05 octobre 2012, Sortir.ch<\/p>\n","protected":false},"excerpt":{"rendered":"<p>Dossier de presse de l&rsquo;exposition en cours En fran\u00e7ais En anglais Publication des 10 ans : 09-19 En 2019, \u00e0&nbsp;l\u2019occasion de sa d\u00e9cennie, le Cabanon a publier un&hellip;<\/p>\n","protected":false},"author":1001272,"featured_media":0,"parent":0,"menu_order":0,"comment_status":"closed","ping_status":"closed","template":"template-full-width.php","meta":{"_seopress_robots_primary_cat":"","_seopress_titles_title":"","_seopress_titles_desc":"","_seopress_robots_index":"","footnotes":""},"class_list":["post-84","page","type-page","status-publish","has-post-thumbnail"],"_links":{"self":[{"href":"https:\/\/www.asso-unil.ch\/lecabanon\/wp-json\/wp\/v2\/pages\/84","targetHints":{"allow":["GET"]}}],"collection":[{"href":"https:\/\/www.asso-unil.ch\/lecabanon\/wp-json\/wp\/v2\/pages"}],"about":[{"href":"https:\/\/www.asso-unil.ch\/lecabanon\/wp-json\/wp\/v2\/types\/page"}],"author":[{"embeddable":true,"href":"https:\/\/www.asso-unil.ch\/lecabanon\/wp-json\/wp\/v2\/users\/1001272"}],"replies":[{"embeddable":true,"href":"https:\/\/www.asso-unil.ch\/lecabanon\/wp-json\/wp\/v2\/comments?post=84"}],"version-history":[{"count":2,"href":"https:\/\/www.asso-unil.ch\/lecabanon\/wp-json\/wp\/v2\/pages\/84\/revisions"}],"predecessor-version":[{"id":1645,"href":"https:\/\/www.asso-unil.ch\/lecabanon\/wp-json\/wp\/v2\/pages\/84\/revisions\/1645"}],"wp:attachment":[{"href":"https:\/\/www.asso-unil.ch\/lecabanon\/wp-json\/wp\/v2\/media?parent=84"}],"curies":[{"name":"wp","href":"https:\/\/api.w.org\/{rel}","templated":true}]}}