{"id":80,"date":"2023-02-27T17:37:44","date_gmt":"2023-02-27T16:37:44","guid":{"rendered":"https:\/\/www.asso-unil.ch\/lecabanon\/?page_id=80"},"modified":"2023-03-10T17:08:14","modified_gmt":"2023-03-10T16:08:14","slug":"proposer-une-exposition","status":"publish","type":"page","link":"https:\/\/www.asso-unil.ch\/lecabanon\/etre-etudient-e-commissaire\/proposer-une-exposition\/","title":{"rendered":"Qui est l&rsquo;\u00e9tudiant.x.e-commissaire"},"content":{"rendered":"\n<h2 class=\"has-large-font-size wp-block-heading\">L&rsquo;opportunit\u00e9<\/h2>\n\n\n\n<p class=\"has-normal-font-size\">Con\u00e7u comme un laboratoire, le Cabanon offre d\u2019une part aux \u00e9tudiant\u00b7e\u00b7x\u00b7s la possibilit\u00e9 de se confronter \u00e0 des questions pratiques et th\u00e9oriques, et donne d\u2019autre part l\u2019opportunit\u00e9 \u00e0 des cr\u00e9ateur\u00b7ice\u00b7x\u00b7s de voir un discours scientifique se construire face \u00e0 leur production. Cet espace exp\u00e9rimental offre \u00e9galement aux habitu\u00e9\u00b7e\u00b7x\u00b7s et aux personnes de passage \u00e0 l\u2019UNIL un espace de rencontre avec des objets d\u2019art contemporain.<br>La<strong>\u00b7<\/strong>li<strong>\u00b7<\/strong>l\u2019\u00e9tudiant\u00b7e\u00b7x-commissaire se voit r\u00e9tribu\u00e9\u00b7e\u00b7x par <strong>5 cr\u00e9dits universitaires<\/strong>&nbsp;suite \u00e0 la r\u00e9daction d\u2019une synth\u00e8se th\u00e9orique sous la supervision de Madame Nathalie Dietschy, professeure d\u2019art contemporain.<\/p>\n\n\n\n<h2 class=\"has-large-font-size wp-block-heading\"><strong>Le r\u00f4le du\/de la<\/strong> <strong>commissaire<\/strong><\/h2>\n\n\n\n<p class=\"has-normal-font-size\">La<strong>\u00b7<\/strong>li<strong>\u00b7<\/strong>l\u2019\u00e9tudiant\u00b7e\u00b7x-commissaire se voit confier la conception de l\u2019exposition qu\u2019iel propose, du d\u00e9but \u00e0 la fin. Iel soumet un sujet d\u2019exposition (artiste(s) ou collectif regroup\u00e9s sous une th\u00e9matique) et organise son bon d\u00e9roulement. Iel b\u00e9n\u00e9ficie du soutien de l\u2019\u00e9quipe du Cabanon d\u2019une part, et de l\u2019aide des artistes de son choix d\u2019autre part. Son activit\u00e9 se r\u00e9partit entre :<\/p>\n\n\n\n<ul class=\"wp-block-list\">\n<li>La conception d\u2019un dossier d\u2019exposition th\u00e9orique en collaboration avec l\u2019artiste (texte de salle)<\/li>\n\n\n\n<li>La mise en place d\u2019un calendrier et d\u2019un programme de m\u00e9diation autour de l\u2019exposition<\/li>\n\n\n\n<li>La pr\u00e9paration et le montage de l\u2019exposition<\/li>\n\n\n\n<li>La r\u00e9alisation d\u2019un dossier de presse avec notre \u00e9quipe de communication<\/li>\n<\/ul>\n\n\n\n<h2 class=\"has-large-font-size wp-block-heading\">Le profil du\/de la commissaire <\/h2>\n\n\n\n<p>Disponible, l\u2019\u00e9tudiant\u00b7e\u00b7x en Bachelor ou en Master a une vision d\u2019ensemble du d\u00e9roulement du projet. De nature inventive, autonome et polyvalente, iel :<\/p>\n\n\n\n<ul class=\"wp-block-list\">\n<li>Est motiv\u00e9\u00b7e\u00b7x par les responsabilit\u00e9s et le travail en \u00e9quipe<\/li>\n\n\n\n<li>Fait preuve d\u2019int\u00e9r\u00eat pour l\u2019art contemporain et\/ou la vie culturelle universitaire<\/li>\n\n\n\n<li>Poss\u00e8de de bonnes capacit\u00e9s r\u00e9dactionnelles et orthographiques<\/li>\n\n\n\n<li>Poss\u00e8de de l\u2019aisance sociale et communicationnelle<\/li>\n\n\n\n<li>Ma\u00eetrise les outils informatiques usuels<\/li>\n\n\n\n<li>Poss\u00e8de de bonnes capacit\u00e9s organisationnelles et un go\u00fbt pour la recherche<\/li>\n<\/ul>\n\n\n\n<p>La charge de travail ne doit en aucun cas vous effrayer, car toute l\u2019\u00e9quipe du Cabanon apporte son soutien \u00e0 la r\u00e9alisation du projet.<\/p>\n\n\n\n<p>Aucune exp\u00e9rience pr\u00e9alable n\u2019est requise : votre motivation suffit ! <\/p>\n","protected":false},"excerpt":{"rendered":"<p>L&rsquo;opportunit\u00e9 Con\u00e7u comme un laboratoire, le Cabanon offre d\u2019une part aux \u00e9tudiant\u00b7e\u00b7x\u00b7s la possibilit\u00e9 de se confronter \u00e0 des questions pratiques et th\u00e9oriques, et donne d\u2019autre part l\u2019opportunit\u00e9&hellip;<\/p>\n","protected":false},"author":1001272,"featured_media":0,"parent":207,"menu_order":1,"comment_status":"closed","ping_status":"closed","template":"template-full-width.php","meta":{"_seopress_robots_primary_cat":"","_seopress_titles_title":"","_seopress_titles_desc":"","_seopress_robots_index":"","footnotes":""},"class_list":["post-80","page","type-page","status-publish","has-post-thumbnail"],"_links":{"self":[{"href":"https:\/\/www.asso-unil.ch\/lecabanon\/wp-json\/wp\/v2\/pages\/80","targetHints":{"allow":["GET"]}}],"collection":[{"href":"https:\/\/www.asso-unil.ch\/lecabanon\/wp-json\/wp\/v2\/pages"}],"about":[{"href":"https:\/\/www.asso-unil.ch\/lecabanon\/wp-json\/wp\/v2\/types\/page"}],"author":[{"embeddable":true,"href":"https:\/\/www.asso-unil.ch\/lecabanon\/wp-json\/wp\/v2\/users\/1001272"}],"replies":[{"embeddable":true,"href":"https:\/\/www.asso-unil.ch\/lecabanon\/wp-json\/wp\/v2\/comments?post=80"}],"version-history":[{"count":0,"href":"https:\/\/www.asso-unil.ch\/lecabanon\/wp-json\/wp\/v2\/pages\/80\/revisions"}],"up":[{"embeddable":true,"href":"https:\/\/www.asso-unil.ch\/lecabanon\/wp-json\/wp\/v2\/pages\/207"}],"wp:attachment":[{"href":"https:\/\/www.asso-unil.ch\/lecabanon\/wp-json\/wp\/v2\/media?parent=80"}],"curies":[{"name":"wp","href":"https:\/\/api.w.org\/{rel}","templated":true}]}}