{"id":207,"date":"2023-03-02T19:48:09","date_gmt":"2023-03-02T18:48:09","guid":{"rendered":"https:\/\/www.asso-unil.ch\/lecabanon\/?page_id=207"},"modified":"2023-03-14T15:35:05","modified_gmt":"2023-03-14T14:35:05","slug":"etre-etudient-e-commissaire","status":"publish","type":"page","link":"https:\/\/www.asso-unil.ch\/lecabanon\/etre-etudient-e-commissaire\/","title":{"rendered":"\u00catre \u00e9tudiant.x.e-commissaire"},"content":{"rendered":"\n<p>Affili\u00e9 \u00e0 la section d\u2019histoire de l\u2019art de la facult\u00e9 des Lettres, Le Cabanon a comme r\u00f4le d\u2019offrir aux \u00e9tudiant\u00b7es en histoire de l\u2019art l\u2019opportunit\u00e9 de concevoir une exposition et de se confronter \u00e0 des t\u00e2ches pratiques. Tous\u00b7tes les \u00e9tudiant\u00b7es en histoire de l\u2019art ont ainsi l\u2019occasion de proposer un dossier d\u2019exposition au Cabanon.<br>Lorsque le projet est choisi par le comit\u00e9, l\u2019\u00e9tudiant\u00b7e se glisse le temps d\u2019une exposition dans le r\u00f4le d\u2019\u00e9tudiant\u00b7e- commissaire. Il\/Elle a ainsi non seulement la chance de voir se r\u00e9aliser, avec l\u2019aide de toute l\u2019\u00e9quipe, l\u2019exposition qu\u2019il\/elle a con\u00e7ue en collaboration avec un\u00b7e ou des artiste(s) de son choix, mais aussi l\u2019occasion de suivre la mise en place d\u2019une telle entreprise de son point de d\u00e9part \u00e0 son point d\u2019arriv\u00e9e, avec tous ses aspects tant th\u00e9oriques que pratiques qu\u2019elle comporte. L\u2019exercice final se cl\u00f4ture par la r\u00e9daction d\u2019un article scientifiquement valable de dix pages sur le travail de l\u2019artiste ou des artistes expos\u00e9\u00b7e(s) pour l\u2019obtention de 5 cr\u00e9dits ECTS. La br\u00e8che parfois marquante entre monde acad\u00e9mique et monde de l\u2019art actuel se trouve ainsi, dans une certaine mesure, amoindrie.<\/p>\n\n\n\n<p>Le squelette organisationnel du Cabanon permet \u00e0 l\u2019\u00e9tudiant\u00b7e-commissaire d\u2019acqu\u00e9rir une exp\u00e9rience pratique du monde de l\u2019art en menant \u00e0 bien son projet. Les membres de l\u2019association occupent des responsabilit\u00e9s telles que la recherche de fonds, la communication, l\u2019image web ou encore l\u2019\u00e9v\u00e9nementiel. Les postes du comit\u00e9\u0301 sont principalement r\u00e9serv\u00e9s aux \u00e9tudiant\u00b7es inscrit\u00b7es en histoire de l\u2019art, \u00e0 l\u2019exception de quelques invit\u00e9\u00b7es qui permettent \u00e0 l\u2019association de tisser des liens entre la vie culturelle locale et la vie scientifique universitaire.<\/p>\n\n\n\n<p>En savoir plus sur <a href=\"https:\/\/www.asso-unil.ch\/lecabanon\/etre-etudient-e-commissaire\/creer-son-dossier-dexposition\/\">Qui est l&rsquo;\u00e9tudiant.e commissaire<\/a> <br>En savoir plus sur <a href=\"https:\/\/www.asso-unil.ch\/lecabanon\/etre-etudient-e-commissaire\/creer-son-dossier-dexposition\/\">Comment cr\u00e9er son dossier d&rsquo;exposition <\/a><br><\/p>\n\n\n\n<figure class=\"wp-block-image alignwide size-large\"><img alt=\"\" loading=\"lazy\" decoding=\"async\" width=\"1024\" height=\"566\" src=\"https:\/\/www.asso-unil.ch\/lecabanon\/files\/2023\/03\/DSC_0216-1024x566.jpg\" alt=\"\" class=\"wp-image-849\" srcset=\"https:\/\/www.asso-unil.ch\/lecabanon\/files\/2023\/03\/DSC_0216-1024x566.jpg 1024w, https:\/\/www.asso-unil.ch\/lecabanon\/files\/2023\/03\/DSC_0216-300x166.jpg 300w, https:\/\/www.asso-unil.ch\/lecabanon\/files\/2023\/03\/DSC_0216-768x425.jpg 768w, https:\/\/www.asso-unil.ch\/lecabanon\/files\/2023\/03\/DSC_0216-1536x850.jpg 1536w, https:\/\/www.asso-unil.ch\/lecabanon\/files\/2023\/03\/DSC_0216-540x299.jpg 540w, https:\/\/www.asso-unil.ch\/lecabanon\/files\/2023\/03\/DSC_0216-1080x597.jpg 1080w, https:\/\/www.asso-unil.ch\/lecabanon\/files\/2023\/03\/DSC_0216.jpg 1920w\" sizes=\"auto, (max-width: 1024px) 100vw, 1024px\" \/><\/figure>\n","protected":false},"excerpt":{"rendered":"<p>Affili\u00e9 \u00e0 la section d\u2019histoire de l\u2019art de la facult\u00e9 des Lettres, Le Cabanon a comme r\u00f4le d\u2019offrir aux \u00e9tudiant\u00b7es en histoire de l\u2019art l\u2019opportunit\u00e9 de concevoir une&hellip;<\/p>\n","protected":false},"author":1001272,"featured_media":0,"parent":0,"menu_order":0,"comment_status":"closed","ping_status":"closed","template":"template-full-width.php","meta":{"_seopress_robots_primary_cat":"","_seopress_titles_title":"","_seopress_titles_desc":"","_seopress_robots_index":"","footnotes":""},"class_list":["post-207","page","type-page","status-publish","has-post-thumbnail"],"_links":{"self":[{"href":"https:\/\/www.asso-unil.ch\/lecabanon\/wp-json\/wp\/v2\/pages\/207","targetHints":{"allow":["GET"]}}],"collection":[{"href":"https:\/\/www.asso-unil.ch\/lecabanon\/wp-json\/wp\/v2\/pages"}],"about":[{"href":"https:\/\/www.asso-unil.ch\/lecabanon\/wp-json\/wp\/v2\/types\/page"}],"author":[{"embeddable":true,"href":"https:\/\/www.asso-unil.ch\/lecabanon\/wp-json\/wp\/v2\/users\/1001272"}],"replies":[{"embeddable":true,"href":"https:\/\/www.asso-unil.ch\/lecabanon\/wp-json\/wp\/v2\/comments?post=207"}],"version-history":[{"count":0,"href":"https:\/\/www.asso-unil.ch\/lecabanon\/wp-json\/wp\/v2\/pages\/207\/revisions"}],"wp:attachment":[{"href":"https:\/\/www.asso-unil.ch\/lecabanon\/wp-json\/wp\/v2\/media?parent=207"}],"curies":[{"name":"wp","href":"https:\/\/api.w.org\/{rel}","templated":true}]}}