{"id":195,"date":"2023-03-02T19:41:22","date_gmt":"2023-03-02T18:41:22","guid":{"rendered":"https:\/\/www.asso-unil.ch\/lecabanon\/?page_id=195"},"modified":"2026-02-24T15:30:45","modified_gmt":"2026-02-24T14:30:45","slug":"creer-son-dossier-dexposition","status":"publish","type":"page","link":"https:\/\/www.asso-unil.ch\/lecabanon\/etre-etudient-e-commissaire\/creer-son-dossier-dexposition\/","title":{"rendered":"Cr\u00e9er son dossier d&rsquo;exposition"},"content":{"rendered":"\n<p><strong>Prochaine deadline 11 avril 2026 pour les dossiers pour les expositions du semestre d&rsquo;automne 2026<\/strong><\/p>\n\n\n\n<p>D\u00e9couvre ici comment monter son propre dossier d&rsquo;exposition, \u00e9l\u00e9ment n\u00e9cessaire \u00e0 la postulation de l&rsquo;\u00e9tudiant.e commissaire. <br>N&rsquo;oublie pas que a toute moment lors de la confection de ce dossier le Cabanon se tiens \u00e0 ta disposition pour t&rsquo;aider a mettre en place ton dossier !<\/p>\n\n\n\n<h2 class=\"wp-block-heading has-large-font-size\">Comment proposer une dossier d&rsquo;exposition <\/h2>\n\n\n\n<p>Lors de la constitution de votre projet, soyez&nbsp;cr\u00e9atif\u00b7ve\u00b7x&nbsp;cr\u00e9atifcr\u00e9atif\u00b7s&nbsp;et&nbsp;ambitieux\u00b7se. Toutes les formes d\u2019expression (peinture, sculpture, vid\u00e9o, performance, design, nouveaux m\u00e9dias, architecture, photographie, graphisme, etc.), toutes les approches (monographiques&nbsp;ou collectives, techniques, th\u00e9oriques, manifestes, etc.) sont envisageables.&nbsp;<br>Nous vous recommandons de travailler avec&nbsp;quelqu\u2019un\u00b7e\u00b7x&nbsp;dont vous appr\u00e9ciez la production et avec qui les contacts vous semblent faciles. Osez contacter des&nbsp;cr\u00e9atrices<strong>\u00b7<\/strong>x<strong>\u00b7<\/strong>teurs&nbsp;que vous ne connaissez pas ! Puisez dans ce que vous voyez et ce qui vous anime. Il est possible de r\u00e9unir sous un th\u00e8me libre la production de plusieurs artistes (exposition collective).&nbsp;<\/p>\n\n\n\n<h2 class=\"wp-block-heading has-large-font-size\">Contenu du dossier de candidature <\/h2>\n\n\n\n<ul class=\"wp-block-list\">\n<li><strong>Propos curatorial:<\/strong> petit texte \/ paragraphe expliquant la port\u00e9e du projet, quelle direction celui-ci va prendre ?<\/li>\n\n\n\n<li><strong>Lettre de motivation<\/strong>.&nbsp;expliquez en quoi ce projet vous anime (max 1 page).<\/li>\n\n\n\n<li><strong>Curriculum vitae du commissaire.<\/strong>&nbsp;Aucune exp\u00e9rience n\u2019est requise. Le CV permet de se rendre compte de votre niveau d\u2019exp\u00e9rience.<\/li>\n\n\n\n<li><strong>Curriculum vitae et contact<\/strong>&nbsp;<strong>du ou des&nbsp;artiste\u00b7x\u00b7s<\/strong><\/li>\n<\/ul>\n\n\n\n<h2 class=\"wp-block-heading has-large-font-size\">Nous vous aidons <\/h2>\n\n\n\n<p>Si vous le d\u00e9sirez,<strong>&nbsp;nous pouvons&nbsp;vous aider&nbsp;\u00e0 prendre contact avec&nbsp;un.e&nbsp;artiste.&nbsp;Notre porte est aussi ouverte&nbsp;si vous avez besoin de conseils&nbsp;pour la constitution&nbsp;de&nbsp;votre dossier, ou que vous souhaitez un retour constructif.&nbsp;<\/strong><br>Il est \u00e0 noter que&nbsp;nous vous aidons sur&nbsp;demande&nbsp;et&nbsp;qu\u2019il est n\u00e9cessaire de prendre&nbsp;en&nbsp;consid\u00e9ration&nbsp;le d\u00e9lai&nbsp;final&nbsp;de&nbsp;soumission&nbsp;des dossiers. <br>Les&nbsp;dossiers&nbsp;rendus sont ensuite soumis&nbsp;au&nbsp;concours.&nbsp;<\/p>\n\n\n\n<h2 class=\"wp-block-heading has-large-font-size\">Postuler <\/h2>\n\n\n\n<p class=\"has-normal-font-size\"><strong>Postulation par courriel <\/strong><a href=\"mailto:lecabanon@asso-unil.ch\">lecabanon@asso-unil.ch<\/a><br><strong>Contact pour candidatures<\/strong> Mia Pittet, Pr\u00e9sidente<br><strong>Prochaine deadline <\/strong>11 avril 2026 pour les dossiers pour les expositions du semestre d&rsquo;automne 2026<\/p>\n","protected":false},"excerpt":{"rendered":"<p>Prochaine deadline 11 avril 2026 pour les dossiers pour les expositions du semestre d&rsquo;automne 2026 D\u00e9couvre ici comment monter son propre dossier d&rsquo;exposition, \u00e9l\u00e9ment n\u00e9cessaire \u00e0 la postulation&hellip;<\/p>\n","protected":false},"author":1001272,"featured_media":0,"parent":207,"menu_order":2,"comment_status":"closed","ping_status":"closed","template":"template-full-width.php","meta":{"_seopress_robots_primary_cat":"","_seopress_titles_title":"","_seopress_titles_desc":"","_seopress_robots_index":"","footnotes":""},"class_list":["post-195","page","type-page","status-publish","has-post-thumbnail"],"_links":{"self":[{"href":"https:\/\/www.asso-unil.ch\/lecabanon\/wp-json\/wp\/v2\/pages\/195","targetHints":{"allow":["GET"]}}],"collection":[{"href":"https:\/\/www.asso-unil.ch\/lecabanon\/wp-json\/wp\/v2\/pages"}],"about":[{"href":"https:\/\/www.asso-unil.ch\/lecabanon\/wp-json\/wp\/v2\/types\/page"}],"author":[{"embeddable":true,"href":"https:\/\/www.asso-unil.ch\/lecabanon\/wp-json\/wp\/v2\/users\/1001272"}],"replies":[{"embeddable":true,"href":"https:\/\/www.asso-unil.ch\/lecabanon\/wp-json\/wp\/v2\/comments?post=195"}],"version-history":[{"count":5,"href":"https:\/\/www.asso-unil.ch\/lecabanon\/wp-json\/wp\/v2\/pages\/195\/revisions"}],"predecessor-version":[{"id":1615,"href":"https:\/\/www.asso-unil.ch\/lecabanon\/wp-json\/wp\/v2\/pages\/195\/revisions\/1615"}],"up":[{"embeddable":true,"href":"https:\/\/www.asso-unil.ch\/lecabanon\/wp-json\/wp\/v2\/pages\/207"}],"wp:attachment":[{"href":"https:\/\/www.asso-unil.ch\/lecabanon\/wp-json\/wp\/v2\/media?parent=195"}],"curies":[{"name":"wp","href":"https:\/\/api.w.org\/{rel}","templated":true}]}}