{"id":76,"date":"2016-01-22T18:23:55","date_gmt":"2016-01-22T17:23:55","guid":{"rendered":"http:\/\/www.asso-unil.ch\/laroutedutchai\/?page_id=76"},"modified":"2024-11-15T13:47:12","modified_gmt":"2024-11-15T12:47:12","slug":"prix-de-lorient-express","status":"publish","type":"page","link":"https:\/\/www.asso-unil.ch\/laroutedutchai\/prix-de-lorient-express\/","title":{"rendered":"Prix de l&rsquo;Orient-Express"},"content":{"rendered":"<h2 style=\"text-align: center\"><strong>!! D\u00e9lai: 1er septembre 2025 !!<\/strong><\/h2>\n<h2 style=\"text-align: center\"><strong>Merci de partager<\/strong><\/h2>\n<p>L\u2019association \u00ab La route du Tcha\u00ef \u00bb\u00a0met au concours\u00a0chaque ann\u00e9e un prix\u00a0r\u00e9compensant un excellent travail\u00a0de maturit\u00e9 sur une th\u00e9matique\u00a0en lien avec l\u2019Inde ou la Russie.\u00a0Le prix est dot\u00e9 d\u2019une somme de Fr. 501.-<\/p>\n<p><a href=\"https:\/\/www.asso-unil.ch\/laroutedutchai\/prix-de-lorient-express\/aff_ciwl_orient_express4_jw2025\/\" rel=\"attachment wp-att-564\"><img alt=\"\" loading=\"lazy\" decoding=\"async\" class=\"aligncenter wp-image-564 size-full\" src=\"https:\/\/www.asso-unil.ch\/laroutedutchai\/files\/2024\/11\/Aff_ciwl_orient_express4_jw2025.png\" alt=\"\" width=\"687\" height=\"994\" srcset=\"https:\/\/www.asso-unil.ch\/laroutedutchai\/files\/2024\/11\/Aff_ciwl_orient_express4_jw2025.png 687w, https:\/\/www.asso-unil.ch\/laroutedutchai\/files\/2024\/11\/Aff_ciwl_orient_express4_jw2025-207x300.png 207w\" sizes=\"auto, (max-width: 687px) 100vw, 687px\" \/><\/a><\/p>\n<p><a href=\"https:\/\/www.asso-unil.ch\/laroutedutchai\/prix-de-lorient-express\/laureats-du-prix-de-lorient-express\/\">Cliquer ici pour voir les laur\u00e9ats des ann\u00e9es pass\u00e9es!<\/a><\/p>\n<p>Le dossier de candidature se compose de:<\/p>\n<ul>\n<li>une lettre d\u2019accompagnement mentionnant\u00a0l\u2019\u00e9tablissement, la date de soutenance ainsi que le\u00a0nom de l\u2019enseignant ayant accompagn\u00e9 le travail;<\/li>\n<li>une version \u00e9lectronique du travail\u00a0(format PDF, MS Word ou Open Office \/ Libre Office).<\/li>\n<\/ul>\n<p><strong>Les dossiers peuvent \u00eatre d\u00e9pos\u00e9s jusqu\u2019au <span style=\"color: #800080\">1er septembre 2025<\/span><\/strong> aupr\u00e8s du secr\u00e9tariat de l\u2019association\u00a0\u00abLa route du Tcha\u00ef\u00bb \u00e0 l\u2019adresse email suivante: <a class=\"\" href=\"mailto:laroutedutchai@asso-unil.ch\">laroutedutchai@asso-unil.ch<\/a>.<\/p>\n<p>Deux prix seront d\u00e9cern\u00e9s pour 2025: l\u2019un pour un travail en lien avec l\u2019Inde et l\u2019autre pour un travail en lien avec la Russie. La remise du prix se fera \u00e0 la fin du semestre universitaire d&rsquo;automne \u00a02025. Le travail doit avoir \u00e9t\u00e9 accept\u00e9 et soutenu dans un Lyc\u00e9e, Coll\u00e8ge, Gymnase ou une Ecole priv\u00e9e suisse pr\u00e9parant \u00e0 la maturit\u00e9, au maximum 1 an avant la date limite de participation. Les travaux seront examin\u00e9s par un jury ind\u00e9pendant mandat\u00e9 par le comit\u00e9 de l\u2019association \u00abLa route du Tcha\u00ef\u00bb. Le recours juridique est exclu.<\/p>\n<h6><span style=\"color: #800080\">Exemples de th\u00e9matiques<\/span><\/h6>\n<ul>\n<li>La Russie et la Suisse: destins crois\u00e9s<\/li>\n<li>La Russie chr\u00e9tienne<\/li>\n<li>Contes russes populaires<\/li>\n<li>Vestiges de la civilisation russe<\/li>\n<li>Explorer le Grand Nord russe<\/li>\n<li>Les religions de l\u2019Inde (bouddhisme, hindouisme, islam, ja\u00efnisme, sikhisme etc.)<\/li>\n<li>Les enjeux environnementaux en Inde<\/li>\n<li>Voyageurs au N\u00e9pal et dans l\u2019Himalaya<\/li>\n<li>Les litt\u00e9ratures indiennes<\/li>\n<li>Les conflits politiques et religieux (ex. Shri Lanka)<\/li>\n<\/ul>\n<p><a href=\"https:\/\/www.asso-unil.ch\/laroutedutchai\/prix-de-lorient-express\/reglement\/\" target=\"_blank\" rel=\"attachment noopener wp-att-78 noreferrer\">R\u00e8glement du prix<\/a><\/p>\n<p><a href=\"https:\/\/www.asso-unil.ch\/laroutedutchai\/files\/2020\/03\/Aff_Orient-Express_Oct.2020.jpg\"><img alt=\"\" loading=\"lazy\" decoding=\"async\" class=\"alignnone wp-image-363\" src=\"https:\/\/www.asso-unil.ch\/laroutedutchai\/files\/2020\/03\/Aff_Orient-Express_Oct.2020-212x300.jpg\" alt=\"\" width=\"346\" height=\"490\" \/><\/a><\/p>\n","protected":false},"excerpt":{"rendered":"<p>!! D\u00e9lai: 1er septembre 2025 !! Merci de partager L\u2019association \u00ab La route du Tcha\u00ef \u00bb\u00a0met au concours\u00a0chaque ann\u00e9e un prix\u00a0r\u00e9compensant un excellent travail\u00a0de maturit\u00e9 sur une th\u00e9matique\u00a0en lien avec &hellip; <a href=\"https:\/\/www.asso-unil.ch\/laroutedutchai\/prix-de-lorient-express\/\" class=\"more-link\">Continuer la lecture de <span class=\"screen-reader-text\">Prix de l&rsquo;Orient-Express<\/span>  <span class=\"meta-nav\">&rarr;<\/span><\/a><\/p>\n","protected":false},"author":1001037,"featured_media":0,"parent":0,"menu_order":0,"comment_status":"closed","ping_status":"closed","template":"","meta":{"_seopress_robots_primary_cat":"","_seopress_titles_title":"","_seopress_titles_desc":"","_seopress_robots_index":"","footnotes":""},"class_list":["post-76","page","type-page","status-publish"],"_links":{"self":[{"href":"https:\/\/www.asso-unil.ch\/laroutedutchai\/wp-json\/wp\/v2\/pages\/76","targetHints":{"allow":["GET"]}}],"collection":[{"href":"https:\/\/www.asso-unil.ch\/laroutedutchai\/wp-json\/wp\/v2\/pages"}],"about":[{"href":"https:\/\/www.asso-unil.ch\/laroutedutchai\/wp-json\/wp\/v2\/types\/page"}],"author":[{"embeddable":true,"href":"https:\/\/www.asso-unil.ch\/laroutedutchai\/wp-json\/wp\/v2\/users\/1001037"}],"replies":[{"embeddable":true,"href":"https:\/\/www.asso-unil.ch\/laroutedutchai\/wp-json\/wp\/v2\/comments?post=76"}],"version-history":[{"count":2,"href":"https:\/\/www.asso-unil.ch\/laroutedutchai\/wp-json\/wp\/v2\/pages\/76\/revisions"}],"predecessor-version":[{"id":565,"href":"https:\/\/www.asso-unil.ch\/laroutedutchai\/wp-json\/wp\/v2\/pages\/76\/revisions\/565"}],"wp:attachment":[{"href":"https:\/\/www.asso-unil.ch\/laroutedutchai\/wp-json\/wp\/v2\/media?parent=76"}],"curies":[{"name":"wp","href":"https:\/\/api.w.org\/{rel}","templated":true}]}}