{"id":51,"date":"2015-09-22T22:25:45","date_gmt":"2015-09-22T20:25:45","guid":{"rendered":"http:\/\/www.asso-unil.ch\/laroutedutchai\/?page_id=51"},"modified":"2020-11-03T08:54:00","modified_gmt":"2020-11-03T07:54:00","slug":"contacts","status":"publish","type":"page","link":"https:\/\/www.asso-unil.ch\/laroutedutchai\/contacts\/","title":{"rendered":"Contacts"},"content":{"rendered":"<p>Pour contacter l&rsquo;association:<\/p>\n<p><strong>Par e-mail:<\/strong><\/p>\n<p><a href=\"mailto:laroutedutchai@asso-unil.ch\">laroutedutchai@asso-unil.ch<\/a><\/p>\n<p><strong>Ou par courrier:<\/strong><br \/>\nAssociation La Route du Tcha\u00ef<br \/>\np.a. Philippe Bornet<br \/>\nUniversit\u00e9 de Lausanne<br \/>\nAnthropole, bureau 4074<br \/>\nCH-1015 Lausanne-Dorigny<\/p>\n<p><strong>Coordonn\u00e9es du compte CCP:<\/strong><br \/>\nNum\u00e9ro de compte : 14-564333-5<br \/>\nIBAN : CH26 0900 0000 1456 4333 5<br \/>\nCode BIC : POFICHBEXXX<\/p>\n","protected":false},"excerpt":{"rendered":"<p>Pour contacter l&rsquo;association: Par e-mail: laroutedutchai@asso-unil.ch Ou par courrier: Association La Route du Tcha\u00ef p.a. Philippe Bornet Universit\u00e9 de Lausanne Anthropole, bureau 4074 CH-1015 Lausanne-Dorigny Coordonn\u00e9es du compte CCP: Num\u00e9ro &hellip; <a href=\"https:\/\/www.asso-unil.ch\/laroutedutchai\/contacts\/\" class=\"more-link\">Continuer la lecture de <span class=\"screen-reader-text\">Contacts<\/span>  <span class=\"meta-nav\">&rarr;<\/span><\/a><\/p>\n","protected":false},"author":1001037,"featured_media":0,"parent":0,"menu_order":0,"comment_status":"closed","ping_status":"closed","template":"","meta":{"_seopress_robots_primary_cat":"","_seopress_titles_title":"","_seopress_titles_desc":"","_seopress_robots_index":"","footnotes":""},"class_list":["post-51","page","type-page","status-publish"],"_links":{"self":[{"href":"https:\/\/www.asso-unil.ch\/laroutedutchai\/wp-json\/wp\/v2\/pages\/51","targetHints":{"allow":["GET"]}}],"collection":[{"href":"https:\/\/www.asso-unil.ch\/laroutedutchai\/wp-json\/wp\/v2\/pages"}],"about":[{"href":"https:\/\/www.asso-unil.ch\/laroutedutchai\/wp-json\/wp\/v2\/types\/page"}],"author":[{"embeddable":true,"href":"https:\/\/www.asso-unil.ch\/laroutedutchai\/wp-json\/wp\/v2\/users\/1001037"}],"replies":[{"embeddable":true,"href":"https:\/\/www.asso-unil.ch\/laroutedutchai\/wp-json\/wp\/v2\/comments?post=51"}],"version-history":[{"count":0,"href":"https:\/\/www.asso-unil.ch\/laroutedutchai\/wp-json\/wp\/v2\/pages\/51\/revisions"}],"wp:attachment":[{"href":"https:\/\/www.asso-unil.ch\/laroutedutchai\/wp-json\/wp\/v2\/media?parent=51"}],"curies":[{"name":"wp","href":"https:\/\/api.w.org\/{rel}","templated":true}]}}