{"id":440,"date":"2021-01-05T18:52:06","date_gmt":"2021-01-05T17:52:06","guid":{"rendered":"https:\/\/www.asso-unil.ch\/laroutedutchai\/?page_id=440"},"modified":"2021-01-05T19:32:24","modified_gmt":"2021-01-05T18:32:24","slug":"nos-projets","status":"publish","type":"page","link":"https:\/\/www.asso-unil.ch\/laroutedutchai\/nos-projets\/","title":{"rendered":"nos Projets"},"content":{"rendered":"\n<p>Voici un r\u00e9sum\u00e9 des projets en cours et futurs de l\u2019association:<\/p>\n\n\n\n<p><br>&#8211;&nbsp;<strong>Cin\u00e9Masala<\/strong><\/p>\n\n\n\n<p>Un festival de films sur l\u2019Inde qui a lieu chaque ann\u00e9e \u00e0 Lausanne<\/p>\n\n\n\n<p><br>&#8211;&nbsp;<strong>Le Prix de l\u2019Orient Express<\/strong><\/p>\n\n\n\n<p>Un prix qui r\u00e9compense chaque ann\u00e9e des excellents travaux de maturit\u00e9 qui portent sur l&rsquo;Asie du sud ou la Russie <\/p>\n\n\n\n<p><br>&#8211;&nbsp;<strong>Le Magazine de La Route du Tcha\u00ef<\/strong><\/p>\n\n\n\n<p>Le magazine de la section SLAS de l&rsquo;UNIL et de l&rsquo;association qui fait chaque \u00e9t\u00e9 un retour sur l&rsquo;ann\u00e9e acad\u00e9mique<\/p>\n\n\n\n<p><br>&#8211;&nbsp;<strong>Les Caf\u00e9s de Langues<\/strong><\/p>\n\n\n\n<p>Des r\u00e9unions informelles pour les personnes qui parlent, apprennent ou souhaitent apprendre l\u2019hindi, l\u2019ourdou ou le russe<\/p>\n\n\n\n<p><br>&#8211;&nbsp;<strong>Le Cin\u00e9SLAS<\/strong><\/p>\n\n\n\n<p>Des projections de films sur la Russie et l\u2019Asie du sud \u00e0 l&rsquo;UNIL<\/p>\n\n\n\n<p><\/p>\n\n\n\n<p>&#8211;\u00a0<strong>La\u00a0Dict\u00e9e Totale<\/strong><\/p>\n\n\n\n<p>Une dict\u00e9e sous forme de concours en russe (pour les russophones et les personnes qui apprennent le russe) qui a lieu chaque ann\u00e9e au semestre de printemps<\/p>\n\n\n\n<p><br>&#8211;&nbsp;<strong>Indian Sanskriti<\/strong><\/p>\n\n\n\n<p>Une s\u00e9rie d\u2019\u00e9v\u00e8nements sur les cultures et arts indiens qui a lieu en ligne durant l\u2019ann\u00e9e 2021.<\/p>\n\n\n\n<p><\/p>\n\n\n\n<p><\/p>\n\n\n\n<p><\/p>\n\n\n\n<p><em>Pour information:&nbsp;<\/em><\/p>\n\n\n\n<p><em>Toute personne qui est membre de l\u2019association peut proposer&nbsp;<strong>son propre projet<\/strong>&nbsp;en lien avec les arts ou la culture russe ou d\u2019Asie du sud et recevoir le soutien de La Route du Tcha\u00ef! N\u2019h\u00e9sitez donc pas \u00e0 proposer vos id\u00e9es en rejoignant l&rsquo;association!<\/em><\/p>\n","protected":false},"excerpt":{"rendered":"<p>Voici un r\u00e9sum\u00e9 des projets en cours et futurs de l\u2019association: &#8211;&nbsp;Cin\u00e9Masala Un festival de films sur l\u2019Inde qui a lieu chaque ann\u00e9e \u00e0 Lausanne &#8211;&nbsp;Le Prix de l\u2019Orient Express &hellip; <a href=\"https:\/\/www.asso-unil.ch\/laroutedutchai\/nos-projets\/\" class=\"more-link\">Continuer la lecture de <span class=\"screen-reader-text\">nos Projets<\/span>  <span class=\"meta-nav\">&rarr;<\/span><\/a><\/p>\n","protected":false},"author":1001156,"featured_media":0,"parent":0,"menu_order":0,"comment_status":"closed","ping_status":"closed","template":"","meta":{"_seopress_robots_primary_cat":"","_seopress_titles_title":"","_seopress_titles_desc":"","_seopress_robots_index":"","footnotes":""},"class_list":["post-440","page","type-page","status-publish"],"_links":{"self":[{"href":"https:\/\/www.asso-unil.ch\/laroutedutchai\/wp-json\/wp\/v2\/pages\/440","targetHints":{"allow":["GET"]}}],"collection":[{"href":"https:\/\/www.asso-unil.ch\/laroutedutchai\/wp-json\/wp\/v2\/pages"}],"about":[{"href":"https:\/\/www.asso-unil.ch\/laroutedutchai\/wp-json\/wp\/v2\/types\/page"}],"author":[{"embeddable":true,"href":"https:\/\/www.asso-unil.ch\/laroutedutchai\/wp-json\/wp\/v2\/users\/1001156"}],"replies":[{"embeddable":true,"href":"https:\/\/www.asso-unil.ch\/laroutedutchai\/wp-json\/wp\/v2\/comments?post=440"}],"version-history":[{"count":0,"href":"https:\/\/www.asso-unil.ch\/laroutedutchai\/wp-json\/wp\/v2\/pages\/440\/revisions"}],"wp:attachment":[{"href":"https:\/\/www.asso-unil.ch\/laroutedutchai\/wp-json\/wp\/v2\/media?parent=440"}],"curies":[{"name":"wp","href":"https:\/\/api.w.org\/{rel}","templated":true}]}}