{"id":38,"date":"2015-07-29T09:40:47","date_gmt":"2015-07-29T07:40:47","guid":{"rendered":"http:\/\/www.asso-unil.ch\/laroutedutchai\/?page_id=38"},"modified":"2020-03-11T18:03:17","modified_gmt":"2020-03-11T17:03:17","slug":"la-route-du-tchai","status":"publish","type":"page","link":"https:\/\/www.asso-unil.ch\/laroutedutchai\/","title":{"rendered":"La Route du Tcha\u00ef"},"content":{"rendered":"<h1>Namaste !\u00a0Privet !<\/h1>\n<p>Bienvenue sur le site de la Route du Tcha\u00ef. Le but de l&rsquo;association est de promouvoir les expressions culturelles et artistiques li\u00e9es aux \u00e9tudes\u00a0slaves et de l &lsquo;Asie du Sud. Elle offre une plateforme de discussion entre les domaines slave et d&rsquo;Asie\u00a0du Sud et encourage les \u00e9changes interdisciplinaires. L&rsquo;association permet \u00e0 ses membres de r\u00e9aliser des projets culturels extra-acad\u00e9miques ayant un contenu scientifique pouvant \u00eatre retransmis et communiqu\u00e9. Elle soutient \u00e9galement le lien entre le milieu acad\u00e9mique et la Cit\u00e9.<\/p>\n<p><a href=\"https:\/\/www.asso-unil.ch\/laroutedutchai\/files\/2020\/03\/RDC_LOGO_final-01.png\"><img alt=\"\" loading=\"lazy\" decoding=\"async\" class=\"size-medium wp-image-372 aligncenter\" src=\"https:\/\/www.asso-unil.ch\/laroutedutchai\/files\/2020\/03\/RDC_LOGO_final-01-281x300.png\" alt=\"\" width=\"281\" height=\"300\" srcset=\"https:\/\/www.asso-unil.ch\/laroutedutchai\/files\/2020\/03\/RDC_LOGO_final-01-281x300.png 281w, https:\/\/www.asso-unil.ch\/laroutedutchai\/files\/2020\/03\/RDC_LOGO_final-01.png 588w\" sizes=\"auto, (max-width: 281px) 100vw, 281px\" \/><\/a><\/p>\n<p>&nbsp;<\/p>\n<p style=\"text-align: left\">La Route du Tcha\u00ef est une association \u00e9manant de l&rsquo;<a href=\"https:\/\/www.unil.ch\" target=\"_blank\" rel=\"noopener noreferrer\">universit\u00e9 de Lausanne<\/a>, Facult\u00e9 des lettres,\u00a0<a href=\"https:\/\/www.unil.ch\/slas\" target=\"_blank\" rel=\"noopener noreferrer\">section des langues et civilisations slaves et d&rsquo;Asie du Sud<\/a>.<\/p>\n<p>Autres\u00a0<a href=\"https:\/\/www.asso-unil.ch\/\" target=\"_blank\" rel=\"noopener noreferrer\">associations de l&rsquo;UNIL<\/a>.<\/p>\n","protected":false},"excerpt":{"rendered":"<p>Namaste !\u00a0Privet ! Bienvenue sur le site de la Route du Tcha\u00ef. Le but de l&rsquo;association est de promouvoir les expressions culturelles et artistiques li\u00e9es aux \u00e9tudes\u00a0slaves et de l &hellip; <a href=\"https:\/\/www.asso-unil.ch\/laroutedutchai\/\" class=\"more-link\">Continuer la lecture de <span class=\"screen-reader-text\">La Route du Tcha\u00ef<\/span>  <span class=\"meta-nav\">&rarr;<\/span><\/a><\/p>\n","protected":false},"author":1001037,"featured_media":0,"parent":0,"menu_order":0,"comment_status":"closed","ping_status":"closed","template":"","meta":{"_seopress_robots_primary_cat":"","_seopress_titles_title":"","_seopress_titles_desc":"","_seopress_robots_index":"","footnotes":""},"class_list":["post-38","page","type-page","status-publish"],"_links":{"self":[{"href":"https:\/\/www.asso-unil.ch\/laroutedutchai\/wp-json\/wp\/v2\/pages\/38","targetHints":{"allow":["GET"]}}],"collection":[{"href":"https:\/\/www.asso-unil.ch\/laroutedutchai\/wp-json\/wp\/v2\/pages"}],"about":[{"href":"https:\/\/www.asso-unil.ch\/laroutedutchai\/wp-json\/wp\/v2\/types\/page"}],"author":[{"embeddable":true,"href":"https:\/\/www.asso-unil.ch\/laroutedutchai\/wp-json\/wp\/v2\/users\/1001037"}],"replies":[{"embeddable":true,"href":"https:\/\/www.asso-unil.ch\/laroutedutchai\/wp-json\/wp\/v2\/comments?post=38"}],"version-history":[{"count":0,"href":"https:\/\/www.asso-unil.ch\/laroutedutchai\/wp-json\/wp\/v2\/pages\/38\/revisions"}],"wp:attachment":[{"href":"https:\/\/www.asso-unil.ch\/laroutedutchai\/wp-json\/wp\/v2\/media?parent=38"}],"curies":[{"name":"wp","href":"https:\/\/api.w.org\/{rel}","templated":true}]}}