{"id":2,"date":"2015-07-24T10:25:44","date_gmt":"2015-07-24T09:25:44","guid":{"rendered":"http:\/\/www.asso-unil.ch\/laroutedutchai\/?page_id=2"},"modified":"2022-05-27T09:20:32","modified_gmt":"2022-05-27T07:20:32","slug":"page-d-exemple","status":"publish","type":"page","link":"https:\/\/www.asso-unil.ch\/laroutedutchai\/page-d-exemple\/","title":{"rendered":"Cin\u00e9Masala"},"content":{"rendered":"\n<p><strong>Cin\u00e9Masala<\/strong><\/p>\n\n\n\n<p>Un festival de cin\u00e9ma organis\u00e9 par les chercheurs en \u00e9tudes indiennes de l&rsquo;universit\u00e9 de Lausanne, gratuit et faisant le trait d&rsquo;union&nbsp;entre la ville et l&rsquo;universit\u00e9.<\/p>\n\n\n\n<div class=\"wp-block-image\"><figure class=\"aligncenter size-full is-resized\"><a href=\"https:\/\/www.asso-unil.ch\/laroutedutchai\/files\/2022\/05\/281181077_3040195376292366_1528768481435014441_n-1.jpg\"><img alt=\"\" loading=\"lazy\" decoding=\"async\" src=\"https:\/\/www.asso-unil.ch\/laroutedutchai\/files\/2022\/05\/281181077_3040195376292366_1528768481435014441_n-1.jpg\" alt=\"\" class=\"wp-image-512\" width=\"354\" height=\"199\" srcset=\"https:\/\/www.asso-unil.ch\/laroutedutchai\/files\/2022\/05\/281181077_3040195376292366_1528768481435014441_n-1.jpg 770w, https:\/\/www.asso-unil.ch\/laroutedutchai\/files\/2022\/05\/281181077_3040195376292366_1528768481435014441_n-1-300x169.jpg 300w, https:\/\/www.asso-unil.ch\/laroutedutchai\/files\/2022\/05\/281181077_3040195376292366_1528768481435014441_n-1-768x432.jpg 768w\" sizes=\"auto, (max-width: 354px) 100vw, 354px\" \/><\/a><\/figure><\/div>\n\n\n\n<p>Cette ann\u00e9e Cin\u00e9Masala aura lieu du 10 au 12 novembre. L\u2019eau s\u2019\u00e9coule dans tous les recoins. Elle nettoie et apporte la vie. Pour cette \u00e9dition, notre regard portera sur l\u2019eau. En 2022, nous f\u00eatons aussi les 10 d\u2019existence du festival ! Stay tuned for the program 2022 !<img loading=\"lazy\" decoding=\"async\" width=\"16\" height=\"16\" src=\"https:\/\/static.xx.fbcdn.net\/images\/emoji.php\/v9\/t5b\/1.5\/16\/1f60d.png\" alt=\"?\"><br>Photo: Bandeep Singh<\/p>\n\n\n\n<p class=\"has-text-align-center\"><\/p>\n\n\n<p>Pour le programme complet de l&rsquo;\u00e9dition et toutes les informations, rendez-vous\u00a0<a href=\"https:\/\/www.cinemasala.ch\" target=\"_blank\" rel=\"noopener noreferrer\">sur le site du festival.<\/a>\u00a0<\/p>\n<p><em>\u00c9ditions pr\u00e9c\u00e9dentes:<\/em><\/p>\n<ul>\n<li>2021: Saveurs indiennes<\/li>\n<li>2020: Hommages<\/li>\n<li>2019: Artistic India!<\/li>\n<li>2018: L&rsquo;Inde d&rsquo;amour &amp; de mort<\/li>\n<li>2017: L&rsquo;Inde \u00e0 corps perdu<\/li>\n<\/ul>\n\n\n<div class=\"wp-block-media-text alignwide is-stacked-on-mobile\" style=\"grid-template-columns:65% auto\"><figure class=\"wp-block-media-text__media\"><img alt=\"\" loading=\"lazy\" decoding=\"async\" width=\"600\" height=\"365\" src=\"https:\/\/www.asso-unil.ch\/laroutedutchai\/files\/2020\/11\/Cinemasala_Logo_Orange-1.png\" alt=\"\" class=\"wp-image-431 size-full\" srcset=\"https:\/\/www.asso-unil.ch\/laroutedutchai\/files\/2020\/11\/Cinemasala_Logo_Orange-1.png 600w, https:\/\/www.asso-unil.ch\/laroutedutchai\/files\/2020\/11\/Cinemasala_Logo_Orange-1-300x183.png 300w\" sizes=\"auto, (max-width: 600px) 100vw, 600px\" \/><\/figure><div class=\"wp-block-media-text__content\">\n<p class=\"has-large-font-size\"><\/p>\n<\/div><\/div>\n\n\n\n<p><\/p>\n\n\n\n<p><a href=\"https:\/\/www.cinemasala.ch\" data-type=\"URL\" data-id=\"www.cinemasala.ch\">www.cinemasala.ch<\/a><\/p>\n","protected":false},"excerpt":{"rendered":"<p>Cin\u00e9Masala Un festival de cin\u00e9ma organis\u00e9 par les chercheurs en \u00e9tudes indiennes de l&rsquo;universit\u00e9 de Lausanne, gratuit et faisant le trait d&rsquo;union&nbsp;entre la ville et l&rsquo;universit\u00e9. Cette ann\u00e9e Cin\u00e9Masala aura &hellip; <a href=\"https:\/\/www.asso-unil.ch\/laroutedutchai\/page-d-exemple\/\" class=\"more-link\">Continuer la lecture de <span class=\"screen-reader-text\">Cin\u00e9Masala<\/span>  <span class=\"meta-nav\">&rarr;<\/span><\/a><\/p>\n","protected":false},"author":1001037,"featured_media":0,"parent":0,"menu_order":0,"comment_status":"closed","ping_status":"open","template":"","meta":{"_seopress_robots_primary_cat":"","_seopress_titles_title":"","_seopress_titles_desc":"","_seopress_robots_index":"","footnotes":""},"class_list":["post-2","page","type-page","status-publish"],"_links":{"self":[{"href":"https:\/\/www.asso-unil.ch\/laroutedutchai\/wp-json\/wp\/v2\/pages\/2","targetHints":{"allow":["GET"]}}],"collection":[{"href":"https:\/\/www.asso-unil.ch\/laroutedutchai\/wp-json\/wp\/v2\/pages"}],"about":[{"href":"https:\/\/www.asso-unil.ch\/laroutedutchai\/wp-json\/wp\/v2\/types\/page"}],"author":[{"embeddable":true,"href":"https:\/\/www.asso-unil.ch\/laroutedutchai\/wp-json\/wp\/v2\/users\/1001037"}],"replies":[{"embeddable":true,"href":"https:\/\/www.asso-unil.ch\/laroutedutchai\/wp-json\/wp\/v2\/comments?post=2"}],"version-history":[{"count":0,"href":"https:\/\/www.asso-unil.ch\/laroutedutchai\/wp-json\/wp\/v2\/pages\/2\/revisions"}],"wp:attachment":[{"href":"https:\/\/www.asso-unil.ch\/laroutedutchai\/wp-json\/wp\/v2\/media?parent=2"}],"curies":[{"name":"wp","href":"https:\/\/api.w.org\/{rel}","templated":true}]}}