{"id":19,"date":"2015-07-29T09:14:22","date_gmt":"2015-07-29T07:14:22","guid":{"rendered":"http:\/\/www.asso-unil.ch\/laroutedutchai\/?page_id=19"},"modified":"2024-03-01T15:29:39","modified_gmt":"2024-03-01T14:29:39","slug":"devenir-membre","status":"publish","type":"page","link":"https:\/\/www.asso-unil.ch\/laroutedutchai\/la-route-du-tchai\/devenir-membre\/","title":{"rendered":"Devenir membre"},"content":{"rendered":"<p>Pour devenir membre de l&rsquo;association,\u00a0remplissez le formulaire <a href=\"https:\/\/www.asso-unil.ch\/laroutedutchai\/files\/2015\/07\/DemandeAdh\u00e9sion.docx\">disponible ici<\/a>\u00a0et renvoyez-le \u00e0:<\/p>\n<p><a href=\"mailto:laroutedutchai@asso-unil.ch\">laroutedutchai@asso-unil.ch<\/a><\/p>\n<p>Toutes les personnes int\u00e9ress\u00e9es peuvent demander \u00e0 devenir membre de l&rsquo;association. Les employ\u00e9s de la section SLAS de l&rsquo;universit\u00e9 de Lausanne peuvent devenir membre de l&rsquo;association sur simple demande. Le comit\u00e9 validera les demandes des personnes externes \u00e0 la section.<\/p>\n<p>La cotisation s&rsquo;\u00e9l\u00e8ve \u00e0 Fr. 10 \/ ann\u00e9e. La capacit\u00e9 de membre donne droit \u00e0 des avantages dans les diff\u00e9rentes activit\u00e9s soutenues par l&rsquo;association.<\/p>\n<p>La cotisation peut \u00eatre pay\u00e9e par versement bancaire aux coordonn\u00e9es qui suivent ou par TWINT en scannant le QR code ci-dessous-<\/p>\n<p>Coordonn\u00e9es du compte CCP:<br \/>Num\u00e9ro de compte : 14-564333-5<br \/>IBAN : CH26 0900 0000 1456 4333 5<br \/>Code BIC : POFICHBEXXX<\/p>\n\n<div class=\"wp-block-image\">\n<figure class=\"aligncenter size-large is-resized\"><img alt=\"\" loading=\"lazy\" decoding=\"async\" width=\"1024\" height=\"467\" src=\"https:\/\/www.asso-unil.ch\/laroutedutchai\/files\/2020\/11\/TWINT_FR-1024x467.png\" alt=\"\" class=\"wp-image-428\" style=\"width:502px;height:228px\" srcset=\"https:\/\/www.asso-unil.ch\/laroutedutchai\/files\/2020\/11\/TWINT_FR-1024x467.png 1024w, https:\/\/www.asso-unil.ch\/laroutedutchai\/files\/2020\/11\/TWINT_FR-300x137.png 300w, https:\/\/www.asso-unil.ch\/laroutedutchai\/files\/2020\/11\/TWINT_FR-768x350.png 768w, https:\/\/www.asso-unil.ch\/laroutedutchai\/files\/2020\/11\/TWINT_FR.png 1087w\" sizes=\"auto, (max-width: 1024px) 100vw, 1024px\" \/><\/figure>\n<\/div>","protected":false},"excerpt":{"rendered":"<p>Pour devenir membre de l&rsquo;association,\u00a0remplissez le formulaire disponible ici\u00a0et renvoyez-le \u00e0: laroutedutchai@asso-unil.ch Toutes les personnes int\u00e9ress\u00e9es peuvent demander \u00e0 devenir membre de l&rsquo;association. Les employ\u00e9s de la section SLAS de &hellip; <a href=\"https:\/\/www.asso-unil.ch\/laroutedutchai\/la-route-du-tchai\/devenir-membre\/\" class=\"more-link\">Continuer la lecture de <span class=\"screen-reader-text\">Devenir membre<\/span>  <span class=\"meta-nav\">&rarr;<\/span><\/a><\/p>\n","protected":false},"author":1001037,"featured_media":0,"parent":38,"menu_order":0,"comment_status":"closed","ping_status":"closed","template":"","meta":{"_seopress_robots_primary_cat":"","_seopress_titles_title":"","_seopress_titles_desc":"","_seopress_robots_index":"","footnotes":""},"class_list":["post-19","page","type-page","status-publish"],"_links":{"self":[{"href":"https:\/\/www.asso-unil.ch\/laroutedutchai\/wp-json\/wp\/v2\/pages\/19","targetHints":{"allow":["GET"]}}],"collection":[{"href":"https:\/\/www.asso-unil.ch\/laroutedutchai\/wp-json\/wp\/v2\/pages"}],"about":[{"href":"https:\/\/www.asso-unil.ch\/laroutedutchai\/wp-json\/wp\/v2\/types\/page"}],"author":[{"embeddable":true,"href":"https:\/\/www.asso-unil.ch\/laroutedutchai\/wp-json\/wp\/v2\/users\/1001037"}],"replies":[{"embeddable":true,"href":"https:\/\/www.asso-unil.ch\/laroutedutchai\/wp-json\/wp\/v2\/comments?post=19"}],"version-history":[{"count":0,"href":"https:\/\/www.asso-unil.ch\/laroutedutchai\/wp-json\/wp\/v2\/pages\/19\/revisions"}],"up":[{"embeddable":true,"href":"https:\/\/www.asso-unil.ch\/laroutedutchai\/wp-json\/wp\/v2\/pages\/38"}],"wp:attachment":[{"href":"https:\/\/www.asso-unil.ch\/laroutedutchai\/wp-json\/wp\/v2\/media?parent=19"}],"curies":[{"name":"wp","href":"https:\/\/api.w.org\/{rel}","templated":true}]}}