{"id":162,"date":"2018-03-27T15:59:25","date_gmt":"2018-03-27T13:59:25","guid":{"rendered":"http:\/\/www.asso-unil.ch\/laroutedutchai\/?page_id=162"},"modified":"2024-10-18T14:13:39","modified_gmt":"2024-10-18T12:13:39","slug":"magazine-de-la-route-du-tchai","status":"publish","type":"page","link":"https:\/\/www.asso-unil.ch\/laroutedutchai\/magazine-de-la-route-du-tchai\/","title":{"rendered":"Magazine de la Route du Tcha\u00ef"},"content":{"rendered":"<h2>Le magazine de la Route du Tcha\u00ef<\/h2>\n<p>En d\u00e9cembre 2017, quelques membres de l&rsquo;association ont sorti le premier magazine de la Route du Tcha\u00ef, o\u00f9 les \u00e9tudiants, membres de l&rsquo;association et personnes int\u00e9ress\u00e9es par ses th\u00e8mes peuvent soumettre leurs articles, histoires et \u00e9crits en tout genre. Les \u00e9crits s\u00e9lectionn\u00e9s sont ensuite publi\u00e9s dans le magazine.\u00a0Cela permet d&rsquo;avoir\u00a0<span class=\"\">un r\u00e9capitulatif des activit\u00e9s, recherches, voyages, et autres faits int\u00e9ressants concernant la section SLAS et son association.<\/span><\/p>\n<p><strong>Num\u00e9ros :<\/strong><\/p>\n<p><a href=\"https:\/\/www.asso-unil.ch\/laroutedutchai\/files\/2018\/03\/RDT_Pilote_impression_web.pdf\">\u00e9dition 2017<\/a><\/p>\n<p><a href=\"https:\/\/www.asso-unil.ch\/laroutedutchai\/files\/2019\/10\/rdt-mag2.9.pdf\">\u00e9dition 2018<\/a><\/p>\n<p><a href=\"https:\/\/www.asso-unil.ch\/laroutedutchai\/files\/2019\/10\/3e_\u00e9dition_magazine_RDT-print.pdf\">\u00e9dition 2019<\/a><\/p>\n<p><a href=\"https:\/\/www.asso-unil.ch\/laroutedutchai\/files\/2020\/08\/4e_edition.pdf\">\u00e9dition 2020<\/a><\/p>\n<p><a href=\"https:\/\/www.asso-unil.ch\/laroutedutchai\/files\/2024\/09\/5e_edition-FINAL.-2024.pdf\" target=\"_blank\" rel=\"noopener\">\u00e9dition 2024<\/a><\/p>\n<p><strong>Prochaine publication :<\/strong><\/p>\n<p><span class=\"\">La Route du Tcha\u00ef souhaite publier un magazine pour l\u2019ann\u00e9e 2025. Plus d&rsquo;informations \u00e0 suivre&#8230; En attendant, n&rsquo;h\u00e9sitez pas \u00e0 d\u00e9j\u00e0 nous envoyer du contenu: textes, cr\u00e9ations, traductions, photos&#8230;<br \/>\n<\/span><\/p>\n<ul>\n<li><span class=\"\">Nos adresses:<br class=\"\" \/><a class=\"\" href=\"mailto:laroutedutchai@asso-unil.ch\">laroutedutchai@asso-unil.ch <\/a><\/span><span class=\"\">\u00a0ou <a href=\"mailto:sebastien.moret@unil.ch\">S\u00e9bastien Moret<\/a><br \/>\n<\/span><\/li>\n<\/ul>\n<p><span class=\"\"><em class=\"\">\u00a0<\/em><\/span><\/p>\n","protected":false},"excerpt":{"rendered":"<p>Le magazine de la Route du Tcha\u00ef En d\u00e9cembre 2017, quelques membres de l&rsquo;association ont sorti le premier magazine de la Route du Tcha\u00ef, o\u00f9 les \u00e9tudiants, membres de l&rsquo;association &hellip; <a href=\"https:\/\/www.asso-unil.ch\/laroutedutchai\/magazine-de-la-route-du-tchai\/\" class=\"more-link\">Continuer la lecture de <span class=\"screen-reader-text\">Magazine de la Route du Tcha\u00ef<\/span>  <span class=\"meta-nav\">&rarr;<\/span><\/a><\/p>\n","protected":false},"author":1001297,"featured_media":0,"parent":0,"menu_order":0,"comment_status":"closed","ping_status":"closed","template":"","meta":{"_seopress_robots_primary_cat":"","_seopress_titles_title":"","_seopress_titles_desc":"","_seopress_robots_index":"","footnotes":""},"class_list":["post-162","page","type-page","status-publish"],"_links":{"self":[{"href":"https:\/\/www.asso-unil.ch\/laroutedutchai\/wp-json\/wp\/v2\/pages\/162","targetHints":{"allow":["GET"]}}],"collection":[{"href":"https:\/\/www.asso-unil.ch\/laroutedutchai\/wp-json\/wp\/v2\/pages"}],"about":[{"href":"https:\/\/www.asso-unil.ch\/laroutedutchai\/wp-json\/wp\/v2\/types\/page"}],"author":[{"embeddable":true,"href":"https:\/\/www.asso-unil.ch\/laroutedutchai\/wp-json\/wp\/v2\/users\/1001297"}],"replies":[{"embeddable":true,"href":"https:\/\/www.asso-unil.ch\/laroutedutchai\/wp-json\/wp\/v2\/comments?post=162"}],"version-history":[{"count":2,"href":"https:\/\/www.asso-unil.ch\/laroutedutchai\/wp-json\/wp\/v2\/pages\/162\/revisions"}],"predecessor-version":[{"id":560,"href":"https:\/\/www.asso-unil.ch\/laroutedutchai\/wp-json\/wp\/v2\/pages\/162\/revisions\/560"}],"wp:attachment":[{"href":"https:\/\/www.asso-unil.ch\/laroutedutchai\/wp-json\/wp\/v2\/media?parent=162"}],"curies":[{"name":"wp","href":"https:\/\/api.w.org\/{rel}","templated":true}]}}