{"id":78,"date":"2015-04-16T16:48:10","date_gmt":"2015-04-16T14:48:10","guid":{"rendered":"http:\/\/www.asso-unil.ch\/lapel\/?page_id=78"},"modified":"2021-10-14T17:14:56","modified_gmt":"2021-10-14T15:14:56","slug":"bienvenu","status":"publish","type":"page","link":"https:\/\/www.asso-unil.ch\/lapel\/","title":{"rendered":"Bienvenue!"},"content":{"rendered":"<p>L&rsquo;Association de Permaculture Estudiantine Lausannoise (LA PEL&rsquo;) est une association cr\u00e9\u00e9e en 2013. Elle a pour missions de faire connaitre la permaculture et de partager des connaissances et r\u00e9flexions sur diff\u00e9rentes th\u00e9matiques en lien avec la recherche de mode de vie durable. La PEL&rsquo; organise pour cela diverses activit\u00e9s : journ\u00e9es de jardinage sur notre terrain, visites chez des permaculteurs-trices, ballade de plantes sauvages commestibles, Cours de Design en Permaculture (CDP), projections de films, conf\u00e9rences&#8230;<\/p>\n<p><strong>La permaculture n&rsquo;est pas une technique de jardinage !<\/strong> LA PEL d\u00e9fend une vision syst\u00e9mique de la permaculture qui remet en question nos modes vie actuels. La permaculture est donc un projet d&rsquo;\u00e9cologisation de la soci\u00e9t\u00e9 qui peut se d\u00e9finir comme la recherche de soci\u00e9t\u00e9s \u00e9cologiquement saines et socialement justes.<\/p>\n<p>Bienvenue !<\/p>\n<p>https:\/\/peertube.tv\/w\/azpaYDG9fMz2i1m3Zj4g6K<\/p>\n<p>Ou regarder directement sur PeerTube en copiant le lien suivant : https:\/\/peertube.tv\/w\/azpaYDG9fMz2i1m3Zj4g6K<\/p>\n","protected":false},"excerpt":{"rendered":"<p>L&rsquo;Association de Permaculture Estudiantine Lausannoise (LA PEL&rsquo;) est une association cr\u00e9\u00e9e en 2013. Elle a pour missions de faire connaitre la permaculture et de partager des connaissances et r\u00e9flexions sur &hellip; <a href=\"https:\/\/www.asso-unil.ch\/lapel\/\" class=\"more-link\">Continuer la lecture de <span class=\"screen-reader-text\">Bienvenue!<\/span> <span class=\"meta-nav\">&rarr;<\/span><\/a><\/p>\n","protected":false},"author":1001026,"featured_media":0,"parent":0,"menu_order":0,"comment_status":"closed","ping_status":"closed","template":"","meta":{"_seopress_robots_primary_cat":"","_seopress_titles_title":"","_seopress_titles_desc":"","_seopress_robots_index":"","footnotes":""},"class_list":["post-78","page","type-page","status-publish"],"_links":{"self":[{"href":"https:\/\/www.asso-unil.ch\/lapel\/wp-json\/wp\/v2\/pages\/78","targetHints":{"allow":["GET"]}}],"collection":[{"href":"https:\/\/www.asso-unil.ch\/lapel\/wp-json\/wp\/v2\/pages"}],"about":[{"href":"https:\/\/www.asso-unil.ch\/lapel\/wp-json\/wp\/v2\/types\/page"}],"author":[{"embeddable":true,"href":"https:\/\/www.asso-unil.ch\/lapel\/wp-json\/wp\/v2\/users\/1001026"}],"replies":[{"embeddable":true,"href":"https:\/\/www.asso-unil.ch\/lapel\/wp-json\/wp\/v2\/comments?post=78"}],"version-history":[{"count":0,"href":"https:\/\/www.asso-unil.ch\/lapel\/wp-json\/wp\/v2\/pages\/78\/revisions"}],"wp:attachment":[{"href":"https:\/\/www.asso-unil.ch\/lapel\/wp-json\/wp\/v2\/media?parent=78"}],"curies":[{"name":"wp","href":"https:\/\/api.w.org\/{rel}","templated":true}]}}