{"id":605,"date":"2018-10-02T17:22:03","date_gmt":"2018-10-02T15:22:03","guid":{"rendered":"http:\/\/www.asso-unil.ch\/lapel\/?page_id=605"},"modified":"2019-09-01T10:25:28","modified_gmt":"2019-09-01T08:25:28","slug":"livres","status":"publish","type":"page","link":"https:\/\/www.asso-unil.ch\/lapel\/actualites\/livres\/","title":{"rendered":"Livres"},"content":{"rendered":"<p>Vous trouverez ici une liste de livres en lien (plus ou moins direct) avec la permaculture. Nous vous avons pr\u00e9parer une s\u00e9lection de nos coups de c\u0153ur (avec les titres en gras). Bonne lecture !<\/p>\n<h4><strong>Livres utiles : aspects plantes, arbres, \u00e9levage, champignons, cultures de la permaculture<br \/>\n<\/strong><\/h4>\n<p>BACHER R\u00e9my et PERRIN Yves, \u00ab\u00a0Le guide du potager bio en montagne\u00a0\u00bb, \u00c9ditions Terres Vivantes, 2012<\/p>\n<p>BENYUS Janine, \u00ab\u00a0Biomim\u00e9tisme, quand la nature inspire des innovations durables\u00a0\u00bb, Editions Rue de l&rsquo;Echiquier, 2011 (1998)<\/p>\n<p>BOURGUIGNON Lydia et Claude, \u00ab\u00a0Le sol, la terre et les champs, pour retrouver une agriculture saine\u00a0\u00bb, Sang de la Terre, 2015<\/p>\n<p>FALK Ben, \u00ab\u00a0<strong>Une ferme r\u00e9siliente et productive pour vivre \u00e0 la campagne<\/strong>\u00ab\u00a0, Editions Imagine Un Colibri, 2017<\/p>\n<p>FORTIER Jean-Martin, \u00ab\u00a0Le jardinier-mara\u00eecher, Manuel d&rsquo;agriculture biologique sur petite surface\u00a0\u00bb, Les \u00c9ditions Ecosoci\u00e9t\u00e9s, 2015 (2012)<\/p>\n<p>FUKUOKA Masanobu, \u00ab\u00a0La r\u00e9volution d&rsquo;un seul brin de paille\u00a0\u00bb, La Maisnie-Tredaniel, 2005<b class=\"f-productDetails-cellValue\"><\/b><\/p>\n<p>HERV\u00c9-GRUYER Perrine et Charles, \u00ab\u00a0<strong>Permaculture. Gu\u00e9rir la terre, nourrir les hommes.<\/strong>\u00ab\u00a0, \u00c9ditions Actes Sud, 2015<\/p>\n<p>HERVE-GRUYER Perrine et Charles, \u00ab\u00a0<strong>Vivre avec la Terre<\/strong>\u00ab\u00a0, Acte Sud, 2019<\/p>\n<p>HOLZER Sepp, \u00ab\u00a0La permaculture de Sepp Holzer\u00a0\u00bb, \u00c9ditions Imagine Un Colibri, 2011<\/p>\n<p>JACKE Dave et TOENSMEIER Eric, \u00ab\u00a0<strong>Edible Forest Gardens, vol. 1 : Ecological Vision and Theory for Temperate Climate Permaculture<\/strong>\u00ab\u00a0, Chelsea Green Publishing, 2005<\/p>\n<p>JACKE Dave et TOENSMEIER Eric, \u00ab\u00a0<strong>Edible Forest Gardens, vol. 2 : Ecological Design and Practice for Temperate Climate Permaculture<\/strong>\u00ab\u00a0, Chelsea Green Publishing, 2005<\/p>\n<p>LESPINASSE Jean-Marie et LETERME Evelyne, \u00ab\u00a0<strong>De la Taille \u00e0 la Conduite des Arbres fruitiers<\/strong>\u00ab\u00a0, Editions du Rouergue, 2005<\/p>\n<p>LETERME Evelyne, \u00ab\u00a0<strong>La Biodiversit\u00e9 amie du Verger<\/strong>\u00ab\u00a0, Editions du Rouergue, 2018<\/p>\n<p>LIEUTAGHI Pierre, \u00ab\u00a0<strong>Le Livre des bonnes herbes<\/strong>\u00ab\u00a0, Actes Sud, 1996<\/p>\n<p>LIEUTAGHI Pierre, \u00ab\u00a0<strong>Le Livre des Arbres, Arbustes et Arbrisseaux<\/strong>\u00ab\u00a0, Actes Sud, 2004 (1969)<\/p>\n<p>MAYO Carine, \u00ab\u00a0Le guide de la permaculture au jardin. Pour une abondance naturelle\u00a0\u00bb, \u00c9ditions Terres Vivantes, 2014<\/p>\n<p>MOLLISON Bill, \u00ab\u00a0Permaculture, A Designer&rsquo;s Manuel\u00a0\u00bb, Tagari Publications, 1988<\/p>\n<p>MOLLISON Bill, \u00ab\u00a0Introduction \u00e0 la Permaculture\u00a0\u00bb, 2013<\/p>\n<p>MOREAU J.G., \u00ab\u00a0Manuel pratique de la culture maraich\u00e8re de Paris\u00a0\u00bb, 1845<\/p>\n<p>SHEPARD Mark, \u00ab\u00a0<strong>L&rsquo;agriculture de r\u00e9g\u00e9n\u00e9ration<\/strong>\u00ab\u00a0, Editions Imagine Un Colibri, 2016<\/p>\n<p>STAMETS Paul, \u00ab\u00a0Growing Gourmet and Medicinal Mushroom\u00a0\u00bb, Chapitre 5 \u00ab\u00a0Permaculture with a Mycological Twist\u00a0\u00bb, Ten Speed Press, 2000 (1993)<\/p>\n<p>STAMETS Paul, \u00ab\u00a0Le Mycelium \u00e0 la conqu\u00eate du Monde : Comment les Champignons peuvent aider \u00e0 sauver le Monde\u00a0\u00bb, Editions Imagine un colibri, 2018<\/p>\n<h4><strong>Livres utiles : aspects humains, sociaux <\/strong><strong>et soci\u00e9taux <\/strong><strong>de la permaculture<\/strong><\/h4>\n<p>ALONSO Bernard et GUIOCHON C\u00e9cile, \u00ab\u00a0Permaculture humaine, des cl\u00e9s pour vivre la Transition\u00a0\u00bb, Les \u00c9ditions Ecosoci\u00e9t\u00e9s, 2016<\/p>\n<p>BAKER Carolyn, \u00ab\u00a0L&rsquo;effondrement, petit guide de r\u00e9silience en temps de crise\u00a0\u00bb, Les \u00c9ditions Ecosoci\u00e9t\u00e9s, 2015<\/p>\n<p>BIHOUIX Philippe, \u00ab\u00a0L&rsquo;\u00e2ge des Low-Techs\u00a0\u00bb, Anthropoc\u00e8ne Seuil, Paris, 2014<\/p>\n<p>Collectif, \u00ab\u00a0Manifeste convivialiste, d\u00e9claration d&rsquo;interd\u00e9pendance\u00a0\u00bb, Le Bord de L&rsquo;Eau, 2013<\/p>\n<p>CHAPELLE Gauthier et SERVIGNE Pablo, \u00ab\u00a0l&rsquo;Entraide, l&rsquo;autre Loi de la Jungle\u00a0\u00bb, Les\u00a0 Liens qui Lib\u00e8rent, Paris, 2017<\/p>\n<p>ESCOBAR Arturo, \u00ab\u00a0Sentir-Penser avec la Terre\u00a0\u00bb, Anthropoc\u00e8ne Seuil, Paris, 2018<\/p>\n<p>HAWKEN Paul, \u00ab\u00a0Drawdown, comment inverser le cours du r\u00e9chauffement climatique\u00a0\u00bb, Actes Sud, 2018<\/p>\n<p>HOLMGREN David, \u00ab\u00a0<strong>Retrosuburbia, the downshifter&rsquo;s guide to a resilient future<\/strong>\u00ab\u00a0, Melliodora Publishing, Victoria (Australia), 2018<\/p>\n<p>HOPKINS Rob, \u00ab\u00a0<strong>Manuel de transition, de la d\u00e9pendance au p\u00e9trole \u00e0 la r\u00e9silience locale<\/strong>\u00ab\u00a0, Les \u00c9ditions Ecosoci\u00e9t\u00e9s, 2010<\/p>\n<p>JENSEN Derrick, SHIVA Vandana, MCMILLAN Stephanie, KEITH Lierre et MCBAY Aric, \u00ab\u00a0<strong>Ecologie en R\u00e9sistance<\/strong>\u00ab\u00a0, Editions Libre, 2018<\/p>\n<p>KOHER Patrick et SCHNEIDER Daniel, \u00ab\u00a0Guide des innovations pour lutter contre la pauvret\u00e9\u00a0\u00bb, \u00c9ditions Favre, Lausanne, 2010<\/p>\n<p>PIERLOT Jean-Marie et THOMAS Fabienne, \u00ab\u00a0Penser son association pour mieux communiquer, manuel \u00e0 l&rsquo;usage des petites et moyennes associations\u00a0\u00bb, Edi.pro, Li\u00e8ge, 2015<\/p>\n<p>RABHI Pierre, \u00ab\u00a0La part du colibri, l&rsquo;esp\u00e8ce humaine face \u00e0 son devenir\u00a0\u00bb, Editions de l&rsquo;Aube, 2009<\/p>\n<p>SERVIGNE Pablo, \u00ab\u00a0<strong>Nourrir l&rsquo;Europe en temps de Crise<\/strong>\u00ab\u00a0, Editions Babel, 2014<\/p>\n<p>SERVIGNE Pablo et STEVENS Rapha\u00ebl, \u00ab\u00a0Comment tout peut s&rsquo;effondrer\u00a0\u00bb, Editions Seuil, 2015<\/p>\n<p>SERVIGNE Pablo,\u00a0 STEVENS Rapha\u00ebl et CHAPELLE Gauthier, \u00ab\u00a0Une autre fin du monde est possible, vivre l&rsquo;effondrement (et pas seulement y survivre)\u00a0\u00bb, Editions Seuil, 2018<\/p>\n<p>SHINA\u00cf A., STEVENS R., CARTON H. ET SERVIGNE P., \u00ab\u00a0Petit trait\u00e9 de r\u00e9silience locale\u00a0\u00bb,\u00a0 \u00c9ditions Charles L\u00e9opold Mayer, 2015<\/p>\n<h4>Un autre imaginaire est possible : litt\u00e9ratures, films, musiques, th\u00e9\u00e2tre, &#8230;<\/h4>\n<p>Vous trouverez \u00e9galement de nombreuses r\u00e9f\u00e9rence sur le site de Conscience \u00c9cologique (<a href=\"https:\/\/airimusic.net\/ti\/films\/\">https:\/\/airimusic.net\/ti\/films\/<\/a>) qui recense des films, des romans et des d&rsquo;autres formes d&rsquo;art sur le th\u00e8me de l&rsquo;\u00e9cologie.<\/p>\n<p>HEGLAND Jean, \u00ab\u00a0<strong>Dans la for\u00eat<\/strong>\u00ab\u00a0, \u00c9ditions Gallmeister, 2017 (1996),\u00a0<em>roman<\/em><\/p>\n<p>DION Cyril et LAURENT M\u00e9lanie, \u00ab\u00a0Demain\u00a0\u00bb, 2015,\u00a0<em>film\u00a0documentaire<\/em><\/p>\n<p>QUINN Daniel, \u00ab\u00a0<strong>Ishmael<\/strong>\u00ab\u00a0, Editions Libre, 2018, <em>roman<\/em><\/p>\n<p>ZEP, \u00ab\u00a0The End\u00a0\u00bb, Rue de Serve, 2018, <em>bande dessin\u00e9e<\/em><\/p>\n","protected":false},"excerpt":{"rendered":"<p>Vous trouverez ici une liste de livres en lien (plus ou moins direct) avec la permaculture. Nous vous avons pr\u00e9parer une s\u00e9lection de nos coups de c\u0153ur (avec les titres &hellip; <a href=\"https:\/\/www.asso-unil.ch\/lapel\/actualites\/livres\/\" class=\"more-link\">Continuer la lecture de <span class=\"screen-reader-text\">Livres<\/span> <span class=\"meta-nav\">&rarr;<\/span><\/a><\/p>\n","protected":false},"author":1001131,"featured_media":0,"parent":29,"menu_order":0,"comment_status":"closed","ping_status":"closed","template":"","meta":{"_seopress_robots_primary_cat":"","_seopress_titles_title":"","_seopress_titles_desc":"","_seopress_robots_index":"","footnotes":""},"class_list":["post-605","page","type-page","status-publish"],"_links":{"self":[{"href":"https:\/\/www.asso-unil.ch\/lapel\/wp-json\/wp\/v2\/pages\/605","targetHints":{"allow":["GET"]}}],"collection":[{"href":"https:\/\/www.asso-unil.ch\/lapel\/wp-json\/wp\/v2\/pages"}],"about":[{"href":"https:\/\/www.asso-unil.ch\/lapel\/wp-json\/wp\/v2\/types\/page"}],"author":[{"embeddable":true,"href":"https:\/\/www.asso-unil.ch\/lapel\/wp-json\/wp\/v2\/users\/1001131"}],"replies":[{"embeddable":true,"href":"https:\/\/www.asso-unil.ch\/lapel\/wp-json\/wp\/v2\/comments?post=605"}],"version-history":[{"count":0,"href":"https:\/\/www.asso-unil.ch\/lapel\/wp-json\/wp\/v2\/pages\/605\/revisions"}],"up":[{"embeddable":true,"href":"https:\/\/www.asso-unil.ch\/lapel\/wp-json\/wp\/v2\/pages\/29"}],"wp:attachment":[{"href":"https:\/\/www.asso-unil.ch\/lapel\/wp-json\/wp\/v2\/media?parent=605"}],"curies":[{"name":"wp","href":"https:\/\/api.w.org\/{rel}","templated":true}]}}