{"id":43,"date":"2015-03-30T14:40:13","date_gmt":"2015-03-30T12:40:13","guid":{"rendered":"http:\/\/www.asso-unil.ch\/lapel\/?page_id=43"},"modified":"2018-10-02T17:14:16","modified_gmt":"2018-10-02T15:14:16","slug":"le-jardin","status":"publish","type":"page","link":"https:\/\/www.asso-unil.ch\/lapel\/le-jardin\/","title":{"rendered":"Le jardin"},"content":{"rendered":"<p>Depuis 2014, le jardin de LA PEL&rsquo; est avant tout un outils p\u00e9dagogique. C&rsquo;est un terrain de jeu et d&rsquo;apprentissage. C&rsquo;est un lieu o\u00f9 les connaissances et les passions se transmettent. Pas besoin d&rsquo;avoir la main verte pour partir \u00e0 la d\u00e9couverte des saveurs l&rsquo;argousier et de l&rsquo;aronia.<\/p>\n<p>La cohabitation avec les campagnols n&rsquo;est pas toujours ais\u00e9e. En effet, sortir sans efforts un arbre parce que ses racines ont fait le bonheur de ces petits mammif\u00e8res pose de nombreuses questions.<\/p>\n<p>Voil\u00e0 l&rsquo;endroit o\u00f9 se trouve notre jardin sur le campus de l&rsquo;UNIL! C&rsquo;est-\u00e0-dire entre les serres de biologie (au Nord du jardin), l&rsquo;Amphip\u00f4le (\u00e0 l&rsquo;Ouest) et le Biophore (au Sud).<a href=\"https:\/\/www.asso-unil.ch\/lapel\/files\/2015\/03\/Sans-titre.jpg\"><img loading=\"lazy\" decoding=\"async\" class=\"wp-image-56 aligncenter\" src=\"https:\/\/www.asso-unil.ch\/lapel\/files\/2015\/03\/Sans-titre.jpg\" alt=\"Sans titre\" width=\"272\" height=\"211\" \/><\/a>En permaculture, faire un design est une pratique essentielle. La pratique du design r\u00e9sulte g\u00e9n\u00e9ralement par faire un plan pour permettre d&rsquo;impl\u00e9menter le projet.<\/p>\n<p><strong>Design du jardin 2014<br \/>\n<\/strong><a href=\"https:\/\/www.asso-unil.ch\/lapel\/files\/2018\/07\/Design-Jardin.2014.03.19.pdf\">Design du jardin_2014_a<\/a><\/p>\n<p><strong>Design du jardin 2015<br \/>\n<\/strong><a href=\"https:\/\/www.asso-unil.ch\/lapel\/files\/2018\/07\/Design-du-jardin_2015_a.pdf\">Design du jardin_2015_a<br \/>\n<\/a> <a href=\"https:\/\/www.asso-unil.ch\/lapel\/files\/2018\/07\/Design-du-jardin_2015_b.pdf\">Design du jardin_2015_b<\/a><\/p>\n<p><strong>Design du jardin 2016<br \/>\n<\/strong><a href=\"https:\/\/www.asso-unil.ch\/lapel\/files\/2018\/07\/Design-du-jardin_2016_a.pdf\">Design du jardin_2016_a<\/a><\/p>\n<p><strong>Design du jardin 2017<br \/>\n<\/strong><\/p>\n<p><strong>Design du jardin 2018<\/strong><\/p>\n","protected":false},"excerpt":{"rendered":"<p>Depuis 2014, le jardin de LA PEL&rsquo; est avant tout un outils p\u00e9dagogique. C&rsquo;est un terrain de jeu et d&rsquo;apprentissage. C&rsquo;est un lieu o\u00f9 les connaissances et les passions se &hellip; <a href=\"https:\/\/www.asso-unil.ch\/lapel\/le-jardin\/\" class=\"more-link\">Continuer la lecture de <span class=\"screen-reader-text\">Le jardin<\/span> <span class=\"meta-nav\">&rarr;<\/span><\/a><\/p>\n","protected":false},"author":1001026,"featured_media":0,"parent":0,"menu_order":0,"comment_status":"closed","ping_status":"closed","template":"","meta":{"_seopress_robots_primary_cat":"","_seopress_titles_title":"","_seopress_titles_desc":"","_seopress_robots_index":"","footnotes":""},"class_list":["post-43","page","type-page","status-publish"],"_links":{"self":[{"href":"https:\/\/www.asso-unil.ch\/lapel\/wp-json\/wp\/v2\/pages\/43","targetHints":{"allow":["GET"]}}],"collection":[{"href":"https:\/\/www.asso-unil.ch\/lapel\/wp-json\/wp\/v2\/pages"}],"about":[{"href":"https:\/\/www.asso-unil.ch\/lapel\/wp-json\/wp\/v2\/types\/page"}],"author":[{"embeddable":true,"href":"https:\/\/www.asso-unil.ch\/lapel\/wp-json\/wp\/v2\/users\/1001026"}],"replies":[{"embeddable":true,"href":"https:\/\/www.asso-unil.ch\/lapel\/wp-json\/wp\/v2\/comments?post=43"}],"version-history":[{"count":0,"href":"https:\/\/www.asso-unil.ch\/lapel\/wp-json\/wp\/v2\/pages\/43\/revisions"}],"wp:attachment":[{"href":"https:\/\/www.asso-unil.ch\/lapel\/wp-json\/wp\/v2\/media?parent=43"}],"curies":[{"name":"wp","href":"https:\/\/api.w.org\/{rel}","templated":true}]}}