{"id":41,"date":"2015-03-30T14:39:52","date_gmt":"2015-03-30T12:39:52","guid":{"rendered":"http:\/\/www.asso-unil.ch\/lapel\/?page_id=41"},"modified":"2019-04-02T12:40:09","modified_gmt":"2019-04-02T10:40:09","slug":"conferences","status":"publish","type":"page","link":"https:\/\/www.asso-unil.ch\/lapel\/conferences\/","title":{"rendered":"Conf\u00e9rences"},"content":{"rendered":"<p><strong>Semestre de printemps 2019<\/strong><\/p>\n<p>Cycle de conf\u00e9rence co-organis\u00e9 avec l&rsquo;AEGE (Association des Etudiant-e-s en Geosciences) sur les th\u00e8mes du Mythe des Energies propres et les Low-Techs :<\/p>\n<p>&#8211; \u00ab\u00a0Energies renouvelables: si vertes ?\u00a0\u00bb par Dominique Bourg, 8 avril 2019<\/p>\n<p>&#8211; \u00ab\u00a0Les Low-Techs : Une Renaissance ?\u00a0\u00bb par Oscar Morand et Roland Freymond, 13 mai 2019<\/p>\n<p>&#8211; Conf\u00e9rence de Pascal Cretton, 20 mai 2019<\/p>\n<p><strong>Semestre d&rsquo;automne 2018<\/strong><\/p>\n<p>Conf\u00e9rence de Ernst Z\u00fcrcher \u00ab\u00a0Les Arbres, entre visible et invisible : Pour une action efficace face aux d\u00e9fis climatiques\u00a0\u00bb, 11 d\u00e9cembre 2018, <a href=\"https:\/\/tube.piweb.be\/videos\/watch\/dfd33b65-efaf-4bf0-9c48-74776398b28a\">\u00a0vers la vid\u00e9o de la conf\u00e9rence<\/a><\/p>\n<p><strong>Semestre de printemps 2018<\/strong><\/p>\n<p>Conf\u00e9rence de Jo\u00eblle Salomon Cavin sur l&rsquo;agriculture urbaine, 29 mai 2018<\/p>\n<p>Conf\u00e9rence de Uniterre et des paysan\u00b7ne\u00b7s de Notre-Dame-des-Landes sur la souverainet\u00e9 alimentaire, 9 mai 2018<\/p>\n<p><strong>Semestre d&rsquo;automne 2017<\/strong><\/p>\n<p>Conf\u00e9rence de Claire Le Bayon : \u00a0\u00bb Les vers de terre, ing\u00e9nieurs de nos sols fertiles \u00a0\u00bb\u00a0<a href=\"https:\/\/www.asso-unil.ch\/lapel\/event\/conference-les-vers-de-terre-ingenieurs-de-nos-sols-fertiles\/\">vers la conf\u00e9rence<\/a><\/p>\n<p>Conf\u00e9rence de Maxime Mellina : \u00ab\u00a0D\u00e9mocratiser la d\u00e9mocratie gr\u00e2ce au tirage au sort?\u00a0\u00bb<\/p>\n<p><strong>Semestre d&rsquo;automne 2016<\/strong><\/p>\n<p>Conf\u00e9rence de la PEL, \u00ab\u00a0La Permaculture par et pour les nul-le-s\u00a0\u00bb, 20 octobre 2016 <a href=\"https:\/\/tube.piweb.be\/videos\/watch\/dfd33b65-efaf-4bf0-9c48-74776398b28a\">vers la vid\u00e9o de la conf\u00e9rence<\/a><\/p>\n<p>Conf\u00e9rence de Stephanie Grand, \u00ab\u00a0La fertilit\u00e9 des sols: plus qu&rsquo;une histoire de comptabilit\u00e9\u00a0\u00bb, 2 novembre 2016, <a href=\"https:\/\/tube.piweb.be\/videos\/watch\/20df536e-f1d3-4d69-b9a8-f494f9ce56ec\">vers la vid\u00e9o de la conf\u00e9rence<\/a><\/p>\n<p><strong>Semestre de printemps 2016<\/strong><\/p>\n<p>Conf\u00e9rence autour de la ferme de Rovereaz, le mardi 12 avril : <a href=\"https:\/\/www.asso-unil.ch\/lapel\/event\/conference-autour-de-la-ferme-de-rovereaz\/\">Vers la conf\u00e9rence<\/a><\/p>\n<p>Conf\u00e9rence de la Pel&rsquo;, BASTA et du GRAMU, le jeudi 17 mars \u00a0\u00bb Le r\u00e9formisme \u00e9cologique. Conditions sociales et enjeux politiques\u00a0\u00bb : <a href=\"https:\/\/www.asso-unil.ch\/lapel\/2016\/02\/conference-jean-baptiste-comby\/\">Vers la conf\u00e9rence<\/a><\/p>\n<p>Et deux autres conf\u00e9rences \u00e0 annoncer dont une sur le ferme de Rov\u00e9r\u00e9az et l&rsquo;autre sur la th\u00e9matique des OGMs.<\/p>\n<p><strong>Semestre d&rsquo;Automne 2015<\/strong><\/p>\n<p>Conf\u00e9rence de LA PEL&rsquo;, le mercredi 30 septembre \u00ab\u00a0<a href=\"https:\/\/www.asso-unil.ch\/lapel\/2015\/09\/conference-dintroduction-sur-la-permaculture\/\">La Permaculture pour\/par les nulles\u00a0\u00bb<\/a><\/p>\n<p>Conf\u00e9rence de Romain Felli, le mercredi 28 octobre <a href=\"https:\/\/www.asso-unil.ch\/lapel\/2015\/10\/la-resilience-comme-probleme-la-resilience-comme-solution\/\">\u00ab\u00a0La R\u00e9silience comme probl\u00e8me ? La R\u00e9silience comme Solution ?\u00a0\u00bb<\/a><\/p>\n<p><strong>Semestre de Printemps 2015<\/strong><\/p>\n<p>Conf\u00e9rence de Luc Scherrer, le\u00a0mercredi 22 avril 2015:\u00a0<a style=\"color: #ffca59;text-decoration: underline\" href=\"https:\/\/www.asso-unil.ch\/lapel\/?p=60\">\u00ab\u00a0Politique Agricole, et le sol dans tout \u00e7a?!\u00a0\u00bb<\/a><\/p>\n<p>Conf\u00e9rence de Sophie Swaton, le 5 mai 2015:\u00a0<a style=\"color: #ffca59;text-decoration: underline\" href=\"https:\/\/www.asso-unil.ch\/lapel\/?p=94\">\u00ab\u00a0Economie sociale et solidaire\u00a0\u00bb<\/a><\/p>\n<p>Conf\u00e9rence de Maximilien Stauber \u00ab\u00a0Conditions et Enjeux de la Souverainet\u00e9 Alimentaire\u00a0\u00bb, 25 mars 2015, <a href=\"https:\/\/tube.piweb.be\/videos\/watch\/f61a3b1a-779b-4908-8739-cf5c78835c58\" target=\"_blank\" rel=\"noopener noreferrer\">vers la vid\u00e9o de la conf\u00e9rence<\/a>.<\/p>\n<p><strong>Semestre d&rsquo;Automne 2014<\/strong><\/p>\n<p class=\"video-info-name\">Conf\u00e9rence de la PEL, \u00ab\u00a0La permaculture n&rsquo;est pas du jardinage\u00a0\u00bb, 29 octobre 2014, <a href=\"https:\/\/tube.piweb.be\/videos\/watch\/1f2bd4a7-1945-40d6-98b1-8bb0b90e42f0\">vers la vid\u00e9o de la conf\u00e9rence<\/a><\/p>\n<p>Conf\u00e9rence de Gaetan Morard \u00ab\u00a0Le Design en Permaculture\u00a0\u00bb, 4 novembre 2014, <a href=\"https:\/\/tube.piweb.be\/videos\/watch\/383b7f57-6bf5-4f3c-a73f-2c0439c4a21d\">vers la vid\u00e9o de la conf\u00e9rence<\/a><\/p>\n<p><strong>Semestre de Printemps 2014<\/strong><\/p>\n<p class=\"video-info-name\">Conf\u00e9rence de Alexandre Jousset &#8211; Microorganismes ! Une alternative aux pesticides, 11 avril 2014, <a href=\"https:\/\/tube.piweb.be\/videos\/watch\/8e01bbde-b77a-4550-99aa-c4adbb75ebe2\">vers la vid\u00e9o de la conf\u00e9rence<\/a><\/p>\n<p>&nbsp;<\/p>\n<p>&nbsp;<\/p>\n","protected":false},"excerpt":{"rendered":"<p>Semestre de printemps 2019 Cycle de conf\u00e9rence co-organis\u00e9 avec l&rsquo;AEGE (Association des Etudiant-e-s en Geosciences) sur les th\u00e8mes du Mythe des Energies propres et les Low-Techs : &#8211; \u00ab\u00a0Energies renouvelables: &hellip; <a href=\"https:\/\/www.asso-unil.ch\/lapel\/conferences\/\" class=\"more-link\">Continuer la lecture de <span class=\"screen-reader-text\">Conf\u00e9rences<\/span> <span class=\"meta-nav\">&rarr;<\/span><\/a><\/p>\n","protected":false},"author":1001026,"featured_media":0,"parent":0,"menu_order":1,"comment_status":"closed","ping_status":"closed","template":"","meta":{"_seopress_robots_primary_cat":"","_seopress_titles_title":"","_seopress_titles_desc":"","_seopress_robots_index":"","footnotes":""},"class_list":["post-41","page","type-page","status-publish"],"_links":{"self":[{"href":"https:\/\/www.asso-unil.ch\/lapel\/wp-json\/wp\/v2\/pages\/41","targetHints":{"allow":["GET"]}}],"collection":[{"href":"https:\/\/www.asso-unil.ch\/lapel\/wp-json\/wp\/v2\/pages"}],"about":[{"href":"https:\/\/www.asso-unil.ch\/lapel\/wp-json\/wp\/v2\/types\/page"}],"author":[{"embeddable":true,"href":"https:\/\/www.asso-unil.ch\/lapel\/wp-json\/wp\/v2\/users\/1001026"}],"replies":[{"embeddable":true,"href":"https:\/\/www.asso-unil.ch\/lapel\/wp-json\/wp\/v2\/comments?post=41"}],"version-history":[{"count":0,"href":"https:\/\/www.asso-unil.ch\/lapel\/wp-json\/wp\/v2\/pages\/41\/revisions"}],"wp:attachment":[{"href":"https:\/\/www.asso-unil.ch\/lapel\/wp-json\/wp\/v2\/media?parent=41"}],"curies":[{"name":"wp","href":"https:\/\/api.w.org\/{rel}","templated":true}]}}