{"id":347,"date":"2017-05-12T16:05:35","date_gmt":"2017-05-12T14:05:35","guid":{"rendered":"http:\/\/www.asso-unil.ch\/lapel\/?page_id=347"},"modified":"2023-03-28T20:30:29","modified_gmt":"2023-03-28T18:30:29","slug":"cours-de-design-en-permaculture","status":"publish","type":"page","link":"https:\/\/www.asso-unil.ch\/lapel\/cours-de-design-en-permaculture\/","title":{"rendered":"Cours de Design en Permaculture"},"content":{"rendered":"\n<div class=\"wp-block-media-text alignwide has-media-on-the-right is-stacked-on-mobile\" style=\"grid-template-columns:auto 40%\"><div class=\"wp-block-media-text__content\">\n<p class=\"has-large-font-size\"><strong>Edition 2023<\/strong><\/p>\n\n\n\n<p>Suite \u00e0 un manque de ressources, il n&rsquo;y aura pas d&rsquo;\u00e9dition 2023.<\/p>\n\n\n\n<h2 class=\"wp-block-heading\"><strong>Edition 202<\/strong>2<\/h2>\n\n\n\n<p>La quatri\u00e8me \u00e9dition du cours de Design en Permaculture s&rsquo;est termin\u00e9e dans l&rsquo;enthousiasme et la bonne humeur. La cinqui\u00e8me \u00e9dition aura lieu du <strong>24 juillet<\/strong> au <strong>5 ao\u00fbt 2022<\/strong>, \u00e0 <strong><a href=\"https:\/\/affinfo.ch\/lafermedessavanes\/\" target=\"_blank\" rel=\"noreferrer noopener\">La Ferme des Savanes<\/a><\/strong>, \u00e0 Apples.<\/p>\n\n\n\n<p>Les inscriptions ouvriront le 15 avril.<strong> Il nous reste encore des places, et il est encore possible de s&rsquo;inscrire pendant le mois de juin <\/strong>(contrairement \u00e0 ce qui est marqu\u00e9 sur le formulaire).<strong> Le formulaire d&rsquo;inscription<\/strong> est t\u00e9l\u00e9chargeable ici :<a rel=\"noreferrer noopener\" href=\"https:\/\/www.asso-unil.ch\/lapel\/files\/2022\/04\/INSCRIPTIONS-CDP2022-8.pdf\" data-type=\"URL\" data-id=\"https:\/\/www.asso-unil.ch\/lapel\/files\/2022\/04\/INSCRIPTIONS-CDP2022-8.pdf\" target=\"_blank\"> <img alt=\"\" decoding=\"async\" class=\"wp-image-1015\" style=\"width: NaNpx\" src=\"https:\/\/www.asso-unil.ch\/lapel\/files\/2022\/04\/INSCRIPTIONS-CDP2022-7.pdf\" alt=\"\">Inscriptions 2022 <\/a>.<\/p>\n\n\n\n<p>Et voici l&rsquo;<img alt=\"\" decoding=\"async\" class=\"wp-image-935\" style=\"width: NaNpx\" src=\"https:\/\/www.asso-unil.ch\/lapel\/files\/2021\/06\/Horaire_CDP2021-1.pdf\" alt=\"\"> <a rel=\"noreferrer noopener\" href=\"https:\/\/www.asso-unil.ch\/lapel\/files\/2021\/06\/Horaire_CDP2021-1.pdf\" target=\"_blank\">horaire 2021<\/a> \u00e0 titre indicatif. Pour 2022, les cours restent significativement les m\u00eames, mais les plages d&rsquo;exercices de design vont \u00eatre un peu modifi\u00e9es.<\/p>\n\n\n\n<p>En 2021, le CDP avait pu avoir lieu dans des conditions normales malgr\u00e9 le Covid, et nous esp\u00e9rons qu&rsquo;il en sera de m\u00eame cette ann\u00e9e. Dans tous les cas, nous aviserons si la situation sanitaire n&rsquo;est pas bonne.<\/p>\n<\/div><figure class=\"wp-block-media-text__media\"><img alt=\"\" loading=\"lazy\" decoding=\"async\" width=\"724\" height=\"1024\" src=\"https:\/\/www.asso-unil.ch\/lapel\/files\/2022\/04\/AFFICHECDP2022-724x1024.png\" alt=\"\" class=\"wp-image-991 size-full\" srcset=\"https:\/\/www.asso-unil.ch\/lapel\/files\/2022\/04\/AFFICHECDP2022-724x1024.png 724w, https:\/\/www.asso-unil.ch\/lapel\/files\/2022\/04\/AFFICHECDP2022-212x300.png 212w, https:\/\/www.asso-unil.ch\/lapel\/files\/2022\/04\/AFFICHECDP2022-768x1087.png 768w, https:\/\/www.asso-unil.ch\/lapel\/files\/2022\/04\/AFFICHECDP2022.png 848w\" sizes=\"auto, (max-width: 724px) 100vw, 724px\" \/><\/figure><\/div>\n\n\n<p><\/p>\n<p><a href=\"#Pr\u00e9sentation de LA PEL\">Pr\u00e9sentation de LA PEL\u2019<\/a><\/p>\n<ul>\n<li><a href=\"#Quest ce qu\u2019un cours certifi\u00e9 et pourquoi certifier\">Qu\u2019est ce qu\u2019un cours certifi\u00e9 et pourquoi certifier ?<\/a><\/li>\n<li><a href=\"#Buts et philosophie du cours\">Buts et philosophie du cours<\/a><\/li>\n<li><a href=\"#Descriptif g\u00e9n\u00e9ral du cours\">Descriptif g\u00e9n\u00e9ral du cours<\/a><\/li>\n<li><a href=\"#Organisation du cours et logistique\">Organisation du cours et logistique<\/a><\/li>\n<li><a href=\"#Conditions dinscriptions\">Conditions d\u2019inscriptions<\/a><\/li>\n<li><a href=\"#Remarques g\u00e9n\u00e9rales pour le cours\">Remarques g\u00e9n\u00e9rales pour le cours<\/a><\/li>\n<li><a href=\"#Horaire des cours\">Horaire des cours<\/a><\/li>\n<\/ul>\n<h2 id=\"Pr\u00e9sentation de LA PEL\">Pr\u00e9sentation de LA PEL\u2019<\/h2>\n<p style=\"text-align: left\">Notre but est de promouvoir, sur le campus de l\u2019UNIL et au-del\u00e0, des principes \u00e9thiques, th\u00e9oriques et pratiques qui pourraient contribuer \u00e0 la pr\u00e9servation des ressources naturelles, humaines et sociales qui sont mises en danger par le mode de production capitaliste effr\u00e9n\u00e9, irresponsable et limit\u00e9 actuel. Nous avons choisi pour ce faire de donner une place \u00e0 la permaculture \u00e0 l\u2019UNIL. Notre projet a \u00e9t\u00e9 et est de cr\u00e9er un espace sur le campus o\u00f9 les \u00e9tudiant\u00b7e\u00b7s coop\u00e8rent et partagent autour des questions \u00e9cologiques actuelles tout en pratiquant les techniques permacoles. Le jardin qui se situe \u00e0 c\u00f4t\u00e9 des serres de biologie nous sert de base pour nos activit\u00e9s et exp\u00e9rimentations. Nous organisons \u00e9galement des conf\u00e9rences, ateliers et projections afin de transmettre et partager les connaissances accumul\u00e9es. L\u2019association fonctionne avec des outils de gouvernance horizontale et nous nous r\u00e9unissons r\u00e9guli\u00e8rement afin d\u2019organiser nos prochaines activit\u00e9s. Une importance toute particuli\u00e8re est donn\u00e9e au fonctionnement du groupe et \u00e0 ce que nous appelons la permaculture humaine ainsi qu\u2019aux dimensions et questions politiques qui se posent en rapport avec les th\u00e9matiques de l\u2019\u00e9cologie au sens large.<\/p>\n<p><a href=\"#\">haut de page<\/a><\/p>\n<h2 id=\"Quest ce qu\u2019un cours certifi\u00e9 et pourquoi certifier\">Qu\u2019est ce qu\u2019un cours certifi\u00e9 et pourquoi certifier ?<\/h2>\n<p>Le cours que nous proposons est un Cours de Design en Permaculture certifi\u00e9 (CDP), <i>Permaculture Design Course<\/i> (PDC) en anglais. La certification a \u00e9t\u00e9 mise au point par Bill Mollison, le co-fondateur de la permaculture. &nbsp;Le cours certifi\u00e9 doit contenir 72 heures de cours et aborder un certain nombre de sujets particuliers pr\u00e9sent\u00e9 dans l\u2019ouvrage \u201c<i>Permaculture &#8211; A Designer manual<\/i>\u201d. Dans le cas de cette formation, la garantie de certification est donn\u00e9e par l&rsquo;Association Suisse-romande de Permaculture et le bureau d\u2019\u00e9tude <i>PermacultureDesign<\/i> qui est bas\u00e9 en France. Le Certificat que vous recevrez \u00e0 la fin du cours est reconnu internationalement dans le milieu de la permaculture et donne acc\u00e8s \u00e0 la suite de la formation en permaculture, \u00e0 savoir le Dipl\u00f4me de permaculture, qui implique d\u2019effectuer un certain nombre de designs sur une p\u00e9riode d\u2019environ deux ans.<\/p>\n<p>Nous avons fait le choix de faire le cours dans le format officiel, car nous trouvons important que les participant\u00b7e\u00b7s puissent le valoriser \u00e0 la sortie, notamment dans le domaine professionnel. M\u00eame si la question de l\u2019institutionnalisation de la permaculture fait d\u00e9bat et qu\u2019il est parfois difficile de d\u00e9cider qui a la l\u00e9gitimit\u00e9 de parler de permaculture, nous avons trouv\u00e9 important, notamment par respect envers ses cr\u00e9ateurs, de se plier au cadre institutionnel actuel.<br><a href=\"#\">haut de page<\/a><\/p>\n<h2 id=\"Buts et philosophie du cours\">Buts et philosophie du cours :<\/h2>\n<p>Le CDP est une formation qui permet d\u2019approfondir et de d\u00e9couvrir les principes de base de la permaculture. Nous avons souhait\u00e9 organiser un tel cours afin d\u2019avoir la possibilit\u00e9 de transmettre des connaissances solides et pointues dans ce domaine, tout en offrant une alternative aux rares formations existantes en Suisse romande, peu accessibles en terme de co\u00fbts. Nos objectifs lors de la conceptualisation du plan du cours ont donc \u00e9t\u00e9 de garantir un contenu rigoureux gr\u00e2ce \u00e0 des professeur\u00b7e\u00b7s dont nous connaissons les domaines d\u2019expertises et les qualit\u00e9s, tout en assurant un prix de participation minimal dans l\u2019optique de rendre ces connaissances accessibles aux participant\u00b7e\u00b7s indiff\u00e9remment de leurs capacit\u00e9s financi\u00e8res. Il est tr\u00e8s important pour nous que les personnes donnant les cours aient une exp\u00e9rience pratique intense de la permaculture, et c&rsquo;est ce sur quoi nous mettons l&rsquo;accent. Nous faisons \u00e9galement notre possible pour trouver des permacultrices et essayer d&rsquo;assurer un semblant de parit\u00e9.<\/p>\n<p>Les frais d&rsquo;inscription couvriront principalement les d\u00e9penses effectives et les d\u00e9fraiments des intervenant\u00b7e\u00b7s, &nbsp;l&rsquo;organisation du cours \u00e9tant assur\u00e9e b\u00e9n\u00e9volement par les membres de La PEL\u2019, de La Ferme des Savanes et par d&rsquo;autres personnes externes. Nous avons aussi pour cette raison d\u00e9cid\u00e9 de nous organiser un maximum avec des petits moyens, ceci en privil\u00e9giant les r\u00e9seaux d\u2019entraide et l\u2019utilisation des moyens existants. C\u2019est un gros d\u00e9fi pour notre petite organisation. Tout sera mis en oeuvre pour rendre l\u2019exp\u00e9rience la plus enrichissante possible pour tout\u00b7e\u00b7s les participant\u00b7e\u00b7s.<\/p>\n<p>Certes l\u2019id\u00e9e de ce cours est d&rsquo;acqu\u00e9rir des savoirs mais aussi d\u2019en faire l\u2019exp\u00e9rience pratique ceci en partageant avec les autres participant\u00b7e\u00b7s, intervenant\u00b7e\u00b7s et b\u00e9n\u00e9voles. Ce sera aussi l\u2019occasion de vivre une douzaine de jour de mani\u00e8re collaborative, soit une r\u00e9elle exp\u00e9rience humaine !<br><a href=\"#\">haut de page<\/a><\/p>\n<h2 id=\"Descriptif g\u00e9n\u00e9ral du cours\">Descriptif g\u00e9n\u00e9ral du cours :<\/h2>\n<p>Le contenu du cours est bas\u00e9, comme expliqu\u00e9 pr\u00e9c\u00e9demment, sur l\u2019ouvrage <i>\u201cPermaculture &#8211; A Designer manual\u201d <\/i>publi\u00e9 par Bill Mollison. Suivant ce canevas, la formation va faire le tour des principaux \u00e9l\u00e9ments dont il faut tenir compte pour effectuer un design en permaculture. Apr\u00e8s avoir fait un \u00e9tat des lieux de ce qu\u2019est la permaculture et de quels sont ses \u00e9thiques et ses principes, nous vous inviterons \u00e0 entrer dans la complexit\u00e9 de la nature. Cette derni\u00e8re sera notre guide tout au long de la formation. Gr\u00e2ce \u00e0 l\u2019observation et \u00e0 l\u2019apport d&rsquo;outils th\u00e9oriques, nous allons petit \u00e0 petit comprendre ensemble quels sont les principaux aspects et interactions \u00e0 prendre en compte dans la cr\u00e9ation de socio-\u00e9cosyst\u00e8mes en permaculture. Pour cela, nous allons axer l\u2019enseignement sur une focale allant du global au particulier en int\u00e9grant petit \u00e0 petit les \u00e9l\u00e9ments essentiels de la m\u00e9thodologie de design. Durant toute la formation, vous aurez la possibilit\u00e9 de pratiquer les diff\u00e9rents aspects abord\u00e9s sous la forme d\u2019un exercice pratique de design en groupe, bas\u00e9 sur un cas concret.<br><a href=\"#\">haut de page<\/a><\/p>\n<h2 id=\"Organisation du cours et logistique\">Organisation du cours et logistique :<\/h2>\n<p>Le cours commencera le<strong>&nbsp;dimanche 24 juillet 2022<\/strong>&nbsp;en fin d&rsquo;apr\u00e8s-midi, afin de permettre \u00e0 tous et \u00e0 toutes de se familiariser avec le lieu, et durera jusqu\u2019au <strong>vendredi 5 ao\u00fbt <\/strong>pour les cours, ou&nbsp;<strong>samedi 6 ao\u00fbt 2022<\/strong>, week-end compris pour les rangements si vous souhaitez aider. La participation \u00e0 l\u2019ensemble des cours est obligatoire pour obtenir la certification.<\/p>\n<p><strong>Consid\u00e9rez le CDP comme deux semaines de camps o\u00f9 l\u2019on dormira et mangera sur place<\/strong>, ceci dans l\u2019esprit de vivre une exp\u00e9rience commune et pratique de ce qu\u2019est la permaculture, dans sa dimension humaine \u00e9galement (dimension humaine bien trop souvent n\u00e9glig\u00e9e soit dit en passant). Il convient de consid\u00e9rer cette p\u00e9riode comme une exp\u00e9rience d\u2019immersion. Des d\u00e9rogations peuvent \u00eatre envisag\u00e9es si le\/la participant.e a des imp\u00e9ratifs s\u00e9rieux rendant impossible sa pr\u00e9sence pour dormir sur le site. Merci de bien vouloir le signaler lors de votre inscription afin que nous puissions en tenir compte.<\/p>\n<p>Cette ann\u00e9e, nous camperons dans le jardin de <a href=\"https:\/\/affinfo.ch\/lafermedessavanes\/\" target=\"_blank\" rel=\"noopener\">La Ferme des Savanes<\/a> \u00e0 Apples. La Ferme des Savanes est une ferme con\u00e7ue selon les principes de la permaculture. Cela nous offre l&rsquo;avantage d&rsquo;avoir directement acc\u00e8s \u00e0 une mise en pratique concr\u00e8te des concepts et connaissances acquis pendant les cours, mais \u00e9galement de pouvoir \u00e9changer pendant toute la dur\u00e9e du cours avec des personnes concern\u00e9es, motiv\u00e9es et engag\u00e9es.<\/p>\n<p>Pensez \u00e0 prendre avec vous, une tente de camping, un sac de couchage, un matelas de sol et tout ce qu\u2019il vous faut pour bien dormir (y compris des habits chauds pour la nuit). Les repas seront pr\u00e9par\u00e9s en commun et avec l\u2019aide de b\u00e9n\u00e9voles. Nous aurons acc\u00e8s \u00e0 des toilettes s\u00e8ches et \u00e0 des douches en ext\u00e9rieur durant toute la dur\u00e9e du cours, ainsi qu&rsquo;\u00e0 une salle de bain dans la maison.<\/p>\n<p>L&rsquo;int\u00e9gralit\u00e9 des repas propos\u00e9s seront v\u00e9g\u00e9taliens et les produits seront en quasi-totalit\u00e9 d&rsquo;origine locale et biologique. Pour ce qui est des l\u00e9gumes surtout, ils nous serons exclusivement fournis par la ferme. Nous soulignons que nos moyens (en termes de finances et en terme de temps) sont limit\u00e9s, et qu&rsquo;en raison de cela et de raisons \u00e9thiques, nous avons fait le choix de limiter nos achats \u00e0 des produits de base, (nous ne fournirons par exemple pas de caf\u00e9, beurre, lait, chocolat&#8230;). Nous veillerons cependant \u00e0 avoir des repas sains et \u00e9quilibr\u00e9s, ainsi que des fruits \u00e0 disposition pour les pauses.<\/p>\n<p>Le petit d\u00e9jeuner sera constitu\u00e9 de muesli et\/ou de pain selon nos moyens.<\/p>\n<p>Les cours occuperont une grande partie de la semaine, et le soir, diverses activit\u00e9s seront organis\u00e9es pour celleux qui tiennent encore debout. A titre d&rsquo;exemple, l&rsquo;ann\u00e9e pass\u00e9e, nous avons fait de la p\u00e9tanque sur le parking du village d&rsquo;Apples, regard\u00e9 le super film \u00ab\u00a0Woman at war\u00a0\u00bb, et des participant.e.x.s ont organis\u00e9 une soir\u00e9e de r\u00e9flexion sur l&rsquo;anti-sp\u00e9cisme. Et le dernier soir a eu lieu une f\u00eate pour cl\u00f4turer le cours.<\/p>\n<p><a href=\"#\">haut de page<\/a><\/p>\n<h2 id=\"Conditions dinscriptions\">Conditions d\u2019inscriptions :<\/h2>\n<p>Le CDP de la PEL&rsquo; est ouvert \u00e0 toute personne int\u00e9ress\u00e9e.<\/p>\n<p>Les personnes int\u00e9ress\u00e9es s&rsquo;inscrivent directement sur notre site. S&rsquo;il y a trop d&rsquo;inscriptions, nous tirerons au sort les dernier.\u00e8re.x.s inscrit.e.x.s.<\/p>\n<p>Une fois le tirage au sort effectu\u00e9 (si besoin), les personnes tir\u00e9es au sort recevront un e-mail de confirmation de notre part comprenant l\u2019IBAN de LA PEL\u2019 pour le r\u00e8glement du <strong>prix du cours de CHF 500.-<\/strong> (nourriture et logement compris). Ces personnes auront une semaine d\u00e8s le moment o\u00f9 leur inscription est retenue (ce qui sera transmis) pour nous r\u00e9gler ce montant afin de valider d\u00e9finitivement leur participation au cours qui leur sera communiqu\u00e9e \u00e9galement par e-mail une fois le paiement re\u00e7u dans le d\u00e9lai. Nous sommes oblig\u00e9s d\u2019imposer ce d\u00e9lai court afin qu\u2019en cas de d\u00e9sistement nous puissions contacter les personnes tir\u00e9es au sort venant directement apr\u00e8s les 25 s\u00e9lectionn\u00e9\u00b7e\u00b7s.<\/p>\n<p>Finalement, LA PEL&rsquo; d\u00e9cline toute responsabilit\u00e9 en cas d&rsquo;accident, perte ou vol durant la dur\u00e9e du cours. Les participant.e.s restent enti\u00e8rement responsables d&rsquo;eux-m\u00eames ainsi que de leurs affaires.<br><a href=\"#\">haut de page<\/a><\/p>\n<h2 id=\"Remarques g\u00e9n\u00e9rales pour le cours\">Remarques g\u00e9n\u00e9rales pour le cours :<\/h2>\n<p>La pr\u00e9sence \u00e0 tous les cours est obligatoire pour obtenir la certification.<\/p>\n<p>LA PEL\u2019 d\u00e9cline toute responsabilit\u00e9 en cas d\u2019accident durant la dur\u00e9e du cours. Les assurances sont \u00e0 la charge des participant\u00b7e\u00b7s.<\/p>\n<p>Consid\u00e9rez le CDP comme deux semaines de camps o\u00f9 l\u2019on dormira et mangera sur place, ceci dans l\u2019esprit de vivre une exp\u00e9rience commune et pratique de ce qu\u2019est la permaculture, dans sa dimension humaine \u00e9galement.<\/p>\n<p>La liste d\u00e9taill\u00e9e du mat\u00e9riel \u00e0 apporter pour la dur\u00e9e de CDP sera communiqu\u00e9e ult\u00e9rieurement aux participant\u00b7e\u00b7s s\u00e9lectionn\u00e9\u00b7e\u00b7s.<\/p>\n<p>Les d\u00e9sistements annonc\u00e9s moins de 10 jours avant la tenue du cours ne sont pas garantis d&rsquo;\u00eatre rembours\u00e9s.<\/p>\n<p><a href=\"#\">haut de page<\/a><\/p>\n<h2 id=\"Horaire des cours\">Horaire des cours :<\/h2>\n<p>Ici l&rsquo;horaire des cours 2019 : <a href=\"https:\/\/www.asso-unil.ch\/lapel\/files\/2019\/06\/CDP_2019-Horaires.pdf\">CDP_2019 &#8211; Horaires<\/a><\/p>\n<p>L&rsquo;horaire des cours de 2022 sera prochainement disponible.<\/p>\n<p><a href=\"#\">haut de page<\/a><\/p>","protected":false},"excerpt":{"rendered":"<p>Edition 2023 Suite \u00e0 un manque de ressources, il n&rsquo;y aura pas d&rsquo;\u00e9dition 2023. Edition 2022 La quatri\u00e8me \u00e9dition du cours de Design en Permaculture s&rsquo;est termin\u00e9e dans l&rsquo;enthousiasme et &hellip; <a href=\"https:\/\/www.asso-unil.ch\/lapel\/cours-de-design-en-permaculture\/\" class=\"more-link\">Continuer la lecture de <span class=\"screen-reader-text\">Cours de Design en Permaculture<\/span> <span class=\"meta-nav\">&rarr;<\/span><\/a><\/p>\n","protected":false},"author":6,"featured_media":0,"parent":0,"menu_order":0,"comment_status":"closed","ping_status":"closed","template":"","meta":{"_seopress_robots_primary_cat":"","_seopress_titles_title":"","_seopress_titles_desc":"","_seopress_robots_index":"","footnotes":""},"class_list":["post-347","page","type-page","status-publish"],"_links":{"self":[{"href":"https:\/\/www.asso-unil.ch\/lapel\/wp-json\/wp\/v2\/pages\/347","targetHints":{"allow":["GET"]}}],"collection":[{"href":"https:\/\/www.asso-unil.ch\/lapel\/wp-json\/wp\/v2\/pages"}],"about":[{"href":"https:\/\/www.asso-unil.ch\/lapel\/wp-json\/wp\/v2\/types\/page"}],"author":[{"embeddable":true,"href":"https:\/\/www.asso-unil.ch\/lapel\/wp-json\/wp\/v2\/users\/6"}],"replies":[{"embeddable":true,"href":"https:\/\/www.asso-unil.ch\/lapel\/wp-json\/wp\/v2\/comments?post=347"}],"version-history":[{"count":0,"href":"https:\/\/www.asso-unil.ch\/lapel\/wp-json\/wp\/v2\/pages\/347\/revisions"}],"wp:attachment":[{"href":"https:\/\/www.asso-unil.ch\/lapel\/wp-json\/wp\/v2\/media?parent=347"}],"curies":[{"name":"wp","href":"https:\/\/api.w.org\/{rel}","templated":true}]}}