{"id":2,"date":"2015-03-19T10:33:20","date_gmt":"2015-03-19T10:33:20","guid":{"rendered":"http:\/\/www.asso-unil.ch\/lapel\/?page_id=2"},"modified":"2019-05-27T11:46:17","modified_gmt":"2019-05-27T09:46:17","slug":"page-d-exemple","status":"publish","type":"page","link":"https:\/\/www.asso-unil.ch\/lapel\/page-d-exemple\/","title":{"rendered":"Nous contacter"},"content":{"rendered":"<p><strong>Par mail<\/strong><\/p>\n<p>lapel@asso-unil.ch<\/p>\n<p><strong>Par courrier<\/strong><\/p>\n<p>UNIL &#8211; Universit\u00e9 de Lausanne<br \/>\nAssociation LA PEL&rsquo;<br \/>\nQuartier UNIL &#8211; Chamberonne | B\u00e2timent Anthropole<br \/>\n1015 Lausanne<\/p>\n<p><strong>En vrai<\/strong><\/p>\n<p>Aux\u00a0 journ\u00e9es et\u00a0 permanences au jardin, \u00e0 nos conf\u00e9rences, \u00e0 notre cours de design en permaculture, \u00e0 nos r\u00e9unions, partout o\u00f9 nos chemins se croiseront<\/p>\n<p><strong>Par les r\u00e9seaux sociaux <\/strong><\/p>\n<p><a href=\"https:\/\/www.facebook.com\/LAssociation-de-Permaculture-Estudiantine-Lausannoise-La-PEL-240580079819294\/\">Facebook<\/a><\/p>\n<p><a href=\"https:\/\/www.youtube.com\/channel\/UCMmnNdkswmU7zaklNMY_wDQ\/feed\">Youtube<\/a><\/p>\n<p><a href=\"https:\/\/tube.piweb.be\/video-channels\/lapel_channel\/videos\">Peertube<\/a><\/p>\n<p>&nbsp;<\/p>\n<p>&nbsp;<\/p>\n","protected":false},"excerpt":{"rendered":"<p>Par mail lapel@asso-unil.ch Par courrier UNIL &#8211; Universit\u00e9 de Lausanne Association LA PEL&rsquo; Quartier UNIL &#8211; Chamberonne | B\u00e2timent Anthropole 1015 Lausanne En vrai Aux\u00a0 journ\u00e9es et\u00a0 permanences au jardin, &hellip; <a href=\"https:\/\/www.asso-unil.ch\/lapel\/page-d-exemple\/\" class=\"more-link\">Continuer la lecture de <span class=\"screen-reader-text\">Nous contacter<\/span> <span class=\"meta-nav\">&rarr;<\/span><\/a><\/p>\n","protected":false},"author":1001026,"featured_media":0,"parent":0,"menu_order":1,"comment_status":"closed","ping_status":"open","template":"","meta":{"_seopress_robots_primary_cat":"","_seopress_titles_title":"","_seopress_titles_desc":"","_seopress_robots_index":"","footnotes":""},"class_list":["post-2","page","type-page","status-publish"],"_links":{"self":[{"href":"https:\/\/www.asso-unil.ch\/lapel\/wp-json\/wp\/v2\/pages\/2","targetHints":{"allow":["GET"]}}],"collection":[{"href":"https:\/\/www.asso-unil.ch\/lapel\/wp-json\/wp\/v2\/pages"}],"about":[{"href":"https:\/\/www.asso-unil.ch\/lapel\/wp-json\/wp\/v2\/types\/page"}],"author":[{"embeddable":true,"href":"https:\/\/www.asso-unil.ch\/lapel\/wp-json\/wp\/v2\/users\/1001026"}],"replies":[{"embeddable":true,"href":"https:\/\/www.asso-unil.ch\/lapel\/wp-json\/wp\/v2\/comments?post=2"}],"version-history":[{"count":0,"href":"https:\/\/www.asso-unil.ch\/lapel\/wp-json\/wp\/v2\/pages\/2\/revisions"}],"wp:attachment":[{"href":"https:\/\/www.asso-unil.ch\/lapel\/wp-json\/wp\/v2\/media?parent=2"}],"curies":[{"name":"wp","href":"https:\/\/api.w.org\/{rel}","templated":true}]}}