{"id":161,"date":"2015-12-13T21:29:51","date_gmt":"2015-12-13T20:29:51","guid":{"rendered":"http:\/\/www.asso-unil.ch\/lapel\/?page_id=161"},"modified":"2021-10-26T21:14:35","modified_gmt":"2021-10-26T19:14:35","slug":"information-sur-lassociation","status":"publish","type":"page","link":"https:\/\/www.asso-unil.ch\/lapel\/information-sur-lassociation\/","title":{"rendered":"Informations sur l&rsquo;association"},"content":{"rendered":"\n<div class=\"wp-block-group\"><div class=\"wp-block-group__inner-container is-layout-flow wp-block-group-is-layout-flow\">\n<div class=\"wp-block-columns is-layout-flex wp-container-core-columns-is-layout-9d6595d7 wp-block-columns-is-layout-flex\">\n<div class=\"wp-block-column is-layout-flow wp-block-column-is-layout-flow\">\n<p>L&rsquo;ensemble des membres de l&rsquo;association se r\u00e9unissent pour des r\u00e9unions bi-mensuelles durant les semestres d&rsquo;automne comme de printemps, puis de fa\u00e7on plus flexible durant les p\u00e9riodes d&rsquo;examens et de vacances. L&rsquo;assembl\u00e9e g\u00e9n\u00e9rale a \u00e9galement lieu tous les ans \u00e0 la fin octobre dans le but principal de redistribuer les r\u00f4les du comit\u00e9.<\/p>\n\n\n\n<p>Les sous-groupes de travail (GT) de l&rsquo;association se r\u00e9unissent quant \u00e0 eux selon leurs propres envies, projets et besoins.<\/p>\n\n\n\n<p><\/p>\n<\/div>\n\n\n\n<div class=\"wp-block-column is-layout-flow wp-block-column-is-layout-flow\">\n<p>Nous fonctionnons de fa\u00e7on horizontale en comptant 4 groupes de travail (GTs) principaux ; le GT jardin ; le GT communication ; le GT \u00e9v\u00e8nements et le GT charg\u00e9 d&rsquo;organiser chaque ann\u00e9e le cours certifi\u00e9 de design en permaculture (CDP).<\/p>\n\n\n\n<p>Nous utilisons Telegram pour nos communications \u00e0 l&rsquo;interne et proposons une newsletter pour les personnes externes qui souhaitent \u00eatre tenues au courant de nos diff\u00e9rents projets et activit\u00e9s. Vous pouvez volontiers nous contacter \u00e0 tout moment pour rejoindre l&rsquo;association ou nous rencontrer au sujet d&rsquo;un projet qui rejoint la permaculture. Pour nous rejoindre, on se voit en g\u00e9n\u00e9ral une fois en vrai lors d&rsquo;une r\u00e9union et puis on vous int\u00e8gre dans les canaux de communication.<\/p>\n<\/div>\n<\/div>\n<\/div><\/div>\n\n\n<p>Les statuts\u00a0 de l&rsquo;association :<\/p>\n<p><a href=\"https:\/\/www.asso-unil.ch\/lapel\/files\/2021\/05\/Statuts-association-LA-PEL-2021-1-3.pdf\">Statuts-association-LA-PEL-2021<\/a><\/p>\n<p>Document fondateur :<\/p>\n<p><a href=\"https:\/\/www.asso-unil.ch\/lapel\/files\/2015\/12\/Association-LA-PEL_projet-de-permaculture-2013-2015.pdf\" rel=\"\">Association LA PEL&rsquo;_projet de permaculture 2013-2015<\/a><\/p>\n<p>Les prises de position :<\/p>\n<p><a href=\"https:\/\/www.asso-unil.ch\/lapel\/files\/2015\/12\/PPFDDLAPEL.pdf\" rel=\"\">PPFDDLAPEL<\/a><\/p>\n\n\n<p><\/p>\n","protected":false},"excerpt":{"rendered":"<p>L&rsquo;ensemble des membres de l&rsquo;association se r\u00e9unissent pour des r\u00e9unions bi-mensuelles durant les semestres d&rsquo;automne comme de printemps, puis de fa\u00e7on plus flexible durant les p\u00e9riodes d&rsquo;examens et de vacances. &hellip; <a href=\"https:\/\/www.asso-unil.ch\/lapel\/information-sur-lassociation\/\" class=\"more-link\">Continuer la lecture de <span class=\"screen-reader-text\">Informations sur l&rsquo;association<\/span> <span class=\"meta-nav\">&rarr;<\/span><\/a><\/p>\n","protected":false},"author":1001061,"featured_media":0,"parent":0,"menu_order":0,"comment_status":"closed","ping_status":"closed","template":"","meta":{"_seopress_robots_primary_cat":"","_seopress_titles_title":"","_seopress_titles_desc":"","_seopress_robots_index":"","footnotes":""},"class_list":["post-161","page","type-page","status-publish"],"_links":{"self":[{"href":"https:\/\/www.asso-unil.ch\/lapel\/wp-json\/wp\/v2\/pages\/161","targetHints":{"allow":["GET"]}}],"collection":[{"href":"https:\/\/www.asso-unil.ch\/lapel\/wp-json\/wp\/v2\/pages"}],"about":[{"href":"https:\/\/www.asso-unil.ch\/lapel\/wp-json\/wp\/v2\/types\/page"}],"author":[{"embeddable":true,"href":"https:\/\/www.asso-unil.ch\/lapel\/wp-json\/wp\/v2\/users\/1001061"}],"replies":[{"embeddable":true,"href":"https:\/\/www.asso-unil.ch\/lapel\/wp-json\/wp\/v2\/comments?post=161"}],"version-history":[{"count":0,"href":"https:\/\/www.asso-unil.ch\/lapel\/wp-json\/wp\/v2\/pages\/161\/revisions"}],"wp:attachment":[{"href":"https:\/\/www.asso-unil.ch\/lapel\/wp-json\/wp\/v2\/media?parent=161"}],"curies":[{"name":"wp","href":"https:\/\/api.w.org\/{rel}","templated":true}]}}