{"id":85,"date":"2014-09-29T09:49:27","date_gmt":"2014-09-29T07:49:27","guid":{"rendered":"http:\/\/www.asso-unil.ch\/helios\/?page_id=85"},"modified":"2025-12-09T17:05:09","modified_gmt":"2025-12-09T16:05:09","slug":"lassociation","status":"publish","type":"page","link":"https:\/\/www.asso-unil.ch\/helios\/","title":{"rendered":"L&rsquo;Association"},"content":{"rendered":"<p style=\"text-align: justify\">L&rsquo;Association Helios a \u00e9t\u00e9 cr\u00e9\u00e9e par les \u00e9tudiant-e-s des Sciences de l&rsquo;Antiquit\u00e9 en automne 2007. L&rsquo;objectif est de rassembler les \u00e9tudiant-e-s de la section lors d&rsquo;\u00e9v\u00e9nements et de discussions portant sur les sciences anciennes. Helios propose \u00e9galement des \u00e9v\u00e9nements festifs et ludiques dans le but de rassembler les \u00e9tudiant-e-s des diff\u00e9rentes branches de la section. Le traditionnel No\u00ebl de l&rsquo;ASA est \u00e9galement organis\u00e9 par Helios. L&rsquo;association a \u00e9galement une branche de m\u00e9diation culturelle,<em>\u00a0<\/em>qui collabore avec diff\u00e9rents mus\u00e9es et \u00e9v\u00e8nements dans le but de promouvoir les sciences de l&rsquo;Antiquit\u00e9.<\/p>\n\n\n<p><strong><a href=\"https:\/\/www.asso-unil.ch\/helios\/contact\/\" target=\"_blank\" rel=\"noreferrer noopener\">Nous contacter<\/a><\/strong><\/p>\n","protected":false},"excerpt":{"rendered":"<p>L&rsquo;Association Helios a \u00e9t\u00e9 cr\u00e9\u00e9e par les \u00e9tudiant-e-s des Sciences de l&rsquo;Antiquit\u00e9 en automne 2007. L&rsquo;objectif est de rassembler les \u00e9tudiant-e-s de la section lors d&rsquo;\u00e9v\u00e9nements et de discussions portant sur les sciences anciennes. Helios propose \u00e9galement des \u00e9v\u00e9nements festifs et ludiques dans le but de rassembler les \u00e9tudiant-e-s des diff\u00e9rentes branches de la section. &hellip; <\/p>\n<p class=\"link-more\"><a href=\"https:\/\/www.asso-unil.ch\/helios\/\" class=\"more-link\">Continuer la lecture<span class=\"screen-reader-text\"> de &laquo;&nbsp;L&rsquo;Association&nbsp;&raquo;<\/span><\/a><\/p>\n","protected":false},"author":1001154,"featured_media":0,"parent":0,"menu_order":0,"comment_status":"closed","ping_status":"closed","template":"","meta":{"_seopress_robots_primary_cat":"","_seopress_titles_title":"","_seopress_titles_desc":"","_seopress_robots_index":"","footnotes":""},"class_list":["post-85","page","type-page","status-publish"],"_links":{"self":[{"href":"https:\/\/www.asso-unil.ch\/helios\/wp-json\/wp\/v2\/pages\/85","targetHints":{"allow":["GET"]}}],"collection":[{"href":"https:\/\/www.asso-unil.ch\/helios\/wp-json\/wp\/v2\/pages"}],"about":[{"href":"https:\/\/www.asso-unil.ch\/helios\/wp-json\/wp\/v2\/types\/page"}],"author":[{"embeddable":true,"href":"https:\/\/www.asso-unil.ch\/helios\/wp-json\/wp\/v2\/users\/1001154"}],"replies":[{"embeddable":true,"href":"https:\/\/www.asso-unil.ch\/helios\/wp-json\/wp\/v2\/comments?post=85"}],"version-history":[{"count":1,"href":"https:\/\/www.asso-unil.ch\/helios\/wp-json\/wp\/v2\/pages\/85\/revisions"}],"predecessor-version":[{"id":669,"href":"https:\/\/www.asso-unil.ch\/helios\/wp-json\/wp\/v2\/pages\/85\/revisions\/669"}],"wp:attachment":[{"href":"https:\/\/www.asso-unil.ch\/helios\/wp-json\/wp\/v2\/media?parent=85"}],"curies":[{"name":"wp","href":"https:\/\/api.w.org\/{rel}","templated":true}]}}