{"id":39,"date":"2014-04-26T22:37:34","date_gmt":"2014-04-26T20:37:34","guid":{"rendered":"http:\/\/www.asso-unil.ch\/helios\/?page_id=39"},"modified":"2026-03-31T12:07:55","modified_gmt":"2026-03-31T10:07:55","slug":"les-activites-de-lassociation","status":"publish","type":"page","link":"https:\/\/www.asso-unil.ch\/helios\/les-activites-de-lassociation\/","title":{"rendered":"Les Activit\u00e9s de l&rsquo;Association"},"content":{"rendered":"\n<h4 class=\"wp-block-heading\"><strong>Programme printemps <\/strong>2026<\/h4>\n\n\n\n<p><strong>14.04<\/strong> Assembl\u00e9e g\u00e9n\u00e9rale statutaire d&rsquo;HELIOS \u00e0 18h en salle c\u00e9ramique (ANT-1021)<\/p>\n\n\n\n<p><strong>15.04<\/strong> Soir\u00e9e jeux de soci\u00e9t\u00e9 inter-associative d\u00e8s 17h \u00e0 la NoCAP (ANT-1081)<\/p>\n\n\n\n<p><\/p>\n","protected":false},"excerpt":{"rendered":"<p>Programme printemps 2026 14.04 Assembl\u00e9e g\u00e9n\u00e9rale statutaire d&rsquo;HELIOS \u00e0 18h en salle c\u00e9ramique (ANT-1021) 15.04 Soir\u00e9e jeux de soci\u00e9t\u00e9 inter-associative d\u00e8s 17h \u00e0 la NoCAP (ANT-1081)<\/p>\n","protected":false},"author":1001154,"featured_media":0,"parent":0,"menu_order":0,"comment_status":"closed","ping_status":"closed","template":"","meta":{"_seopress_robots_primary_cat":"","_seopress_titles_title":"","_seopress_titles_desc":"","_seopress_robots_index":"","footnotes":""},"class_list":["post-39","page","type-page","status-publish"],"_links":{"self":[{"href":"https:\/\/www.asso-unil.ch\/helios\/wp-json\/wp\/v2\/pages\/39","targetHints":{"allow":["GET"]}}],"collection":[{"href":"https:\/\/www.asso-unil.ch\/helios\/wp-json\/wp\/v2\/pages"}],"about":[{"href":"https:\/\/www.asso-unil.ch\/helios\/wp-json\/wp\/v2\/types\/page"}],"author":[{"embeddable":true,"href":"https:\/\/www.asso-unil.ch\/helios\/wp-json\/wp\/v2\/users\/1001154"}],"replies":[{"embeddable":true,"href":"https:\/\/www.asso-unil.ch\/helios\/wp-json\/wp\/v2\/comments?post=39"}],"version-history":[{"count":5,"href":"https:\/\/www.asso-unil.ch\/helios\/wp-json\/wp\/v2\/pages\/39\/revisions"}],"predecessor-version":[{"id":679,"href":"https:\/\/www.asso-unil.ch\/helios\/wp-json\/wp\/v2\/pages\/39\/revisions\/679"}],"wp:attachment":[{"href":"https:\/\/www.asso-unil.ch\/helios\/wp-json\/wp\/v2\/media?parent=39"}],"curies":[{"name":"wp","href":"https:\/\/api.w.org\/{rel}","templated":true}]}}