{"id":13,"date":"2014-02-18T22:04:18","date_gmt":"2014-02-18T21:04:18","guid":{"rendered":"http:\/\/www.asso-unil.ch\/helios\/?page_id=13"},"modified":"2026-04-17T13:07:23","modified_gmt":"2026-04-17T11:07:23","slug":"nous-contacter","status":"publish","type":"page","link":"https:\/\/www.asso-unil.ch\/helios\/nous-contacter\/","title":{"rendered":"Le Comit\u00e9"},"content":{"rendered":"\n<p><strong>Le comit\u00e9 de l&rsquo;Association se compose de plusieurs membres, remplissant diff\u00e9rentes fonctions, et collaborant \u00e9troitement pour la bonne marche de l&rsquo;Association.<\/strong><\/p>\n\n\n\n<p>Le comit\u00e9 est actuellement compos\u00e9 comme suit :<\/p>\n\n\n\n<p><strong>Copr\u00e9sidence<\/strong>&nbsp;: Pauline Rod et Louise Mura<\/p>\n\n\n\n<p><strong>Tr\u00e9sorier<\/strong>&nbsp;: Lara Cosentino<\/p>\n\n\n\n<p><strong>Secr\u00e9taire<\/strong>&nbsp;: Delphine Subilia<\/p>\n\n\n\n<p><strong>Responsables&nbsp;m\u00e9diation<\/strong> : Joran Bigot et Mae Delgado<\/p>\n\n\n\n<p><strong>Webmaster<\/strong>&nbsp;: Melina Flourentzou, Charlotte Emaresi et Chlo\u00e9 Sommaro-Grange <\/p>\n\n\n\n<p><\/p>\n\n\n\n<p><strong>Membres actif\u00b7ve\u00b7s<\/strong> : Clara Baumli, Asya Bendani, Aiden Catovic, Adrien Hamouti, Anne-Caroline Niklaus, Radina Vladkova<\/p>\n","protected":false},"excerpt":{"rendered":"<p>Le comit\u00e9 de l&rsquo;Association se compose de plusieurs membres, remplissant diff\u00e9rentes fonctions, et collaborant \u00e9troitement pour la bonne marche de l&rsquo;Association. Le comit\u00e9 est actuellement compos\u00e9 comme suit : Copr\u00e9sidence&nbsp;: Pauline Rod et Louise Mura Tr\u00e9sorier&nbsp;: Lara Cosentino Secr\u00e9taire&nbsp;: Delphine Subilia Responsables&nbsp;m\u00e9diation : Joran Bigot et Mae Delgado Webmaster&nbsp;: Melina Flourentzou, Charlotte Emaresi et Chlo\u00e9 &hellip; <\/p>\n<p class=\"link-more\"><a href=\"https:\/\/www.asso-unil.ch\/helios\/nous-contacter\/\" class=\"more-link\">Continuer la lecture<span class=\"screen-reader-text\"> de &laquo;&nbsp;Le Comit\u00e9&nbsp;&raquo;<\/span><\/a><\/p>\n","protected":false},"author":1001154,"featured_media":0,"parent":0,"menu_order":0,"comment_status":"closed","ping_status":"closed","template":"","meta":{"_seopress_robots_primary_cat":"","_seopress_titles_title":"","_seopress_titles_desc":"","_seopress_robots_index":"","footnotes":""},"class_list":["post-13","page","type-page","status-publish"],"_links":{"self":[{"href":"https:\/\/www.asso-unil.ch\/helios\/wp-json\/wp\/v2\/pages\/13","targetHints":{"allow":["GET"]}}],"collection":[{"href":"https:\/\/www.asso-unil.ch\/helios\/wp-json\/wp\/v2\/pages"}],"about":[{"href":"https:\/\/www.asso-unil.ch\/helios\/wp-json\/wp\/v2\/types\/page"}],"author":[{"embeddable":true,"href":"https:\/\/www.asso-unil.ch\/helios\/wp-json\/wp\/v2\/users\/1001154"}],"replies":[{"embeddable":true,"href":"https:\/\/www.asso-unil.ch\/helios\/wp-json\/wp\/v2\/comments?post=13"}],"version-history":[{"count":5,"href":"https:\/\/www.asso-unil.ch\/helios\/wp-json\/wp\/v2\/pages\/13\/revisions"}],"predecessor-version":[{"id":689,"href":"https:\/\/www.asso-unil.ch\/helios\/wp-json\/wp\/v2\/pages\/13\/revisions\/689"}],"wp:attachment":[{"href":"https:\/\/www.asso-unil.ch\/helios\/wp-json\/wp\/v2\/media?parent=13"}],"curies":[{"name":"wp","href":"https:\/\/api.w.org\/{rel}","templated":true}]}}