{"id":376,"date":"2012-03-04T15:21:25","date_gmt":"2012-03-04T14:21:25","guid":{"rendered":"http:\/\/www.asso-unil.ch\/grc\/?page_id=376"},"modified":"2012-03-04T15:57:30","modified_gmt":"2012-03-04T14:57:30","slug":"archives-grc","status":"publish","type":"page","link":"https:\/\/www.asso-unil.ch\/grc\/archives-2\/archives-grc\/","title":{"rendered":"Publications GRC"},"content":{"rendered":"<p style=\"text-align: justify\"><strong>Actes de colloques publier par le Groupe Regards Critiques. Ces publications sont disponibles \u00e0 la Biblioth\u00e8que cantonale universitaire de Dorigny.<br \/>\n<\/strong><\/p>\n<p><em><strong><span style=\"color: #0000ff\"><a title=\"Les femmes \u00e0 l\u2019heure de la mondialisation\" href=\"https:\/\/www.asso-unil.ch\/grc\/2012\/03\/les-femmes-a-lheure-de-la-mondialisation\/\"><span style=\"color: #0000ff\">Les femmes \u00e0 l&rsquo;heure de la mondialisation<\/span><\/a><\/span><br \/>\n<\/strong><\/em>Actes du colloque<strong><em>: <\/em><\/strong>\u00ab\u00a0Les femmes \u00e0 l&rsquo;heure de la mondialisation ou l&rsquo;actualit\u00e9 des luttes f\u00e9ministes\u00a0\u00bb, 2000<em><strong><br \/>\n<\/strong><\/em><\/p>\n<p><a title=\"Bienvenue en Euroland! De l\u2019Europe de Maastricht \u00e0 l\u2019Euro\" href=\"https:\/\/www.asso-unil.ch\/grc\/2012\/03\/bienvenue-en-euroland-de-leurope-de-maastricht-a-leuro\/\"><strong><em><span style=\"color: #0000ff\">Bienvenue en Euroland! De l&rsquo;Europe de Maastricht \u00e0 l&rsquo;Euro<\/span><\/em><\/strong><\/a><br \/>\nActes du colloque organis\u00e9 par GRC \u00e0 l&rsquo;Universit\u00e9 de Lausanne les 22 et 23 avril 1997, <em>Les Annuelles 9\/1998<\/em>, Lausanne: Editions Antipodes (Histoire et Soci\u00e9t\u00e9 contemporaine), 1998.<\/p>\n<p><a title=\"Femmes, le mauvais genre?\" href=\"https:\/\/www.asso-unil.ch\/grc\/2012\/03\/femmes-le-mauvais-genre-2\/\"><em><strong><span style=\"color: #0000ff\">Femmes, le mauvais genre?<\/span><\/strong><\/em><\/a><br \/>\nActes du colloque: <em>Les Enjeux du f\u00e9minsime aujourd&rsquo;hui. Egalit\u00e9. Discrimination. Diff\u00e9rence.<\/em><br \/>\nColloque \u00e0 l&rsquo;UNIL organis\u00e9 par le <strong>Groupe Regards Critiques<\/strong> d\u00e9cembre 1990, Lausanne: Histoire et Soci\u00e9t\u00e9 contemporaine, sous la dir. du prof. H.U. JOST, 16\/94, 1994.<\/p>\n<p><em><span style=\"color: #0000ff\"><strong>\u00a0<a title=\"Racisme et x\u00e9nophobie\" href=\"https:\/\/www.asso-unil.ch\/grc\/2012\/03\/racisme-et-xenophobie\/\"><span style=\"color: #0000ff\">Racisme et x\u00e9nophobie<\/span><\/a><\/strong><\/span><\/em><br \/>\nColloque \u00e0 l&rsquo;UNIL organis\u00e9 par le Groupe Regards Critiques 24-25 nov. 1988, Lausanne: Histoire et Soci\u00e9t\u00e9 contemporaine, sous la dir. du prof. H.U. JOST, 10\/90, 1991.<br \/>\n(\u00e9puis\u00e9)<\/p>\n","protected":false},"excerpt":{"rendered":"<p>Actes de colloques publier par le Groupe Regards Critiques. Ces publications sont disponibles \u00e0 la Biblioth\u00e8que cantonale universitaire de Dorigny. Les femmes \u00e0 l&rsquo;heure de la mondialisation Actes du colloque: &hellip; <\/p>\n","protected":false},"author":7,"featured_media":0,"parent":368,"menu_order":7,"comment_status":"closed","ping_status":"closed","template":"","meta":{"_seopress_robots_primary_cat":"","_seopress_titles_title":"","_seopress_titles_desc":"","_seopress_robots_index":"","footnotes":""},"class_list":["post-376","page","type-page","status-publish"],"_links":{"self":[{"href":"https:\/\/www.asso-unil.ch\/grc\/wp-json\/wp\/v2\/pages\/376","targetHints":{"allow":["GET"]}}],"collection":[{"href":"https:\/\/www.asso-unil.ch\/grc\/wp-json\/wp\/v2\/pages"}],"about":[{"href":"https:\/\/www.asso-unil.ch\/grc\/wp-json\/wp\/v2\/types\/page"}],"author":[{"embeddable":true,"href":"https:\/\/www.asso-unil.ch\/grc\/wp-json\/wp\/v2\/users\/7"}],"replies":[{"embeddable":true,"href":"https:\/\/www.asso-unil.ch\/grc\/wp-json\/wp\/v2\/comments?post=376"}],"version-history":[{"count":0,"href":"https:\/\/www.asso-unil.ch\/grc\/wp-json\/wp\/v2\/pages\/376\/revisions"}],"up":[{"embeddable":true,"href":"https:\/\/www.asso-unil.ch\/grc\/wp-json\/wp\/v2\/pages\/368"}],"wp:attachment":[{"href":"https:\/\/www.asso-unil.ch\/grc\/wp-json\/wp\/v2\/media?parent=376"}],"curies":[{"name":"wp","href":"https:\/\/api.w.org\/{rel}","templated":true}]}}