{"id":3056,"date":"2024-02-29T22:50:24","date_gmt":"2024-02-29T21:50:24","guid":{"rendered":"https:\/\/www.asso-unil.ch\/grc\/?page_id=3056"},"modified":"2024-02-29T23:07:49","modified_gmt":"2024-02-29T22:07:49","slug":"une-petite-histoire-du-grc","status":"publish","type":"page","link":"https:\/\/www.asso-unil.ch\/grc\/une-petite-histoire-du-grc\/","title":{"rendered":"Une petite histoire du GRC"},"content":{"rendered":"\n<h2 class=\"wp-block-heading has-text-align-center\"><strong><em><mark style=\"background-color:#ffffff\" class=\"has-inline-color has-vivid-red-color\">Plus de 35 ans de mobilisation \u00e0 l\u2019UNIL\u00a0: Une petite histoire du Groupe Regards Critiques<\/mark><\/em><\/strong><\/h2>\n\n\n\n<p>L\u2019universit\u00e9 de Lausanne (UNIL), loin d\u2019une vision idyllique, poss\u00e8de une histoire longue de luttes et de voix critiques au sein de son campus. Cette histoire commence probablement avec la fondation du Mouvement d\u00e9mocratique des \u00e9tudiants en 1956, une des premi\u00e8res associations estudiantines du campus mettant en cause l\u2019ordre dominant. La contestation estudiantine se poursuit avec les mobilisations des \u00ab\u00a0ann\u00e9es 68\u00a0\u00bb durant lesquelles des \u00e9tudiant.e.x.s lausannois.e.x.s participent \u00e0 la r\u00e9volte sociale. Ce n\u2019est que vingt ans apr\u00e8s mai \u201868, que des \u00e9tudiantes et \u00e9tudiants, ayant h\u00e9rit\u00e9 l\u2019esprit de la lutte et de l\u2019espoir pour un monde diff\u00e9rent, fondent le Groupe Regards Critiques (GRC). Leur objectif est de remettre en question la soci\u00e9t\u00e9 dans laquelle iels vivent, leurs acquis et notre universit\u00e9 soumise \u00e0 la \u00ab\u00a0comp\u00e9titivit\u00e9\u00a0\u00bb. Il s&rsquo;agit aussi de r\u00e9fl\u00e9chir aux alternatives et de s\u2019engager en faveur de toutes les personnes minoris\u00e9es, opprim\u00e9es et \u00e0 la recherche de s\u2019\u00e9manciper. C\u2019est donc \u00e0 partir de l\u2019automne 1988 que notre histoire, celle du GRC, commence et continue jusqu\u2019\u00e0 nos jours.<\/p>\n\n\n\n<p>D\u00e8s sa fondation, les membres du GRC ont soif de savoir, d\u2019apprendre et de d\u00e9battre. Iels se penchent directement sur des th\u00e9matiques qui \u00ab\u00a0g\u00eanent\u00a0\u00bb les classes dominantes et bourgeoises suisses en r\u00e9alisant des colloques, des conf\u00e9rences et des d\u00e9bats autour du racisme et de la x\u00e9nophobie en Suisse, l\u2019imp\u00e9rialisme, l\u2019abolition de l\u2019arm\u00e9e, le f\u00e9minisme et bien d\u2019autres sujets. De plus, les questions de solidarit\u00e9 internationale pr\u00e9occupent passablement le GRC. Durant les ann\u00e9es 1990, ce sont la Palestine, la Yougoslavie, le Rwanda et l\u2019Europe de l\u2019Est, entre autres, qui passent sous la loupe et la solidarit\u00e9 de l\u2019association.<\/p>\n\n\n\n<p>Toutefois, il ne s\u2019agit pas seulement de s\u2019\u00e9duquer et de sensibiliser la population de l\u2019UNIL \u00e0 ces sujets. Le GRC participe \u00e9galement \u00e0 des actions directes sur le campus et en dehors. C\u2019est notamment le cas lorsque le GRC d\u00e9fend entre 1988 et 1998 des \u00e9tudiant.e.x.s venant de l\u2019Albanie, du Kosovo et du Za\u00efre (R\u00e9publique d\u00e9mocratique du Congo) menac\u00e9.e.x.s d\u2019expulsion. Le GRC prend part aussi \u00e0 des gr\u00e8ves comme la Gr\u00e8ve f\u00e9ministe et des femmes qui rassemble depuis 1991 de centaines de milliers de personnes dans les rues annuellement. L\u2019association est \u00e9galement pr\u00e9sente \u00e0 la Gr\u00e8ve de l\u2019UNIL en 1997 pour contester les restrictions budg\u00e9taires impos\u00e9es \u00e0 l\u2019universit\u00e9 et les limitations d\u2019acc\u00e8s aux \u00e9tudes. Depuis le tournant du si\u00e8cle, le GRC se saisit des luttes internationales, des mouvements sociaux suisses, des mobilisations \u00e9tudiantes avec comme phare la construction d\u2019un monde meilleur, plus solidaire, \u00e9cologique et libre de toute exploitation et oppression.<\/p>\n","protected":false},"excerpt":{"rendered":"<p>Plus de 35 ans de mobilisation \u00e0 l\u2019UNIL\u00a0: Une petite histoire du Groupe Regards Critiques L\u2019universit\u00e9 de Lausanne (UNIL), loin d\u2019une vision idyllique, poss\u00e8de une histoire longue de luttes et &hellip; <\/p>\n","protected":false},"author":212,"featured_media":0,"parent":0,"menu_order":0,"comment_status":"closed","ping_status":"closed","template":"","meta":{"_seopress_robots_primary_cat":"","_seopress_titles_title":"","_seopress_titles_desc":"","_seopress_robots_index":"","footnotes":""},"class_list":["post-3056","page","type-page","status-publish"],"_links":{"self":[{"href":"https:\/\/www.asso-unil.ch\/grc\/wp-json\/wp\/v2\/pages\/3056","targetHints":{"allow":["GET"]}}],"collection":[{"href":"https:\/\/www.asso-unil.ch\/grc\/wp-json\/wp\/v2\/pages"}],"about":[{"href":"https:\/\/www.asso-unil.ch\/grc\/wp-json\/wp\/v2\/types\/page"}],"author":[{"embeddable":true,"href":"https:\/\/www.asso-unil.ch\/grc\/wp-json\/wp\/v2\/users\/212"}],"replies":[{"embeddable":true,"href":"https:\/\/www.asso-unil.ch\/grc\/wp-json\/wp\/v2\/comments?post=3056"}],"version-history":[{"count":0,"href":"https:\/\/www.asso-unil.ch\/grc\/wp-json\/wp\/v2\/pages\/3056\/revisions"}],"wp:attachment":[{"href":"https:\/\/www.asso-unil.ch\/grc\/wp-json\/wp\/v2\/media?parent=3056"}],"curies":[{"name":"wp","href":"https:\/\/api.w.org\/{rel}","templated":true}]}}