{"id":3014,"date":"2023-10-23T17:46:03","date_gmt":"2023-10-23T15:46:03","guid":{"rendered":"https:\/\/www.asso-unil.ch\/grc\/?page_id=3014"},"modified":"2023-10-25T10:31:18","modified_gmt":"2023-10-25T08:31:18","slug":"revendications","status":"publish","type":"page","link":"https:\/\/www.asso-unil.ch\/grc\/revendications\/","title":{"rendered":"Revendications"},"content":{"rendered":"\n<div class=\"wp-block-group\"><div class=\"wp-block-group__inner-container is-layout-constrained wp-block-group-is-layout-constrained\">\n<div class=\"wp-block-columns is-layout-flex wp-container-core-columns-is-layout-9d6595d7 wp-block-columns-is-layout-flex\">\n<div class=\"wp-block-column is-layout-flow wp-block-column-is-layout-flow\" style=\"flex-basis:100%\">\n<div class=\"wp-block-group is-vertical is-content-justification-center is-layout-flex wp-container-core-group-is-layout-48c2c4f0 wp-block-group-is-layout-flex\">\n<h1 class=\"wp-block-heading has-text-align-center\">Pour une universit\u00e9<\/h1>\n\n\n\n<h1 class=\"wp-block-heading has-text-align-center has-vivid-red-color has-text-color\">D\u00e9mocratique<\/h1>\n\n\n\n<h1 class=\"wp-block-heading has-text-align-center has-vivid-green-cyan-color has-text-color\">\u00c9cologique<\/h1>\n\n\n\n<h1 class=\"wp-block-heading has-text-align-center has-vivid-purple-color has-text-color\">Solidaire<\/h1>\n<\/div>\n<\/div>\n<\/div>\n<\/div><\/div>\n\n\n\n<h3 class=\"wp-block-heading has-vivid-red-color has-text-color\">1. Une universit\u00e9 d\u00e9mocratique<\/h3>\n\n\n\n<p>L\u2019universit\u00e9 doit \u00eatre un espace d\u00e9mocratique o\u00f9 la prise de<br>d\u00e9cisions implique toute la population qui y \u00e9tudie et qui y travaille.<br>Le syst\u00e8me repr\u00e9sentatif des conseils facultaires et universitaires ne<br>suffit pas. Il doit \u00e9galement \u00eatre un espace accessible \u00e0 tout le<br>monde.<br>Nous demandons :<\/p>\n\n\n\n<ul class=\"wp-block-list\">\n<li>L\u2019\u00e9lection du\/de la\/lae recteur\u2219ice\u2219x par toute la population de<br>l\u2019UNIL.<\/li>\n\n\n\n<li>L\u2019instauration du r\u00e9f\u00e9rendum universitaire pour que l\u2019ensemble<br>de la communaut\u00e9 de l\u2019UNIL puisse se prononcer sur toutes les<br>d\u00e9cisions prises par la direction et les conseils universitaires et<br>facultaires.<\/li>\n\n\n\n<li>Une universit\u00e9 ouverte et accessible \u00e0 toutes les couches de la<br>soci\u00e9t\u00e9, notamment aux classes les plus d\u00e9favoris\u00e9es.<\/li>\n<\/ul>\n\n\n\n<h3 class=\"wp-block-heading has-vivid-green-cyan-color has-text-color\">2. Une universit\u00e9 \u00e9cologique<\/h3>\n\n\n\n<p>L\u2019universit\u00e9 doit \u00eatre \u00e0 l\u2019avant-garde de la lutte contre le<br>changement climatique et l\u2019urgence \u00e9cologique provoqu\u00e9e par<br>l\u2019activit\u00e9 des \u00eatres humains et un exemple \u00e0 suivre pour le reste de<br>la soci\u00e9t\u00e9.<br>Nous demandons :<\/p>\n\n\n\n<ul class=\"wp-block-list\">\n<li>La v\u00e9g\u00e9talisation de l\u2019alimentation et la diminution de la<br>consommation de viande.<\/li>\n\n\n\n<li>L\u2019approvisionnement \u00e9nerg\u00e9tique venant enti\u00e8rement de sources<br>vertes et renouvelables.<\/li>\n\n\n\n<li>La promotion des transports publics pour acc\u00e9der \u00e0 l\u2019UNIL tout en<br>offrant une aide \u00e9conomique pour les \u00e9tudiant\u2219e\u2219x\u2219s les plus<br>pr\u00e9caire\u2219x\u2219s.<\/li>\n\n\n\n<li>La limitation des trajets professionnel en avion des<br>collaborateur.ice.x.s de l\u2019universit\u00e9 en privil\u00e9giant le train ou les<br>r\u00e9unions en ligne quand cela est possible.<\/li>\n<\/ul>\n\n\n\n<h3 class=\"wp-block-heading has-vivid-purple-color has-text-color\">3. Une universit\u00e9 solidaire<\/h3>\n\n\n\n<p class=\"has-text-align-left\">Dans un monde o\u00f9 la division de classes r\u00e8gne, o\u00f9 les minorit\u00e9s de<br>genre et ethniques, les personnes racis\u00e9es, LGBTQAI+ et les plus<br>pr\u00e9caires sont constamment attaqu\u00e9es par l\u2019exploitation capitaliste<br>et l\u2019extr\u00eame droite, l\u2019universit\u00e9 doit devenir un lieu ouvert qui<br>prot\u00e8ge ces individus.<br>Nous demandons :<\/p>\n\n\n\n<ul class=\"wp-block-list\">\n<li>Un salaire \u00e9tudiant universel.<\/li>\n\n\n\n<li>Des menus \u00e0 3 francs et l\u2019internalisation du service de<br>restauration.<\/li>\n\n\n\n<li>La diminution de la taxe semestrielle. L\u2019abolition de la taxe<br>d\u2019inscription tardive et son remplacement par des d\u00e9lais prolong\u00e9s<br>et un syst\u00e8me d\u2019inscription simplifi\u00e9.<\/li>\n\n\n\n<li>Aucune tol\u00e9rance envers tout acte d\u2019agression et de<br>discrimination envers les personnes racis\u00e9es, LGBTQAI+, minoris\u00e9es<br>et les femmes.<\/li>\n\n\n\n<li>Des toilettes non-genr\u00e9es, munies de produits menstruels gratuits<br>pour tout le monde.<\/li>\n\n\n\n<li>La reconnaissance des personnes non-binaires par l\u2019abolition de<br>toutes mentions et formules de politesse genr\u00e9es ou l\u2019ajout d\u2019un X<br>en cas de n\u00e9cessit\u00e9.<\/li>\n<\/ul>\n","protected":false},"excerpt":{"rendered":"<p>Pour une universit\u00e9 D\u00e9mocratique \u00c9cologique Solidaire 1. Une universit\u00e9 d\u00e9mocratique L\u2019universit\u00e9 doit \u00eatre un espace d\u00e9mocratique o\u00f9 la prise ded\u00e9cisions implique toute la population qui y \u00e9tudie et qui y &hellip; <\/p>\n","protected":false},"author":212,"featured_media":0,"parent":0,"menu_order":0,"comment_status":"closed","ping_status":"closed","template":"","meta":{"_seopress_robots_primary_cat":"","_seopress_titles_title":"","_seopress_titles_desc":"","_seopress_robots_index":"","footnotes":""},"class_list":["post-3014","page","type-page","status-publish"],"_links":{"self":[{"href":"https:\/\/www.asso-unil.ch\/grc\/wp-json\/wp\/v2\/pages\/3014","targetHints":{"allow":["GET"]}}],"collection":[{"href":"https:\/\/www.asso-unil.ch\/grc\/wp-json\/wp\/v2\/pages"}],"about":[{"href":"https:\/\/www.asso-unil.ch\/grc\/wp-json\/wp\/v2\/types\/page"}],"author":[{"embeddable":true,"href":"https:\/\/www.asso-unil.ch\/grc\/wp-json\/wp\/v2\/users\/212"}],"replies":[{"embeddable":true,"href":"https:\/\/www.asso-unil.ch\/grc\/wp-json\/wp\/v2\/comments?post=3014"}],"version-history":[{"count":0,"href":"https:\/\/www.asso-unil.ch\/grc\/wp-json\/wp\/v2\/pages\/3014\/revisions"}],"wp:attachment":[{"href":"https:\/\/www.asso-unil.ch\/grc\/wp-json\/wp\/v2\/media?parent=3014"}],"curies":[{"name":"wp","href":"https:\/\/api.w.org\/{rel}","templated":true}]}}