{"id":298,"date":"2012-03-03T22:30:31","date_gmt":"2012-03-03T21:30:31","guid":{"rendered":"http:\/\/www.asso-unil.ch\/grc\/?page_id=298"},"modified":"2012-03-03T23:15:49","modified_gmt":"2012-03-03T22:15:49","slug":"1999-2006","status":"publish","type":"page","link":"https:\/\/www.asso-unil.ch\/grc\/archives-2\/colloques\/1999-2006\/","title":{"rendered":"1999-2006"},"content":{"rendered":"<p><strong>Colloque 1999<br \/>\n<\/strong><a title=\"MONDIALISATION ET CRISE \u00c9COLOGIQUE : Pour en finir avec la plan\u00e8te ?\" href=\"https:\/\/www.asso-unil.ch\/grc\/2012\/03\/mondialisation-et-crise-ecologique-pour-en-finir-avec-la-planete\/\"><span style=\"color: #0000ff\">Mondialisation et crise \u00e9cologique\u00a0: Pour en finir avec la plan\u00e8te ?<\/span><br \/>\n<\/a>Les 19 et 20 janvier 1999<br \/>\nD\u00e9bats sur l&rsquo;\u00e9cologie, la science et le progr\u00e8s. Grange de Dorigny, Lausanne<\/p>\n<p><strong>Colloque 2000<br \/>\n<\/strong><span style=\"color: #0000ff\"><a title=\"Les femmes \u00e0 l\u2019heure de la mondialisation: ou l\u2019actualit\u00e9 des luttes f\u00e9ministes\" href=\"https:\/\/www.asso-unil.ch\/grc\/2012\/03\/les-femmes-a-lheure-de-la-mondialisation-ou-lactualite-des-luttes-feministes\/\"><span style=\"color: #0000ff\">Les femmes \u00e0 l&rsquo;heure de la mondialisation ou l&rsquo;actualit\u00e9 des luttes f\u00e9ministes<br \/>\n<\/span><\/a><\/span>3 et 4 mai 2000<br \/>\nUniversit\u00e9 de Lausanne &#8211; BFSH2<\/p>\n<p><strong>Colloque 2001<br \/>\n<\/strong><span style=\"color: #0000ff\"><a title=\"La formation entre reproduction des in\u00e9galit\u00e9s et progr\u00e8s social ?\" href=\"https:\/\/www.asso-unil.ch\/grc\/2012\/03\/la-formation-entre-reproduction-des-inegalites-et-progres-social\/\"><span style=\"color: #0000ff\">Colloque sur la formation \u00a0&#8211; o\u00f9 va l&rsquo;\u00e9cole?<br \/>\n<\/span><\/a><\/span>La formation entre reproduction des in\u00e9galit\u00e9s et progr\u00e8s social ?<br \/>\nLes 28 et 29 mars 2001<\/p>\n<p><strong>Colloque 2002<\/strong><br \/>\n<span style=\"color: #0000ff\"><a title=\"L\u2019ACTUALIT\u00c9 DE L\u2019IMP\u00c9RIALISME AU D\u00c9BUT DU XXI\u00e8me SI\u00c8CLE\" href=\"https:\/\/www.asso-unil.ch\/grc\/2012\/03\/lactualite-de-limperialisme-au-debut-du-xxieme-siecle\/\"><span style=\"color: #0000ff\">L&rsquo;actualit\u00e9 de l&rsquo;imp\u00e9rialisme au d\u00e9but du XXIe si\u00e8cle<br \/>\n<\/span><\/a><\/span>Les 30 avril et 1er mai 2002<br \/>\nGrange de Dorigny, UNIL, Lausanne<\/p>\n<p><strong>Colloque 2003<\/strong><br \/>\n<span style=\"color: #0000ff\"><a title=\"Migrations: enjeux et perspectives\" href=\"https:\/\/www.asso-unil.ch\/grc\/2012\/03\/migrations-enjeux-et-perspectives\/\"><span style=\"color: #0000ff\">Migrations: enjeux et perspectives<br \/>\n<\/span><\/a><\/span>15 et 16 avril 2003<\/p>\n<p><strong>Colloque 2004<br \/>\n<\/strong><span style=\"color: #0000ff\"><a title=\"LES \u00c9TATS-UNIS : GUERRES MILITAIRES ET GUERRES SOCIALES, ENTRE DOMINATION IMP\u00c9RIALISTE ET RAVAGES DU N\u00c9OLIB\u00c9RALISME\" href=\"https:\/\/www.asso-unil.ch\/grc\/2012\/03\/les-etats-unis-guerres-militaires-et-guerres-sociales-entre-domination-imperialiste-et-ravages-du-neoliberalisme\/\"><span style=\"color: #0000ff\">Les Etats-Unis: Guerres militaires et guerres sociales, entre domination imp\u00e9rialiste et <\/span><\/a>ravages du n\u00e9olib\u00e9ralisme<\/span><br \/>\nMercredi 5 et jeudi 6 mai 2004<\/p>\n<p><strong>Colloque 2005<br \/>\n<\/strong><span style=\"color: #0000ff\"><a title=\"A qui profite l\u2019\u00e9largissement? Cycle de conf\u00e9rences sur l\u2019\u00e9largissement de l\u2019Union europ\u00e9enne aux pays d\u2019Europe de l\u2019Est\" href=\"https:\/\/www.asso-unil.ch\/grc\/2012\/03\/a-qui-profite-lelargissement-cycle-de-conferences-sur-lelargissement-de-lunion-europeenne-aux-pays-deurope-de-lest\/\"><span style=\"color: #0000ff\">A qui profite l&rsquo;\u00e9largissement?<br \/>\n<\/span><\/a><\/span>Cycle de conf\u00e9rences sur l&rsquo;\u00e9largissement de l&rsquo;Union europ\u00e9enne aux pays d&rsquo;Europe de l&rsquo;Est<br \/>\n27 avril, 2 mai et 12 mai 2005<\/p>\n<p><strong>Colloque 2006<\/strong><br \/>\n<span style=\"color: #0000ff\"><a title=\"Politiques migratoires en Suisse et en Europe: au service de la libre exploitation?\" href=\"https:\/\/www.asso-unil.ch\/grc\/2012\/03\/politiques-migratoires-en-suisse-et-en-europe-au-service-de-la-libre-exploitation\/\"><span style=\"color: #0000ff\">Politiques migratoires en Suisse et en Europe: au service de la libre exploitation?<br \/>\n<\/span><\/a><\/span>Colloque dans le cadre de la campagne contre la nouvelle Loi sur les Etrangers et la r\u00e9vision de la Loi sur l&rsquo;Asile, mercredi 17 et jeudi 18 mai 2006<\/p>\n","protected":false},"excerpt":{"rendered":"<p>Colloque 1999 Mondialisation et crise \u00e9cologique\u00a0: Pour en finir avec la plan\u00e8te ? Les 19 et 20 janvier 1999 D\u00e9bats sur l&rsquo;\u00e9cologie, la science et le progr\u00e8s. Grange de Dorigny, &hellip; <\/p>\n","protected":false},"author":7,"featured_media":0,"parent":91,"menu_order":0,"comment_status":"closed","ping_status":"closed","template":"","meta":{"_seopress_robots_primary_cat":"","_seopress_titles_title":"","_seopress_titles_desc":"","_seopress_robots_index":"","footnotes":""},"class_list":["post-298","page","type-page","status-publish"],"_links":{"self":[{"href":"https:\/\/www.asso-unil.ch\/grc\/wp-json\/wp\/v2\/pages\/298","targetHints":{"allow":["GET"]}}],"collection":[{"href":"https:\/\/www.asso-unil.ch\/grc\/wp-json\/wp\/v2\/pages"}],"about":[{"href":"https:\/\/www.asso-unil.ch\/grc\/wp-json\/wp\/v2\/types\/page"}],"author":[{"embeddable":true,"href":"https:\/\/www.asso-unil.ch\/grc\/wp-json\/wp\/v2\/users\/7"}],"replies":[{"embeddable":true,"href":"https:\/\/www.asso-unil.ch\/grc\/wp-json\/wp\/v2\/comments?post=298"}],"version-history":[{"count":0,"href":"https:\/\/www.asso-unil.ch\/grc\/wp-json\/wp\/v2\/pages\/298\/revisions"}],"up":[{"embeddable":true,"href":"https:\/\/www.asso-unil.ch\/grc\/wp-json\/wp\/v2\/pages\/91"}],"wp:attachment":[{"href":"https:\/\/www.asso-unil.ch\/grc\/wp-json\/wp\/v2\/media?parent=298"}],"curies":[{"name":"wp","href":"https:\/\/api.w.org\/{rel}","templated":true}]}}