{"id":2858,"date":"2023-02-13T18:16:48","date_gmt":"2023-02-13T17:16:48","guid":{"rendered":"https:\/\/www.asso-unil.ch\/grc\/?page_id=2858"},"modified":"2023-05-20T19:11:35","modified_gmt":"2023-05-20T17:11:35","slug":"2023-2","status":"publish","type":"page","link":"https:\/\/www.asso-unil.ch\/grc\/archives-2\/seances\/2023-2\/","title":{"rendered":"2023"},"content":{"rendered":"\n<p><strong>Mai 2023<\/strong><\/p>\n\n\n\n<h2 class=\"wp-block-heading\"><a href=\"https:\/\/www.asso-unil.ch\/grc\/2023\/05\/initiative-pour-un-salaire-minimum-vaudois-enjeux-sociaux-et-feministes-avec-les-initiatives-genevoises-et-neuchateloises\/\">Initiative pour un salaire minimum vaudois : enjeux sociaux et f\u00e9ministes avec les initiatives genevoises et neuch\u00e2teloises<\/a><\/h2>\n\n\n\n<p>Apr\u00e8s Neuch\u00e2tel, Jura et Gen\u00e8ve, Vaud pourrait devenir le quatri\u00e8me canton romand \u00e0 se doter d\u2019un salaire minimum !&nbsp;<\/p>\n\n\n\n<p>\u00c9labor\u00e9 par une large coalition de syndicats et de partis de gauche, l\u2019initiative \u00ab&nbsp;pour le droit \u00e0 vivre dignement de son travail&nbsp;\u00bb vise \u00e0 instaurer un salaire minimum de 23.- de l\u2019heure pour lutter contre la sous-ench\u00e8re salariale, renforcer les conventions collectives de travail et lutter contre les discriminations salariales faites aux femmes.<\/p>\n\n\n\n<p>Pour comprendre les enjeux sociaux et f\u00e9ministes et les possibles cons\u00e9quences d\u2019une telle initiative sur la vie des travailleurs et des travailleuses du canton de Vaud, le Groupe Regards Critiques et le Collectif f\u00e9ministe de la HETSL ont le plaisir d\u2019accueillir Marianne Ebel, militante f\u00e9ministe \u00e0 la Marche Mondiale des Femmes et membre de solidarit\u00e9S Neuch\u00e2tel, ainsi qu\u2019Alessandro Pelizzari, directeur de la HETSL et ancien secr\u00e9taire r\u00e9gional d\u2019Unia Gen\u00e8ve !<\/p>\n\n\n\n<h2 class=\"wp-block-heading\"><a href=\"https:\/\/www.asso-unil.ch\/grc\/2023\/05\/100-ans-apres-le-traite-de-lausanne-le-kurdistan-et-la-revolution-du-rojava\/\">100 ans apr\u00e8s le trait\u00e9 de Lausanne : Le Kurdistan et la r\u00e9volution du Rojava<\/a><\/h2>\n\n\n\n<p>Le trait\u00e9 de Lausanne, sign\u00e9 il y a 100 ans cette ann\u00e9e, a priv\u00e9 les Kurdes d\u2019un \u00c9tat, de la possibilit\u00e9 de pr\u00e9sider \u00e0 leur propre destin\u00e9e politique et les a condamn\u00e9s aux massacres et pers\u00e9cutions des \u00c9tats racistes auxquels leurs terres ont \u00e9t\u00e9 donn\u00e9es par ce trait\u00e9. Malgr\u00e9 cela, les Kurdes ont \u00e9labor\u00e9 un projet politique original, progressiste, bas\u00e9 sur la valorisation de la diversit\u00e9 culturelle, la d\u00e9mocratie directe et locale, le f\u00e9minisme et l\u2019\u00e9cologie qui est actuellement mis en \u0153uvre \u00e0 la faveur de la r\u00e9volution du Rojava et qui repr\u00e9sente un espoir de paix pour l\u2019ensemble du Moyen-Orient.<\/p>\n\n\n\n<p>Avec les interventions de :&nbsp;<\/p>\n\n\n\n<p>\u2013 Sevgi Koyuncu, Conseill\u00e8re communale POP, Lausanne<\/p>\n\n\n\n<p>\u2013 Hayrettin \u00d6ztekin, D\u00e9l\u00e9gu\u00e9 politique, Centre culturel du Kurdistan de Lausanne<\/p>\n\n\n\n<p>\u2013 Dinah Gross, Chercheuse \u00e0 l\u2019Institut des sciences sociales, Universit\u00e9 de Lausanne<\/p>\n\n\n\n<h2 class=\"wp-block-heading\"><strong><a rel=\"noreferrer noopener\" href=\"https:\/\/www.asso-unil.ch\/grc\/2023\/04\/table-ronde-mobilisations-feministes-populaires-et-pluralites-des-modes-dactions-en-amerique-latine-et-en-suisse\/\" target=\"_blank\">Table ronde : Mobilisations f\u00e9ministes populaires et pluralit\u00e9s des modes d\u2019actions en Am\u00e9rique latine et en Suisse<\/a><\/strong><\/h2>\n\n\n\n<p>Quels sont les modes d\u2019action \u00e0 disposition des mouvements f\u00e9ministes au Br\u00e9sil, en Suisse et au Chili, pour la mobilisation et le plaidoyer ? La discussion passera en revue les outils utilis\u00e9s, \u00e0 partir des exp\u00e9riences concr\u00e8tes des militantes, mais aussi des divers lieux et contextes de mobilisation \u2013 Nord \/ Sud global, lieux de travail ou de formation et contexte universitaire en particulier.<\/p>\n\n\n\n<p>Avec les interventions d\u2019Alessandra Ceregatti et de Clara Almeida Lozar, et la mod\u00e9ration par Marianne Ebel.<\/p>\n\n\n\n<p>Cette table ronde est co-organis\u00e9e par le Groupe Regards Critiques de l\u2019UNIL et E-CHANGER.<\/p>\n\n\n\n<p>Avec le soutien de la F\u00e9d\u00e9ration Genevoise de Coop\u00e9ration et de la Ville de Gen\u00e8ve.<\/p>\n\n\n\n<p><\/p>\n\n\n\n<p><strong>Avril 2023<\/strong><\/p>\n\n\n\n<h2 class=\"wp-block-heading\"><a href=\"https:\/\/www.asso-unil.ch\/grc\/2023\/03\/la-place-financiere-le-paradis-fiscal-suisse-et-le-debacle-du-credit-suisse\/\">La place financi\u00e8re, le paradis fiscal suisse et le d\u00e9b\u00e2cle du Cr\u00e9dit Suisse<\/a><\/h2>\n\n\n\n<p>Discussion introduite par S\u00e9bastien Guex, Professeur d\u2019histoire contemporaine \u00e0 l\u2019universit\u00e9 de Lausanne, Sp\u00e9cialiste de la politique mon\u00e9taire et financi\u00e8re de la Suisse et de la gen\u00e8se du secret bancaire. Il travaille actuellement sur le processus qui m\u00e8ne \u00e0 l\u2019\u00e9mergence de la Suisse comme paradis fiscal.<\/p>\n\n\n\n<p>La crise actuelle de Cr\u00e9dit Suisse et, de ce fait, de la place financi\u00e8re suisse, n\u2019est pas due \u00e0 des errements de la direction ou le r\u00e9sultat d\u2019une mauvaise gestion, mais le produit logique d\u2019un choix fait par le petit cercle qui dirige les banques et ses repr\u00e9sentants politiques. Ce choix est de faire de la Suisse un haut lieu (peut \u00eatre le plus important au monde) de la fraude fiscale et du blanchiment d\u2019argent. Pour essayer de comprendre la crise actuelle, il faut donc se pencher sur l\u2019histoire de la place financi\u00e8re suisse et sur la gen\u00e8se de la Suisse comme paradis fiscal.<\/p>\n\n\n\n<p>Ainsi durant cette s\u00e9ance, nous nous demanderons comment et pourquoi la Suisse est devenue un paradis fiscal ? Quel r\u00f4le joue aujourd\u2019hui la Suisse et sa place financi\u00e8re dans le capitalisme mondial et l\u2019\u00e9vasion fiscale ? Quelles sont les cons\u00e9quences actuelles de cette politique ? Et quelles peuvent \u00eatre les \u00e9volutions futures ?<\/p>\n\n\n\n<p><\/p>\n\n\n\n<p><strong>Mars 2023<\/strong><\/p>\n\n\n\n<h2 class=\"wp-block-heading\"><a href=\"https:\/\/www.asso-unil.ch\/grc\/2023\/03\/ukraine-1-an-apres-linvasion\/\">Ukraine: 1 an apr\u00e8s l&rsquo;invasion<\/a><\/h2>\n\n\n\n<p>Apr\u00e8s les huit ans de guerre \u00ab hybride \u00bb \u00e0 l\u2019est de l\u2019Ukraine, le 24 f\u00e9vrier 2022, la Russie lance l\u2019invasion militaire \u00e0 large \u00e9chelle avec l\u2019objectif d&rsquo;une disparition de l\u2019Ukraine en tant qu\u2019\u00c9tat et soci\u00e9t\u00e9 ind\u00e9pendants. Confront\u00e9es \u00e0 une r\u00e9sistance massive de la population, les forces arm\u00e9es russes s\u2019engagent dans une strat\u00e9gie&nbsp; de terreur syst\u00e9mique envers les civils. Cette violation flagrante du droit international a aussi d\u00e9clench\u00e9 une crise majeure, mettant en p\u00e9ril le syst\u00e8me de s\u00e9curit\u00e9 globale.<br>Comment analyser les motivations et les objectifs de la Russie? Quelle est la situation actuelle en Ukraine? Comment se positionne la Suisse sur la question et quelles en sont les r\u00e9percussions?&nbsp;<br><\/p>\n\n\n\n<p>Pour r\u00e9fl\u00e9chir sur l&rsquo;ensemble de ces questions, nous avons le plaisir d&rsquo;accueillir Hanna Perekhoda, fondatrice du Comit\u00e9 Ukraine Vaud et politiste et historienne \u00e0 l\u2019universit\u00e9 de Lausanne qui travaille sur les imaginaires nationaux et la fabrique des fronti\u00e8res en Russie et en Ukraine.<\/p>\n","protected":false},"excerpt":{"rendered":"<p>Mai 2023 Initiative pour un salaire minimum vaudois : enjeux sociaux et f\u00e9ministes avec les initiatives genevoises et neuch\u00e2teloises Apr\u00e8s Neuch\u00e2tel, Jura et Gen\u00e8ve, Vaud pourrait devenir le quatri\u00e8me canton &hellip; <\/p>\n","protected":false},"author":212,"featured_media":0,"parent":89,"menu_order":-1,"comment_status":"closed","ping_status":"closed","template":"","meta":{"_seopress_robots_primary_cat":"","_seopress_titles_title":"","_seopress_titles_desc":"","_seopress_robots_index":"","footnotes":""},"class_list":["post-2858","page","type-page","status-publish"],"_links":{"self":[{"href":"https:\/\/www.asso-unil.ch\/grc\/wp-json\/wp\/v2\/pages\/2858","targetHints":{"allow":["GET"]}}],"collection":[{"href":"https:\/\/www.asso-unil.ch\/grc\/wp-json\/wp\/v2\/pages"}],"about":[{"href":"https:\/\/www.asso-unil.ch\/grc\/wp-json\/wp\/v2\/types\/page"}],"author":[{"embeddable":true,"href":"https:\/\/www.asso-unil.ch\/grc\/wp-json\/wp\/v2\/users\/212"}],"replies":[{"embeddable":true,"href":"https:\/\/www.asso-unil.ch\/grc\/wp-json\/wp\/v2\/comments?post=2858"}],"version-history":[{"count":0,"href":"https:\/\/www.asso-unil.ch\/grc\/wp-json\/wp\/v2\/pages\/2858\/revisions"}],"up":[{"embeddable":true,"href":"https:\/\/www.asso-unil.ch\/grc\/wp-json\/wp\/v2\/pages\/89"}],"wp:attachment":[{"href":"https:\/\/www.asso-unil.ch\/grc\/wp-json\/wp\/v2\/media?parent=2858"}],"curies":[{"name":"wp","href":"https:\/\/api.w.org\/{rel}","templated":true}]}}