{"id":171,"date":"2012-03-03T16:06:43","date_gmt":"2012-03-03T15:06:43","guid":{"rendered":"http:\/\/www.asso-unil.ch\/grc\/?page_id=171"},"modified":"2012-03-04T17:04:23","modified_gmt":"2012-03-04T16:04:23","slug":"2007-2008","status":"publish","type":"page","link":"https:\/\/www.asso-unil.ch\/grc\/archives-2\/conferences\/2007-2008\/","title":{"rendered":"2007-2008"},"content":{"rendered":"<p>Historique des conf\u00e9rences, 2007-2008<\/p>\n<p>Mercredi 7 novembre, 18h15, salle 415 de l&rsquo;Amphimax<\/p>\n<p><strong>Crise au Myanmar; Quels engagements possibles?<\/strong><\/p>\n<p>Intervenants:<br \/>\nAndr\u00e9 Van der Schueren, relations ext\u00e9rieures de l&rsquo;Association Suisse Birmanie<br \/>\nMireille Boisson, coordinatrice d&rsquo;Amnesty International en France pour le Myanmar\/ex-Birmanie<br \/>\nJean-Marc Biquet, charg\u00e9 de recherche \u00e0 l&rsquo;Unit\u00e9 de r\u00e9flexion sur les enjeux et les pratiques humanitaires de M\u00e9decins Sans Fronti\u00e8res Suisse<\/p>\n<p>Les manifestations men\u00e9es par les moines bouddhistes et le peuple birman depuis ao\u00fbt 2007 ont \u00e9t\u00e9 violemment r\u00e9prim\u00e9es par la junte militaite au pouvoir qui a ferm\u00e9 ses fronti\u00e8res et coup\u00e9 tout contact avec l&rsquo;ext\u00e9rieur.<\/p>\n<p>Apr\u00e8s une analyse de cette crise par Andr\u00e9 Van der Schueren, Mireille Boisson et Jean-Marc Biquet expliqueront comment Amnesty International et M\u00e9decins Sans Fronti\u00e8res peuvent continuer \u00e0 exercer sur le territoire birman.<\/p>\n<p>Conf\u00e9rence co-organis\u00e9e avec le groupe HEL d&rsquo;Amnesty International et Ing\u00e9nieurs du Monde<\/p>\n","protected":false},"excerpt":{"rendered":"<p>Historique des conf\u00e9rences, 2007-2008 Mercredi 7 novembre, 18h15, salle 415 de l&rsquo;Amphimax Crise au Myanmar; Quels engagements possibles? Intervenants: Andr\u00e9 Van der Schueren, relations ext\u00e9rieures de l&rsquo;Association Suisse Birmanie Mireille &hellip; <\/p>\n","protected":false},"author":7,"featured_media":0,"parent":131,"menu_order":8,"comment_status":"closed","ping_status":"closed","template":"","meta":{"_seopress_robots_primary_cat":"","_seopress_titles_title":"","_seopress_titles_desc":"","_seopress_robots_index":"","footnotes":""},"class_list":["post-171","page","type-page","status-publish"],"_links":{"self":[{"href":"https:\/\/www.asso-unil.ch\/grc\/wp-json\/wp\/v2\/pages\/171","targetHints":{"allow":["GET"]}}],"collection":[{"href":"https:\/\/www.asso-unil.ch\/grc\/wp-json\/wp\/v2\/pages"}],"about":[{"href":"https:\/\/www.asso-unil.ch\/grc\/wp-json\/wp\/v2\/types\/page"}],"author":[{"embeddable":true,"href":"https:\/\/www.asso-unil.ch\/grc\/wp-json\/wp\/v2\/users\/7"}],"replies":[{"embeddable":true,"href":"https:\/\/www.asso-unil.ch\/grc\/wp-json\/wp\/v2\/comments?post=171"}],"version-history":[{"count":0,"href":"https:\/\/www.asso-unil.ch\/grc\/wp-json\/wp\/v2\/pages\/171\/revisions"}],"up":[{"embeddable":true,"href":"https:\/\/www.asso-unil.ch\/grc\/wp-json\/wp\/v2\/pages\/131"}],"wp:attachment":[{"href":"https:\/\/www.asso-unil.ch\/grc\/wp-json\/wp\/v2\/media?parent=171"}],"curies":[{"name":"wp","href":"https:\/\/api.w.org\/{rel}","templated":true}]}}