{"id":169,"date":"2012-03-03T16:05:15","date_gmt":"2012-03-03T15:05:15","guid":{"rendered":"http:\/\/www.asso-unil.ch\/grc\/?page_id=169"},"modified":"2012-03-04T17:55:51","modified_gmt":"2012-03-04T16:55:51","slug":"2011-2012","status":"publish","type":"page","link":"https:\/\/www.asso-unil.ch\/grc\/archives-2\/conferences\/2011-2012\/","title":{"rendered":"2011-2012"},"content":{"rendered":"<p style=\"text-align: left\"><span style=\"color: #993300\"><strong>Historique des s\u00e9ances 2011-2012<\/strong><\/span><\/p>\n<h2 style=\"text-align: center\"><\/h2>\n<h2 style=\"text-align: center\"><strong><br \/>\n1871 &#8211; 2001<\/strong><br \/>\n<strong>Quelle actualit\u00e9 de la commune de Paris ?<\/strong><\/h2>\n<p style=\"text-align: center\"><strong><span style=\"color: #993300\">Conf\u00e9rence avec Jean-Louis Robert<\/span><\/strong><\/p>\n<p style=\"text-align: center\">Historien fran\u00e7ais, sp\u00e9cialiste d&rsquo;histoire sociale europ\u00e9enne au XXe si\u00e8cle et Pr\u00e9sident de l&rsquo;association des Amis de la Commune de Paris<\/p>\n<p style=\"text-align: center\"><span style=\"text-decoration: underline\">Jeudi 13 octobre, 17h15. salle 2024, Anthropole<\/span><\/p>\n<p>&nbsp;<\/p>\n<p>&nbsp;<\/p>\n<p>&nbsp;<\/p>\n<h2 style=\"text-align: center\"><strong>La Suisse, le n\u00e9goce et la mal\u00e9diction des mati\u00e8res premi\u00e8res<\/strong><\/h2>\n<p style=\"text-align: center\"><strong><span style=\"color: #993300\">Avec Olivier Longchamp<\/span><\/strong><\/p>\n<p style=\"text-align: center\">Responsable fiscalit\u00e9 et finance internationale pour La D\u00e9claration de Berne.<\/p>\n<p>Le n\u00e9goce des mati\u00e8res premi\u00e8res: un secteur de l\u2019\u00e9conomie suisse, peu connu et en pleine expansion. L\u2019ONG \u00abLa D\u00e9claration de Berne\u00bb a cherch\u00e9 \u00e0 lever le voile sur ces entreprises peu scrupuleuses qui profitent des zones grises du syst\u00e8me helv\u00e9tique pour engranger des profits colossaux sur le dos des pays riches en ressources naturelles, pendant que ceux-ci restent prisonniers d\u2019une pauvret\u00e9 aussi extr\u00eame que paradoxale.<\/p>\n<p style=\"text-align: center\"><span style=\"text-decoration: underline\">Jeudi 1er d\u00e9cembre, 17h15, salle 4088, Anthropole<\/span><\/p>\n","protected":false},"excerpt":{"rendered":"<p>Historique des s\u00e9ances 2011-2012 1871 &#8211; 2001 Quelle actualit\u00e9 de la commune de Paris ? Conf\u00e9rence avec Jean-Louis Robert Historien fran\u00e7ais, sp\u00e9cialiste d&rsquo;histoire sociale europ\u00e9enne au XXe si\u00e8cle et Pr\u00e9sident &hellip; <\/p>\n","protected":false},"author":7,"featured_media":0,"parent":131,"menu_order":0,"comment_status":"closed","ping_status":"closed","template":"","meta":{"_seopress_robots_primary_cat":"","_seopress_titles_title":"","_seopress_titles_desc":"","_seopress_robots_index":"","footnotes":""},"class_list":["post-169","page","type-page","status-publish"],"_links":{"self":[{"href":"https:\/\/www.asso-unil.ch\/grc\/wp-json\/wp\/v2\/pages\/169","targetHints":{"allow":["GET"]}}],"collection":[{"href":"https:\/\/www.asso-unil.ch\/grc\/wp-json\/wp\/v2\/pages"}],"about":[{"href":"https:\/\/www.asso-unil.ch\/grc\/wp-json\/wp\/v2\/types\/page"}],"author":[{"embeddable":true,"href":"https:\/\/www.asso-unil.ch\/grc\/wp-json\/wp\/v2\/users\/7"}],"replies":[{"embeddable":true,"href":"https:\/\/www.asso-unil.ch\/grc\/wp-json\/wp\/v2\/comments?post=169"}],"version-history":[{"count":0,"href":"https:\/\/www.asso-unil.ch\/grc\/wp-json\/wp\/v2\/pages\/169\/revisions"}],"up":[{"embeddable":true,"href":"https:\/\/www.asso-unil.ch\/grc\/wp-json\/wp\/v2\/pages\/131"}],"wp:attachment":[{"href":"https:\/\/www.asso-unil.ch\/grc\/wp-json\/wp\/v2\/media?parent=169"}],"curies":[{"name":"wp","href":"https:\/\/api.w.org\/{rel}","templated":true}]}}