{"id":1684,"date":"2014-09-18T19:26:18","date_gmt":"2014-09-18T17:26:18","guid":{"rendered":"http:\/\/www.asso-unil.ch\/grc\/?page_id=1684"},"modified":"2017-05-16T12:33:06","modified_gmt":"2017-05-16T10:33:06","slug":"2013-2014","status":"publish","type":"page","link":"https:\/\/www.asso-unil.ch\/grc\/archives-2\/seances\/2013-2014\/","title":{"rendered":"2013-2014"},"content":{"rendered":"<h2><strong><em>S\u00e9ances du mois d\u2019avril-mai 2014<\/em><\/strong><\/h2>\n<h1 class=\"entry-title\"><span style=\"color: #800080\">La mise \u00e0 mort du travail<\/span><\/h1>\n<p>Projection d\u2019extraits de \u00ab\u00a0La mise \u00e0 mort du travail\u00a0\u00bb de Jean-Robert Viallet<\/p>\n<p><strong>Jeudi 15 mai \u00e0 17:15,<br \/>\nG\u00e9opolis 2137<\/strong><\/p>\n<p>Cette s\u00e9rie de trois opus \u2013 ali\u00e9nation, destruction et d\u00e9possession \u2013 explore les m\u00e9thodes de gestion dans l\u2019entreprise en alliant rigueur sociologique et enqu\u00eate journalistique. Le r\u00e9alisateur d\u00e9passe l\u2019habituelle accumulation de t\u00e9moignages pour mener une enqu\u00eate d\u2019investigation d\u2019une r\u00e9elle force documentaire. <a title=\"La mise \u00e0 mort du travail\" href=\"https:\/\/www.asso-unil.ch\/grc\/2014\/05\/la-mise-a-mort-du-travail\/\">Lire la suite -&gt;<\/a><\/p>\n<h1 class=\"entry-title\"><span style=\"color: #800080\">Projet unbreakable<\/span><\/h1>\n<h2><\/h2>\n<p><strong>Pr\u00e9sentation avec Grace Brown et Kaelyn Siversky fondatrices du projet unbreakable.<\/strong><\/p>\n<p><strong><strong>Lundi 28 avril \u00e0 18h00,<br \/>\nG\u00e9opolis 1620<\/strong><br \/>\n<\/strong><\/p>\n<p>Nous organisons cette s\u00e9ance avec le collectif de la marche des salopes. Vous pouvez les contacter sur <a href=\"https:\/\/www.fb.com\/slutwalksuisse\" target=\"_blank\">facebook<\/a> et visiter leur <a href=\"https:\/\/slutwalk.ch\/\" target=\"_blank\">site internet<\/a>. La pr\u00e9sentation aura lieu en anglais mais une traduction sera disponible. Un ap\u00e9ro suivra la pr\u00e9sentation. <a title=\"Projet unbreakable\" href=\"https:\/\/www.asso-unil.ch\/grc\/2014\/04\/projet-unbreakable\/\">Lire la suite -&gt;<\/a><\/p>\n<h2><strong><span style=\"color: #800080\">La m\u00e9canique islamophobe<\/span><a href=\"https:\/\/www.asso-unil.ch\/grc\/files\/2012\/03\/Islamophobie1.jpg\"><img loading=\"lazy\" decoding=\"async\" class=\"alignright size-full wp-image-1592\" src=\"https:\/\/www.asso-unil.ch\/grc\/files\/2012\/03\/Islamophobie1.jpg\" alt=\"Islamophobie\" width=\"275\" height=\"183\" \/><\/a><\/strong><\/h2>\n<p><strong>Conf\u00e9rence-d\u00e9bat avec<\/strong><br \/>\n<em><strong>Pierre Tevanian<\/strong><\/em><br \/>\nProfesseur agr\u00e9g\u00e9 de philosophie en Seine-Saint-Denis (France), essayiste, militant antiraciste engag\u00e9 pour une conception ouverte de la la\u00efciti\u00e9 et co-fondateur du collectif \u00ab\u00a0Les mots sont importants\u00a0\u00bb<\/p>\n<p><strong>Mardi 15 avril \u00e0 17h15,<br \/>\nG\u00e9opolis 2121<\/strong><\/p>\n<p>Les Musulmans et les Musulmanes sont actuellement la cible syst\u00e9matique de politiques discriminatoires et font l\u2019objet de discours qui les d\u00e9signent comme une menace pour les valeurs d\u00e9mocratiques et la culture nationale. Loin de n\u2019\u00eatre incarn\u00e9e que par l\u2019extr\u00eame droite, cette islamophobie grandissante rev\u00eat une forme respectable, car elle s\u2019appuie sur la d\u00e9fense d\u2019id\u00e9es \u00e9galitaristes, comme la la\u00efcit\u00e9 ou les droits des femmes \u2013 suppos\u00e9ment mises en danger par l\u2019Islam. <a title=\"La m\u00e9canique islamophobe\" href=\"https:\/\/www.asso-unil.ch\/grc\/2014\/04\/la-mecanique-islamophobe\/\">Lire la suite -&gt;<\/a><\/p>\n<h2><strong><em>S\u00e9ances du mois de mars 2014<\/em><\/strong><\/h2>\n<h2><strong><a href=\"https:\/\/www.asso-unil.ch\/grc\/files\/2012\/03\/9-fevrier-votation-immigration-jeunes-erasmus-horizon-et_007.jpg\"><img loading=\"lazy\" decoding=\"async\" class=\"alignright  wp-image-1547\" src=\"https:\/\/www.asso-unil.ch\/grc\/files\/2012\/03\/9-fevrier-votation-immigration-jeunes-erasmus-horizon-et_007.jpg\" alt=\"9-fevrier-votation-immigration-jeunes-erasmus-horizon-et_007\" width=\"289\" height=\"193\" srcset=\"https:\/\/www.asso-unil.ch\/grc\/files\/2012\/03\/9-fevrier-votation-immigration-jeunes-erasmus-horizon-et_007.jpg 803w, https:\/\/www.asso-unil.ch\/grc\/files\/2012\/03\/9-fevrier-votation-immigration-jeunes-erasmus-horizon-et_007-300x199.jpg 300w\" sizes=\"auto, (max-width: 289px) 100vw, 289px\" \/><\/a><span style=\"color: #800080\">Un Oui \u00e0<\/span><\/strong><span style=\"color: #800080\"><strong><span style=\"color: #800080\"> l\u2019UDC<\/span><\/strong><\/span><strong><span style=\"color: #800080\"> le 9 f\u00e9vrier<\/span> c<span style=\"color: #800080\">ontre l\u2019 \u00ab\u00a0immigration de<\/span><\/strong><span style=\"color: #800080\"><strong><span style=\"color: #800080\">masse\u00a0\u00bb MAIS pour quelles cons\u00e9quences ?!<\/span><\/strong><\/span><\/h2>\n<p><strong>Conf\u00e9rence-d\u00e9bat<\/strong><br \/>\nAvec <strong><em>Claude Calame<\/em><\/strong>, directeur d\u2019\u00e9tudes \u00e9m\u00e9rite,\u00a0\u00c9coles des hautes \u00e9tudes en\u00a0sciences sociales (EHESS), Paris et anciennement professeur de langue et litt\u00e9rature grecques \u00e0 la Facult\u00e9 des Lettres de l\u2019Universit\u00e9 de Lausanne.<\/p>\n<p><strong><strong>Mardi 11 mars, 17h1<\/strong>5<br \/>\n<strong>G\u00e9opolis, 2227<br \/>\n<\/strong><\/strong><\/p>\n<p>L\u2019acceptation de l\u2019initiative \u00ab?Contre l\u2019immigration de masse?\u00bb par 50,3?% du corps \u00e9lectoral repr\u00e9sente un succ\u00e8s important pour l\u2019UDC et la politique migratoire qu\u2019elle pr\u00e9conise, fond\u00e9e sur la pr\u00e9f\u00e9rence patronale, la limitation des droits des mi\u00adgrant\u00b7e\u00b7s, le racisme d\u2019Etat, entendu comme <em>\u00ab<\/em>?<em>d\u00e9fense de l\u2019identit\u00e9 nationale contre une alt\u00e9ration excessive<\/em>?<em>\u00bb<\/em>, ainsi que l\u2019autonomie de d\u00e9cision des autorit\u00e9s suisses et la ren\u00e9gociation des trait\u00e9s internationaux -&gt;<a title=\"Un Oui \u00e0 l\u2019UDC le 9 f\u00e9vrier contre l\u2019 \u00ab immigration demasse \u00bb MAIS pour quelles cons\u00e9quences ?!\" href=\"https:\/\/www.asso-unil.ch\/grc\/2014\/03\/un-oui-a-ludc-le-9-fevrier-contre-l-immigration-demasse-mais-pour-quelles-consequences\/\"> Lire la suite et documentation<\/a><\/p>\n<h1><strong><em><br \/>\nS\u00e9ances du mois de f\u00e9vrier 2014<\/em><\/strong><\/h1>\n<h2><strong>La coupe est pleine ! Les d\u00e9sastres \u00e9conomiques et sociaux des grands \u00e9v\u00e9nements sportifs <a href=\"https:\/\/www.asso-unil.ch\/grc\/files\/2012\/03\/JO2.jpg\"><img loading=\"lazy\" decoding=\"async\" class=\"alignright size-full wp-image-1532\" src=\"https:\/\/www.asso-unil.ch\/grc\/files\/2012\/03\/JO2.jpg\" alt=\"JO2\" width=\"297\" height=\"170\" \/><\/a><\/strong><\/h2>\n<p><strong>Conf\u00e9rence-d\u00e9bat<\/strong><br \/>\nAvec <strong><em>Julie Duchatel<\/em><\/strong>, repr\u00e9sentante du CETIM et\u00a0<em><strong>Alexandre Mari\u00e9thoz<\/strong>, porte-parole romand de <em>Solidar<\/em> Suisse.<br \/>\n<\/em><\/p>\n<p><strong><strong>Jeudi 27 f\u00e9vrier, 17h1<\/strong>5<br \/>\n<strong>G\u00e9opolis, 2137<\/strong><\/strong><\/p>\n<p>Les jeux olympiques de Sotchi et le Mundial, qui se tiendra au Br\u00e9sil en juin-juillet prochain, sont l\u2019occasion de nous pencher sur les cons\u00e9quences \u00e9conomiques et sociales de ces gigantesques \u00e9v\u00e8nements sportifs. Le GRC fait donc appel au Centre Europe-Tiers Monde qui vient de publier un ouvrage collectif sur le sujet, <i><a href=\"https:\/\/www.cetim.ch\/fr\/publications_ouvrages\/181\/la-coupe-est-pleine-les-desastres-economiques-et-sociaux-des-grands-evenements-sportifs\">La coupe est pleine ! Les d\u00e9sastres \u00e9conomiques et sociaux des grands \u00e9v\u00e9nements sportifs<\/a>, <\/i>ainsi\u00a0 qu\u2019\u00e0 l\u2019 <a href=\"https:\/\/www.solidar.ch\/75-ans-de-solidarit.html\">Oeuvre suisse d\u2019entraide ouvri\u00e8re <\/a>qui lutte contre les in\u00e9galit\u00e9s Nord\/Sud pour discuter des d\u00e9sastres engendr\u00e9s par ces \u00e9v\u00e8nements. -&gt; <a title=\"La coupe est pleine ! Les d\u00e9sastres \u00e9conomiques et sociaux des grands \u00e9v\u00e9nements sportifs\" href=\"https:\/\/www.asso-unil.ch\/grc\/2014\/02\/la-coupe-est-pleine-les-desastres-economiques-et-sociaux-des-grands-evenements-sportifs\/\">Lire la suite et documentation\u2026\u00a0<\/a><\/p>\n<p>&nbsp;<\/p>\n<h1><strong><em>S\u00e9ances du mois de d\u00e9cembre 2013<br \/>\n<\/em><\/strong><\/h1>\n<h2><span style=\"color: #ff6600\"><a style=\"color: #ff6600\" title=\"Premier bilan des r\u00e9volutions qui \u00e9branlent la r\u00e9gion arabe\" href=\"https:\/\/www.asso-unil.ch\/grc\/2013\/11\/premier-bilan-des-revolutions-qui-ebranlent-la-region-arabe\/\"><strong><span style=\"color: #ff6600\">Premier bilan des r\u00e9volutions qui \u00e9branlent la<\/span> <span style=\"color: #ff6600\">r\u00e9gion arabe<\/span><\/strong><\/a><\/span><\/h2>\n<p>Conf\u00e9rence-d\u00e9bat organis\u00e9e par le\u00a0 Groupe de recherche interfacultaire sur les mouvements d\u2019\u00e9mancipation (<a href=\"https:\/\/www3.unil.ch\/wpmu\/ple\/grime\/\">GRIME<\/a>).<br \/>\navec <strong><em>Gilbert ACHCAR<\/em>, <\/strong>Professeur de sciences politiques, School of Oriental and African Studies (SOAS), Londres.<\/p>\n<h2><span style=\"color: #ff6600\"><a style=\"color: #ff6600\" title=\"Les droits des personnes \u00ab\u00a0rom\u00a0\u00bb en situation pr\u00e9caire\" href=\"https:\/\/www.asso-unil.ch\/grc\/2013\/12\/les-droits-des-personnes-rom-en-situation-precaire\/\"><span style=\"color: #ff6600\"><strong><span style=\"color: #ff6600\">Les <\/span><\/strong><strong><span style=\"color: #ff6600\">droits<\/span><\/strong><strong><span style=\"color: #ff6600\"> des<\/span> <span style=\"color: #ff6600\">per<\/span><\/strong><\/span><strong><span style=\"color: #ff6600\">sonnes \u00ab\u00a0rom\u00a0\u00bb en<\/span><\/strong><span style=\"color: #ff6600\"><strong><span style=\"color: #ff6600\"> situation pr\u00e9caire<\/span><\/strong><\/span><\/a><\/span><\/h2>\n<p><strong>Discussion avec<\/strong><br \/>\n<b><i>Djemila<\/i><\/b><b><i><\/i><\/b><b><i>Carron<\/i><\/b><br \/>\nCofondatrice de la Law Clinic \u00e0 l\u2019universit\u00e9 de Gen\u00e8ve, doctorante et assistante en droit international public.<\/p>\n<h1><\/h1>\n<h1><strong><em>S\u00e9ances du mois de novembre 2013<br \/>\n<\/em><\/strong><\/h1>\n<h2><a title=\"Mont\u00e9e de l\u2019extr\u00eame droite en Europe: quelle situation ? que faire ?\" href=\"https:\/\/www.asso-unil.ch\/grc\/2013\/11\/montee-de-lextreme-droite-en-europe-quelle-situation-que-faire\/\"><strong>Mont\u00e9e de l\u2019extr\u00eame droite en Europe: quelle situation ? que faire ? <\/strong><\/a><\/h2>\n<p><strong>Discussion sur la base de lectures communes<br \/>\n<strong>Jeudi 7 novembre, 17h1<\/strong>5<br \/>\n<strong>G\u00e9opolis, 2137<\/strong><br \/>\n<\/strong><\/p>\n<h2><b><\/b><b><a title=\"Jeux vid\u00e9os: Sexisme et aveuglement ?\" href=\"https:\/\/www.asso-unil.ch\/grc\/2013\/11\/jeux-videos-sexisme-et-aveuglement\/\">Jeux vid\u00e9os: une culture sexiste ? <\/a><\/b><b><br \/>\n<\/b><\/h2>\n<p><strong>Conf\u00e9rence-d\u00e9bat<\/strong><br \/>\navec\u00a0 <strong><em>Mard_Lard\u00a0 <\/em><\/strong><br \/>\nGameuse f\u00e9ministe et\u00a0auteure de nombreux articles web sur le sexisme dans la culture geek<\/p>\n<h2><strong><strong><br \/>\n<a title=\"Le genre est-il (in)traduisible ?\" href=\"https:\/\/www.asso-unil.ch\/grc\/2013\/11\/le-genre-est-il-intraduisible\/\">Le genre<\/a><a title=\"Le genre est-il (in)traduisible ?\" href=\"https:\/\/www.asso-unil.ch\/grc\/2013\/11\/le-genre-est-il-intraduisible\/\"> est-il (in)traduisible ?<\/a><\/strong><br \/>\n<\/strong><\/h2>\n<p><strong>Nous soutenons la conf\u00e9rence organis\u00e9e par<br \/>\nla section d\u2019anglais et le centre en Etudes Genre (Liege)<\/strong><br \/>\navec\u00a0 <strong><em>Judith Butler<br \/>\n<\/em><\/strong>Professeure dans les d\u00e9partements de rh\u00e9torique<br \/>\net de litt\u00e9rature compar\u00e9e de l\u2019Universit\u00e9 de Berkeley<\/p>\n<h2><a title=\"Vie, capitalisme contemporain et ali\u00e9nation\" href=\"https:\/\/www.asso-unil.ch\/grc\/2013\/11\/vie-capitalisme-contemporain-et-alienation\/\"><strong><br \/>\n<span style=\"color: #800080\">Vie, capitalisme contemporain et ali\u00e9nation<\/span><\/strong><\/a><\/h2>\n<p><strong>Nous soutenons la conf\u00e9rence organis\u00e9e par<br \/>\nle Groupe de recherche interfacultaire sur les mouvements d\u2019\u00e9mancipation (<a href=\"https:\/\/www3.unil.ch\/wpmu\/ple\/grime\/\">GRIME<\/a>).<\/strong><br \/>\navec\u00a0\u00a0<em><strong>St\u00e9phane Haber<br \/>\n<\/strong><\/em>Professeur de philosophie \u00e0 l\u2019universit\u00e9 Paris-X Nanterre, sp\u00e9cialiste des th\u00e9ories de l\u2019ali\u00e9nation en r\u00e9f\u00e9rence \u00e0 Marx et \u00e0 Freud.<em><strong><br \/>\n<\/strong><\/em><\/p>\n<h2><a title=\"Du th\u00e9\u00e2tre pour changer la soci\u00e9t\u00e9!\" href=\"https:\/\/www.asso-unil.ch\/grc\/2013\/11\/du-theatre-pour-changer-la-societe\/\"><strong><br \/>\n<span style=\"color: #800080\">Du th\u00e9\u00e2tre pour changer la soci\u00e9t\u00e9!<\/span><\/strong><\/a><\/h2>\n<p><strong>Discussion avec<\/strong><br \/>\n<em><strong>Valentine Lasserre <\/strong><\/em><br \/>\nAnimatrice socioculturelle et praticienne de Th\u00e9\u00e2tre de l\u2019Opprim\u00e9, a anim\u00e9 des ateliers dans divers contextes sociaux d\u2019Am\u00e9rique latine et d\u2019Europe. Collabore actuellement en Suisse avec Arc-en-sc\u00e8ne, dont Jean-Michel Brandt.<\/p>\n<h2><a title=\"La Suisse et son secret bancaire: quelles pressions ? quels changements ?\" href=\"https:\/\/www.asso-unil.ch\/grc\/2013\/11\/la-suisse-et-son-secret-bancaire-quelles-pressions-quels-changements\/\"><strong><br \/>\n<span style=\"color: #800080\">La Suisse et son secret bancaire: quelles pressions ?\u00a0quels changements ?<\/span><\/strong><\/a><\/h2>\n<p><strong>Conf\u00e9rence-d\u00e9bat<br \/>\n<\/strong>avec<strong><em> S\u00e9bastien Guex<br \/>\n<\/em><\/strong>Professeur d\u2019histoire \u00e0 l\u2019Universit\u00e9 de Lausanne, sp\u00e9cialiste de l\u2019histoire financi\u00e8re de la Suisse au XIXe et XXe si\u00e8cle et plus particuli\u00e8rement de l\u2019histoire du secret bancaire. <strong><br \/>\n<\/strong><\/p>\n<h1><\/h1>\n<h1><em><strong>S\u00e9ances du mois d\u2019octobre 2013<br \/>\n<\/strong><\/em><\/h1>\n<h2><span style=\"color: #0000ff\"><strong><a style=\"color: #0000ff\" title=\"Syrie : une r\u00e9volution prise en otage\" href=\"https:\/\/www.asso-unil.ch\/grc\/2013\/09\/syrie-une-revolution-prise-en-otage\/\">Syrie: une r\u00e9volution prise en otage\u00a0<\/a><\/strong><\/span><\/h2>\n<p><strong>Discussion avec<\/strong><br \/>\n<strong><em>Joseph Daher<br \/>\n<\/em><\/strong>Doctorant-chercheur \u00e0 l\u2019Institute of African and Oriental Studies \u00e0 Londres et \u00e0 l\u2019Universit\u00e9 de Lausanne.<\/p>\n<p>&nbsp;<\/p>\n<h2><span style=\"color: #0000ff\"><a style=\"color: #0000ff\" title=\"La place et le r\u00f4le de la Suisse dans le commerce International des mati\u00e8res premi\u00e8res, 19-20e si\u00e8cles\" href=\"https:\/\/www.asso-unil.ch\/grc\/2013\/10\/1123\/\"><strong><span style=\"color: #0000ff\">La place et le r\u00f4le de la Suisse dans le commerce International des mati\u00e8res premi\u00e8res, 19-20e si\u00e8cles\u00a0<\/span><\/strong><\/a><\/span><\/h2>\n<p><strong>Conf\u00e9rence-d\u00e9bat<\/strong><br \/>\n<em><strong>S\u00e9bastien Guex <\/strong><\/em><br \/>\nSp\u00e9cialiste de l\u2019histoire financi\u00e8re de la Suisse \u00e0\u00a0 l\u2019Universit\u00e9 de Lausanne.<\/p>\n<p>&nbsp;<\/p>\n<h2><span style=\"color: #0000ff\"><a style=\"color: #0000ff\" title=\"Les Nouveaux Chiens de garde (documentaire)\" href=\"https:\/\/www.asso-unil.ch\/grc\/2013\/10\/les-nouveaux-chiens-de-garde-documentaire\/\"><strong><span style=\"color: #0000ff\">Les Nouveaux Chiens de garde (documentaire)<\/span><\/strong><\/a><\/span><\/h2>\n<p>Les Nouveaux Chiens de garde est un film documentaire r\u00e9alis\u00e9 par Gilles Balbastre et Yannick Kergoat, sorti en France le 11 janvier 2012.<\/p>\n<p>&nbsp;<\/p>\n<h2><a title=\"L\u2019\u00e9volution des grands groupes de presse en Suisse: Qui forme l\u2019opinion  ?\" href=\"https:\/\/www.asso-unil.ch\/grc\/2013\/10\/levolution-des-grands-groupes-de-presse-en-suisse-qui-forme-lopinion\/\"><strong><span style=\"color: #0000ff\">L\u2019\u00e9volution des grands groupes de presse en Suisse:<\/span><\/strong><\/a><br \/>\n<span style=\"color: #0000ff\"> <a style=\"color: #0000ff\" title=\"L\u2019\u00e9volution des grands groupes de presse en Suisse: Qui forme l\u2019opinion  ?\" href=\"https:\/\/www.asso-unil.ch\/grc\/2013\/10\/levolution-des-grands-groupes-de-presse-en-suisse-qui-forme-lopinion\/\"> <strong><span style=\"color: #0000ff\">Qui forme l\u2019opinion\u00a0 ?\u00a0<\/span><\/strong> <\/a><\/span><\/h2>\n<p><strong>Discussion avec<\/strong><br \/>\n<strong><em>Yves Sancey <\/em><\/strong><br \/>\nSyndicaliste dans le secteur des m\u00e9dias<br \/>\net docteur en science politique<\/p>\n<h1><strong><em>S\u00e9ance du mois de septembre<\/em><\/strong><\/h1>\n<h2><span style=\"color: #008080\"><a style=\"color: #008080\" title=\"Menaces sur les nuits lausannoises\" href=\"https:\/\/www.asso-unil.ch\/grc\/2013\/09\/menaces-sur-les-nuits-lausannoises\/\"><strong><span style=\"color: #008080\">Men<\/span><\/strong><\/a><a style=\"color: #008080\" title=\"Menaces sur les nuits lausannoises\" href=\"https:\/\/www.asso-unil.ch\/grc\/2013\/09\/menaces-sur-les-nuits-lausannoises\/\"><strong><span style=\"color: #008080\">aces sur les nuits lausannoises\u00a0<\/span><\/strong><\/a><\/span><\/h2>\n<p><strong>Jeudi 23 septembre<br \/>\nG\u00e9opolis, salle 2137, \u00e0 17h15<\/strong><\/p>\n<p>Discussion avec <strong><em>Pierre Raboud<\/em><\/strong><br \/>\nDoctorant sp\u00e9cialiste des cultures alternatives, UNIL<\/p>\n","protected":false},"excerpt":{"rendered":"<p>S\u00e9ances du mois d\u2019avril-mai 2014 La mise \u00e0 mort du travail Projection d\u2019extraits de \u00ab\u00a0La mise \u00e0 mort du travail\u00a0\u00bb de Jean-Robert Viallet Jeudi 15 mai \u00e0 17:15, G\u00e9opolis 2137 &hellip; <\/p>\n","protected":false},"author":7,"featured_media":0,"parent":89,"menu_order":6,"comment_status":"closed","ping_status":"closed","template":"","meta":{"_seopress_robots_primary_cat":"","_seopress_titles_title":"","_seopress_titles_desc":"","_seopress_robots_index":"","footnotes":""},"class_list":["post-1684","page","type-page","status-publish"],"_links":{"self":[{"href":"https:\/\/www.asso-unil.ch\/grc\/wp-json\/wp\/v2\/pages\/1684","targetHints":{"allow":["GET"]}}],"collection":[{"href":"https:\/\/www.asso-unil.ch\/grc\/wp-json\/wp\/v2\/pages"}],"about":[{"href":"https:\/\/www.asso-unil.ch\/grc\/wp-json\/wp\/v2\/types\/page"}],"author":[{"embeddable":true,"href":"https:\/\/www.asso-unil.ch\/grc\/wp-json\/wp\/v2\/users\/7"}],"replies":[{"embeddable":true,"href":"https:\/\/www.asso-unil.ch\/grc\/wp-json\/wp\/v2\/comments?post=1684"}],"version-history":[{"count":0,"href":"https:\/\/www.asso-unil.ch\/grc\/wp-json\/wp\/v2\/pages\/1684\/revisions"}],"up":[{"embeddable":true,"href":"https:\/\/www.asso-unil.ch\/grc\/wp-json\/wp\/v2\/pages\/89"}],"wp:attachment":[{"href":"https:\/\/www.asso-unil.ch\/grc\/wp-json\/wp\/v2\/media?parent=1684"}],"curies":[{"name":"wp","href":"https:\/\/api.w.org\/{rel}","templated":true}]}}