{"id":165,"date":"2012-03-03T16:04:48","date_gmt":"2012-03-03T15:04:48","guid":{"rendered":"http:\/\/www.asso-unil.ch\/grc\/?page_id=165"},"modified":"2012-03-04T17:26:50","modified_gmt":"2012-03-04T16:26:50","slug":"2009-2010","status":"publish","type":"page","link":"https:\/\/www.asso-unil.ch\/grc\/archives-2\/conferences\/2009-2010\/","title":{"rendered":"2009-2010"},"content":{"rendered":"<p><span style=\"color: #993300\"><strong>Historique des conf\u00e9rences, 2009-20010<\/strong><\/span><\/p>\n<h3 style=\"text-align: center\"><strong>\u00a0<\/strong><\/h3>\n<h2 style=\"text-align: center\"><strong>\u00ab OBAMA, UN AN APRES \u00bb<\/strong><\/h2>\n<p style=\"text-align: center\"><strong><span style=\"color: #993300\">Conf\u00e9rence de Serge Halimi,<br \/>\ndirecteur du Monde diplomatique.<\/span><\/strong><\/p>\n<p style=\"text-align: center\">Un an apr\u00e8s l&rsquo;arriv\u00e9e d&rsquo;Obama, la soci\u00e9t\u00e9 am\u00e9ricaine a-t-elle chang\u00e9 ? Sa politique ext\u00e9rieure n&rsquo;est-elle plus caract\u00e9ris\u00e9e par la volont\u00e9 d&rsquo;h\u00e9g\u00e9monie ?<\/p>\n<p style=\"text-align: center\"><strong><span style=\"text-decoration: underline\">Jeudi 3 d\u00e9cembre 2009, Anthropole, salle 1031, 17h30<\/span><\/strong><\/p>\n<p>&nbsp;<\/p>\n<p>&nbsp;<\/p>\n<p>&nbsp;<\/p>\n<h2 style=\"text-align: center\"><strong>L\u2019aristocratie de l\u2019argent est-elle en train de gagner la guerre des classes ?<\/strong><\/h2>\n<p style=\"text-align: center\"><strong><span style=\"color: #993300\">Conf\u00e9rence de Monique Pin\u00e7on-Charlot<br \/>\net de Michel Pin\u00e7on<\/span><\/strong><\/p>\n<p>Une classe mobilis\u00e9e. La bourgeoisie se construit contin\u00fbment. Les bourgeois travaillent sans cesse \u00e0 conforter la classe bourgeoise. Les collectifs tels que \u00ab la bourgeoisie \u00bb ne sont pas utilis\u00e9s ici seulement par facilit\u00e9 d\u2019\u00e9criture. Par un travail toujours recommenc\u00e9 la classe entretient les limites qui marquent ses fronti\u00e8res, instruit ses jeunes g\u00e9n\u00e9rations, se pr\u00e9serve des promiscuit\u00e9s g\u00eanantes ou mena\u00e7antes. Fond\u00e9e sur la richesse mat\u00e9rielle, la bourgeoisie atteint le statut de classe pleine et enti\u00e8re, selon les crit\u00e8res marxistes, par cet effort constant pour se r\u00e9aliser en tant que groupe social. La bourgeoisie existe ainsi en soi, par sa place dans les rapports de production, mais aussi pour soi, par la mobilisation qu\u2019elle manifeste dans son existence quotidienne en vue de pr\u00e9server et de transmettre cette position dominante. En soi, la bourgeoisie est la classe sociale qui pr\u00e9l\u00e8ve la plus-value et en vit concr\u00e8tement. Pour soi, la bourgeoisie se construit comme classe dans la pratique, en d\u00e9fendant collectivement ses int\u00e9r\u00eats. Forte de sa position dominante, il lui est superflu de faire la th\u00e9orie de cette position et elle peut m\u00eame s\u2019offrir un luxe de plus, celui de d\u00e9nier l\u2019existence de classes antagonistes. La bourgeoisie n\u2019existe pas seulement sur le mode objectif de la classe en soi, mais elle n\u2019existe comme classe pour soi que sur le mode pratique, puisqu\u2019elle refuse la th\u00e9orie qui lui permettrait de construire les repr\u00e9sentations ad\u00e9quates de sa position de classe.<\/p>\n<p>\u00ab La bourgeoisie est bien toujours l\u00e0, fid\u00e8le \u00e0 la position dominante. Classe en soi et classe pour soi, elle est la seule aujourd&rsquo;hui \u00e0 prendre ce caract\u00e8re qui fait la classe r\u00e9elle, \u00e0 savoir d&rsquo;\u00eatre mobilis\u00e9e. \u00bb (Pin\u00e7on et Pin\u00e7on-Charlot)<\/p>\n<p>\u00ab\u00a0La guerre des classes existe, c\u2019est un fait, mais c\u2019est la mienne, celle des riches, qui m\u00e8ne cette guerre et nous sommes en train de la remporter.\u00a0\u00bb (Warren Buffett, premi\u00e8re fortune mondiale)<\/p>\n<p style=\"text-align: center\"><strong><span style=\"text-decoration: underline\">13 avril 2010, 17h15, salle 2013, b\u00e2timent Anthropole, UNIL<\/span><\/strong><\/p>\n<p>&nbsp;<\/p>\n<p>&nbsp;<\/p>\n<p>&nbsp;<\/p>\n<p>&nbsp;<\/p>\n","protected":false},"excerpt":{"rendered":"<p>Historique des conf\u00e9rences, 2009-20010 \u00a0 \u00ab OBAMA, UN AN APRES \u00bb Conf\u00e9rence de Serge Halimi, directeur du Monde diplomatique. Un an apr\u00e8s l&rsquo;arriv\u00e9e d&rsquo;Obama, la soci\u00e9t\u00e9 am\u00e9ricaine a-t-elle chang\u00e9 ? &hellip; <\/p>\n","protected":false},"author":7,"featured_media":0,"parent":131,"menu_order":6,"comment_status":"closed","ping_status":"closed","template":"","meta":{"_seopress_robots_primary_cat":"","_seopress_titles_title":"","_seopress_titles_desc":"","_seopress_robots_index":"","footnotes":""},"class_list":["post-165","page","type-page","status-publish"],"_links":{"self":[{"href":"https:\/\/www.asso-unil.ch\/grc\/wp-json\/wp\/v2\/pages\/165","targetHints":{"allow":["GET"]}}],"collection":[{"href":"https:\/\/www.asso-unil.ch\/grc\/wp-json\/wp\/v2\/pages"}],"about":[{"href":"https:\/\/www.asso-unil.ch\/grc\/wp-json\/wp\/v2\/types\/page"}],"author":[{"embeddable":true,"href":"https:\/\/www.asso-unil.ch\/grc\/wp-json\/wp\/v2\/users\/7"}],"replies":[{"embeddable":true,"href":"https:\/\/www.asso-unil.ch\/grc\/wp-json\/wp\/v2\/comments?post=165"}],"version-history":[{"count":0,"href":"https:\/\/www.asso-unil.ch\/grc\/wp-json\/wp\/v2\/pages\/165\/revisions"}],"up":[{"embeddable":true,"href":"https:\/\/www.asso-unil.ch\/grc\/wp-json\/wp\/v2\/pages\/131"}],"wp:attachment":[{"href":"https:\/\/www.asso-unil.ch\/grc\/wp-json\/wp\/v2\/media?parent=165"}],"curies":[{"name":"wp","href":"https:\/\/api.w.org\/{rel}","templated":true}]}}