{"id":163,"date":"2012-03-03T16:04:33","date_gmt":"2012-03-03T15:04:33","guid":{"rendered":"http:\/\/www.asso-unil.ch\/grc\/?page_id=163"},"modified":"2012-03-04T17:25:58","modified_gmt":"2012-03-04T16:25:58","slug":"2008-2009","status":"publish","type":"page","link":"https:\/\/www.asso-unil.ch\/grc\/archives-2\/conferences\/2008-2009\/","title":{"rendered":"2008-2009"},"content":{"rendered":"<p style=\"text-align: left\"><span style=\"color: #993300\"><strong>Historique des conf\u00e9rences, 2008-2009<\/strong><\/span><\/p>\n<h2 style=\"text-align: center\"><\/h2>\n<h2 style=\"text-align: center\"><strong><br \/>\n\u00ab\u00a0Lutter pour le droit \u00e0 la ville\u00a0\u00bb<\/strong><\/h2>\n<p style=\"text-align: center\"><strong><span style=\"color: #993300\">Conf\u00e9rence d&rsquo;Andy Merrifield<\/span>,<\/strong><br \/>\nsp\u00e9cialiste de la question du droit \u00e0 la ville et auteur de Henri Lefebvre. A critical introduction (New York, 2006) et The urbanization of injustice (London, 1996)<\/p>\n<p style=\"text-align: center\"><span style=\"text-decoration: underline\">Mardi 10 mars \u00e0 17h30 (Unil &#8211; Anthropole &#8211; salle 2106)<\/span><\/p>\n<p>&nbsp;<\/p>\n<p>&nbsp;<\/p>\n<h2 style=\"text-align: center\"><strong>\u00ab Le mot r\u00e9sister ne doit se conjuguer qu\u2019au pr\u00e9sent. \u00bb<\/strong><\/h2>\n<p style=\"text-align: center\"><strong><span style=\"color: #993300\">Conf\u00e9rence d&rsquo;Anne Sizaire<\/span><\/strong><\/p>\n<p>Lucie Aubrac: Quelles r\u00e9sistances possibles ? D\u2019hier \u00e0 aujourd\u2019hui Avec la Commune de Paris de 1871 ou contre le nazisme, des individus se sont engag\u00e9s pour lutter contre le pouvoir en place. Quelles sont les raisons et les implications d\u2019un tel choix ? En quoi leurs parcours \u00e9clairent-ils notre pr\u00e9sent et les luttes \u00e0 mener aujourd\u2019hui ?<\/p>\n<p>Anne Sizaire est \u00e9crivaine, auteur de Louise Michel (1995), Primo Levi. L\u2019humanit\u00e9 apr\u00e8s Auschwitz (1997), Les Roses du mal (2008).<\/p>\n<p style=\"text-align: center\"><span style=\"text-decoration: underline\">\u00a0Mardi 7 avril, 17h15, salle 2024<\/span><\/p>\n<p>&nbsp;<\/p>\n<p>&nbsp;<\/p>\n","protected":false},"excerpt":{"rendered":"<p>Historique des conf\u00e9rences, 2008-2009 \u00ab\u00a0Lutter pour le droit \u00e0 la ville\u00a0\u00bb Conf\u00e9rence d&rsquo;Andy Merrifield, sp\u00e9cialiste de la question du droit \u00e0 la ville et auteur de Henri Lefebvre. A critical &hellip; <\/p>\n","protected":false},"author":7,"featured_media":0,"parent":131,"menu_order":7,"comment_status":"closed","ping_status":"closed","template":"","meta":{"_seopress_robots_primary_cat":"","_seopress_titles_title":"","_seopress_titles_desc":"","_seopress_robots_index":"","footnotes":""},"class_list":["post-163","page","type-page","status-publish"],"_links":{"self":[{"href":"https:\/\/www.asso-unil.ch\/grc\/wp-json\/wp\/v2\/pages\/163","targetHints":{"allow":["GET"]}}],"collection":[{"href":"https:\/\/www.asso-unil.ch\/grc\/wp-json\/wp\/v2\/pages"}],"about":[{"href":"https:\/\/www.asso-unil.ch\/grc\/wp-json\/wp\/v2\/types\/page"}],"author":[{"embeddable":true,"href":"https:\/\/www.asso-unil.ch\/grc\/wp-json\/wp\/v2\/users\/7"}],"replies":[{"embeddable":true,"href":"https:\/\/www.asso-unil.ch\/grc\/wp-json\/wp\/v2\/comments?post=163"}],"version-history":[{"count":0,"href":"https:\/\/www.asso-unil.ch\/grc\/wp-json\/wp\/v2\/pages\/163\/revisions"}],"up":[{"embeddable":true,"href":"https:\/\/www.asso-unil.ch\/grc\/wp-json\/wp\/v2\/pages\/131"}],"wp:attachment":[{"href":"https:\/\/www.asso-unil.ch\/grc\/wp-json\/wp\/v2\/media?parent=163"}],"curies":[{"name":"wp","href":"https:\/\/api.w.org\/{rel}","templated":true}]}}