{"id":161,"date":"2012-03-03T16:04:12","date_gmt":"2012-03-03T15:04:12","guid":{"rendered":"http:\/\/www.asso-unil.ch\/grc\/?page_id=161"},"modified":"2012-03-04T17:02:06","modified_gmt":"2012-03-04T16:02:06","slug":"2006-2007","status":"publish","type":"page","link":"https:\/\/www.asso-unil.ch\/grc\/archives-2\/conferences\/2006-2007\/","title":{"rendered":"2006-2007"},"content":{"rendered":"<p><span style=\"color: #993300\"><strong>Historique des conf\u00e9rences, 2006-2007<\/strong><\/span><\/p>\n<p><strong>Naissance de la violence&#8230; Autour des Brigades rouges et du G8<\/strong><\/p>\n<p><span><strong><br \/>\nCONFERENCE<\/strong><\/span><br \/>\nMercredi 24 janvier \u00e0 17h15<strong><br \/>\n<\/strong>Conf\u00e9rence de Marco Scavino, historien, chercheur au Centro Studi Piero Gobetti de Turin et co-auteur de \u00abLa Fiat aux mains des ouvriers. L&rsquo;automne chaud de 1969 \u00e0 Turin\u00bb, Ed. nuits rouges, 2005. Salle 2024, Anthropole, UNIL<br \/>\nConf\u00e9rence suivie d&rsquo;une discussion.<\/p>\n<p><span style=\"color: #993300\"><strong>PIECE DE THEATRE<\/strong><\/span><br \/>\nDu jeudi 25 au samedi 27 janvier 2007<br \/>\n\u00abNaissance de la violence\u00bb de J\u00e9r\u00f4me Richer d&rsquo;apr\u00e8s Renato Curcio, membre fondateur des Brigades Rouges, par la Cie des Ombres<br \/>\nGrange de Dorigny (www.grangededorigny.ch)<\/p>\n<p><span style=\"color: #993300\"><strong>PROJECTIONS<\/strong><\/span><br \/>\nDimanche 21 et mardi 23 janvier \u00e0 21h<br \/>\nCin\u00e9ma OBLO (www.oblo.ch)<br \/>\n\u00abDO IT\u00bb De S. Gisiger et M.Zwingli (CH 2000) Documentaire sur une cellule revolutionnaire zuriquoise dans les annees 70, leurs revendications, le r\u00e9seau international&#8230;<\/p>\n<p>Lundi 22 et dimanche 28 janvier \u00e0 21h<br \/>\n\u00abEVIANNAIVE\u00bb De Verena Vargas (DE\/CH 2005) Premi\u00e8re Suisse . Documentaire sur la caravane partie de Berlin jusqu&rsquo;a Geneve pour manifester voire contrer le G8 a Evian<\/p>\n<p><span style=\"color: #993300\"><strong>EXPOSITION<\/strong><\/span><br \/>\nDu 18 janvier au 12 f\u00e9vrier<br \/>\n\u00abQuelques ann\u00e9es d&rsquo;une contestation&#8230;\u00bb<br \/>\nPhotographies de Philippe G\u00e9taz (www.taegz.com)<br \/>\nTravail r\u00e9alis\u00e9 entre 2000 et 2003 sur les manifestations anti-mondialisation.<br \/>\nFoyer de la Grange de Dorigny<br \/>\nVernissage vendredi 26 janvier d\u00e8s 18h<\/p>\n<p>&nbsp;<\/p>\n<p><span style=\"color: #000000\"><strong>Projection du film \u00ab\u00a0The Road to Guantanamo\u00a0\u00bb<\/strong><\/span><br \/>\nsuivie d&rsquo;une discussion-r\u00e9flexion avec la pr\u00e9sence de membres d&rsquo;Amnesty, Mercredi 21 mars, 17h15<br \/>\nOrganis\u00e9e en collaboration avec le Cin\u00e9club et le groupe hautes \u00e9coles lausannoises d&rsquo;Amnesty International<br \/>\n<strong>La Palestine occup\u00e9e<\/strong><br \/>\nMercredi 28 mars \u00e0 17h15, Anthropole, salle 2120<br \/>\nConf\u00e9rence de Eric Hazan, cardiologue, directeur des Editions La Fabrique, Paris, auteur de \u00abNotes sur l&rsquo;occupation : Naplouse, Kalkilyia, H\u00e9bron\u00bb<br \/>\nOrganis\u00e9 par attac Vaud et cercle \u00e9tudiant alapage2, soutenue par le groupe regards critiques<\/p>\n<p>&nbsp;<\/p>\n<p><span style=\"color: #000000\"><strong>Projection du film: Punir les malades?<\/strong><\/span><br \/>\nMardi 24 avril, 17h15, Anthropole salle 2024<br \/>\nEntretiens film\u00e9s sur la 5\u00e8me revision de l&rsquo;assurance invalidit\u00e9, le travail et la solidarite suivi d&rsquo;une discussion avec Massimo Usel, chercheur en sant\u00e9 au travail. Les maladies en relation avec le travail ont augment\u00e9 de 75% en dix ans. Ce sont les nouvelles formes d&rsquo;organisation du travail qui en sont responsables, mais la r\u00e9vision n&rsquo;exige rien des patrons : ni d&rsquo;adapter les postes de travail, ni de payer la casse qu&rsquo;ils provoquent<\/p>\n<p>R\u00e9alisation du film: Comit\u00e9 Contre la Pr\u00e9carisation (CCP) et Forum Social L\u00e9manique (FSL), avec le concours du cin\u00e9aste Cicero Egli<\/p>\n<p>Projection-discussion soutenue par la coordination vaudoise contre la 5\u00e8me r\u00e9vision de l&rsquo;AI<\/p>\n<p>&nbsp;<\/p>\n<p><span style=\"color: #000000\"><strong>Travailler peut nuir gravement \u00e0 votre sant\u00e9<\/strong><\/span><br \/>\nConf\u00e9rence d&rsquo;Annie Th\u00e9baud-Monny<br \/>\n31 mai 2007<\/p>\n","protected":false},"excerpt":{"rendered":"<p>Historique des conf\u00e9rences, 2006-2007 Naissance de la violence&#8230; Autour des Brigades rouges et du G8 CONFERENCE Mercredi 24 janvier \u00e0 17h15 Conf\u00e9rence de Marco Scavino, historien, chercheur au Centro Studi &hellip; <\/p>\n","protected":false},"author":7,"featured_media":0,"parent":131,"menu_order":9,"comment_status":"closed","ping_status":"closed","template":"","meta":{"_seopress_robots_primary_cat":"","_seopress_titles_title":"","_seopress_titles_desc":"","_seopress_robots_index":"","footnotes":""},"class_list":["post-161","page","type-page","status-publish"],"_links":{"self":[{"href":"https:\/\/www.asso-unil.ch\/grc\/wp-json\/wp\/v2\/pages\/161","targetHints":{"allow":["GET"]}}],"collection":[{"href":"https:\/\/www.asso-unil.ch\/grc\/wp-json\/wp\/v2\/pages"}],"about":[{"href":"https:\/\/www.asso-unil.ch\/grc\/wp-json\/wp\/v2\/types\/page"}],"author":[{"embeddable":true,"href":"https:\/\/www.asso-unil.ch\/grc\/wp-json\/wp\/v2\/users\/7"}],"replies":[{"embeddable":true,"href":"https:\/\/www.asso-unil.ch\/grc\/wp-json\/wp\/v2\/comments?post=161"}],"version-history":[{"count":0,"href":"https:\/\/www.asso-unil.ch\/grc\/wp-json\/wp\/v2\/pages\/161\/revisions"}],"up":[{"embeddable":true,"href":"https:\/\/www.asso-unil.ch\/grc\/wp-json\/wp\/v2\/pages\/131"}],"wp:attachment":[{"href":"https:\/\/www.asso-unil.ch\/grc\/wp-json\/wp\/v2\/media?parent=161"}],"curies":[{"name":"wp","href":"https:\/\/api.w.org\/{rel}","templated":true}]}}