{"id":159,"date":"2012-03-03T16:03:52","date_gmt":"2012-03-03T15:03:52","guid":{"rendered":"http:\/\/www.asso-unil.ch\/grc\/?page_id=159"},"modified":"2012-03-04T16:50:27","modified_gmt":"2012-03-04T15:50:27","slug":"2005-2006","status":"publish","type":"page","link":"https:\/\/www.asso-unil.ch\/grc\/archives-2\/conferences\/2005-2006\/","title":{"rendered":"2005-2006"},"content":{"rendered":"<p><span style=\"color: #993300\"><strong>Historique des conf\u00e9rences, 2005-2006<\/strong><\/span><\/p>\n<p>Mardi 15 novembr<span style=\"color: #000000\">e<\/span><span style=\"color: #993300\"><span style=\"color: #000000\"><strong>, <\/strong>17h30, salle 271 de l&rsquo;Internef (B1)<\/span><strong><br \/>\n<span style=\"color: #000000\">48 heures de solidarit\u00e9 internationale<\/span><\/strong><\/span><br \/>\nLe 17 novembre a \u00e9t\u00e9 d\u00e9cr\u00e9t\u00e9 par Amnesty \u00ab\u00a0Journ\u00e9e Internationale de l&rsquo;EtudiantE\u00a0\u00bb en m\u00e9moire \u00e0 la r\u00e9pression sanglante qui s&rsquo;abattit sur les \u00e9tudiantEs tch\u00e8ques lors de manifestations anti-nazies en 1939.<\/p>\n<p>Ce jour est une occasion pour les \u00e9tudiantEs de mener une r\u00e9flexion aussi bien sur leur propre condition d&rsquo;\u00e9tudes que sur celles de leurs condisciples de par le monde. Nous nous battons ici pour une universit\u00e9 ouverte \u00e0 touTEs, sans barri\u00e8re sociale, ni \u00e9conomique. Dans de nombreux autres pays, les \u00e9tudiantEs se battent parfois pour simplement avoir le droit d&rsquo;\u00e9tudier ou pour que leurs droits fondamentaux soient respect\u00e9s.<\/p>\n<p>Cette ann\u00e9e, sur le campus lausannois, plusieurs associations d&rsquo;\u00e9tudiantEs se sont r\u00e9unies pour unir leur force et vous proposer diff\u00e9rents espaces de r\u00e9flexion autour de ces th\u00e9matiques. Elles vous ont concoct\u00e9 ces 48 heures de solidarit\u00e9 internationale.<\/p>\n<p>Amnesty International, Association des \u00e9tudiants musulmans, Cin\u00e9-club de l&rsquo;unil, F\u00e9d\u00e9ration des Associations d&rsquo;\u00e9tudiant-e-s, Groupe Regards Critiques<\/p>\n<p>&nbsp;<\/p>\n<p>Mercredi 16 novembre, 17h15, salle 2044, Anthropole (B2)<br \/>\n<span style=\"color: #000000\"><strong>Conf\u00e9rence sur les conditions d&rsquo;\u00e9tudes en Palestine<\/strong><\/span><br \/>\nProf. Ur Shlonsky, universit\u00e9 de Gen\u00e8ve<br \/>\nT\u00e9moignage, suivi d&rsquo;une discussion, d&rsquo;Eugen Dossin, \u00e9tudiant bi\u00e9lorusse, d\u00e9fenseur des droits humains<\/p>\n<p>&nbsp;<\/p>\n<p>Jeudi 17 novembre, 15h15, 1031, Anthropole (B2)<br \/>\n<span style=\"color: #000000\"><strong>Projection du documentaire \u00ab\u00a0Ni Olvido, ni perdon\u00a0\u00bb du r\u00e9alisateur R. Dindo<\/strong><\/span><br \/>\nEn 1968, des manifestations \u00e9tudiantes sont r\u00e9prim\u00e9es dans le sang par un gouvernement autoritaire d\u00e9sirant faire place nette avant les jeux olympiques d&rsquo;\u00e9t\u00e9 de Mexico.<\/p>\n<p>&nbsp;<\/p>\n<p>Mardi 24 janvier, 17h salle 2013 &#8211; B2 (Anthropole)<br \/>\n<span style=\"color: #000000\"><strong>Catastrophe de New Orleans et guerre contre les pauvres<\/strong><\/span><br \/>\nJay Arena, USA, activiste anti-guerre et militant syndical de base, repr\u00e9sentant d&rsquo;une coalition de la Nouvelle-Orl\u00e9ans luttant pour une reconstruction autod\u00e9termin\u00e9e apr\u00e8s la catastrophe r\u00e9cente.<br \/>\nEn collaboration avec l&rsquo;autre Davos<\/p>\n<p>&nbsp;<\/p>\n<p>Jeudi 26 janvier 20h Buffet de la gare de Lausanne<br \/>\n<span style=\"color: #000000\"><strong>Le conflit isra\u00e9lo-palestinien et la mondialisation n\u00e9olib\u00e9rale<\/strong><\/span><br \/>\nNahla Chahal, sociologue et journaliste, coordinatrice des Campagnes civiles internationales de protection du peuple palestinien.<br \/>\nEn collaboration avec ATTAC-Vaud et l&rsquo;Autre Davos<\/p>\n<p>&nbsp;<\/p>\n<p>Le Groupe Regards Critiques, Amnesty International et la Caf\u00e9t\u00e9ria Autog\u00e9r\u00e9e pr\u00e9sentent<br \/>\n<span style=\"color: #000000\"><strong>LES JOURNEES REFERENDUM: NON AUX LOIS CONTRE L&rsquo;ASILE (LAsi) ET LES ETRANGERS (LEtr)<\/strong><\/span><\/p>\n<p><strong>Mardi 14 mars<\/strong><br \/>\n. R\u00e9colte de signature entre 11h-14h (Anthropole, Internef, Banane, Amphimax, EPFL)<br \/>\n. 18h30 Projection d&rsquo;un film t\u00e9moignage et discussion avec R\u00e9verien requ\u00e9rant d&rsquo;asile victime du g\u00e9nocide du Rwanda, Soupe offerte, \u00e0 l&rsquo;aum\u00f4nerie (entr\u00e9e sur le c\u00f4t\u00e9 \u00a0\u00bb tsol \u00a0\u00bb de la grange)<\/p>\n<p>Mercredi 15 mars<br \/>\n. 17h15 salle 2055 Projection du film NEM-NEE, d\u00e9bat et t\u00e9moignage avec Fran\u00e7oise Kopf de SOS Racisme et 2 personnes ayant re\u00e7u une NEM (Non Entr\u00e9e en Mati\u00e8re)<\/p>\n<p>Jeudi 16 mars<br \/>\n. 12h Repas \u00e0 la CAP (pot\u00e9e \u00e9pic\u00e9e aux l\u00e9gumes &#8211; riz basmati, salade d&rsquo;oranges et biscuits \u00e0 la cannelle)<br \/>\n. R\u00e9colte de signature entre 11h-14h (Anthropole, Internef, Banane, Amphimax, EPFL)<\/p>\n<p>&nbsp;<\/p>\n<p>Jeudi\u00a0 27 AVRIL \u00e0 17h15<br \/>\n<strong>L&rsquo;Am\u00e9rique Latine \u00e0 l&rsquo;heure de la r\u00e9volution bolivarienne au Venezuela<\/strong><br \/>\nConf\u00e9rence de Maurice Lemoine<br \/>\nR\u00e9dacteur en chef du Monde diplomatique, auteur de Chavez presidente! (Flammarion, 2005)<br \/>\nsalle 2013 B\u00e2timent Anthropole (ex-BFSH-2) Universit\u00e9 de Lausanne<\/p>\n<p>Quelle port\u00e9e des transformations sociales mises en place par le gouvernement Chavez?<\/p>\n<p>Quelle dynamique de lutte au niveau continental contre le n\u00e9olib\u00e9ralisme et l&rsquo;imp\u00e9rialisme?<\/p>\n<p>Les changement r\u00e9cents de gouvernements en Am\u00e9rique Latine traduisent-ils r\u00e9element un tournant \u00e0 gauche de ces pays?<\/p>\n","protected":false},"excerpt":{"rendered":"<p>Historique des conf\u00e9rences, 2005-2006 Mardi 15 novembre, 17h30, salle 271 de l&rsquo;Internef (B1) 48 heures de solidarit\u00e9 internationale Le 17 novembre a \u00e9t\u00e9 d\u00e9cr\u00e9t\u00e9 par Amnesty \u00ab\u00a0Journ\u00e9e Internationale de l&rsquo;EtudiantE\u00a0\u00bb &hellip; <\/p>\n","protected":false},"author":7,"featured_media":0,"parent":131,"menu_order":10,"comment_status":"closed","ping_status":"closed","template":"","meta":{"_seopress_robots_primary_cat":"","_seopress_titles_title":"","_seopress_titles_desc":"","_seopress_robots_index":"","footnotes":""},"class_list":["post-159","page","type-page","status-publish"],"_links":{"self":[{"href":"https:\/\/www.asso-unil.ch\/grc\/wp-json\/wp\/v2\/pages\/159","targetHints":{"allow":["GET"]}}],"collection":[{"href":"https:\/\/www.asso-unil.ch\/grc\/wp-json\/wp\/v2\/pages"}],"about":[{"href":"https:\/\/www.asso-unil.ch\/grc\/wp-json\/wp\/v2\/types\/page"}],"author":[{"embeddable":true,"href":"https:\/\/www.asso-unil.ch\/grc\/wp-json\/wp\/v2\/users\/7"}],"replies":[{"embeddable":true,"href":"https:\/\/www.asso-unil.ch\/grc\/wp-json\/wp\/v2\/comments?post=159"}],"version-history":[{"count":0,"href":"https:\/\/www.asso-unil.ch\/grc\/wp-json\/wp\/v2\/pages\/159\/revisions"}],"up":[{"embeddable":true,"href":"https:\/\/www.asso-unil.ch\/grc\/wp-json\/wp\/v2\/pages\/131"}],"wp:attachment":[{"href":"https:\/\/www.asso-unil.ch\/grc\/wp-json\/wp\/v2\/media?parent=159"}],"curies":[{"name":"wp","href":"https:\/\/api.w.org\/{rel}","templated":true}]}}