{"id":155,"date":"2012-03-03T16:03:22","date_gmt":"2012-03-03T15:03:22","guid":{"rendered":"http:\/\/www.asso-unil.ch\/grc\/?page_id=155"},"modified":"2012-03-04T16:22:48","modified_gmt":"2012-03-04T15:22:48","slug":"avant-2004","status":"publish","type":"page","link":"https:\/\/www.asso-unil.ch\/grc\/archives-2\/conferences\/avant-2004\/","title":{"rendered":"Avant 2004"},"content":{"rendered":"<p><span style=\"color: #993300\"><strong>Historique des conf\u00e9rences, 1999 &#8211; 2004<\/strong><\/span><\/p>\n<p>Jeudi 1er avril 2004<br \/>\n<strong>La place des femmes sur le march\u00e9 du travail: activit\u00e9, emploi, ch\u00f4mage, pr\u00e9carit\u00e9, anciennes et nouvelles in\u00e9galit\u00e9s&#8230;<\/strong><br \/>\nMargaret Maruani, sociologue, directrice de recherche au CNRS<\/p>\n<p>&nbsp;<\/p>\n<p>Mardi 9 mars 2004<br \/>\nAvec les \u00ab Femmes en col\u00e8re \u00bb<br \/>\n<strong>AVS, assurance maternit\u00e9, in\u00e9galit\u00e9s: les mille et une raisons de la col\u00e8re des femmes !<\/strong><br \/>\nConf\u00e9rence de Michela Bovolenta (membre du SSP + Femmes en col\u00e8re)<\/p>\n<p>&nbsp;<\/p>\n<p>Mardi 3 f\u00e9vrier 2004<br \/>\n<strong>L&rsquo;\u00e9conomie am\u00e9ricaine sort-elle de la crise?<\/strong><br \/>\nG\u00e9rard Dum\u00e9nil , CNRS, Universit\u00e9 de Paris X, auteur notamment de Crise et sortie de crise, Ed. PUF (coll. Actuel Marx) et de \u00c9conomie marxiste du capitalisme, La D\u00e9couverte (coll. Rep\u00e8res), 2003<\/p>\n<p>&nbsp;<\/p>\n<p>Jeudi 15 janvier 2004<br \/>\n<strong>Les enjeux politiques en Am\u00e9rique latine : le cas du Br\u00e9sil<\/strong><br \/>\nEn collaboration avec l&rsquo;Autre Davos<br \/>\nFlorence Carboni (Universit\u00e9 de Porto Alegre, Br\u00e9sil)<br \/>\nMario Maestri (Universit\u00e9 de Porto Alegre, Br\u00e9sil)<\/p>\n<p>&nbsp;<\/p>\n<p>Mercredi 26 mars 2003<br \/>\n<strong>Quel monde apr\u00e8s les bombardements en Irak?<\/strong><br \/>\nMeeting contre la guerre avec Paolo Gilardi<br \/>\nMembre du GSSA et du Mouvement pour le socialisme<\/p>\n<p>&nbsp;<\/p>\n<p>Jeudi 30 janvier 2003<br \/>\n<strong>Quand le march\u00e9 fait \u00e9cole: l&rsquo;exemple zurichois des contre-r\u00e9formes dans le domaine de la formation<\/strong><br \/>\nSarah Schilliger<br \/>\nEtudiante \u00e0 l&rsquo;universit\u00e9 de Z\u00fcrich Membre de \u00ab\u00a0l&rsquo;Aktionskomitee gegen das neue Universit\u00e4tsgesetz\u00a0\u00bb<\/p>\n<p>&nbsp;<\/p>\n<p>Mercredi 22 janvier 2003<br \/>\n<strong>La mondialisation arm\u00e9e \u00e0 l&rsquo;aube du XXIe si\u00e8cle<\/strong><br \/>\nClaude Serfati<br \/>\nEconomiste (sp\u00e9cialiste de l&rsquo;\u00e9conomie d&rsquo;armement), enseignant \u00e0 l&rsquo;Universit\u00e9 de Versailles-Saint Quentin et auteur de \u00ab\u00a0La mondialisation arm\u00e9e\u00a0\u00bb (Editions Textuel)<\/p>\n<p>&nbsp;<\/p>\n<p>Mardi 10 d\u00e9cembre 2002<br \/>\n<strong>NON \u00e0 la guerre du p\u00e9trole en Irak<\/strong><br \/>\nD\u00e9bat avec un opposant irakien au r\u00e9gime de Saddam Hussein<br \/>\nRaid Fahmi, R\u00e9dacteur en chef de la revue culturelle progressiste irakienne Al thakafa al Jadida (La nouvelle culture)<\/p>\n<p>&nbsp;<\/p>\n<p>12 mai 1999<br \/>\n<strong>Conf\u00e9rence d\u00e9bat sur la Guerre dans les Balkans<\/strong><br \/>\nPaolo Gillardi<br \/>\n(membre du GSSA et de solidarit\u00e9S-Gen\u00e8ve).<\/p>\n<p>&nbsp;<\/p>\n<p>&nbsp;<\/p>\n<p>&nbsp;<\/p>\n<p>&nbsp;<\/p>\n<p>&nbsp;<\/p>\n","protected":false},"excerpt":{"rendered":"<p>Historique des conf\u00e9rences, 1999 &#8211; 2004 Jeudi 1er avril 2004 La place des femmes sur le march\u00e9 du travail: activit\u00e9, emploi, ch\u00f4mage, pr\u00e9carit\u00e9, anciennes et nouvelles in\u00e9galit\u00e9s&#8230; Margaret Maruani, sociologue, &hellip; <\/p>\n","protected":false},"author":7,"featured_media":0,"parent":131,"menu_order":12,"comment_status":"closed","ping_status":"closed","template":"","meta":{"_seopress_robots_primary_cat":"","_seopress_titles_title":"","_seopress_titles_desc":"","_seopress_robots_index":"","footnotes":""},"class_list":["post-155","page","type-page","status-publish"],"_links":{"self":[{"href":"https:\/\/www.asso-unil.ch\/grc\/wp-json\/wp\/v2\/pages\/155","targetHints":{"allow":["GET"]}}],"collection":[{"href":"https:\/\/www.asso-unil.ch\/grc\/wp-json\/wp\/v2\/pages"}],"about":[{"href":"https:\/\/www.asso-unil.ch\/grc\/wp-json\/wp\/v2\/types\/page"}],"author":[{"embeddable":true,"href":"https:\/\/www.asso-unil.ch\/grc\/wp-json\/wp\/v2\/users\/7"}],"replies":[{"embeddable":true,"href":"https:\/\/www.asso-unil.ch\/grc\/wp-json\/wp\/v2\/comments?post=155"}],"version-history":[{"count":0,"href":"https:\/\/www.asso-unil.ch\/grc\/wp-json\/wp\/v2\/pages\/155\/revisions"}],"up":[{"embeddable":true,"href":"https:\/\/www.asso-unil.ch\/grc\/wp-json\/wp\/v2\/pages\/131"}],"wp:attachment":[{"href":"https:\/\/www.asso-unil.ch\/grc\/wp-json\/wp\/v2\/media?parent=155"}],"curies":[{"name":"wp","href":"https:\/\/api.w.org\/{rel}","templated":true}]}}