{"id":153,"date":"2012-03-03T16:03:07","date_gmt":"2012-03-03T15:03:07","guid":{"rendered":"http:\/\/www.asso-unil.ch\/grc\/?page_id=153"},"modified":"2012-03-04T16:24:37","modified_gmt":"2012-03-04T15:24:37","slug":"avant-1998","status":"publish","type":"page","link":"https:\/\/www.asso-unil.ch\/grc\/archives-2\/conferences\/avant-1998\/","title":{"rendered":"Avant 1998"},"content":{"rendered":"<p><span style=\"color: #993300\"><strong>Historique des conf\u00e9rences avant 1998<\/strong><\/span><\/p>\n<p>9 f\u00e9vrier 1989<br \/>\n<strong>Suisse sans arm\u00e9e<\/strong><br \/>\nD\u00e9bat contradictoire entre<br \/>\nJ.-F. LEUBA (conseiller national lib\u00e9ral)<br \/>\nJ.-M. DOLIVO (avocat, membre du GSSA)<\/p>\n<p>&nbsp;<\/p>\n<p>1er d\u00e9cembre 1989<br \/>\n<strong>Sida, l&rsquo;\u00e9pid\u00e9mie raciste<\/strong><br \/>\nPar le Dr. SILBERSTEIN (Universit\u00e9 de la Sapienza \u00e0 Rome)<\/p>\n<p>&nbsp;<\/p>\n<p>14 novembre 1990<br \/>\n<strong>Conf\u00e9rence &#8211; D\u00e9bat: \u00ab\u00a0Droit international\u00a0\u00bb ou \u00ab\u00a0droit au p\u00e9trole \u00ab\u00a0?<\/strong><br \/>\nAvec Charles-Andr\u00e9 UDRY, journaliste, r\u00e9dacteur de La Br\u00e8che<\/p>\n<p>&nbsp;<\/p>\n<p>28 novembre 1990<br \/>\n<strong>Le mouvement lyc\u00e9en en France<\/strong><br \/>\nInvitation d&rsquo;une lyc\u00e9enne et d&rsquo;un lyc\u00e9en de Dijon \u00e0 la Dolce Vita<\/p>\n<p>&nbsp;<\/p>\n<p>6 f\u00e9vrier 1991<br \/>\n<strong>Refus collectif de servir, r\u00e9formes: quel avenir pour l&rsquo;arm\u00e9e suisse?<\/strong><br \/>\nD\u00e9bat contradictoire entre<br \/>\nJean-Rodolphe CHRISTEN (command de corps, chef du corps d&rsquo;arm\u00e9e de campagne I)<br \/>\nJean-Fran\u00e7ois LEUBA (conseiller national lib\u00e9ral)<br \/>\nPeter BODENMANN (conseiller national, pr\u00e9sident du Parti socialiste suisse)<br \/>\nJean-Michel DOLIVO (avocat, membre du GSSA)<\/p>\n<p>&nbsp;<\/p>\n<p>14 septembre 1991<br \/>\n<strong>Madagascar: le foss\u00e9 se creuse entre pouvoir et peuple<\/strong><br \/>\n(en collaboration avec Communaut\u00e9 malgache et les Aum\u00f4neries universitaires)<br \/>\nConf\u00e9rence de Auberto PABENORO (pr\u00e9sident du Comit\u00e9 des forces vives malgaches en France)<\/p>\n<p>&nbsp;<\/p>\n<p>26 novembre 1991<br \/>\n<strong>Yougoslavie, l&rsquo;\u00e9clatement<\/strong><br \/>\nConf\u00e9rence de Catherine SAMARY (chercheure associ\u00e9e \u00e0 l&rsquo;Institut du monde sovi\u00e9tique et d&rsquo;Europe centrale et orientale IMSECO), ma\u00eetre de conf\u00e9rence \u00e0 Paris IX)<\/p>\n<p>&nbsp;<\/p>\n<p>5 d\u00e9cembre 1991<br \/>\n<strong>URSS, tourmente pass\u00e9e en devenir?<\/strong><br \/>\nConf\u00e9rence de Peter GOWAN (Prof. \u00e0 la Polytechnic University of North London, membre du comit\u00e9 de r\u00e9daction de la New Left Review)<\/p>\n<p>&nbsp;<\/p>\n<p>28 avril 1991<br \/>\n<strong>\u00ab\u00a0On arr\u00eate pas le progr\u00e8s&#8230; \u00ab\u00a0, mais qui le contr\u00f4le? Bienfaits et risques des biotechnologies: r\u00e9flexions sur une votation annonc\u00e9e<\/strong><br \/>\nPar Fran\u00e7oise LABORIE et Georges PETERS<\/p>\n<p>&nbsp;<\/p>\n<p>5 mars 1992<br \/>\n<strong>Coup d&rsquo;Etat contre les \u00e9lections: origines et enjeux de la crise en Alg\u00e9rie<\/strong><br \/>\n(en collaboration avec Suisse &#8211; Maghreb)<br \/>\nConf\u00e9rence de Ahmed ROUADJIA (auteur du livre : Les fr\u00e8res et la mosqu\u00e9e: enqu\u00eate sur le mouvement islamiste en Alg\u00e9rie)<\/p>\n<p>&nbsp;<\/p>\n<p>20 mai 1992<br \/>\n<strong>Deux d\u00e9bats sur les FA\/18<\/strong><br \/>\nD\u00e9bat avec<br \/>\nChristophe KECKEIS (Colonel EMG)<br \/>\nCharles FREDERICI (Conseiller national lib\u00e9ral)<br \/>\nJean-Michel DOLIVO (GSSA)<br \/>\nGerard FORSTER (pr\u00e9sident Union Syndicale Vaudoise)<\/p>\n<p>D\u00e9bat avec<\/p>\n<p>Christophe KECKEIS (Colonel EMG)<br \/>\nJacques MARTIN (Conseiller d&rsquo;Etat vaudois)<br \/>\nPaolo GILARDI (GSSA)<br \/>\nPeter BODENMANN (pr\u00e9sident du Parti Socialiste Suisse)<\/p>\n<p>&nbsp;<\/p>\n<p>22 mai 1992<br \/>\n<strong>Philosophie et politique chez Heidegger et Georg Lukacs: sa place dans la philosophie contemporaine<\/strong><br \/>\nPar Nicolas TERTULIAN (Directeur d&rsquo;Etudes \u00e0 l&rsquo;Ecole des Hautes Etudes en Sciences sociales, Histoire de la pens\u00e9e allemande)<\/p>\n<p>&nbsp;<\/p>\n<p>27 novembre 1992<br \/>\n<strong>La Suisse dans l&rsquo;EEE?<\/strong><br \/>\nD\u00e9bat contradictoire entre<br \/>\nSuzette SANDOZ (conseill\u00e8re nationale lib\u00e9rale VD)<br \/>\nJean-Pierre BONNY (conseiller national radical BE)<br \/>\nMichel BEGUELIN (conseiller national socialiste VD)<br \/>\nCharles-Andr\u00e9 UDRY (R\u00e9dacteur de la Br\u00e8che VD),<br \/>\nGuy-Olivier SEGOND (conseiller d&rsquo;Etat radical GE).<\/p>\n<p>&nbsp;<\/p>\n<p>18 f\u00e9vrier 1993<br \/>\n<strong>Ex-Yougoslavie: les \u00ab\u00a0ethnocrates \u00a0\u00bb au pouvoir<\/strong><br \/>\nPar Faik DIZDAREVIC (Ancien ambassadeur et ancien directeur de la radio, puis de la t\u00e9l\u00e9vision de Sarajevo, animateur de l&rsquo;Association Sarajevo)<\/p>\n<p>&nbsp;<\/p>\n<p>25 mai 1993<br \/>\n<strong>Apr\u00e8s Yalta, quel d\u00e9fi pour la non- violence? L&rsquo;EX-emple de la Yougoslavie.<\/strong><br \/>\nPar Jean-Marie MUELLER (philosophe, \u00e9crivain, membre fondateur du \u00ab\u00a0Mouvement pour une Alternative Non-Violente\u00a0\u00bb, directeur d&rsquo;\u00e9tudes \u00e0 institut de recherche sur la r\u00e9solution non-violente des conflits \u00e0 Paris)<\/p>\n<p>&nbsp;<\/p>\n<p>18 juin 1993<br \/>\n<strong>Figure du romantisme au XXe si\u00e8cle: Ernst Bloch<\/strong><br \/>\nPar Michael LOEWY (auteur en particulier de Marxisme et th\u00e9ologie de la lib\u00e9ration )<\/p>\n<p>&nbsp;<\/p>\n<p>16 d\u00e9cembre 1993<br \/>\n<strong>Ordre nouveau en Russie?<\/strong><br \/>\nPar Jean-Marie CHAUVIER (journaliste et collaborateur au Monde Diplomatique)<\/p>\n<p>&nbsp;<\/p>\n<p>16 f\u00e9vrier 1994<br \/>\n<strong>La d\u00e9finition de l&rsquo;identit\u00e9 collective chez les Slaves du Sud: de la cr\u00e9ation \u00e0 la destruction de la Yougoslavie<\/strong><br \/>\nDeux conf\u00e9rences par Catherine LUTARD (chercheure associ\u00e9e \u00e0 l&rsquo;Institut du Monde Sovi\u00e9tique et de l&rsquo;Europe centrale et Orientale IMSECO, journaliste au Monde Diplomatique)<\/p>\n<p>&nbsp;<\/p>\n<p>17 mai 1994<br \/>\n<strong>Quels rapports entre science, politique et morale aujourd&rsquo;hui?<\/strong><br \/>\nAvec Isabelle STENGERS (docteure en philosophie des sciences, a notamment publi\u00e9 avec Ilya PRIGOGINE (prix Nobel de physique), La nouvelle alliance ) &amp; Daniel BENSAID (professeur de philosophie \u00e0 l&rsquo;Universit\u00e9 de Paris V, r\u00e9dacteur en chef de la revue Critique communiste)<\/p>\n<p>&nbsp;<\/p>\n<p>24 novembre 1994<br \/>\n<strong>Mesures de contrainte, vers un Etat policier?<\/strong><br \/>\nD\u00e9bat contradictoire avec<br \/>\nDominique REYMOND (secr\u00e9taire g\u00e9n\u00e9ral du PRD vaudois)<br \/>\nMichel ZUCKSCHWERT (repr\u00e9sentant de la position de l&rsquo;Office F\u00e9d\u00e9ral des R\u00e9fugi\u00e9s)<br \/>\nPhilippe BIELER (conseiller d&rsquo;Etat, \u00e9cologiste),<br \/>\nBruno CLEMENT (Juriste, collabore au Courier )<\/p>\n<p>&nbsp;<\/p>\n<p>31 mai 1995<br \/>\n<strong>Comprendre le succ\u00e8s de la nouvelle droite: l&rsquo;UDC z\u00fcrichois et Christoph Blocher<\/strong><br \/>\nAvec Hans HARTMANN, politologue et auteur avec Franz HORVATH de Zivilgesellschaft von rechts. Die Erfolgsstory der Z\u00fcrcher SVP, 1995)<\/p>\n<p>&nbsp;<\/p>\n<p>30 janvier 1996<br \/>\n<strong>D\u00e9cembre 1995. Les mobilisations en France: derni\u00e8res gr\u00e8ves d&rsquo;une \u00e9poque, ou premi\u00e8res du 21e si\u00e8cle?<\/strong><br \/>\nDeux conf\u00e9rences avec: Pierre BOULET (Syndicaliste de SUD-Savoie chez France T\u00e9l\u00e9com, Membre de la LCR) et Pablo LOPEZ (Etudiant en math\u00e9matique et membre de la coordination nationale du syndicat \u00e9tudiant UNEF)<\/p>\n<p>&nbsp;<\/p>\n<p>18 avril 1996<br \/>\n<strong>Les enjeux du savoir. Ecole et formation d\u00e9mocratiques<\/strong><br \/>\navec Samuel JOSHUA, professeur de sciences de l&rsquo;\u00e9ducation \u00e0 l&rsquo;Universit\u00e9 de Provence (Marseille, France)<\/p>\n<p>&nbsp;<\/p>\n<p>17 avril 1996<br \/>\n<strong>L&rsquo;Italie au lendemain des \u00e9lections l\u00e9gislatives<\/strong><br \/>\navec Antonio MOSCATO, professeur d&rsquo;histoire du mouvement ouvrier de Lecce (Italie)<\/p>\n<p>&nbsp;<\/p>\n<p>9 mai 1996<br \/>\n<strong>Les enjeux de la r\u00e9vision de la Loi sur le travail (LT)<\/strong><br \/>\navec Jean-Michel DOLIVO, avocat et secr\u00e9taire de l&rsquo;Union syndicale vaudoise (USV)<\/p>\n<p>&nbsp;<\/p>\n<p>7 novembre 1996<br \/>\n<strong>Quelle \u00ab\u00a0clause sociale\u00a0\u00bb pour L&rsquo;OMC?<\/strong><br \/>\navec Denis HORMAN, journaliste et \u00e9conomiste, membre du GRESEA de Bruxelles (Groupe de recherche pour une strat\u00e9gie <strong>\u00e9conomique alternative)<\/strong><\/p>\n<p>&nbsp;<\/p>\n<p>21 novembre 1996<br \/>\n<strong>Autour de la nouvelle Loi sur le Travail<\/strong><br \/>\nD\u00e9bat contradictoire avec<br \/>\nJean-Michel DOLIVO (secr\u00e9taire de l&rsquo;Union Syndicale Vaudoise)<br \/>\nFrancine JEANPRETRE (Conseill\u00e8re nationale socialiste, VD)<br \/>\nCharles FRIDERICI (Conseiller national lib\u00e9ral, VD),<br \/>\nFran\u00e7ois PERRET (repr\u00e9sentant de la F\u00e9d\u00e9ration Patronale Vaudoise)<\/p>\n<p>&nbsp;<\/p>\n<p>28 novembre 1996<br \/>\n<strong>La logique des rapports financiers entre la Suisse et le IIIe Reich<\/strong><br \/>\navec S\u00e9bastien GUEX, ma\u00eetre assistant en histoire contemporaine \u00e0 l&rsquo;Universit\u00e9 de Lausanne<\/p>\n<p>&nbsp;<\/p>\n<p>5 f\u00e9vrier 1997<br \/>\n<strong>Avoirs en d\u00e9sh\u00e9rence et rapports financiers de la Suisse avec les pays de l&rsquo;Est<\/strong><br \/>\navec Marc PERRENOUD, historien, mandat\u00e9 par le Conseil F\u00e9d\u00e9ral pour \u00e9tablir le rapport sur les relations financi\u00e8res de la Suisse avec la Pologne et la Hongrie apr\u00e8s 1945<\/p>\n<p>&nbsp;<\/p>\n<p>14 mai 1997<br \/>\n<strong>Travail et in\u00e9galit\u00e9s sexuelles<\/strong><br \/>\navec Roland PFEFFERKORN, \u00e9conomiste et historien \u00e0 l&rsquo;Universit\u00e9 de Strasbourg (France)<\/p>\n<p>&nbsp;<\/p>\n<p>27 novembre 1997<br \/>\n<strong>Octobre 1917-1997: actualit\u00e9 de la R\u00e9volution russe<\/strong><br \/>\navec Denis PAILLARD et Jean-Marie CHAUVIER, collaborateurs au Monde Diplomatique et sp\u00e9cialistes de la Russie<\/p>\n<p>&nbsp;<\/p>\n<p>6 mai 1998<br \/>\n<strong>Entre crise financi\u00e8re et d\u00e9r\u00e9gulation: la fin du \u00ab\u00a0mod\u00e8le japonais\u00a0\u00bb?<\/strong><br \/>\navec Carla FILOSA et Gian-Franco PALA, \u00e9conomistes et professeurEs \u00e0 l&rsquo;Universit\u00e9 \u00ab\u00a0La Sapienza\u00a0\u00bb de Rome<\/p>\n<p>&nbsp;<\/p>\n<p>5 f\u00e9vrier 1998<br \/>\n<strong>Quelles fonctions assigner \u00e0 l&rsquo;\u00e9cole? Entre r\u00e9alisation de soi, socialisation et transmission de savoirs<\/strong><br \/>\navec Bernard LAHIRE, professeur de sociologie \u00e0 l&rsquo;Universit\u00e9 Lumi\u00e8re de Lyon 2, membre de l&rsquo;Institut Universitaire de France et du Groupe de recherche sur la Socialisation. Auteur de Culture \u00e9crite et in\u00e9galit\u00e9s scolaires (1993) et Tableaux de familles. Heurs et malheurs scolaires \u00e0 l&rsquo;\u00e9cole \u00e9l\u00e9mentaire (1995)<\/p>\n","protected":false},"excerpt":{"rendered":"<p>Historique des conf\u00e9rences avant 1998 9 f\u00e9vrier 1989 Suisse sans arm\u00e9e D\u00e9bat contradictoire entre J.-F. LEUBA (conseiller national lib\u00e9ral) J.-M. DOLIVO (avocat, membre du GSSA) &nbsp; 1er d\u00e9cembre 1989 Sida, &hellip; <\/p>\n","protected":false},"author":7,"featured_media":0,"parent":131,"menu_order":13,"comment_status":"closed","ping_status":"closed","template":"","meta":{"_seopress_robots_primary_cat":"","_seopress_titles_title":"","_seopress_titles_desc":"","_seopress_robots_index":"","footnotes":""},"class_list":["post-153","page","type-page","status-publish"],"_links":{"self":[{"href":"https:\/\/www.asso-unil.ch\/grc\/wp-json\/wp\/v2\/pages\/153","targetHints":{"allow":["GET"]}}],"collection":[{"href":"https:\/\/www.asso-unil.ch\/grc\/wp-json\/wp\/v2\/pages"}],"about":[{"href":"https:\/\/www.asso-unil.ch\/grc\/wp-json\/wp\/v2\/types\/page"}],"author":[{"embeddable":true,"href":"https:\/\/www.asso-unil.ch\/grc\/wp-json\/wp\/v2\/users\/7"}],"replies":[{"embeddable":true,"href":"https:\/\/www.asso-unil.ch\/grc\/wp-json\/wp\/v2\/comments?post=153"}],"version-history":[{"count":0,"href":"https:\/\/www.asso-unil.ch\/grc\/wp-json\/wp\/v2\/pages\/153\/revisions"}],"up":[{"embeddable":true,"href":"https:\/\/www.asso-unil.ch\/grc\/wp-json\/wp\/v2\/pages\/131"}],"wp:attachment":[{"href":"https:\/\/www.asso-unil.ch\/grc\/wp-json\/wp\/v2\/media?parent=153"}],"curies":[{"name":"wp","href":"https:\/\/api.w.org\/{rel}","templated":true}]}}