{"id":146,"date":"2012-03-03T15:56:39","date_gmt":"2012-03-03T14:56:39","guid":{"rendered":"http:\/\/www.asso-unil.ch\/grc\/?page_id=146"},"modified":"2012-11-12T12:15:17","modified_gmt":"2012-11-12T11:15:17","slug":"2009-2010","status":"publish","type":"page","link":"https:\/\/www.asso-unil.ch\/grc\/archives-2\/seances\/2009-2010\/","title":{"rendered":"2009-2010"},"content":{"rendered":"<p>24 septembre 2009, 17h15, salle 3128, b\u00e2timent Anthropole<br \/>\n<strong>Que veulent-elles encore ? Les revendications f\u00e9ministes aujourd\u2019hui<\/strong><br \/>\nPr\u00e9sentation et discussion autour des th\u00e8mes de la Marche mondiale des femmes 2010 www.marchemondiale.ch<\/p>\n<p>&nbsp;<\/p>\n<p>1er octobre 2009, 17h15, salle 3128, b\u00e2timent Anthropole<br \/>\n<strong>Changer le monde sans prendre le pouvoir ?<\/strong><br \/>\nPr\u00e9sentation et discussion autour du livre de John Holloway, Changer le monde sans prendre le pouvoir. Le sens de la r\u00e9volution aujourd\u2019hui (Syllepses\/Lux, 2007)<\/p>\n<p>&nbsp;<\/p>\n<p>8 octobre 2009, 17h15, salle 3128, b\u00e2timent Anthropole<br \/>\n<strong>Trois petits films contre le grand capital<\/strong><br \/>\nLe temps des bouffons, de Pierre Falardeau (1985, 15 mn)<br \/>\nLe d\u00e9sarroi esth\u00e9tique, de Pierre Carles (1996, 14 mn)<br \/>\nL\u2019initiation, de Boris Carr\u00e9 et Fran\u00e7ois-Xavier Drouet (2007, 63 mn)<\/p>\n<p>\u00ab Y a porte ouverte, chez les pauvres. Tout l\u2019\u00c9tat rentre dedans, l\u2019huissier, l\u2019\u00e9ducateur, le policier et le journaliste \u00e0 leur suite. Mais chez les riches, t\u2019as le visiophone \u00e0 l\u2019entr\u00e9e. Le digicode. Les codes tout court. P\u00e9n\u00e9trer chez eux, avec une cam\u00e9ra comme cheval de Troie, y a rien de plus dr\u00f4le, mais rien de plus dur. Et les voil\u00e0, cette fois, par trois fois m\u00eame, on y est : au premier rang chez les poss\u00e9dants. \u00bb (F. Ruffin)<\/p>\n<p>&nbsp;<\/p>\n<p>15 octobre 2009, 17h15, salle 3128, b\u00e2timent Anthropole<br \/>\n<strong>De l&rsquo;UBS \u00e0 la \u00ab fin \u00bb du secret bancaire, un an de remous dans la place financi\u00e8re suisse<\/strong><br \/>\nPr\u00e9sentation et discussion avec Yves Steiner, r\u00e9dacteur \u00e0 L&rsquo;Hebdo.<\/p>\n<p>&nbsp;<\/p>\n<p>29 octobre 2009, 17h15, Amphimax, salle 410<br \/>\nConf\u00e9rence de Jean-Pierre Berlan<br \/>\nAncien directeur de Recherche \u00e0 l\u2019INRA (Institut national de la recherche agronomique, France) et auteur de La guerre au vivant, \u00e9d. Agone, 2001<br \/>\n<strong>La s\u00e9lection industrielle des origines \u00e0 Dolly : deux si\u00e8cles de clonage<\/strong><\/p>\n<p>&nbsp;<\/p>\n<p>Jeudi 5 novembre 2009, 17h15, salle 3128, Anthrop\u00f4le<br \/>\n<strong>Suisse: des bons offices pour la paix, des exportations pour la guerre:<\/strong><br \/>\nPr\u00e9sentation et discussion avec Fr\u00e9d\u00e9ric Durand, membre du Groupe pour une Suisse sans arm\u00e9e (GSsA) autour de l&rsquo;initiative pour l&rsquo;interdiction d&rsquo;exporter du mat\u00e9riel de guerre<\/p>\n<p>&nbsp;<\/p>\n<p>Jeudi 12 novembre 2009,17h15, salle 3128, Anthrop\u00f4le<br \/>\n<strong>L&rsquo;OMC et le Climat, deux faux amis. Le point de la situation avant la minist\u00e9rielle \u00e0 Gen\u00e8ve et le Sommet sur le Climat de Copenhague.<\/strong><\/p>\n<p>L&rsquo;Organisation Mondiale du Commerce se r\u00e9unira au plus haut niveau -en minist\u00e9rielle- \u00e0 Gen\u00e8ve d\u00e8s fin novembre. Son objectif est de terminer le fameux Round de Doha lanc\u00e9 en 2001. S&rsquo;il aboutit, cela m\u00e8nera notamment \u00e0 une nouvelle vague d&rsquo;exacerbation de la concurrence entre les salari\u00e9-e-s, de d\u00e9r\u00e9gulation financi\u00e8re, de lib\u00e9ralisation forc\u00e9e des services publics tel que l&rsquo;\u00e9ducation ou les services environnementaux (eau, \u00e9ducation, etc..) et un renforcement potentiellement d\u00e9vastateur du libre-\u00e9change dans le domaine<\/p>\n<p>agricole. Quelques semaines avant le Sommet sur le climat de Copenhague, il s&rsquo;agit aussi pour les promoteurs n\u00e9olib\u00e9raux de r\u00e9affirmer le dogme des \u00ab solutions de march\u00e9 \u00bb pour r\u00e9soudre non seulement la crise \u00e9conomique (alors qu&rsquo;elle tire largement sa source dans la d\u00e9r\u00e9gulation financi\u00e8re) mais \u00e9galement la crise climatique. Alexandre de Charri\u00e8re, co-secr\u00e9atire et membre de la coordination d&rsquo;Attac suisse, fera le point sur les n\u00e9gociations \u00e0 l&rsquo;Organisation Mondiale du Commerce et le sommet sur le Climat ainsi que sur les mobilisations en cours.<\/p>\n<p>&nbsp;<\/p>\n<p>Mardi 1er d\u00e9cembre 2009, Anthropole, salle 1031, 17h15<br \/>\n<strong>Femmes en Colombie. \u00ab De victimes de la guerre \u00e0 actrices de la paix\u00bb.<\/strong><br \/>\nConf\u00e9rence-d\u00e9bat avec Alejandra Miller Restrepo,coordinatrice de l\u2019organisation f\u00e9ministe Ruta Pacifica de mujeres colombianas<br \/>\n(Route pacifique des femmes colombiennes), chercheuse et enseignante en \u00e9tudes genres \u00e0 l\u2019Universit\u00e9 du Cauca.<\/p>\n<p>&nbsp;<\/p>\n<p>Jeudi 25 f\u00e9vrier 2010, 17h15, Anthropole, salle 3128<br \/>\nPr\u00e9sentation de Matthieu Leimgruber, historien, sp\u00e9cialiste de <strong>l\u2019histoire de l\u2019Etat social et du syst\u00e8me de retraites (trois pilliers)<\/strong> <strong>en Suisse, sur les enjeux de la votation du 7 mars 2010 sur la Loi f\u00e9d\u00e9rale sur la pr\u00e9voyance professionnelle vieillesse, survivants et invalidit\u00e9 (LPP).<\/strong><\/p>\n<p>&nbsp;<\/p>\n<p>Mercredi 3 mars 2010, 17h15, Anthropole, salle 3059<br \/>\n<strong>Marche mondiale des femmes: Toutes et tous \u00e0 Berne le 13 mars<\/strong><br \/>\nPr\u00e9sentation et discussion autour des revendications de la MMF<\/p>\n<p>&nbsp;<\/p>\n<p>Jeudi 18 mars, 17h15, Anthropole, salle 3128<br \/>\n<strong>Assurance-ch\u00f4mage: toujours plus de ch\u00f4mage, toujours moins d&rsquo;assurance!<\/strong><br \/>\nEn pleine p\u00e9riode de crise \u00e9conomique, avec un ch\u00f4mage qui ne cesse de cro\u00eetre, le parlement suisse est entrain d\u2019adopter une nouvelle r\u00e9vision de l\u2019assurance ch\u00f4mage qui va durcir les conditions d\u2019acc\u00e8s et r\u00e9duire les prestations de ch\u00f4mage. Ce sont avant tout les jeunes et les salari\u00e9?e?s avec les statuts les plus pr\u00e9caires qui vont \u00eatre particuli\u00e8rement touch\u00e9?e?s par ces mesures. Nous discuterons de cette nouvelle r\u00e9vision de la loi sur l\u2019assurance ch\u00f4mage, \u00e0 la lumi\u00e8re des enjeux politiques et \u00e9conomiques anciens et nouveaux.<br \/>\nQuel est le r\u00f4le de l\u2019assurance ch\u00f4mage ? Par qui et pourquoi elle a \u00e9t\u00e9 cr\u00e9\u00e9e ?<br \/>\nQuels ont \u00e9t\u00e9 les conflits qui ont accompagn\u00e9 son \u00e9volution tout au long du si\u00e8cle ?<br \/>\nQuels nouveaux probl\u00e8mes soul\u00e8ve la r\u00e9vision actuelle ? Quelles implications en cette p\u00e9riode de crise<\/p>\n<p>La discussion sera introduite par Carola Togni, charg\u00e9e de recherche \u00e0 la Haute \u00e9cole de travail social et de la sant\u00e9 &#8211; \u00e9\u00e9sp &#8211; Lausanne.<\/p>\n<p>&nbsp;<\/p>\n<p>Jeudi 25 mars 2010, 17h15, Anthropole, salle 3128<br \/>\n<strong>Projection du film \u00ab\u00a0H\u00e9ros fragiles\u00a0\u00bb de Emiliano Pacull<\/strong><br \/>\nApr\u00e8s une longue absence, un homme revient dans son pays. Il a dans sa poche une photo. Il revient pour essayer de trouver des r\u00e9ponses au sacrifice de son beau-p\u00e8re, Augusto Olivares, ami et proche collaborateur de Salvador Allende pr\u00e9sident du Chili. \u00c0 travers sa recherche, au c\u0153ur d\u2019une p\u00e9riode historique exceptionnelle, il d\u00e9couvre le destin tragique et fascinant d\u2019un groupe d\u2019hommes et de femmes qui ont donn\u00e9 leur vie pour un projet de soci\u00e9t\u00e9 diff\u00e9rent. \u00c0 la mani\u00e8re d\u2019un bain r\u00e9v\u00e9lateur, son enqu\u00eate subjective fait progressivement appara\u00eetre tous les m\u00e9canismes mis en place par les conspirateurs pour an\u00e9antir ce projet o\u00f9 r\u00e9alit\u00e9 et utopie pouvaient enfin se rejoindre. Hant\u00e9 par la guerre, la trahison et la m\u00e9moire, H\u00e9ros Fragiles plonge au c\u0153ur d\u2019une p\u00e9riode historique dont la dramaturgie et ses cons\u00e9quences sont d\u2019une saisissante actualit\u00e9.<\/p>\n<p>&nbsp;<\/p>\n<p>Jeudi 29 avril 2010, 17h15, Anthropole, salle 3128, Unil<br \/>\n<strong>Avortement en Suisse : \u00a0\u00bb Un d\u00e9lai de 30 ans\u00a0\u00bb<\/strong><br \/>\nProjection du film documentaire d&rsquo;Alex Mayenfisch (2008, 50 minutes) suivie d&rsquo;une discussion avec Doudou Denisart, militante \u00e0 l&rsquo;Association suisse pour le droit \u00e0 l&rsquo;avortement et \u00e0 la contraception.<\/p>\n<p>&nbsp;<\/p>\n<p>Mardi 11 mai 2010, 17h15, Anthropole, salle 4021<br \/>\n<strong>\u00ab Conditions de travail, ch\u00f4mage et sant\u00e9 \u00bb<\/strong><br \/>\nPr\u00e9sentation de Jean-Fran\u00e7ois Marquis, historien, autour de son livre paru aux \u00e9ditions Page 2.<\/p>\n<p>&nbsp;<\/p>\n<p>Jeudi 20 mai 2010, 17h15, Anthropole, Salle 3128<br \/>\n<strong>Swissport : chronique d&rsquo;une victoire<\/strong><br \/>\nPr\u00e9sentation et discussion avec Mauro Pereira Bento, travailleur \u00e0 Swissport, sur la gr\u00e8ve de janvier, ses raisons, ses enjeux et son bilan.<\/p>\n","protected":false},"excerpt":{"rendered":"<p>24 septembre 2009, 17h15, salle 3128, b\u00e2timent Anthropole Que veulent-elles encore ? Les revendications f\u00e9ministes aujourd\u2019hui Pr\u00e9sentation et discussion autour des th\u00e8mes de la Marche mondiale des femmes 2010 www.marchemondiale.ch &hellip; <\/p>\n","protected":false},"author":7,"featured_media":0,"parent":89,"menu_order":12,"comment_status":"closed","ping_status":"closed","template":"","meta":{"_seopress_robots_primary_cat":"","_seopress_titles_title":"","_seopress_titles_desc":"","_seopress_robots_index":"","footnotes":""},"class_list":["post-146","page","type-page","status-publish"],"_links":{"self":[{"href":"https:\/\/www.asso-unil.ch\/grc\/wp-json\/wp\/v2\/pages\/146","targetHints":{"allow":["GET"]}}],"collection":[{"href":"https:\/\/www.asso-unil.ch\/grc\/wp-json\/wp\/v2\/pages"}],"about":[{"href":"https:\/\/www.asso-unil.ch\/grc\/wp-json\/wp\/v2\/types\/page"}],"author":[{"embeddable":true,"href":"https:\/\/www.asso-unil.ch\/grc\/wp-json\/wp\/v2\/users\/7"}],"replies":[{"embeddable":true,"href":"https:\/\/www.asso-unil.ch\/grc\/wp-json\/wp\/v2\/comments?post=146"}],"version-history":[{"count":0,"href":"https:\/\/www.asso-unil.ch\/grc\/wp-json\/wp\/v2\/pages\/146\/revisions"}],"up":[{"embeddable":true,"href":"https:\/\/www.asso-unil.ch\/grc\/wp-json\/wp\/v2\/pages\/89"}],"wp:attachment":[{"href":"https:\/\/www.asso-unil.ch\/grc\/wp-json\/wp\/v2\/media?parent=146"}],"curies":[{"name":"wp","href":"https:\/\/api.w.org\/{rel}","templated":true}]}}