{"id":1454,"date":"2013-11-21T12:45:17","date_gmt":"2013-11-21T11:45:17","guid":{"rendered":"http:\/\/www.asso-unil.ch\/grc\/?page_id=1454"},"modified":"2025-02-26T08:30:30","modified_gmt":"2025-02-26T07:30:30","slug":"evenements-actuels","status":"publish","type":"page","link":"https:\/\/www.asso-unil.ch\/grc\/evenements-actuels\/","title":{"rendered":"Mouvements sociaux"},"content":{"rendered":"<h2 style=\"text-align: center\"><strong>NOUS SOUTENONS<\/strong><\/h2>\n<h2 style=\"text-align: center\"><span style=\"color: #993366\">Solidarit\u00e9 avec le Prof. Joseph Daher !<\/span><\/h2>\n<h2 style=\"text-align: center\"><span style=\"color: #008000\">La Palestine<\/span><\/h2>\n<h2 style=\"text-align: center\"><span style=\"color: #ff0000\">L&rsquo;indexation des salaires !<\/span><\/h2>\n<h4 style=\"text-align: center\">Car la pr\u00e9carit\u00e9 touche les \u00e9tudiant.e.x.s tout autant!<\/h4>\n<h2 style=\"text-align: center\"><a href=\"https:\/\/www.grevefeministe.ch\/\"><span style=\"color: #800080\">La Gr\u00e8ve f\u00e9ministe et des femmes*<\/span><\/a><\/h2>\n<h2 style=\"text-align: center\"><span style=\"color: #800000\"><a href=\"https:\/\/www.sans-papiers-vd.ch\/\"><strong><span style=\"color: #993300\">Collectif vaudois de soutien aux sans-papiers<\/span><\/strong><\/a><\/span><\/h2>\n<h2 style=\"text-align: center\"><strong><span style=\"color: #800000\"><a href=\"https:\/\/www.sud-ep.ch\/\"><span style=\"color: #800000\">SUD Etudiant-e-s et Pr\u00e9caires<\/span><\/a><\/span><\/strong><\/h2>\n<h3 style=\"text-align: center\"><span style=\"color: #800000\"><span style=\"color: #000000\">Membre de la f\u00e9d\u00e9ration syndicale SUD<\/span><\/span><\/h3>\n<h2 style=\"text-align: center\"><a href=\"https:\/\/vaud.ssp-vpod.ch\/secteurs\/etudiant-e-s\/\"><span style=\"color: #993300\"><strong>La section \u00e9tudiante du Syndicat des services publics<\/strong><\/span><\/a><\/h2>\n<h2 style=\"text-align: center\"><a href=\"https:\/\/www.librairiebasta.ch\/\"><strong><span style=\"color: #800000\">Librairie Basta !<\/span><\/strong><\/a><br \/>\nUne librairie ind\u00e9pendante et critique&#8230;<\/h2>\n<h2 style=\"text-align: center\"><strong><span style=\"color: #800000\"><a href=\"https:\/\/www.solidarites.ch\/vaud\"><span style=\"color: #800000\">solidarit\u00e9S Vaud<\/span><\/a><\/span><\/strong><br \/>\nUn mouvement anticapitaliste, f\u00e9ministe et \u00e9cosocialiste&#8230;<\/h2>\n<h1 style=\"text-align: center\"><a href=\"https:\/\/www.permaculture.ch\/\"><strong><span style=\"color: #800000\">Portail Suisse romand de la permaculture <\/span><\/strong><\/a><\/h1>\n","protected":false},"excerpt":{"rendered":"<p>NOUS SOUTENONS Solidarit\u00e9 avec le Prof. Joseph Daher ! La Palestine L&rsquo;indexation des salaires ! Car la pr\u00e9carit\u00e9 touche les \u00e9tudiant.e.x.s tout autant! La Gr\u00e8ve f\u00e9ministe et des femmes* Collectif &hellip; <\/p>\n","protected":false},"author":212,"featured_media":0,"parent":0,"menu_order":14,"comment_status":"closed","ping_status":"closed","template":"","meta":{"_seopress_robots_primary_cat":"","_seopress_titles_title":"","_seopress_titles_desc":"","_seopress_robots_index":"","footnotes":""},"class_list":["post-1454","page","type-page","status-publish"],"_links":{"self":[{"href":"https:\/\/www.asso-unil.ch\/grc\/wp-json\/wp\/v2\/pages\/1454","targetHints":{"allow":["GET"]}}],"collection":[{"href":"https:\/\/www.asso-unil.ch\/grc\/wp-json\/wp\/v2\/pages"}],"about":[{"href":"https:\/\/www.asso-unil.ch\/grc\/wp-json\/wp\/v2\/types\/page"}],"author":[{"embeddable":true,"href":"https:\/\/www.asso-unil.ch\/grc\/wp-json\/wp\/v2\/users\/212"}],"replies":[{"embeddable":true,"href":"https:\/\/www.asso-unil.ch\/grc\/wp-json\/wp\/v2\/comments?post=1454"}],"version-history":[{"count":2,"href":"https:\/\/www.asso-unil.ch\/grc\/wp-json\/wp\/v2\/pages\/1454\/revisions"}],"predecessor-version":[{"id":3107,"href":"https:\/\/www.asso-unil.ch\/grc\/wp-json\/wp\/v2\/pages\/1454\/revisions\/3107"}],"wp:attachment":[{"href":"https:\/\/www.asso-unil.ch\/grc\/wp-json\/wp\/v2\/media?parent=1454"}],"curies":[{"name":"wp","href":"https:\/\/api.w.org\/{rel}","templated":true}]}}