{"id":144,"date":"2012-03-03T15:56:23","date_gmt":"2012-03-03T14:56:23","guid":{"rendered":"http:\/\/www.asso-unil.ch\/grc\/?page_id=144"},"modified":"2012-11-12T12:15:13","modified_gmt":"2012-11-12T11:15:13","slug":"2008-2009","status":"publish","type":"page","link":"https:\/\/www.asso-unil.ch\/grc\/archives-2\/seances\/2008-2009\/","title":{"rendered":"2008-2009"},"content":{"rendered":"<p>25 septembre 2008, 17h15, salle 3128<br \/>\n<strong>L&rsquo;oeil de Securitas et le march\u00e9 de la \u00ab surveillance \u00bb<\/strong><\/p>\n<p>Apr\u00e8s l&rsquo;affaire de la surveillance d&rsquo;ATTAC par une agente de Securitas pour le compte de Nestl\u00e9, l&rsquo;infiltration d&rsquo;un groupe antir\u00e9pression \u00e0 Lausanne par Securitas vient d&rsquo;\u00eatre d\u00e9voil\u00e9e. L&rsquo;espionnage et le fichage des militants se poursuivent en toute impunit\u00e9 pendant que les soci\u00e9t\u00e9s de surveillance priv\u00e9es, agissant en pleine zone grise, profitent d&rsquo;une explosion du march\u00e9 \u00ab s\u00e9curitaire \u00bb. Comment r\u00e9agir \u00e0 ces d\u00e9rives ?<\/p>\n<p>&nbsp;<\/p>\n<p>2 octobre 2008, 17h15, salle 3128<br \/>\n<strong>A l&rsquo;occasion des Rencontres Internationales F\u00e9ministes qui auront lieu \u00e0 Lausanne les 3-4 octobre prochains:<\/strong><\/p>\n<p>Projection du film de Carole Roussopoulos \u00ab Debout ! Histoire du Mouvement de Lib\u00e9ration des Femmes \u00bb et discussion sur les luttes f\u00e9ministes hier et aujourd&rsquo;hui<\/p>\n<p>&nbsp;<\/p>\n<p>9 octobre 2008, 17h15, salle 3128<br \/>\n<strong>Venezuela : une \u00ab r\u00e9volution \u00bb au pays de l&rsquo;or noir ?<br \/>\n<\/strong>Depuis pr\u00e8s de dix ans, le pr\u00e9sident v\u00e9n\u00e9zuelien Hugo Chavez a initi\u00e9 ce qu&rsquo;il appelle la \u00ab r\u00e9volution bolivarienne \u00bb. Si son projet anti-imp\u00e9rialiste fait l&rsquo;objet de campagnes de diabolisation aux Etats-Unis et en Europe, il b\u00e9n\u00e9ficie en revanche d&rsquo;un fort soutien dans la gauche latino-am\u00e9ricaine. Quel jugement porter alors sur les transformations au Venezuela? Peut-on parler d&rsquo;un \u00ab socialisme du 21\u00e8me si\u00e8cle \u00bb ?<\/p>\n<p>&nbsp;<\/p>\n<p>23 octobre<br \/>\n<strong>Paolo Gilardi sur la crise financi\u00e8re<\/strong><\/p>\n<p>&nbsp;<\/p>\n<p>30 octobre, 17h15, salle 3128<br \/>\n<strong>Apr\u00e8s le 4 novembre, un changement ? Discussion sur l&rsquo;\u00e9lection pr\u00e9sidentielle am\u00e9ricaine et ses enjeux<\/strong><br \/>\nIntroduite par Matthieu Leimgruber, Historien \u00e0 l&rsquo;Universit\u00e9 de Gen\u00e8ve<\/p>\n<p>&nbsp;<\/p>\n<p>13 novembre, 17h15, salle 3128<br \/>\n<strong>Bolivie: en finir avec le n\u00e9olib\u00e9ralisme. Entre compromis et radicalit\u00e9<\/strong><\/p>\n<p>&nbsp;<\/p>\n<p>27 novembre, 17h15, salle 312<br \/>\n<strong>Les ONG: quelle autonomie face aux bailleurs de fonds?<\/strong><\/p>\n<p>&nbsp;<\/p>\n<p>4 d\u00e9cembre, 17h15, salle 3128<br \/>\n<strong>Diffusion du film \u00ab\u00a0Chomsky &amp; compagnie\u00a0\u00bb, d&rsquo;Olivier Azam et Daniel Mermet<\/strong><\/p>\n<p>&nbsp;<\/p>\n<p>11 d\u00e9cembre, 17h15, salle 3128<br \/>\n<strong>Le concept d&rsquo;id\u00e9ologie, une arme critique<\/strong><br \/>\nPr\u00e9sentation et discussion de deux textes de la revue ActuelMarx n\u00b043, \u00ab\u00a0Critiques de l&rsquo;id\u00e9ologie\u00a0\u00bb<\/p>\n<p>&nbsp;<\/p>\n<p>Jeudi 19 f\u00e9vrier 2009, 17h15 salle 3128<br \/>\n<strong>L&#8217;embourgeoisement des centres urbains ou la ville \u00e0 l&rsquo;heure du n\u00e9olib\u00e9ralisme<\/strong><br \/>\nAvec Philippe Somsky, enseignant, licenci\u00e9 en SSP<\/p>\n<p>&nbsp;<\/p>\n<p>Jeudi 26 f\u00e9vrier 2009, 17h15, salle 3128<br \/>\n<strong>D\u00e9veloppement durable ou \u00e9cologie ?<\/strong><br \/>\nAvec Romain Felli, assistant \u00e0 l&rsquo;Institut d&rsquo;\u00e9tudes politiques et internationales (IEPI), auteur de Les deux \u00e2mes de l&rsquo;\u00e9cologie. Une critique du d\u00e9veloppement durable (L&rsquo;Harmattan, 2008).<\/p>\n<p>&nbsp;<\/p>\n<p>Jeudi 5 mars 2009, 17h15, salle 3128<br \/>\n<strong>Garantir les retraites au lieu de sp\u00e9culer<\/strong><br \/>\nDiscussion sur la nouvelle baisse des rentes de vieillesse du 2e pilier (LPP) vot\u00e9e par le parlement et du r\u00e9f\u00e9rendum lanc\u00e9 contre cette r\u00e9vision. Avec Matthieu Leimgruber, historien, Charg\u00e9 de cours \u00e0 l&rsquo;Universit\u00e9 de Gen\u00e8ve, sp\u00e9cialiste de l&rsquo;histoire de l&rsquo;Etat social et du syst\u00e8me de retraites (trois pilliers) en Suisse<\/p>\n<p>&nbsp;<\/p>\n<p>Jeudi 19 mars 2009, 17h15, salle 3128<br \/>\n<strong>Face au Capital sans fronti\u00e8res: l&rsquo;Association internationale des travailleurs (1864-1872)<\/strong><\/p>\n<p>&nbsp;<\/p>\n<p>Jeudi 2 avril, 17h15, salle 3128<br \/>\n<strong>Trouble dans le genre<\/strong><br \/>\nPr\u00e9sentation du livre de Judith Butler, de ses enjeux et des d\u00e9bats suscit\u00e9s par celui-ci, par Cynthia Kraus, traductrice du livre en fran\u00e7ais et Ma\u00eetre d&rsquo;enseignement et de recherche et professeure rempla\u00e7ante \u00e0 l&rsquo;Institut de sociologie des communications de masse.<\/p>\n<p>&nbsp;<\/p>\n<p>Jeudi 23 avril 2009, 17h15, Anthorpole, salle 3128<br \/>\n<strong>Le pouvoir des m\u00e9dias, entre fantasme et r\u00e9alit\u00e9<br \/>\n<\/strong>Par Julien Sansonnens, auteur d\u2019un m\u00e9moire sur les m\u00e9dias en<br \/>\nSciences sociales \u00e0 l\u2019UNIL.<\/p>\n<p>&nbsp;<\/p>\n<p>Jeudi 30 avril 2009, 17h15, Anthropole, salle 3128<br \/>\n<strong>Les enjeux de la crise<\/strong><br \/>\nD\u2019o\u00f9 vient-elle ? A qui profite-t-elle ? Qui va en payer les cons\u00e9quences ? Discussion \u00e0 partir d\u2019analyses critiques.<\/p>\n<p>&nbsp;<\/p>\n<p>Jeudi 14 mai 2009, 17h15, salle 3128<br \/>\n<strong>Projection du film \u00ab\u00a0We feed the world\u00a0\u00bb, d&rsquo;Erwin Wagenhoefer<\/strong><\/p>\n","protected":false},"excerpt":{"rendered":"<p>25 septembre 2008, 17h15, salle 3128 L&rsquo;oeil de Securitas et le march\u00e9 de la \u00ab surveillance \u00bb Apr\u00e8s l&rsquo;affaire de la surveillance d&rsquo;ATTAC par une agente de Securitas pour le &hellip; <\/p>\n","protected":false},"author":7,"featured_media":0,"parent":89,"menu_order":13,"comment_status":"closed","ping_status":"closed","template":"","meta":{"_seopress_robots_primary_cat":"","_seopress_titles_title":"","_seopress_titles_desc":"","_seopress_robots_index":"","footnotes":""},"class_list":["post-144","page","type-page","status-publish"],"_links":{"self":[{"href":"https:\/\/www.asso-unil.ch\/grc\/wp-json\/wp\/v2\/pages\/144","targetHints":{"allow":["GET"]}}],"collection":[{"href":"https:\/\/www.asso-unil.ch\/grc\/wp-json\/wp\/v2\/pages"}],"about":[{"href":"https:\/\/www.asso-unil.ch\/grc\/wp-json\/wp\/v2\/types\/page"}],"author":[{"embeddable":true,"href":"https:\/\/www.asso-unil.ch\/grc\/wp-json\/wp\/v2\/users\/7"}],"replies":[{"embeddable":true,"href":"https:\/\/www.asso-unil.ch\/grc\/wp-json\/wp\/v2\/comments?post=144"}],"version-history":[{"count":0,"href":"https:\/\/www.asso-unil.ch\/grc\/wp-json\/wp\/v2\/pages\/144\/revisions"}],"up":[{"embeddable":true,"href":"https:\/\/www.asso-unil.ch\/grc\/wp-json\/wp\/v2\/pages\/89"}],"wp:attachment":[{"href":"https:\/\/www.asso-unil.ch\/grc\/wp-json\/wp\/v2\/media?parent=144"}],"curies":[{"name":"wp","href":"https:\/\/api.w.org\/{rel}","templated":true}]}}