{"id":142,"date":"2012-03-03T15:56:10","date_gmt":"2012-03-03T14:56:10","guid":{"rendered":"http:\/\/www.asso-unil.ch\/grc\/?page_id=142"},"modified":"2012-11-12T12:15:09","modified_gmt":"2012-11-12T11:15:09","slug":"2007-2008","status":"publish","type":"page","link":"https:\/\/www.asso-unil.ch\/grc\/archives-2\/seances\/2007-2008\/","title":{"rendered":"2007-2008"},"content":{"rendered":"<p><strong>Jeudi 27 septembre 2007, 17h15, salle 3088<br \/>\n<\/strong>Quand l&rsquo;universit\u00e9 se plie aux lois du march\u00e9<\/p>\n<p>Derri\u00e8re la fa\u00e7ade d&rsquo;une r\u00e9forme favorisant lemobilit\u00e9 des \u00e9tudiantEs le syst\u00e8me de Bologne est enfait un processus qui a permis d&rsquo;organiser une comp\u00e9titionentre hautre \u00e9coles en Suisse et en Europe. \u00ab\u00a0P\u00f4lesd&rsquo;excellence\u00a0\u00bb, \u00ab\u00a0march\u00e9 de l&rsquo;enseignement\u00a0\u00bb, \u00ab\u00a0ranking desuniversit\u00e9s\u00a0\u00bb&#8230; la politique universitaire adopte lediscours et la logique des managers priv\u00e9s au d\u00e9triment de la qualit\u00e9 des conditions d&rsquo;\u00e9tude&#8230;<\/p>\n<p>&nbsp;<\/p>\n<p><strong>Jeudi 4 octobre 2007, 17h15, salle 3088<br \/>\n<\/strong>L&rsquo;actualit\u00e9 de la pens\u00e9e du Che<\/p>\n<p>40 ans apr\u00e8s la mort d&rsquo;Ernesto Guevara, ses interrogationset ses propositions sont-elles toujours d&rsquo;actualit\u00e9? LeGroupe Regards Critiques vous propose de red\u00e9couvrir lecombat et les id\u00e9es de ce grand r\u00e9volutionnaire du XXesi\u00e8cle.<\/p>\n<p><strong><\/strong>\u00a0<\/p>\n<p><strong>Jeudi 11 octobre 2007, 17h15, salle 3088<br \/>\n<\/strong>Les hommes victimes du f\u00e9minisme? Critique de l&rsquo;offensive masculiniste<\/p>\n<p>D\u00e9stabilis\u00e9s par les conqu\u00eates f\u00e9ministes, en perted&rsquo;identit\u00e9, discrimin\u00e9s \u00e0 l&rsquo;\u00e9cole, d\u00e9chus de leurpaternit\u00e9&#8230; les mouvements masculinistes pr\u00e9sentent leshommes comme des victimes \u00e0 d\u00e9fendre. En r\u00e9alit\u00e9,c&rsquo;est une n\u00e9gation de la persistance des formes dediscrimination \u00e0 l&rsquo;\u00e9gard des femmes et une remise encause des droits acquis par les luttes f\u00e9ministes.<\/p>\n<p><strong>Jeudi 15 novembre, 17h15, salle 2064<\/strong><br \/>\nProjection du film \u00ab\u00a0Les hommes du port\u00a0\u00bb d&rsquo;Albert Tanner suivie d&rsquo;une discussion<\/p>\n<p>Ce film d&rsquo;Alain Tanner r\u00e9pond \u00e0 une commande d&rsquo;Arte qui avait propos\u00e9 \u00e0 plusieurs r\u00e9alisateurs de faire un film sur un port pour lequel ils avaient une \u00abaccroche\u00bb personelle. Tanner choisit G\u00eanes o\u00f9 il a travaill\u00e9 comme coursier quand il \u00e9tait tr\u00e8s jeune et o\u00f9 il a cotoy\u00e9 le monde des dockers. Les travailleurs du port de G\u00eanes vivent, depuis la fin de la seconde guerre mondiale, une extraordinaire exp\u00e9rience d&rsquo;autogestion qui leur permet de r\u00e9aliser l&rsquo;utopie sociale tant r\u00eav\u00e9e en occident et approch\u00e9e lors de rares moments historiques, comme en mai 68.<\/p>\n<p>&nbsp;<\/p>\n<p><strong>Jeudi 21 f\u00e9vrier, 17h15, salle 3088<br \/>\n<\/strong>De nouvaux cadeaux fiscaux pour les grands actionnaires?<br \/>\nDiscussion sur les enjeux de la votation du 24 f\u00e9vrier introduite par Olivier Dumont d&rsquo;ATTAC.<\/p>\n<p><strong><\/strong>\u00a0<\/p>\n<p><strong>Jeudi 28 f\u00e9vrier, 17h15, salle 3088<br \/>\n<\/strong>Cuba s\u00ec?<br \/>\nD\u00e9bat sur la situation politique et \u00e9conomique de Cuba<\/p>\n<p><strong>Jeudi 6 mars, 17h15, 3088<\/strong><br \/>\nChanger de soci\u00e9t\u00e9: sexe contre sexe ou classe contre classe?<br \/>\nA l&rsquo;occasion de la journ\u00e9e internationale des femmes du 8 mars<\/p>\n<p>&nbsp;<\/p>\n<p><strong>Jeudi 13 mars, 17h15<br \/>\n<\/strong>\u00ab\u00a0Siamo tutti Berlusconi\u00a0\u00bb<br \/>\nLes \u00e9lections italiennes apr\u00e8s la chute du gouvernement Prodi.<\/p>\n<p>&nbsp;<\/p>\n<p><strong>Jeudi 20 mars, 17h15 Projection du documentaire<br \/>\n<\/strong>\u00ab\u00a0Jos\u00e9 Bov\u00e9: le cirque m\u00e9diatique\u00a0\u00bb<br \/>\nOu comment la contestation est dig\u00e9r\u00e9e par le syst\u00e8me m\u00e9diatique.<\/p>\n<p>&nbsp;<\/p>\n<p><strong>Jeudi 3 avril 2008, 17h15, salle 3088<br \/>\n<\/strong>\u00ab\u00a0Logiciel libre, culture libre : une autre \u00e9conomie?\u00a0\u00bb<br \/>\nDiscussion sur les rapports entre capitalisme et propri\u00e9t\u00e9 intellectuelle, et sur la remise en cause de celle-ci par certains d\u00e9veloppements technologiques.<\/p>\n<p>&nbsp;<\/p>\n<p><strong>Jeudi 10 avril, 17h15, 3088<br \/>\n<\/strong>\u00ab\u00a0Russie, B\u00e9larus, Ukraine: Quelle situation politique, quelle gauche?\u00a0\u00bb<\/p>\n<p>&nbsp;<\/p>\n<p><strong>Jeudi 24 avril 2008, 17h15, salle 2106<br \/>\n<\/strong>\u00ab\u00a0Cuba, l&rsquo;Union europ\u00e9enne et les droits de l&rsquo;homme\u00a0\u00bb<br \/>\nSalim Lamrani<\/p>\n<p>&nbsp;<\/p>\n<p><strong>Jeudi 24 avril, 12h-13h15<br \/>\n<\/strong>\u00ab\u00a0Capital contre nature\u00a0\u00bb : autour des liens entre d\u00e9veloppement capitaliste et crise \u00e9cologique<br \/>\nJean-Marie Harribey<\/p>\n<p>Ma\u00eetre de conf\u00e9rences en sciences \u00e9conomiques \u00e0 l&rsquo;Universit\u00e9 Montesquieu-Bordeaux IV, membre du conseil scientifique d&rsquo;Attac ; a coordonn\u00e9 les ouvrages suivants : Capital contre nature, (co-direction avec Michael L\u00f6wy), PUF, Actuel Marx, 2003 ; Le D\u00e9veloppement en question(s) (co-direction avec Eric Berr), Presses universitaires de Bordeaux, 2006.<\/p>\n<p>&nbsp;<\/p>\n<p><strong>Mardi 29 avril, 17h30<br \/>\n<\/strong>\u00ab\u00a0Le nucl\u00e9aire : une r\u00e9ponse aux changements climatiques ?\u00a0\u00bb<br \/>\nVincent Gay<br \/>\nMilitant anti-nucl\u00e9aire ; intervenant au Contre-Grenelle de l&rsquo;Environnement (Lyon, 2007) ; sp\u00e9cialiste des questions \u00e9cologiques \u00e0 la LCR (France).<\/p>\n<p><strong>\u00a0<\/strong><\/p>\n<p><strong>Jeudi 8 mai, 17h30<br \/>\n<\/strong>\u00ab\u00a0Le vert vaut de l&rsquo;or\u00a0\u00bb : la r\u00e9cup\u00e9ration de la th\u00e9matique environnementale par l&rsquo;industrie et la finance<br \/>\nAur\u00e9lien Bernier<\/p>\n<p>Responsable de la commission OGM \u00e0 ATTAC France ; auteur de \u00ab\u00a0Transg\u00e9nial!\u00a0\u00bb, Attac, Mille et une nuits, 2006 ; a publi\u00e9 de nombreux articles sur les march\u00e9s de droits \u00e0 polluer et sur le protocole de Kyoto.<\/p>\n<p>&nbsp;<\/p>\n","protected":false},"excerpt":{"rendered":"<p>Jeudi 27 septembre 2007, 17h15, salle 3088 Quand l&rsquo;universit\u00e9 se plie aux lois du march\u00e9 Derri\u00e8re la fa\u00e7ade d&rsquo;une r\u00e9forme favorisant lemobilit\u00e9 des \u00e9tudiantEs le syst\u00e8me de Bologne est enfait &hellip; <\/p>\n","protected":false},"author":7,"featured_media":0,"parent":89,"menu_order":14,"comment_status":"closed","ping_status":"closed","template":"","meta":{"_seopress_robots_primary_cat":"","_seopress_titles_title":"","_seopress_titles_desc":"","_seopress_robots_index":"","footnotes":""},"class_list":["post-142","page","type-page","status-publish"],"_links":{"self":[{"href":"https:\/\/www.asso-unil.ch\/grc\/wp-json\/wp\/v2\/pages\/142","targetHints":{"allow":["GET"]}}],"collection":[{"href":"https:\/\/www.asso-unil.ch\/grc\/wp-json\/wp\/v2\/pages"}],"about":[{"href":"https:\/\/www.asso-unil.ch\/grc\/wp-json\/wp\/v2\/types\/page"}],"author":[{"embeddable":true,"href":"https:\/\/www.asso-unil.ch\/grc\/wp-json\/wp\/v2\/users\/7"}],"replies":[{"embeddable":true,"href":"https:\/\/www.asso-unil.ch\/grc\/wp-json\/wp\/v2\/comments?post=142"}],"version-history":[{"count":0,"href":"https:\/\/www.asso-unil.ch\/grc\/wp-json\/wp\/v2\/pages\/142\/revisions"}],"up":[{"embeddable":true,"href":"https:\/\/www.asso-unil.ch\/grc\/wp-json\/wp\/v2\/pages\/89"}],"wp:attachment":[{"href":"https:\/\/www.asso-unil.ch\/grc\/wp-json\/wp\/v2\/media?parent=142"}],"curies":[{"name":"wp","href":"https:\/\/api.w.org\/{rel}","templated":true}]}}