{"id":133,"date":"2012-03-03T15:53:54","date_gmt":"2012-03-03T14:53:54","guid":{"rendered":"http:\/\/www.asso-unil.ch\/grc\/?page_id=133"},"modified":"2012-03-04T18:53:33","modified_gmt":"2012-03-04T17:53:33","slug":"autres-activites","status":"publish","type":"page","link":"https:\/\/www.asso-unil.ch\/grc\/archives-2\/autres-activites\/","title":{"rendered":"Autres activit\u00e9s"},"content":{"rendered":"<p><span style=\"color: #993300\"><span style=\"color: #000000\"><strong>FORMATION<\/strong><\/span><a title=\"Formation sur la R\u00e9volution Russe\" href=\"https:\/\/www.asso-unil.ch\/grc\/2012\/03\/formation-sur-la-revolution-russe\/\"><span style=\"color: #993300\"><br \/>\nFormation sur la R\u00e9volution Russe&#8230;<br \/>\nTract sur la r\u00e9forme de Bologne (d\u00e9cembre 2003)\u00a0 <\/span><\/a><a href=\"https:\/\/www.asso-unil.ch\/grc\/files\/2012\/03\/Bologne.pdf\">Bologne.pdf<\/a><br \/>\n<\/span><\/p>\n<p><strong><span style=\"color: #000000\">LES ACTIVITES DU GRC<br \/>\n<\/span><\/strong><span style=\"color: #0000ff\"><span style=\"color: #993300\"><a title=\"La Boillat\" href=\"https:\/\/www.asso-unil.ch\/grc\/2012\/03\/la-boillat\/\"><span style=\"color: #993300\">Quelques activit\u00e9s du grc, 1989 &#8211; 2007&#8230;<\/span><\/a><\/span><a title=\"La Boillat\" href=\"https:\/\/www.asso-unil.ch\/grc\/2012\/03\/la-boillat\/\"><span style=\"color: #0000ff\"><br \/>\n<span style=\"color: #993300\">La Boillat&#8230;<\/span><\/span><\/a><\/span><br \/>\n<span style=\"color: #993300\"><a href=\"https:\/\/www.stoprenvoi.ch\/index2.php\"><span style=\"color: #993300\">Stop aux renvois<\/span><\/a><\/span>: Soutien aux requ\u00e9rant-e-s d\u00e9bout\u00e9-e-s &#8211; Lien vers le site de la coordination asile du canton de Vaud<\/p>\n<p>&nbsp;<\/p>\n","protected":false},"excerpt":{"rendered":"<p>FORMATION Formation sur la R\u00e9volution Russe&#8230; Tract sur la r\u00e9forme de Bologne (d\u00e9cembre 2003)\u00a0 Bologne.pdf LES ACTIVITES DU GRC Quelques activit\u00e9s du grc, 1989 &#8211; 2007&#8230; La Boillat&#8230; Stop aux &hellip; <\/p>\n","protected":false},"author":7,"featured_media":0,"parent":368,"menu_order":8,"comment_status":"closed","ping_status":"closed","template":"","meta":{"_seopress_robots_primary_cat":"","_seopress_titles_title":"","_seopress_titles_desc":"","_seopress_robots_index":"","footnotes":""},"class_list":["post-133","page","type-page","status-publish"],"_links":{"self":[{"href":"https:\/\/www.asso-unil.ch\/grc\/wp-json\/wp\/v2\/pages\/133","targetHints":{"allow":["GET"]}}],"collection":[{"href":"https:\/\/www.asso-unil.ch\/grc\/wp-json\/wp\/v2\/pages"}],"about":[{"href":"https:\/\/www.asso-unil.ch\/grc\/wp-json\/wp\/v2\/types\/page"}],"author":[{"embeddable":true,"href":"https:\/\/www.asso-unil.ch\/grc\/wp-json\/wp\/v2\/users\/7"}],"replies":[{"embeddable":true,"href":"https:\/\/www.asso-unil.ch\/grc\/wp-json\/wp\/v2\/comments?post=133"}],"version-history":[{"count":0,"href":"https:\/\/www.asso-unil.ch\/grc\/wp-json\/wp\/v2\/pages\/133\/revisions"}],"up":[{"embeddable":true,"href":"https:\/\/www.asso-unil.ch\/grc\/wp-json\/wp\/v2\/pages\/368"}],"wp:attachment":[{"href":"https:\/\/www.asso-unil.ch\/grc\/wp-json\/wp\/v2\/media?parent=133"}],"curies":[{"name":"wp","href":"https:\/\/api.w.org\/{rel}","templated":true}]}}