{"id":9105,"date":"2025-02-11T10:06:07","date_gmt":"2025-02-11T09:06:07","guid":{"rendered":"https:\/\/www.asso-unil.ch\/?page_id=9105"},"modified":"2025-07-02T15:15:03","modified_gmt":"2025-07-02T14:15:03","slug":"liste-des-sites-heberges","status":"publish","type":"page","link":"https:\/\/www.asso-unil.ch\/en\/liste-des-sites-heberges\/","title":{"rendered":"Liste des sites h\u00e9berg\u00e9s"},"content":{"rendered":"<p class=\"has-small-font-size\"><em>Les sites sont class\u00e9s par ordre alphab\u00e9tique.<\/em><br><em>Veuillez noter que cette liste est mise \u00e0 jour fr\u00e9quemment et automatiquement.<\/em><\/p>\n\n\n<ul class=\"wpmu-site-list\"><li><a href=\"https:\/\/www.asso-unil.ch\/en\/archipel\/\"><\/a><\/li><li><a href=\"https:\/\/www.asso-unil.ch\/en\/laroutedutchai\/\">Association La route du Tcha\u00ef<\/a><\/li><li><a href=\"https:\/\/www.asso-unil.ch\/en\/mosaique\/\">Association Mosa\u00efque<\/a><\/li><li><a href=\"https:\/\/www.asso-unil.ch\/en\/ame\/\">Association of the Master in Economics<\/a><\/li><li><a href=\"https:\/\/www.asso-unil.ch\/en\/paires\/\">Association PAIRES-UNIL<\/a><\/li><li><a href=\"https:\/\/www.asso-unil.ch\/en\/bigband\/\">Big Band de Dorigny<\/a><\/li><li><a href=\"https:\/\/www.asso-unil.ch\/en\/choeur\/\">Ch\u0153ur Universitaire de Lausanne<\/a><\/li><li><a href=\"https:\/\/www.asso-unil.ch\/en\/cineclub\/\">Cin\u00e9-club universitaire de Lausanne<\/a><\/li><li><a href=\"https:\/\/www.asso-unil.ch\/en\/grc\/\">GRC<\/a><\/li><li><a href=\"https:\/\/www.asso-unil.ch\/en\/helios\/\">HELIOS<\/a><\/li><li><a href=\"https:\/\/www.asso-unil.ch\/en\/lapel\/\">LA PEL&#039;<\/a><\/li><li><a href=\"https:\/\/www.asso-unil.ch\/en\/lmpa\/\">Lausanne MD-PhD Student Association<\/a><\/li><li><a href=\"https:\/\/www.asso-unil.ch\/en\/lecabanon\/\">Le Cabanon<\/a><\/li><li><a href=\"https:\/\/www.asso-unil.ch\/en\/caverne\/\">Les Ma\u00eetres de la Caverne<\/a><\/li><li><a href=\"https:\/\/www.asso-unil.ch\/en\/makeiteasy\/\">Make It Easy<\/a><\/li><li><a href=\"https:\/\/www.asso-unil.ch\/en\/nocap\/\">NoCAP<\/a><\/li><li><a href=\"https:\/\/www.asso-unil.ch\/en\/orphi\/\">OrPhi<\/a><\/li><li><a href=\"https:\/\/www.asso-unil.ch\/en\/pangea\/\">PANGEA<\/a><\/li><li><a href=\"https:\/\/www.asso-unil.ch\/en\/rec\/\">Reportages estudiantins du campus de l&#039;Universit\u00e9 de Lausanne - REC<\/a><\/li><li><a href=\"https:\/\/www.asso-unil.ch\/en\/scope\/\">SCOPE<\/a><\/li><li><a href=\"https:\/\/www.asso-unil.ch\/en\/sdsa-lausanne\/\">SDSA Lausanne<\/a><\/li><li><a href=\"https:\/\/www.asso-unil.ch\/en\/shape\/\">SHAPE UNIL EPFL<\/a><\/li><li><a href=\"https:\/\/www.asso-unil.ch\/en\/talma\/\">Textes antiques lus et mis en action<\/a><\/li><li><a href=\"https:\/\/www.asso-unil.ch\/en\/thecaulfields\/\">The Caulfields<\/a><\/li><li><a href=\"https:\/\/www.asso-unil.ch\/en\/unilsansfrontieres\/\">UNIL sans fronti\u00e8res<\/a><\/li><\/ul>","protected":false},"excerpt":{"rendered":"<p>Les sites sont class\u00e9s par ordre alphab\u00e9tique.Veuillez noter que cette liste est mise \u00e0 jour fr\u00e9quemment et automatiquement.<\/p>","protected":false},"author":1001318,"featured_media":0,"parent":0,"menu_order":0,"comment_status":"closed","ping_status":"closed","template":"","meta":{"_seopress_robots_primary_cat":"","_seopress_titles_title":"","_seopress_titles_desc":"","_seopress_robots_index":"","footnotes":""},"class_list":["post-9105","page","type-page","status-publish"],"_links":{"self":[{"href":"https:\/\/www.asso-unil.ch\/en\/wp-json\/wp\/v2\/pages\/9105","targetHints":{"allow":["GET"]}}],"collection":[{"href":"https:\/\/www.asso-unil.ch\/en\/wp-json\/wp\/v2\/pages"}],"about":[{"href":"https:\/\/www.asso-unil.ch\/en\/wp-json\/wp\/v2\/types\/page"}],"author":[{"embeddable":true,"href":"https:\/\/www.asso-unil.ch\/en\/wp-json\/wp\/v2\/users\/1001318"}],"replies":[{"embeddable":true,"href":"https:\/\/www.asso-unil.ch\/en\/wp-json\/wp\/v2\/comments?post=9105"}],"version-history":[{"count":3,"href":"https:\/\/www.asso-unil.ch\/en\/wp-json\/wp\/v2\/pages\/9105\/revisions"}],"predecessor-version":[{"id":15935,"href":"https:\/\/www.asso-unil.ch\/en\/wp-json\/wp\/v2\/pages\/9105\/revisions\/15935"}],"wp:attachment":[{"href":"https:\/\/www.asso-unil.ch\/en\/wp-json\/wp\/v2\/media?parent=9105"}],"curies":[{"name":"wp","href":"https:\/\/api.w.org\/{rel}","templated":true}]}}