{"id":2,"date":"2011-12-08T16:18:17","date_gmt":"2011-12-08T16:18:17","guid":{"rendered":"http:\/\/www.asso-unil.ch\/?page_id=2"},"modified":"2025-08-05T16:36:29","modified_gmt":"2025-08-05T15:36:29","slug":"page-d-exemple","status":"publish","type":"page","link":"https:\/\/www.asso-unil.ch\/en\/","title":{"rendered":"H\u00e9bergement WordPress de l&rsquo;Universit\u00e9 de Lausanne"},"content":{"rendered":"<p>Cet h\u00e9bergement, mis \u00e0 disposition par le Centre informatique de&nbsp;<a href=\"https:\/\/www.unil.ch\/\">l&rsquo;Universit\u00e9 de Lausanne<\/a>, regroupe de mani\u00e8re mutualis\u00e9e :<\/p>\n\n\n\n<ul class=\"wp-block-list\">\n<li>Les sites web des&nbsp;<strong>associations non-repr\u00e9sentatives<\/strong>&nbsp;de l&rsquo;UNIL.<\/li>\n<\/ul>\n\n\n\n<p>Actives sur le campus, les associations non-repr\u00e9sentatives couvrent les domaines d\u2019\u00e9tude, de recherche et de vie de la communaut\u00e9 UNIL. <\/p>\n\n\n\n<p>Seules les associations ayant d\u00e9pos\u00e9 leurs statuts aupr\u00e8s de la Direction de l&rsquo;universit\u00e9 peuvent profiter de cet h\u00e9bergement. Plus d&rsquo;informations aupr\u00e8s de <a href=\"mailto:associations@unil.ch\">associations@unil.ch<\/a>.<\/p>\n\n\n\n<div style=\"height:10px\" aria-hidden=\"true\" class=\"wp-block-spacer\"><\/div>\n\n\n\n<div class=\"wp-block-group has-accent-2-background-color has-background has-global-padding is-layout-constrained wp-container-core-group-is-layout-9ea61638 wp-block-group-is-layout-constrained\">\n<div style=\"height:10px\" aria-hidden=\"true\" class=\"wp-block-spacer\"><\/div>\n\n\n\n<p>En cas de doute ou pour un conseil, vous pouvez contacter le&nbsp;<a href=\"https:\/\/www.unil.ch\/ci\/fr\/home\/menuinst\/catalogue-de-services\/support-et-formation\/help-desk.html\" target=\"_blank\" rel=\"noreferrer noopener\">help desk<\/a>&nbsp;par email qui transf\u00e9rera votre demande \u00e0 l\u2019\u00e9quipe web du Centre informatique.<\/p>\n\n\n\n<div style=\"height:10px\" aria-hidden=\"true\" class=\"wp-block-spacer\"><\/div>\n<\/div>\n\n\n\n<div style=\"height:20px\" aria-hidden=\"true\" class=\"wp-block-spacer\"><\/div>\n\n\n\n<div class=\"wp-block-buttons is-content-justification-center is-layout-flex wp-container-core-buttons-is-layout-a89b3969 wp-block-buttons-is-layout-flex\">\n<div class=\"wp-block-button\"><a class=\"wp-block-button__link has-large-font-size has-custom-font-size wp-element-button\" href=\"https:\/\/www.asso-unil.ch\/en\/liste-des-sites-heberges\/\">Liste des sites h\u00e9berg\u00e9s<\/a><\/div>\n<\/div>","protected":false},"excerpt":{"rendered":"<p>Cet h\u00e9bergement, mis \u00e0 disposition par le Centre informatique de&nbsp;l&rsquo;Universit\u00e9 de Lausanne, regroupe de mani\u00e8re mutualis\u00e9e : Actives sur le campus, les associations non-repr\u00e9sentatives couvrent les domaines d\u2019\u00e9tude, de recherche et de vie de la communaut\u00e9 UNIL. Seules les associations ayant d\u00e9pos\u00e9 leurs statuts aupr\u00e8s de la Direction de l&rsquo;universit\u00e9 peuvent profiter de cet h\u00e9bergement. [&hellip;]<\/p>\n","protected":false},"author":1,"featured_media":0,"parent":0,"menu_order":0,"comment_status":"closed","ping_status":"closed","template":"","meta":{"_seopress_robots_primary_cat":"","_seopress_titles_title":"","_seopress_titles_desc":"","_seopress_robots_index":"","footnotes":""},"class_list":["post-2","page","type-page","status-publish"],"_links":{"self":[{"href":"https:\/\/www.asso-unil.ch\/en\/wp-json\/wp\/v2\/pages\/2","targetHints":{"allow":["GET"]}}],"collection":[{"href":"https:\/\/www.asso-unil.ch\/en\/wp-json\/wp\/v2\/pages"}],"about":[{"href":"https:\/\/www.asso-unil.ch\/en\/wp-json\/wp\/v2\/types\/page"}],"author":[{"embeddable":true,"href":"https:\/\/www.asso-unil.ch\/en\/wp-json\/wp\/v2\/users\/1"}],"replies":[{"embeddable":true,"href":"https:\/\/www.asso-unil.ch\/en\/wp-json\/wp\/v2\/comments?post=2"}],"version-history":[{"count":5,"href":"https:\/\/www.asso-unil.ch\/en\/wp-json\/wp\/v2\/pages\/2\/revisions"}],"predecessor-version":[{"id":16231,"href":"https:\/\/www.asso-unil.ch\/en\/wp-json\/wp\/v2\/pages\/2\/revisions\/16231"}],"wp:attachment":[{"href":"https:\/\/www.asso-unil.ch\/en\/wp-json\/wp\/v2\/media?parent=2"}],"curies":[{"name":"wp","href":"https:\/\/api.w.org\/{rel}","templated":true}]}}