{"id":704,"date":"2021-10-13T18:45:03","date_gmt":"2021-10-13T16:45:03","guid":{"rendered":"https:\/\/www.asso-unil.ch\/cineclub\/?page_id=704"},"modified":"2023-09-13T19:14:54","modified_gmt":"2023-09-13T17:14:54","slug":"accueil","status":"publish","type":"page","link":"https:\/\/www.asso-unil.ch\/cineclub\/","title":{"rendered":"Prochains \u00e9v\u00e9nements"},"content":{"rendered":"<ul class=\"wp-block-latest-posts__list is-grid columns-2 wp-block-latest-posts\"><li><div class=\"wp-block-latest-posts__featured-image aligncenter\"><a href=\"https:\/\/www.asso-unil.ch\/cineclub\/2026\/02\/circulez-cycle-de-projections\/\" aria-label=\"\u00ab\u00a0Circulez\u00a0!\u00a0\u00bb &#8211; Cycle de projections\"><img loading=\"lazy\" decoding=\"async\" width=\"735\" height=\"414\" src=\"https:\/\/www.asso-unil.ch\/cineclub\/files\/2026\/02\/image-6.png\" class=\"attachment-large size-large wp-post-image\" alt=\"\" style=\"\" srcset=\"https:\/\/www.asso-unil.ch\/cineclub\/files\/2026\/02\/image-6.png 940w, https:\/\/www.asso-unil.ch\/cineclub\/files\/2026\/02\/image-6-300x169.png 300w, https:\/\/www.asso-unil.ch\/cineclub\/files\/2026\/02\/image-6-768x432.png 768w\" sizes=\"auto, (max-width: 735px) 100vw, 735px\" \/><\/a><\/div><a class=\"wp-block-latest-posts__post-title\" href=\"https:\/\/www.asso-unil.ch\/cineclub\/2026\/02\/circulez-cycle-de-projections\/\">\u00ab\u00a0Circulez\u00a0!\u00a0\u00bb &#8211; Cycle de projections<\/a><div class=\"wp-block-latest-posts__post-excerpt\">En ce d\u00e9but d\u2019ann\u00e9e 2026, Le Cin\u00e9-Club UNIL prend la route, ou le rail, avec une s\u00e9lection de longs-m\u00e9trages qui d\u00e9ploient leur r\u00e9cit autour d\u2019un moyen de transport. Les lundis soir de &hellip; <\/div><\/li>\n<li><div class=\"wp-block-latest-posts__featured-image aligncenter\"><a href=\"https:\/\/www.asso-unil.ch\/cineclub\/2026\/02\/night-on-the-galactic-railroad-projection-au-vortex\/\" aria-label=\"\u00ab\u00a0Night on the Galactic Railroad\u00a0\u00bb (projection au Vortex)\"><img loading=\"lazy\" decoding=\"async\" width=\"735\" height=\"419\" src=\"https:\/\/www.asso-unil.ch\/cineclub\/files\/2026\/02\/image-9.png\" class=\"attachment-large size-large wp-post-image\" alt=\"\" style=\"\" srcset=\"https:\/\/www.asso-unil.ch\/cineclub\/files\/2026\/02\/image-9.png 940w, https:\/\/www.asso-unil.ch\/cineclub\/files\/2026\/02\/image-9-300x171.png 300w, https:\/\/www.asso-unil.ch\/cineclub\/files\/2026\/02\/image-9-768x438.png 768w\" sizes=\"auto, (max-width: 735px) 100vw, 735px\" \/><\/a><\/div><a class=\"wp-block-latest-posts__post-title\" href=\"https:\/\/www.asso-unil.ch\/cineclub\/2026\/02\/night-on-the-galactic-railroad-projection-au-vortex\/\">\u00ab\u00a0Night on the Galactic Railroad\u00a0\u00bb (projection au Vortex)<\/a><div class=\"wp-block-latest-posts__post-excerpt\">Ce soir, embarquez pour un voyage dans la galaxie, bien au chaud dans un train des plus particuliers.<\/div><\/li>\n<\/ul>\n\n\n<div class=\"wp-block-buttons is-horizontal is-content-justification-center is-layout-flex wp-container-core-buttons-is-layout-499968f5 wp-block-buttons-is-layout-flex\">\n<div class=\"wp-block-button is-style-outline is-style-outline--1\"><a class=\"wp-block-button__link has-text-color wp-element-button\" href=\"https:\/\/www.asso-unil.ch\/cineclub\/evenements-a-venir\/\" style=\"color:#073291\">Plus d&rsquo;\u00e9v\u00e9nements<\/a><\/div>\n<\/div>\n\n\n\n<h2 class=\"wp-block-heading\">Derniers articles<\/h2>\n\n\n<ul class=\"wp-block-latest-posts__list is-grid columns-2 wp-block-latest-posts\"><li><div class=\"wp-block-latest-posts__featured-image aligncenter\"><a href=\"https:\/\/www.asso-unil.ch\/cineclub\/2026\/04\/i-swear-machine-a-sensibiliser-critique\/\" aria-label=\"I Swear : machine \u00e0 sensibiliser (critique)\"><img loading=\"lazy\" decoding=\"async\" width=\"735\" height=\"414\" src=\"https:\/\/www.asso-unil.ch\/cineclub\/files\/2026\/04\/image.png\" class=\"attachment-large size-large wp-post-image\" alt=\"\" style=\"\" srcset=\"https:\/\/www.asso-unil.ch\/cineclub\/files\/2026\/04\/image.png 940w, https:\/\/www.asso-unil.ch\/cineclub\/files\/2026\/04\/image-300x169.png 300w, https:\/\/www.asso-unil.ch\/cineclub\/files\/2026\/04\/image-768x432.png 768w\" sizes=\"auto, (max-width: 735px) 100vw, 735px\" \/><\/a><\/div><a class=\"wp-block-latest-posts__post-title\" href=\"https:\/\/www.asso-unil.ch\/cineclub\/2026\/04\/i-swear-machine-a-sensibiliser-critique\/\">I Swear : machine \u00e0 sensibiliser (critique)<\/a><div class=\"wp-block-latest-posts__post-excerpt\">Inspir\u00e9 du combat d\u2019un \u00c9cossais atteint du syndrome de la Tourette, I Swear cherche \u00e0 marquer les esprits, aux d\u00e9pens de l\u2019\u00e9paisseur de son r\u00e9cit.<\/div><\/li>\n<li><div class=\"wp-block-latest-posts__featured-image aligncenter\"><a href=\"https:\/\/www.asso-unil.ch\/cineclub\/2026\/04\/romeria-sous-le-soleil-de-gallice\/\" aria-label=\"ROMERIA\u00a0: SOUS LE SOLEIL DE GALLICE\"><img loading=\"lazy\" decoding=\"async\" width=\"735\" height=\"413\" src=\"https:\/\/www.asso-unil.ch\/cineclub\/files\/2026\/04\/romeria-edited.jpg\" class=\"attachment-large size-large wp-post-image\" alt=\"\" style=\"\" srcset=\"https:\/\/www.asso-unil.ch\/cineclub\/files\/2026\/04\/romeria-edited.jpg 855w, https:\/\/www.asso-unil.ch\/cineclub\/files\/2026\/04\/romeria-edited-300x169.jpg 300w, https:\/\/www.asso-unil.ch\/cineclub\/files\/2026\/04\/romeria-edited-768x432.jpg 768w\" sizes=\"auto, (max-width: 735px) 100vw, 735px\" \/><\/a><\/div><a class=\"wp-block-latest-posts__post-title\" href=\"https:\/\/www.asso-unil.ch\/cineclub\/2026\/04\/romeria-sous-le-soleil-de-gallice\/\">ROMERIA\u00a0: SOUS LE SOLEIL DE GALLICE<\/a><div class=\"wp-block-latest-posts__post-excerpt\">Afin d\u2019obtenir une bourse universitaire, Marina doit \u00eatre reconnue par ses grands-parents biologiques. En partant \u00e0 leur rencontre, le pass\u00e9 de ses parents va se r\u00e9v\u00e9ler \u00e0 elle. <\/div><\/li>\n<li><div class=\"wp-block-latest-posts__featured-image aligncenter\"><a href=\"https:\/\/www.asso-unil.ch\/cineclub\/2026\/04\/the-drama-mariage-a-lamericaine\/\" aria-label=\"The Drama: Mariage \u00e0 l&rsquo;am\u00e9ricaine\"><img loading=\"lazy\" decoding=\"async\" width=\"735\" height=\"413\" src=\"https:\/\/www.asso-unil.ch\/cineclub\/files\/2026\/04\/the-drama-1-edited.jpg\" class=\"attachment-large size-large wp-post-image\" alt=\"\" style=\"\" srcset=\"https:\/\/www.asso-unil.ch\/cineclub\/files\/2026\/04\/the-drama-1-edited.jpg 855w, https:\/\/www.asso-unil.ch\/cineclub\/files\/2026\/04\/the-drama-1-edited-300x169.jpg 300w, https:\/\/www.asso-unil.ch\/cineclub\/files\/2026\/04\/the-drama-1-edited-768x432.jpg 768w\" sizes=\"auto, (max-width: 735px) 100vw, 735px\" \/><\/a><\/div><a class=\"wp-block-latest-posts__post-title\" href=\"https:\/\/www.asso-unil.ch\/cineclub\/2026\/04\/the-drama-mariage-a-lamericaine\/\">The Drama: Mariage \u00e0 l&rsquo;am\u00e9ricaine<\/a><div class=\"wp-block-latest-posts__post-excerpt\">Emma et Charlie pr\u00e9parent leur mariage avec l&rsquo;aide de leurs meilleurs amis, Rachel et Mike, lorsqu&rsquo;une r\u00e9v\u00e9lation sur le pass\u00e9 de la future mari\u00e9e ressurgit, remettant en cause les amours et les amiti\u00e9s. <\/div><\/li>\n<li><div class=\"wp-block-latest-posts__featured-image aligncenter\"><a href=\"https:\/\/www.asso-unil.ch\/cineclub\/2026\/03\/la-maison-des-femmes-les-tabous-du-quotidien-sous-le-feu-des-projecteurs-critique\/\" aria-label=\"La Maison des Femmes: les tabous du quotidien sous le feu des projecteurs (critique)\"><img loading=\"lazy\" decoding=\"async\" width=\"735\" height=\"413\" src=\"https:\/\/www.asso-unil.ch\/cineclub\/files\/2026\/03\/la-maison-des-femmes-edited.jpg\" class=\"attachment-large size-large wp-post-image\" alt=\"\" style=\"\" srcset=\"https:\/\/www.asso-unil.ch\/cineclub\/files\/2026\/03\/la-maison-des-femmes-edited.jpg 855w, https:\/\/www.asso-unil.ch\/cineclub\/files\/2026\/03\/la-maison-des-femmes-edited-300x169.jpg 300w, https:\/\/www.asso-unil.ch\/cineclub\/files\/2026\/03\/la-maison-des-femmes-edited-768x432.jpg 768w\" sizes=\"auto, (max-width: 735px) 100vw, 735px\" \/><\/a><\/div><a class=\"wp-block-latest-posts__post-title\" href=\"https:\/\/www.asso-unil.ch\/cineclub\/2026\/03\/la-maison-des-femmes-les-tabous-du-quotidien-sous-le-feu-des-projecteurs-critique\/\">La Maison des Femmes: les tabous du quotidien sous le feu des projecteurs (critique)<\/a><div class=\"wp-block-latest-posts__post-excerpt\">Tact, humour et finesse viennent se m\u00e9langer dans ce long-m\u00e9trage de M\u00e9lisa Godet pour nous permettre de naviguer dans l\u2019oc\u00e9an des traumatismes de femmes violent\u00e9es, mettant ainsi en lumi\u00e8re les probl\u00e8mes sociaux invisibilis\u00e9s, dans un \u00e9lan de l\u00e9gitimation et d\u2019invitation \u00e0 la r\u00e9volte et au changement. \u00c0 d\u00e9couvrir au plus vite dans vos salles de cin\u00e9ma d\u00e8s le 11 mars !<\/div><\/li>\n<\/ul>\n\n\n<div class=\"wp-block-buttons is-horizontal is-content-justification-center is-layout-flex wp-container-core-buttons-is-layout-499968f5 wp-block-buttons-is-layout-flex\">\n<div class=\"wp-block-button is-style-outline is-style-outline--2\"><a class=\"wp-block-button__link has-text-color wp-element-button\" href=\"https:\/\/www.asso-unil.ch\/cineclub\/category\/articles\/\" style=\"color:#073291\">Plus d&rsquo;articles<\/a><\/div>\n<\/div>\n","protected":false},"excerpt":{"rendered":"<p>Derniers articles<\/p>\n","protected":false},"author":1001228,"featured_media":0,"parent":0,"menu_order":0,"comment_status":"closed","ping_status":"closed","template":"","meta":{"_seopress_robots_primary_cat":"","_seopress_titles_title":"","_seopress_titles_desc":"","_seopress_robots_index":"","footnotes":""},"class_list":["post-704","page","type-page","status-publish"],"_links":{"self":[{"href":"https:\/\/www.asso-unil.ch\/cineclub\/wp-json\/wp\/v2\/pages\/704","targetHints":{"allow":["GET"]}}],"collection":[{"href":"https:\/\/www.asso-unil.ch\/cineclub\/wp-json\/wp\/v2\/pages"}],"about":[{"href":"https:\/\/www.asso-unil.ch\/cineclub\/wp-json\/wp\/v2\/types\/page"}],"author":[{"embeddable":true,"href":"https:\/\/www.asso-unil.ch\/cineclub\/wp-json\/wp\/v2\/users\/1001228"}],"replies":[{"embeddable":true,"href":"https:\/\/www.asso-unil.ch\/cineclub\/wp-json\/wp\/v2\/comments?post=704"}],"version-history":[{"count":0,"href":"https:\/\/www.asso-unil.ch\/cineclub\/wp-json\/wp\/v2\/pages\/704\/revisions"}],"wp:attachment":[{"href":"https:\/\/www.asso-unil.ch\/cineclub\/wp-json\/wp\/v2\/media?parent=704"}],"curies":[{"name":"wp","href":"https:\/\/api.w.org\/{rel}","templated":true}]}}