{"id":693,"date":"2021-10-13T18:27:14","date_gmt":"2021-10-13T16:27:14","guid":{"rendered":"https:\/\/www.asso-unil.ch\/cineclub\/?page_id=693"},"modified":"2021-10-14T01:19:29","modified_gmt":"2021-10-13T23:19:29","slug":"evenements-a-venir","status":"publish","type":"page","link":"https:\/\/www.asso-unil.ch\/cineclub\/evenements-a-venir\/","title":{"rendered":"\u00c9v\u00e9nements \u00e0 venir"},"content":{"rendered":"<ul class=\"wp-block-latest-posts__list is-grid columns-2 wp-block-latest-posts\"><li><div class=\"wp-block-latest-posts__featured-image aligncenter\"><a href=\"https:\/\/www.asso-unil.ch\/cineclub\/2026\/02\/circulez-cycle-de-projections\/\" aria-label=\"\u00ab\u00a0Circulez\u00a0!\u00a0\u00bb &#8211; Cycle de projections\"><img loading=\"lazy\" decoding=\"async\" width=\"735\" height=\"414\" src=\"https:\/\/www.asso-unil.ch\/cineclub\/files\/2026\/02\/image-6.png\" class=\"attachment-large size-large wp-post-image\" alt=\"\" style=\"\" srcset=\"https:\/\/www.asso-unil.ch\/cineclub\/files\/2026\/02\/image-6.png 940w, https:\/\/www.asso-unil.ch\/cineclub\/files\/2026\/02\/image-6-300x169.png 300w, https:\/\/www.asso-unil.ch\/cineclub\/files\/2026\/02\/image-6-768x432.png 768w\" sizes=\"auto, (max-width: 735px) 100vw, 735px\" \/><\/a><\/div><a class=\"wp-block-latest-posts__post-title\" href=\"https:\/\/www.asso-unil.ch\/cineclub\/2026\/02\/circulez-cycle-de-projections\/\">\u00ab\u00a0Circulez\u00a0!\u00a0\u00bb &#8211; Cycle de projections<\/a><div class=\"wp-block-latest-posts__post-excerpt\">En ce d\u00e9but d\u2019ann\u00e9e 2026, Le Cin\u00e9-Club UNIL prend la route, ou le rail, avec une s\u00e9lection de longs-m\u00e9trages qui d\u00e9ploient leur r\u00e9cit autour d\u2019un moyen de transport. Les lundis soir de &hellip; <\/div><\/li>\n<li><div class=\"wp-block-latest-posts__featured-image aligncenter\"><a href=\"https:\/\/www.asso-unil.ch\/cineclub\/2026\/02\/ten-projection-au-vortex\/\" aria-label=\"\u00ab\u00a0Ten\u00a0\u00bb (projection au Vortex)\"><img loading=\"lazy\" decoding=\"async\" width=\"735\" height=\"414\" src=\"https:\/\/www.asso-unil.ch\/cineclub\/files\/2026\/02\/image-10.png\" class=\"attachment-large size-large wp-post-image\" alt=\"\" style=\"\" srcset=\"https:\/\/www.asso-unil.ch\/cineclub\/files\/2026\/02\/image-10.png 940w, https:\/\/www.asso-unil.ch\/cineclub\/files\/2026\/02\/image-10-300x169.png 300w, https:\/\/www.asso-unil.ch\/cineclub\/files\/2026\/02\/image-10-768x432.png 768w\" sizes=\"auto, (max-width: 735px) 100vw, 735px\" \/><\/a><\/div><a class=\"wp-block-latest-posts__post-title\" href=\"https:\/\/www.asso-unil.ch\/cineclub\/2026\/02\/ten-projection-au-vortex\/\">\u00ab\u00a0Ten\u00a0\u00bb (projection au Vortex)<\/a><div class=\"wp-block-latest-posts__post-excerpt\">Cette avant-derni\u00e8re soir\u00e9e du cycle vous propose de prendre la route pour l&rsquo;Iran avec une conductrice de taxi et dix de ses clients.<\/div><\/li>\n<li><div class=\"wp-block-latest-posts__featured-image aligncenter\"><a href=\"https:\/\/www.asso-unil.ch\/cineclub\/2026\/02\/une-histoire-vraie-projection-au-vortex\/\" aria-label=\"\u00ab\u00a0Une histoire vraie\u00a0\u00bb (projection au Vortex)\"><img loading=\"lazy\" decoding=\"async\" width=\"735\" height=\"414\" src=\"https:\/\/www.asso-unil.ch\/cineclub\/files\/2026\/02\/image-11.png\" class=\"attachment-large size-large wp-post-image\" alt=\"\" style=\"\" srcset=\"https:\/\/www.asso-unil.ch\/cineclub\/files\/2026\/02\/image-11.png 940w, https:\/\/www.asso-unil.ch\/cineclub\/files\/2026\/02\/image-11-300x169.png 300w, https:\/\/www.asso-unil.ch\/cineclub\/files\/2026\/02\/image-11-768x432.png 768w\" sizes=\"auto, (max-width: 735px) 100vw, 735px\" \/><\/a><\/div><a class=\"wp-block-latest-posts__post-title\" href=\"https:\/\/www.asso-unil.ch\/cineclub\/2026\/02\/une-histoire-vraie-projection-au-vortex\/\">\u00ab\u00a0Une histoire vraie\u00a0\u00bb (projection au Vortex)<\/a><div class=\"wp-block-latest-posts__post-excerpt\">Pour sa derni\u00e8re projection du semestre, le cin\u00e9-club vous invite exceptionnellement \u00e0 la Grange pour un film du regrett\u00e9 David Lynch.<\/div><\/li>\n<\/ul>\n\n\n<hr class=\"wp-block-separator\" \/>\n\n\n\n<p><em><strong>Suivez-nous sur les r\u00e9seaux sociaux et abonnez-vous \u00e0 notre newsletter pour ne rien manquer !<\/strong><\/em><\/p>\n","protected":false},"excerpt":{"rendered":"<p>Suivez-nous sur les r\u00e9seaux sociaux et abonnez-vous \u00e0 notre newsletter pour ne rien manquer !<\/p>\n","protected":false},"author":1001228,"featured_media":0,"parent":0,"menu_order":0,"comment_status":"closed","ping_status":"closed","template":"","meta":{"_seopress_robots_primary_cat":"","_seopress_titles_title":"","_seopress_titles_desc":"","_seopress_robots_index":"","footnotes":""},"class_list":["post-693","page","type-page","status-publish"],"_links":{"self":[{"href":"https:\/\/www.asso-unil.ch\/cineclub\/wp-json\/wp\/v2\/pages\/693","targetHints":{"allow":["GET"]}}],"collection":[{"href":"https:\/\/www.asso-unil.ch\/cineclub\/wp-json\/wp\/v2\/pages"}],"about":[{"href":"https:\/\/www.asso-unil.ch\/cineclub\/wp-json\/wp\/v2\/types\/page"}],"author":[{"embeddable":true,"href":"https:\/\/www.asso-unil.ch\/cineclub\/wp-json\/wp\/v2\/users\/1001228"}],"replies":[{"embeddable":true,"href":"https:\/\/www.asso-unil.ch\/cineclub\/wp-json\/wp\/v2\/comments?post=693"}],"version-history":[{"count":0,"href":"https:\/\/www.asso-unil.ch\/cineclub\/wp-json\/wp\/v2\/pages\/693\/revisions"}],"wp:attachment":[{"href":"https:\/\/www.asso-unil.ch\/cineclub\/wp-json\/wp\/v2\/media?parent=693"}],"curies":[{"name":"wp","href":"https:\/\/api.w.org\/{rel}","templated":true}]}}